{"id":2527,"date":"2021-03-15T16:42:59","date_gmt":"2021-03-15T15:42:59","guid":{"rendered":"http:\/\/shop.windowsandoffice.net\/product\/import-placeholder-for-1402\/"},"modified":"2026-04-16T18:11:15","modified_gmt":"2026-04-16T16:11:15","slug":"combo1","status":"publish","type":"product","link":"https:\/\/softwarelizenzexpress.de\/it\/product\/combo1\/","title":{"rendered":"Microsoft Windows 10 Professional + licenza Microsoft Office 2019 Professional Plus per 3 PC"},"content":{"rendered":"<p>Risparmiate tempo e denaro con il nostro pacchetto Microsoft Advantage, che comprende le ultime versioni di Windows e Office.<\/p>\n<ul>\n<li><strong>Microsoft Windows 10 Professional\u00a0<\/strong>- il sistema operativo Windows pi\u00f9 sicuro e affidabile; ora con l'assistente digitale personale Cortana<\/li>\n<li><strong>Microsoft Office 2019 Professional Plus<\/strong>\u00a0- il pacchetto Office pi\u00f9 completo e moderno di tutti i tempi<\/li>\n<\/ul>\n<hr \/>\n<p><strong>Microsoft Windows 10 Professional<\/strong><\/p>\n<p>Con Windows 10 Professional, avete un sistema operativo affidabile sul vostro dispositivo. Potrete usufruire di un avvio pi\u00f9 rapido del sistema, di un menu di avvio familiare ma migliorato e di nuovi modi per svolgere rapidamente le vostre attivit\u00e0. Avrete inoltre a disposizione nuove funzionalit\u00e0 come un nuovissimo browser per una navigazione web ancora migliore e il vostro assistente digitale personale Cortana. Cortana \u00e8 il vostro assistente digitale personale che vi segue su tutti i dispositivi Windows 10 e vi aiuta a fare le cose. Con il tempo Cortana impara a conoscervi sempre meglio e pu\u00f2 aiutarvi ogni giorno di pi\u00f9. Windows 10 Professional vi supporta in modo ottimale in tutto ci\u00f2 che fate.<\/p>\n<p><strong>Microsoft Office 2019 Professional Plus<\/strong><\/p>\n<p>Scegliete Office 2019 Professional Plus oggi stesso e riceverete l'ultima soluzione per l'ufficio di Microsoft. Oltre alle applicazioni gi\u00e0 note, avrete automaticamente accesso alle app basate su browser e a Skype for Business. La comunicazione semplificata consente di collaborare in modo ancora pi\u00f9 efficace con altre persone.<\/p>\n<p>Tutto ci\u00f2 che serve in un colpo d'occhio:<\/p>\n<ul>\n<li><strong>Parola 2019\u00a0<\/strong>- per creare e modificare testi e documenti<\/li>\n<li><strong>Excel 2019\u00a0<\/strong>- per modificare i record di dati in forma tabellare<\/li>\n<li><strong>PowerPoint 2019\u00a0<\/strong>- per la creazione di presentazioni accattivanti<\/li>\n<li><strong>Prospettive 2019<\/strong>\u00a0- per la gestione di e-mail, contatti, appuntamenti e attivit\u00e0<\/li>\n<li><strong>Editore 2019<\/strong>\u00a0- per la semplice creazione di pubblicazioni dall'aspetto professionale<\/li>\n<li><strong>Accesso 2019<\/strong>\u00a0- per la creazione di database con accesso a Internet<\/li>\n<li><strong>Lync 2019<\/strong>\u00a0(Skype for Business) - per una maggiore produttivit\u00e0 grazie alla messaggistica istantanea e alla facilit\u00e0 di comunicazione e collaborazione con le videoconferenze in HD.<\/li>\n<li><strong>Applicazioni web<\/strong>\u00a0(Word, Excel, PowerPoint)<\/li>\n<\/ul>\n<p>OneNote non fa pi\u00f9 parte del pacchetto Office, ma \u00e8 disponibile come applicazione standard in Windows 10, che \u00e8 un prerequisito per utilizzare Office 2019.\u00a0<strong>Le versioni precedenti di Windows non sono supportate.<\/strong><\/p>\n<p><strong>Supporto:<\/strong><\/p>\n<p class=\"translation-block\">Per qualsiasi domanda, non esitate a contattarci <a href=\"mailto:deutschland@softwarelizenzexpress.de\" target=\"_self\" rel=\"noopener\">per e-mail<\/a>. Il nostro servizio di assistenza clienti \u00e8 disponibile 7 giorni su 7, 24 ore al giorno.<\/p>","protected":false},"excerpt":{"rendered":"<ul>\n<li>Licenza Microsoft Windows 10 Professional per 3 PC <\/li>\n<li>Licenza Microsoft Office 2019 Professional Plus per 3 PC <\/li>\n<li><strong>Con questa licenza, il software pu\u00f2 essere attivato su 3 diversi dispositivi, ad esempio PC di casa, notebook e PC di lavoro.<\/strong><\/li>\n<li>Versione per sistemi a 32 e 64 bit, versioni complete illimitate del software <strong>dal partner certificato Microsoft Gold<\/strong><\/li>\n<li><strong>30 giorni di rimborso completo - Garanzia di sostituzione a vita!<\/strong><\/li>\n<li>Consegna via e-mail: Codice prodotto, istruzioni, link per il download, fattura<\/li>\n<li>Download immediato!<\/li>\n<li>Nessun limite di tempo, nessun abbonamento<\/li>\n<li>Assistenza gratuita 24 ore su 24, 7 giorni su 7, per problemi di installazione e attivazione.<\/li>\n<li>Nessuna consegna su supporti dati (USB, CD, ecc.)<\/li>\n<li>Attivazione online e per telefono<\/li>\n<li>Lingue: Inglese, spagnolo, italiano, tedesco, francese<\/li>\n<li><strong><span style=\"color: #008000;\"> Questo prodotto \u00e8 compatibile con Microsoft Windows.<\/span><\/strong><\/li>\n<li><strong><span style=\"color: #ff0000;\">NON \u00e8 compatibile con Apple macOS\u2122, dispositivi Android e Chromebook.<\/span><\/strong><\/li>\n<\/ul>","protected":false},"featured_media":53553,"comment_status":"open","ping_status":"closed","template":"","meta":{"_acf_changed":false},"product_brand":[],"product_cat":[25,15,23,26],"product_tag":[],"class_list":{"0":"post-2527","1":"product","2":"type-product","3":"status-publish","4":"has-post-thumbnail","6":"product_cat-combos","7":"product_cat-ms-office","8":"product_cat-windows-desktop","9":"product_cat-special-offers","11":"first","12":"instock","13":"sale","14":"virtual","15":"taxable","16":"purchasable","17":"product-type-simple"},"acf":[],"_links":{"self":[{"href":"https:\/\/softwarelizenzexpress.de\/it\/wp-json\/wp\/v2\/product\/2527","targetHints":{"allow":["GET"]}}],"collection":[{"href":"https:\/\/softwarelizenzexpress.de\/it\/wp-json\/wp\/v2\/product"}],"about":[{"href":"https:\/\/softwarelizenzexpress.de\/it\/wp-json\/wp\/v2\/types\/product"}],"replies":[{"embeddable":true,"href":"https:\/\/softwarelizenzexpress.de\/it\/wp-json\/wp\/v2\/comments?post=2527"}],"wp:featuredmedia":[{"embeddable":true,"href":"https:\/\/softwarelizenzexpress.de\/it\/wp-json\/wp\/v2\/media\/53553"}],"wp:attachment":[{"href":"https:\/\/softwarelizenzexpress.de\/it\/wp-json\/wp\/v2\/media?parent=2527"}],"wp:term":[{"taxonomy":"product_brand","embeddable":true,"href":"https:\/\/softwarelizenzexpress.de\/it\/wp-json\/wp\/v2\/product_brand?post=2527"},{"taxonomy":"product_cat","embeddable":true,"href":"https:\/\/softwarelizenzexpress.de\/it\/wp-json\/wp\/v2\/product_cat?post=2527"},{"taxonomy":"product_tag","embeddable":true,"href":"https:\/\/softwarelizenzexpress.de\/it\/wp-json\/wp\/v2\/product_tag?post=2527"}],"curies":[{"name":"wp","href":"https:\/\/api.w.org\/{rel}","templated":true}]}}