{"id":2526,"date":"2021-03-14T14:42:59","date_gmt":"2021-03-14T13:42:59","guid":{"rendered":"http:\/\/shop.windowsandoffice.net\/product\/import-placeholder-for-1391\/"},"modified":"2026-04-20T12:34:35","modified_gmt":"2026-04-20T10:34:35","slug":"combo2","status":"publish","type":"product","link":"https:\/\/softwarelizenzexpress.de\/it\/product\/combo2\/","title":{"rendered":"Microsoft Windows 10 Pro + Microsoft Office 2019 Pro Plus + Microsoft Project 2019 Pro + Microsoft Visio 2019 Pro Licenza per 3 PC"},"content":{"rendered":"<p>Risparmiate tempo e denaro con la nostra combinazione Microsoft composta dalle versioni pi\u00f9 recenti di Windows, Office, Visio e Project.<\/p>\n<ul>\n<li>Windows 10 Professional<\/li>\n<li>Office 2019 Professional Plus<\/li>\n<li>Visio 2019 Professional<\/li>\n<li>Progetto 2019 Professional<\/li>\n<\/ul>\n<hr \/>\n<p><strong>Microsoft Windows 10 Professional<\/strong><\/p>\n<p>Con Windows 10 Pro avete un sistema operativo affidabile sul vostro dispositivo. Avrete a disposizione un avvio pi\u00f9 rapido del sistema, un menu di avvio familiare ma migliorato e nuovi modi per completare rapidamente le operazioni. Avrete anche nuove funzionalit\u00e0, come un nuovissimo browser che vi aiuter\u00e0 a navigare sul web e il vostro assistente digitale personale Cortana. Cortana \u00e8 il vostro assistente digitale personale che vi seguir\u00e0 su tutti i dispositivi Windows 10 e vi aiuter\u00e0 a fare le cose. Cortana impara a conoscervi meglio nel tempo e pu\u00f2 aiutarvi ogni giorno di pi\u00f9. Windows 10 Pro vi supporta in modo ottimale in tutto ci\u00f2 che fate.<\/p>\n<p><strong>Microsoft Office 2019 Professional Plus<\/strong><\/p>\n<p>Se scegliete Office 2019 Professional Plus oggi stesso, riceverete la pi\u00f9 recente e moderna soluzione per l'ufficio di Microsoft. Oltre alle applicazioni tradizionali, avrete automaticamente accesso alle applicazioni basate su browser e a Skype for Business. Grazie alla comunicazione semplificata, potrete lavorare in modo pi\u00f9 efficace con gli altri.<\/p>\n<p>Tutto ci\u00f2 che serve in un solo colpo d'occhio<\/p>\n<ul>\n<li><strong>Parola 2019 <\/strong>- per la creazione e la modifica di testi e documenti<\/li>\n<li><strong>Excel 2019 <\/strong>- per l'elaborazione di record di dati in forma tabellare<\/li>\n<li><strong>PowerPoint 2019 <\/strong>- per la creazione di presentazioni stimolanti<\/li>\n<li><strong>Prospettive 2019<\/strong> - per la gestione di e-mail, contatti, orari e attivit\u00e0<\/li>\n<li><strong>Editore 2019<\/strong> - per creare facilmente pubblicazioni dall'aspetto professionale<\/li>\n<li><strong>Accesso 2019<\/strong> - per la creazione di database con accesso a Internet<\/li>\n<li><strong>Lync 2019<\/strong> (Skype for Business) - per aumentare la produttivit\u00e0 grazie alla messaggistica istantanea e alla facilit\u00e0 di comunicazione e collaborazione con le videoconferenze in HD.<\/li>\n<li><strong>Applicazioni web<\/strong> (Word, Excel, PowerPoint)<\/li>\n<\/ul>\n<p>OneNote non fa pi\u00f9 parte del pacchetto Office, ma \u00e8 ora incluso nel sistema operativo Windows 10, necessario per utilizzare Office 2019. <strong>Le versioni precedenti di Windows non sono supportate.<\/strong><\/p>\n<p><strong>Microsoft Visio 2019 Professional<\/strong><\/p>\n<p>Visio 2019 \u00e8 una potente applicazione di diagrammi che consente di lavorare visivamente per creare tutti i tipi di diagrammi ed \u00e8 leader del settore con oltre 12 milioni di utenti. Visio 2019 semplifica la definizione dei processi aziendali, la documentazione delle best practice, la visualizzazione dello stato futuro delle iniziative di trasformazione e la gestione delle informazioni operative in azienda.<\/p>\n<p><strong>Microsoft Project 2019 Professional<\/strong><\/p>\n<p>Collaborate con altri per avviare e implementare progetti di successo in pochissimo tempo. Include tutte le funzionalit\u00e0 di Project Standard pi\u00f9 la collaborazione nella gestione delle risorse, la sincronizzazione delle attivit\u00e0 in SharePoint, l'invio di timesheet e altro ancora. Microsoft Project Professional 2019 offre funzioni flessibili che vi aiuteranno a pianificare i progetti, a tenere traccia dello stato e a collaborare con gli altri praticamente ovunque. L'applicazione offre comunicazione in tempo reale e messaggistica istantanea, attivata direttamente nel piano di progetto tramite Skype for Business, e consolida tutte le potenziali risorse del progetto in un'unica vista.<\/p>\n<p><strong>Supporto:<\/strong><\/p>\n<p>Per qualsiasi domanda non esitate a contattarci. <a href=\"mailto:deutschland@softwarelizenzexpress.de\">via e-mail<\/a>. Il nostro servizio di assistenza clienti \u00e8 disponibile 7 giorni su 7, 24 ore al giorno.<\/p>","protected":false},"excerpt":{"rendered":"<ul>\n<li>Licenza Microsoft Windows 10 Professional per 3 PC<\/li>\n<li>Licenza Microsoft Office 2019 Professional Plus per 3 PC<\/li>\n<li>Licenza Microsoft Project 2019 Pro per 3 PC<\/li>\n<li>Licenza Microsoft Visio 2019 Pro per 3 PC<\/li>\n<li><strong>Con questa licenza, il software pu\u00f2 essere attivato su 3 diversi dispositivi, ad esempio PC di casa, notebook e PC di lavoro.<\/strong><\/li>\n<li>Versione per sistemi a 32 e 64 bit, versioni complete illimitate del software <strong>dal partner certificato Microsoft Gold<\/strong><\/li>\n<li><strong>30 giorni di rimborso completo - Garanzia di sostituzione a vita!<\/strong><\/li>\n<li>Consegna via e-mail: Codice prodotto, istruzioni, link per il download, fattura<\/li>\n<li>Download immediato!<\/li>\n<li>Nessun limite di tempo, nessun abbonamento<\/li>\n<li>Assistenza gratuita 24 ore su 24, 7 giorni su 7, per problemi di installazione e attivazione.<\/li>\n<li>Nessuna consegna su supporti dati (USB, CD, ecc.)<\/li>\n<li>Attivazione online e per telefono<\/li>\n<li>Lingue: Inglese, spagnolo, italiano, tedesco, francese<\/li>\n<li><strong><span style=\"color: #008000\"> Questo prodotto \u00e8 compatibile con Microsoft Windows.<\/span><\/strong><\/li>\n<li><strong><span style=\"color: #ff0000\">NON \u00e8 compatibile con Apple macOS\u2122, dispositivi Android e Chromebook.<\/span><\/strong><\/li>\n<\/ul>","protected":false},"featured_media":53554,"comment_status":"open","ping_status":"closed","template":"","meta":{"_acf_changed":false},"product_brand":[],"product_cat":[25,15,27,28,23,26],"product_tag":[],"class_list":{"0":"post-2526","1":"product","2":"type-product","3":"status-publish","4":"has-post-thumbnail","6":"product_cat-combos","7":"product_cat-ms-office","8":"product_cat-project","9":"product_cat-visio","10":"product_cat-windows-desktop","11":"product_cat-special-offers","13":"first","14":"instock","15":"sale","16":"virtual","17":"taxable","18":"purchasable","19":"product-type-simple"},"acf":[],"_links":{"self":[{"href":"https:\/\/softwarelizenzexpress.de\/it\/wp-json\/wp\/v2\/product\/2526","targetHints":{"allow":["GET"]}}],"collection":[{"href":"https:\/\/softwarelizenzexpress.de\/it\/wp-json\/wp\/v2\/product"}],"about":[{"href":"https:\/\/softwarelizenzexpress.de\/it\/wp-json\/wp\/v2\/types\/product"}],"replies":[{"embeddable":true,"href":"https:\/\/softwarelizenzexpress.de\/it\/wp-json\/wp\/v2\/comments?post=2526"}],"wp:featuredmedia":[{"embeddable":true,"href":"https:\/\/softwarelizenzexpress.de\/it\/wp-json\/wp\/v2\/media\/53554"}],"wp:attachment":[{"href":"https:\/\/softwarelizenzexpress.de\/it\/wp-json\/wp\/v2\/media?parent=2526"}],"wp:term":[{"taxonomy":"product_brand","embeddable":true,"href":"https:\/\/softwarelizenzexpress.de\/it\/wp-json\/wp\/v2\/product_brand?post=2526"},{"taxonomy":"product_cat","embeddable":true,"href":"https:\/\/softwarelizenzexpress.de\/it\/wp-json\/wp\/v2\/product_cat?post=2526"},{"taxonomy":"product_tag","embeddable":true,"href":"https:\/\/softwarelizenzexpress.de\/it\/wp-json\/wp\/v2\/product_tag?post=2526"}],"curies":[{"name":"wp","href":"https:\/\/api.w.org\/{rel}","templated":true}]}}