{"id":2499,"date":"2021-01-07T14:42:55","date_gmt":"2021-01-07T13:42:55","guid":{"rendered":"http:\/\/shop.windowsandoffice.net\/product\/import-placeholder-for-403\/"},"modified":"2026-04-16T18:11:15","modified_gmt":"2026-04-16T16:11:15","slug":"windows-server-2012-std-ess-dc-versions","status":"publish","type":"product","link":"https:\/\/softwarelizenzexpress.de\/it\/product\/windows-server-2012-std-ess-dc-versions\/","title":{"rendered":"Microsoft Windows Server 2012 R2"},"content":{"rendered":"<p>Windows Server 2012 R2 \u00e8 l'ulteriore sviluppo dello standard industriale esistente nel settore dei sistemi operativi per server. Sono disponibili le seguenti tre versioni:<\/p>\n<p><strong>Windows Server 2012 R2 Essentials<\/strong><\/p>\n<p>Windows Server 2012 R2 Essentials \u00e8 una soluzione server flessibile, economica e facile da usare, progettata per le piccole imprese con un massimo di 25 utenti e 50 dispositivi. Windows Server Essentials \u00e8 un primo server ideale e pu\u00f2 essere utilizzato anche come server primario in un ambiente multi-server per piccole imprese.<\/p>\n<p><strong>Windows Server 2012 R2 Standard<\/strong><\/p>\n<p>Windows Server 2012 Standard \u00e8 stato sviluppato per ambienti a bassa densit\u00e0 o non virtualizzati e offre tutte le funzionalit\u00e0 di Windows Server con due istanze virtuali. Inoltre, Windows Server 2012 R2 Standard offre un'infrastruttura dinamica e multi-tenant che va oltre le precedenti tecnologie di virtualizzazione, nonch\u00e9 una piattaforma completa per la creazione di un Microsoft Private Cloud. Ci\u00f2 consente di scalare e proteggere i carichi di lavoro, una soluzione cloud conveniente e una connettivit\u00e0 sicura ai servizi cloud.<\/p>\n<p><strong>Windows Server 2012 R2 Datacenter<\/strong><\/p>\n<p>Windows Server 2012 Datacenter \u00e8 progettato per la virtualizzazione ad alta densit\u00e0 con un numero illimitato di istanze virtuali. Inoltre, Windows Server 2012 R2 Datacenter offre un'infrastruttura dinamica e multi-tenant che va oltre le precedenti tecnologie di virtualizzazione, nonch\u00e9 una piattaforma completa per la creazione di un Microsoft Private Cloud. Ci\u00f2 consente di scalare e proteggere i carichi di lavoro, una soluzione cloud conveniente e una connettivit\u00e0 sicura ai servizi cloud.<\/p>\n<p><strong>Requisiti di sistema:<\/strong><\/p>\n<ul>\n<li>Processore: 1,4 GHz a 64 bit<\/li>\n<li>Memoria di lavoro: 512 MB<\/li>\n<li>Spazio disponibile sul disco rigido: 32 GB<\/li>\n<li>Monitor con risoluzione Super VGA (800 x 600) o superiore<\/li>\n<li>Tastiera e mouse Microsoft (o dispositivo di puntamento compatibile)<\/li>\n<\/ul>\n<p><strong>Supporto:<\/strong><\/p>\n<p class=\"translation-block\">Per qualsiasi domanda, non esitate a contattarci <a href=\"mailto:deutschland@softwarelizenzexpress.de\" target=\"_self\" rel=\"noopener\">per e-mail<\/a>. Il nostro servizio di assistenza clienti \u00e8 disponibile 7 giorni su 7, 24 ore al giorno.<\/p>","protected":false},"excerpt":{"rendered":"<ul>\n<li>Microsoft Windows Server 2012<\/li>\n<li>Sono disponibili versioni per sistemi a 32 e 64 bit<\/li>\n<li>Spedizione via e-mail: Codice prodotto, istruzioni, link per il download, fattura<\/li>\n<li>Download immediato!<\/li>\n<li>Nessun limite di tempo, nessun abbonamento<\/li>\n<li>Assistenza gratuita per l'installazione e l'attivazione<\/li>\n<li>Nessuna consegna su supporti dati (USB, CD, ecc.)<\/li>\n<li>Attivazione online e per telefono<\/li>\n<\/ul>","protected":false},"featured_media":53645,"comment_status":"open","ping_status":"closed","template":"","meta":{"_acf_changed":false},"product_brand":[],"product_cat":[17],"product_tag":[],"class_list":{"0":"post-2499","1":"product","2":"type-product","3":"status-publish","4":"has-post-thumbnail","6":"product_cat-windows-servers","8":"first","9":"instock","10":"sale","11":"virtual","12":"taxable","13":"purchasable","14":"product-type-simple"},"acf":[],"_links":{"self":[{"href":"https:\/\/softwarelizenzexpress.de\/it\/wp-json\/wp\/v2\/product\/2499","targetHints":{"allow":["GET"]}}],"collection":[{"href":"https:\/\/softwarelizenzexpress.de\/it\/wp-json\/wp\/v2\/product"}],"about":[{"href":"https:\/\/softwarelizenzexpress.de\/it\/wp-json\/wp\/v2\/types\/product"}],"replies":[{"embeddable":true,"href":"https:\/\/softwarelizenzexpress.de\/it\/wp-json\/wp\/v2\/comments?post=2499"}],"wp:featuredmedia":[{"embeddable":true,"href":"https:\/\/softwarelizenzexpress.de\/it\/wp-json\/wp\/v2\/media\/53645"}],"wp:attachment":[{"href":"https:\/\/softwarelizenzexpress.de\/it\/wp-json\/wp\/v2\/media?parent=2499"}],"wp:term":[{"taxonomy":"product_brand","embeddable":true,"href":"https:\/\/softwarelizenzexpress.de\/it\/wp-json\/wp\/v2\/product_brand?post=2499"},{"taxonomy":"product_cat","embeddable":true,"href":"https:\/\/softwarelizenzexpress.de\/it\/wp-json\/wp\/v2\/product_cat?post=2499"},{"taxonomy":"product_tag","embeddable":true,"href":"https:\/\/softwarelizenzexpress.de\/it\/wp-json\/wp\/v2\/product_tag?post=2499"}],"curies":[{"name":"wp","href":"https:\/\/api.w.org\/{rel}","templated":true}]}}