{"id":2464,"date":"2021-03-05T14:42:40","date_gmt":"2021-03-05T13:42:40","guid":{"rendered":"http:\/\/shop.windowsandoffice.net\/product\/import-placeholder-for-368\/"},"modified":"2026-04-16T18:11:07","modified_gmt":"2026-04-16T16:11:07","slug":"ms-office-2013","status":"publish","type":"product","link":"https:\/\/softwarelizenzexpress.de\/it\/product\/ms-office-2013\/","title":{"rendered":"Licenza Microsoft Office 2013 Professional Plus per 3 PC"},"content":{"rendered":"<h2 data-no-translation=\"\" data-trp-gettext=\"\">Beschreibung<\/h2>\n<p>Con i programmi inclusi, Microsoft Office 2013 Professional Plus soddisfa tutti i requisiti di un software per ufficio completo. Che si tratti di creare lettere, analizzare dati aziendali, progettare presentazioni, creare database o gestire la posta elettronica, con le applicazioni di Office potrete completare i vostri progetti professionali e privati in pochissimo tempo.<\/p>\n<p><strong>Quali programmi sono inclusi in Office 2013 Professional Pus?<\/strong><\/p>\n<ul>\n<li><strong>Word 2013\u00a0<\/strong>- per creare e modificare testi e documenti<\/li>\n<li><strong>Excel 2013\u00a0<\/strong>- per modificare i record di dati in forma tabellare<\/li>\n<li><strong>PowerPoint 2013\u00a0<\/strong>- per la creazione di presentazioni accattivanti<\/li>\n<li><strong>Outlook 2013<\/strong>\u00a0- per la gestione di e-mail, contatti, appuntamenti e attivit\u00e0<\/li>\n<li><strong>OneNote 2013<\/strong>\u00a0- per creare e gestire le note<\/li>\n<li><strong>Editore 2013<\/strong>\u00a0- per la semplice creazione di pubblicazioni dall'aspetto professionale<\/li>\n<li><strong>Accesso 2013<\/strong>\u00a0- per la creazione di database con accesso a Internet<\/li>\n<\/ul>\n<p>Oltre ai formati OpenDocument, i programmi della Suite Office supportano anche i formati Open XML. Una caratteristica particolare: i file PDF possono essere visualizzati e modificati in Word. Microsoft Office Professional Plus 2013 pone l'accento anche sulla mobilit\u00e0. L'accesso centralizzato ai dati da diversi dispositivi finali \u00e8 possibile con l'aiuto del cloud storage OneDrive. A tale scopo, il programma pu\u00f2 essere adattato anche ai dispositivi touch. In questo modo l'utente pu\u00f2 accedere tramite PC desktop, notebook, tablet, dispositivi ibridi o smartphone.<\/p>\n<p>L'applicazione di messaggistica Lync (Skype for Business) semplifica la comunicazione interna ed esterna delle aziende. Gli utenti possono chattare, utilizzare la telefonia IP o partecipare a videoconferenze attraverso diversi mezzi di comunicazione. InfoPath, invece, consente di integrare moduli elettronici nel lavoro e di condividerli con le persone desiderate. Nel complesso, queste applicazioni aggiuntive di Microsoft Office 2013 Pro Plus consentono di utilizzare i canali di comunicazione in modo pi\u00f9 efficiente. I dati sono pi\u00f9 facilmente accessibili. L'utente pu\u00f2 riunirli e modificarli pi\u00f9 facilmente.<\/p>\n<p><strong>Requisiti di sistema:<\/strong><\/p>\n<ul>\n<li>1,4 GHz, processore dual-core<\/li>\n<li>Windows 7, Windows 8, Windows 10<\/li>\n<li>1 GB (32 bit), 2 GB (64 bit) di RAM<\/li>\n<li>3 GB di spazio disponibile su disco rigido<\/li>\n<li>L'accelerazione grafica richiede una scheda grafica compatibile con DirectX 9.<\/li>\n<\/ul>","protected":false},"excerpt":{"rendered":"<ul>\n<li>Licenza Microsoft Office 2013 Professional Plus per 3 PC<\/li>\n<li><strong>Con questa licenza, il software pu\u00f2 essere attivato su 3 diversi dispositivi, ad esempio PC di casa, notebook e PC di lavoro.<\/strong><\/li>\n<li>Versione per sistemi a 32 e 64 bit, versioni complete illimitate del software <strong>dal partner certificato Microsoft Gold<\/strong><\/li>\n<li><strong>30 giorni di rimborso completo - Garanzia di sostituzione a vita!<\/strong><\/li>\n<li>Consegna via e-mail: Codice prodotto, istruzioni, link per il download, fattura<\/li>\n<li>Download immediato!<\/li>\n<li>Nessun limite di tempo, nessun abbonamento<\/li>\n<li>Assistenza gratuita 24 ore su 24, 7 giorni su 7, per problemi di installazione e attivazione.<\/li>\n<li>Nessuna consegna su supporti dati (USB, CD, ecc.)<\/li>\n<li>Attivazione online e per telefono<\/li>\n<li>Lingue: Inglese, spagnolo, italiano, tedesco, francese<\/li>\n<li><strong><span style=\"color: #008000;\"> Questo prodotto \u00e8 compatibile con Microsoft Windows.<\/span><\/strong><\/li>\n<li><strong><span style=\"color: #ff0000;\">NON \u00e8 compatibile con Apple macOS\u2122, dispositivi Android e Chromebook.<\/span><\/strong><\/li>\n<\/ul>","protected":false},"featured_media":53533,"comment_status":"open","ping_status":"closed","template":"","meta":{"_acf_changed":false},"product_brand":[],"product_cat":[15],"product_tag":[108],"class_list":{"0":"post-2464","1":"product","2":"type-product","3":"status-publish","4":"has-post-thumbnail","6":"product_cat-ms-office","7":"product_tag-ms-office","9":"first","10":"instock","11":"sale","12":"virtual","13":"taxable","14":"purchasable","15":"product-type-simple"},"acf":[],"_links":{"self":[{"href":"https:\/\/softwarelizenzexpress.de\/it\/wp-json\/wp\/v2\/product\/2464","targetHints":{"allow":["GET"]}}],"collection":[{"href":"https:\/\/softwarelizenzexpress.de\/it\/wp-json\/wp\/v2\/product"}],"about":[{"href":"https:\/\/softwarelizenzexpress.de\/it\/wp-json\/wp\/v2\/types\/product"}],"replies":[{"embeddable":true,"href":"https:\/\/softwarelizenzexpress.de\/it\/wp-json\/wp\/v2\/comments?post=2464"}],"wp:featuredmedia":[{"embeddable":true,"href":"https:\/\/softwarelizenzexpress.de\/it\/wp-json\/wp\/v2\/media\/53533"}],"wp:attachment":[{"href":"https:\/\/softwarelizenzexpress.de\/it\/wp-json\/wp\/v2\/media?parent=2464"}],"wp:term":[{"taxonomy":"product_brand","embeddable":true,"href":"https:\/\/softwarelizenzexpress.de\/it\/wp-json\/wp\/v2\/product_brand?post=2464"},{"taxonomy":"product_cat","embeddable":true,"href":"https:\/\/softwarelizenzexpress.de\/it\/wp-json\/wp\/v2\/product_cat?post=2464"},{"taxonomy":"product_tag","embeddable":true,"href":"https:\/\/softwarelizenzexpress.de\/it\/wp-json\/wp\/v2\/product_tag?post=2464"}],"curies":[{"name":"wp","href":"https:\/\/api.w.org\/{rel}","templated":true}]}}