{"id":2448,"date":"2021-03-23T14:42:26","date_gmt":"2021-03-23T13:42:26","guid":{"rendered":"http:\/\/shop.windowsandoffice.net\/product\/import-placeholder-for-336\/"},"modified":"2026-04-16T18:11:07","modified_gmt":"2026-04-16T16:11:07","slug":"ms-office-2019","status":"publish","type":"product","link":"https:\/\/softwarelizenzexpress.de\/it\/product\/ms-office-2019\/","title":{"rendered":"Licenza Microsoft Office 2019 Professional Plus per 3 PC"},"content":{"rendered":"<p>Scegliete Office 2019 Professional Plus oggi stesso e riceverete l'ultima soluzione per l'ufficio di Microsoft. Oltre alle applicazioni gi\u00e0 note, avrete automaticamente accesso alle app basate su browser e a Skype for Business. La comunicazione semplificata consente di collaborare in modo ancora pi\u00f9 efficace con altre persone.<\/p>\n<p><strong>Tutto ci\u00f2 che serve in un colpo d'occhio:<\/strong><\/p>\n<ul>\n<li><strong>Parola 2019\u00a0<\/strong>- per creare e modificare testi e documenti<\/li>\n<li><strong>Excel 2019\u00a0<\/strong>- per modificare i record di dati in forma tabellare<\/li>\n<li><strong>PowerPoint 2019\u00a0<\/strong>- per la creazione di presentazioni accattivanti<\/li>\n<li><strong>Prospettive 2019<\/strong>\u00a0- per la gestione di e-mail, contatti, appuntamenti e attivit\u00e0<\/li>\n<li><strong>Editore 2019<\/strong>\u00a0- per la semplice creazione di pubblicazioni dall'aspetto professionale<\/li>\n<li><strong>Accesso 2019<\/strong>\u00a0- per la creazione di database con accesso a Internet<\/li>\n<li><strong>Lync 2019<\/strong>\u00a0(Skype for Business) - per una maggiore produttivit\u00e0 grazie alla messaggistica istantanea e alla facilit\u00e0 di comunicazione e collaborazione con le videoconferenze in HD.<\/li>\n<li><strong>Applicazioni web<\/strong>\u00a0(Word, Excel, PowerPoint)<\/li>\n<\/ul>\n<p>OneNote non fa pi\u00f9 parte del pacchetto Office, ma \u00e8 disponibile come applicazione standard in Windows 10, che \u00e8 un prerequisito per utilizzare Office 2019.\u00a0<strong>Le versioni precedenti di Windows non sono supportate.<\/strong><\/p>\n<p><strong>Cooperazione<\/strong><\/p>\n<p>Il lavoro collaborativo \u00e8 una novit\u00e0 importante e decisiva del pacchetto Microsoft Office. I vostri dipendenti possono apportare modifiche a un file o continuare il documento contemporaneamente. Questa opzione \u00e8 disponibile per tutti i componenti di Microsoft Office, da Word, Excel e PowerPoint a OneNote. \u00c8 sufficiente salvare i file su OneDrive, OneDrive for Business o SharePoint Online e condividerli con i dipendenti interessati. La condivisione si effettua facilmente tramite un pulsante del programma.<\/p>\n<p>Skype for Business \u00e8 un altro strumento del pacchetto Office 2019 Professional Plus che promuove la collaborazione. Gli utenti possono vedere a colpo d'occhio lo stato online dei membri del team e avviare una chat, una chiamata via Internet, una chiamata di gruppo o una trasmissione video a seconda delle necessit\u00e0.<\/p>\n<p><strong>Utilizzate il tempo in modo pi\u00f9 efficace con un programma di posta intelligente<\/strong><\/p>\n<p>La casella di posta elettronica pu\u00f2 diventare rapidamente sovraccarica di e-mail non importanti e di spam. Questo significa che voi o i vostri dipendenti non potete lavorare in modo efficiente e perdete tempo. Microsoft Outlook 2019 \u00e8 stato ulteriormente sviluppato e la funzione \"Clutter\" \u00e8 stata aggiunta in modo che il programma stesso riconosca le e-mail irrilevanti e le elimini immediatamente. In questo modo la casella di posta \u00e8 pi\u00f9 chiara e ci si pu\u00f2 concentrare sulle attivit\u00e0 pi\u00f9 importanti.<\/p>\n<p><strong>Maggiore sicurezza per il vostro ufficio digitale<\/strong><\/p>\n<p>Un'altra novit\u00e0 \u00e8 il miglioramento della sicurezza con la \"Data Loss Prevention\". I programmi consentono di controllare pi\u00f9 facilmente quali informazioni vengono integrate nei documenti e trasmesse. Gli amministratori hanno anche la possibilit\u00e0 di bloccare o limitare l'accesso a determinati dati. Gli utenti sono anche sensibilizzati al rischio di perdita dei dati attraverso notifiche sui rischi potenziali. I servizi cloud come OneDrive consentono di non perdere i dati anche in caso di guasto di un server o di un dispositivo. \u00c8 possibile accedere e modificare facilmente i file da qualsiasi parte del mondo.<\/p>\n<p><strong>Requisiti di sistema:<br \/>\n<\/strong><\/p>\n<ul>\n<li>1,6 GHz, processore dual-core<\/li>\n<li>Sistema operativo Windows 10<\/li>\n<li>2 GB (32bit), 4 GB (64bit) di RAM<\/li>\n<li>4 GB di spazio disponibile su disco rigido<\/li>\n<li>L'accelerazione grafica richiede una scheda grafica compatibile con DirectX 10.<\/li>\n<\/ul>\n<p><strong>Supporto:<\/strong><\/p>\n<p class=\"translation-block\">Per qualsiasi domanda, non esitate a contattarci <a href=\"mailto:deutschland@softwarelizenzexpress.de\" target=\"_self\" rel=\"noopener\">per e-mail<\/a>. Il nostro servizio di assistenza clienti \u00e8 disponibile 7 giorni su 7, 24 ore al giorno.<\/p>","protected":false},"excerpt":{"rendered":"<ul>\n<li>Licenza Microsoft Office 2019 Professional Plus per 3 PC<\/li>\n<li>Sono disponibili versioni per sistemi a 32 e 64 bit<\/li>\n<li>Spedizione via e-mail: Codice prodotto, istruzioni, link per il download, fattura<\/li>\n<li>Download immediato!<\/li>\n<li>Nessun limite di tempo, nessun abbonamento<\/li>\n<li>Assistenza gratuita per l'installazione e l'attivazione<\/li>\n<li>Nessuna consegna su supporti dati (USB, CD, ecc.)<\/li>\n<li>Attivazione online e per telefono<\/li>\n<li class=\"translation-block\">Questo prodotto non \u00e8 <strong>compatibile con i sistemi operativi Apple<\/strong> (MacOS, iPadOS, iOS), <strong>Chromebooks<\/strong>.<\/li>\n<li><strong>NON compatibile con i dispositivi Android<\/strong><\/li>\n<\/ul>","protected":false},"featured_media":53538,"comment_status":"open","ping_status":"closed","template":"","meta":{"_acf_changed":false},"product_brand":[],"product_cat":[15],"product_tag":[107,108,109],"class_list":{"0":"post-2448","1":"product","2":"type-product","3":"status-publish","4":"has-post-thumbnail","6":"product_cat-ms-office","7":"product_tag-excellence","8":"product_tag-ms-office","9":"product_tag-security","11":"first","12":"instock","13":"sale","14":"virtual","15":"taxable","16":"purchasable","17":"product-type-simple"},"acf":[],"_links":{"self":[{"href":"https:\/\/softwarelizenzexpress.de\/it\/wp-json\/wp\/v2\/product\/2448","targetHints":{"allow":["GET"]}}],"collection":[{"href":"https:\/\/softwarelizenzexpress.de\/it\/wp-json\/wp\/v2\/product"}],"about":[{"href":"https:\/\/softwarelizenzexpress.de\/it\/wp-json\/wp\/v2\/types\/product"}],"replies":[{"embeddable":true,"href":"https:\/\/softwarelizenzexpress.de\/it\/wp-json\/wp\/v2\/comments?post=2448"}],"wp:featuredmedia":[{"embeddable":true,"href":"https:\/\/softwarelizenzexpress.de\/it\/wp-json\/wp\/v2\/media\/53538"}],"wp:attachment":[{"href":"https:\/\/softwarelizenzexpress.de\/it\/wp-json\/wp\/v2\/media?parent=2448"}],"wp:term":[{"taxonomy":"product_brand","embeddable":true,"href":"https:\/\/softwarelizenzexpress.de\/it\/wp-json\/wp\/v2\/product_brand?post=2448"},{"taxonomy":"product_cat","embeddable":true,"href":"https:\/\/softwarelizenzexpress.de\/it\/wp-json\/wp\/v2\/product_cat?post=2448"},{"taxonomy":"product_tag","embeddable":true,"href":"https:\/\/softwarelizenzexpress.de\/it\/wp-json\/wp\/v2\/product_tag?post=2448"}],"curies":[{"name":"wp","href":"https:\/\/api.w.org\/{rel}","templated":true}]}}