{"id":2430,"date":"2021-04-16T14:42:25","date_gmt":"2021-04-16T12:42:25","guid":{"rendered":"http:\/\/shop.windowsandoffice.net\/product\/import-placeholder-for-208\/"},"modified":"2026-04-16T18:11:07","modified_gmt":"2026-04-16T16:11:07","slug":"windows-10-pro","status":"publish","type":"product","link":"https:\/\/softwarelizenzexpress.de\/it\/product\/windows-10-pro\/","title":{"rendered":"Licenza Microsoft Windows 10 Professional per 3 PC"},"content":{"rendered":"<p>Windows 10 Professional \u00e8 il sistema operativo pi\u00f9 avanzato e sicuro di tutti i tempi. Con le sue app universali, le caratteristiche e le funzioni di sicurezza, \u00e8 ideale per PC desktop, notebook e tablet. Le nuove versioni e gli aggiornamenti automatici delle app e delle funzioni garantiscono l'efficienza e la sicurezza del dispositivo.<\/p>\n<p>Con Windows 10 Professional al centro del vostro computer, potete fare tutto ci\u00f2 che desiderate.<\/p>\n<ul>\n<li>Funzionalit\u00e0 di sicurezza integrate, come software antivirus, firewall e meccanismi di protezione Internet.<\/li>\n<li>Scansione del volto o dell'impronta digitale con Windows Hello per sbloccare il computer in modo rapido, sicuro e senza password.<\/li>\n<li>Con la procedura guidata di notifica, \u00e8 possibile bloccare notifiche, suoni e avvisi per non essere distratti durante il lavoro.<\/li>\n<li>\u00c8 possibile utilizzare la timeline per scorrere rapidamente e facilmente i documenti, le app e i siti web utilizzati pi\u00f9 di recente.<\/li>\n<li>Microsoft Photos semplifica l'organizzazione, la consultazione, la modifica e la condivisione di foto e video.<\/li>\n<li>Con Game Bar \u00e8 possibile trasmettere istantaneamente le partite in live streaming, effettuare registrazioni dello schermo e regolare con precisione le impostazioni audio.<\/li>\n<li>Remote Desktop consente l'accesso remoto via Internet al proprio PC, ovvero a tutti i file, le cartelle e le applicazioni.<\/li>\n<li>Windows Information Protection (WIP) protegge da possibili furti di dati senza limitare l'usabilit\u00e0 del sistema.<\/li>\n<li>BitLocker Drive Encryption \u00e8 una funzione di protezione dei dati integrata nel sistema operativo. Protegge dal furto di dati, in particolare sui computer rubati.<\/li>\n<li>Strumenti per applicazioni aziendali<\/li>\n<\/ul>\n<p>Avrete un avvio pi\u00f9 rapido del sistema, un menu di avvio familiare ma migliorato e nuovi modi per completare le attivit\u00e0 in modo rapido ed efficace. Inoltre, avrete a disposizione nuove funzionalit\u00e0 come un nuovissimo browser che vi aiuter\u00e0 a navigare sul web e il vostro assistente digitale personale Cortana. Cortana vi accompagna su tutti i dispositivi Windows 10 e vi aiuta a fare le cose. Con il passare del tempo impara a conoscervi meglio e pu\u00f2 aiutarvi ogni giorno di pi\u00f9.<\/p>\n<p><strong>Windows 10 Professional\u00a0<\/strong>vi supporta in modo ottimale in tutto ci\u00f2 che fate. Mantenete una visione d'insieme semplicemente agganciando le applicazioni e ottimizzando il display per lavorare in modo pi\u00f9 produttivo. \u00c8 possibile agganciare fino a quattro applicazioni contemporaneamente e creare desktop virtuali se si ha bisogno di pi\u00f9 spazio o si desidera raggruppare i contenuti per un progetto, ad esempio applicazioni per ufficio per il lavoro e giochi per il tempo libero.<\/p>\n<p class=\"translation-block\"><strong>Windows 10<\/strong> \u00e8 compatibile con l'hardware, il software e le periferiche che gi\u00e0 utilizzate. Mantenete il vostro sistema aggiornato con funzioni e sicurezza per tutta la durata di vita del vostro dispositivo.<\/p>\n<p><strong>Requisiti di sistema:<br \/>\n<\/strong><\/p>\n<ul>\n<li>Minimo. Processore da 1 GHz o pi\u00f9 veloce<\/li>\n<li>1 GB (32 bit), 2 GB (64 bit) di RAM<\/li>\n<li>20 GB di spazio disponibile su disco rigido<\/li>\n<li>Scheda grafica con processore grafico DirectX 9 e driver WDDM<\/li>\n<\/ul>\n<p><strong>Supporto:<\/strong><\/p>\n<p class=\"translation-block\">Per qualsiasi domanda, non esitate a contattarci <a href=\"mailto:deutschland@softwarelizenzexpress.de\" target=\"_self\" rel=\"noopener\">per e-mail<\/a>. Il nostro servizio di assistenza clienti \u00e8 disponibile 7 giorni su 7, 24 ore al giorno.<\/p>","protected":false},"excerpt":{"rendered":"<ul>\n<li>Licenza Microsoft Windows 10 Professional per 3 PC<\/li>\n<li>Sono disponibili versioni per sistemi a 32 e 64 bit<\/li>\n<li>Spedizione via e-mail: Codice prodotto, istruzioni, link per il download, fattura<\/li>\n<li>Download immediato!<\/li>\n<li>Nessun limite di tempo, nessun abbonamento<\/li>\n<li>Assistenza gratuita per l'installazione e l'attivazione<\/li>\n<li>Nessuna consegna su supporti dati (USB, CD, ecc.)<\/li>\n<li>Attivazione online e per telefono<\/li>\n<li class=\"translation-block\">Questo prodotto non \u00e8 <strong>compatibile con i sistemi operativi Apple<\/strong> (MacOS, iPadOS, iOS), <strong>Chromebooks<\/strong>.<\/li>\n<li><strong>NON compatibile con i dispositivi Android<\/strong><\/li>\n<\/ul>","protected":false},"featured_media":53552,"comment_status":"open","ping_status":"closed","template":"","meta":{"_acf_changed":false},"product_brand":[],"product_cat":[23],"product_tag":[105,106],"class_list":{"0":"post-2430","1":"product","2":"type-product","3":"status-publish","4":"has-post-thumbnail","6":"product_cat-windows-desktop","7":"product_tag-windows","8":"product_tag-windows-10-pro","10":"first","11":"instock","12":"sale","13":"virtual","14":"taxable","15":"purchasable","16":"product-type-simple"},"acf":[],"_links":{"self":[{"href":"https:\/\/softwarelizenzexpress.de\/it\/wp-json\/wp\/v2\/product\/2430","targetHints":{"allow":["GET"]}}],"collection":[{"href":"https:\/\/softwarelizenzexpress.de\/it\/wp-json\/wp\/v2\/product"}],"about":[{"href":"https:\/\/softwarelizenzexpress.de\/it\/wp-json\/wp\/v2\/types\/product"}],"replies":[{"embeddable":true,"href":"https:\/\/softwarelizenzexpress.de\/it\/wp-json\/wp\/v2\/comments?post=2430"}],"wp:featuredmedia":[{"embeddable":true,"href":"https:\/\/softwarelizenzexpress.de\/it\/wp-json\/wp\/v2\/media\/53552"}],"wp:attachment":[{"href":"https:\/\/softwarelizenzexpress.de\/it\/wp-json\/wp\/v2\/media?parent=2430"}],"wp:term":[{"taxonomy":"product_brand","embeddable":true,"href":"https:\/\/softwarelizenzexpress.de\/it\/wp-json\/wp\/v2\/product_brand?post=2430"},{"taxonomy":"product_cat","embeddable":true,"href":"https:\/\/softwarelizenzexpress.de\/it\/wp-json\/wp\/v2\/product_cat?post=2430"},{"taxonomy":"product_tag","embeddable":true,"href":"https:\/\/softwarelizenzexpress.de\/it\/wp-json\/wp\/v2\/product_tag?post=2430"}],"curies":[{"name":"wp","href":"https:\/\/api.w.org\/{rel}","templated":true}]}}