{"id":22940,"date":"2022-03-05T12:59:41","date_gmt":"2022-03-05T11:59:41","guid":{"rendered":"https:\/\/shop.softwarelizenzexpress.de\/?post_type=product&#038;p=22940"},"modified":"2026-04-16T18:11:24","modified_gmt":"2026-04-16T16:11:24","slug":"windows-11-professional","status":"publish","type":"product","link":"https:\/\/softwarelizenzexpress.de\/it\/product\/windows-11-professional\/","title":{"rendered":"Licenza Microsoft Windows 11 Professional per 3 PC"},"content":{"rendered":"<div id=\"primaryR2\" data-grid=\"container\" data-region-key=\"primaryr2\" data-m=\"{&quot;cN&quot;:&quot;primaryR2 1&quot;,&quot;cT&quot;:&quot;Region_coreui-region&quot;,&quot;id&quot;:&quot;r2a2&quot;,&quot;sN&quot;:2,&quot;aN&quot;:&quot;a2&quot;}\">\n<div id=\"coreui-banner-l03vzh8\" data-m=\"{&quot;cN&quot;:&quot;R2Banner 1&quot;,&quot;cT&quot;:&quot;Module_coreui-banner&quot;,&quot;id&quot;:&quot;m1r2a2&quot;,&quot;sN&quot;:1,&quot;aN&quot;:&quot;r2a2&quot;}\" data-module-id=\"WDG-Windows|primaryR2|coreui-region|coreui-banner-l03vzh8|coreui-banner\">\n<div class=\"m-banner f-align-left\" data-grid=\"col-12\">\n<h2>Windows 11 Professional<\/h2>\n<div id=\"primaryR2\" data-grid=\"container\" data-region-key=\"primaryr2\" data-m=\"{&quot;cN&quot;:&quot;primaryR2 1&quot;,&quot;cT&quot;:&quot;Region_coreui-region&quot;,&quot;id&quot;:&quot;r2a2&quot;,&quot;sN&quot;:2,&quot;aN&quot;:&quot;a2&quot;}\">\n<div id=\"coreui-banner-l03vzh8\" data-m=\"{&quot;cN&quot;:&quot;R2Banner 1&quot;,&quot;cT&quot;:&quot;Module_coreui-banner&quot;,&quot;id&quot;:&quot;m1r2a2&quot;,&quot;sN&quot;:1,&quot;aN&quot;:&quot;r2a2&quot;}\" data-module-id=\"WDG-Windows|primaryR2|coreui-region|coreui-banner-l03vzh8|coreui-banner\">\n<div class=\"m-banner f-align-left\" data-grid=\"col-12\">\n<h2 class=\"c-heading-3\">Requisiti di sistema:<\/h2>\n<\/div>\n<\/div>\n<div id=\"coreui-divider-f6wmnt9\" data-m=\"{&quot;cN&quot;:&quot;R2Divider 1&quot;,&quot;cT&quot;:&quot;Module_coreui-divider&quot;,&quot;id&quot;:&quot;m2r2a2&quot;,&quot;sN&quot;:2,&quot;aN&quot;:&quot;r2a2&quot;}\" data-module-id=\"WDG-Windows|primaryR2|coreui-region|coreui-divider-f6wmnt9|coreui-divider\">\n<hr class=\"c-divider f-pad-top-3x\" data-grid=\"col-12\" \/>\n<\/div>\n<div id=\"coreui-contentrichblock-o5iouct\" data-m=\"{&quot;cN&quot;:&quot;R2ContentRichBlock 1&quot;,&quot;cT&quot;:&quot;Module_coreui-contentrichblock&quot;,&quot;id&quot;:&quot;m3r2a2&quot;,&quot;sN&quot;:3,&quot;aN&quot;:&quot;r2a2&quot;}\" data-module-id=\"WDG-Windows|primaryR2|coreui-region|coreui-contentrichblock-o5iouct|coreui-contentrichblock\">\n<div class=\"m-rich-content-block context-ucx\" data-grid=\"col-12\">\n<p>Assicuratevi di essere pronti per l'ultimo sistema operativo di Microsoft!<\/p>\n<p class=\"translation-block\">Questi sono i requisiti di base per installare Windows 11 su un PC. Se il vostro dispositivo non soddisfa questi requisiti, potreste non essere in grado di installare Windows 11 sul vostro dispositivo e dovreste considerare l'acquisto di un nuovo PC. Se non si \u00e8 sicuri che il proprio PC soddisfi questi requisiti, \u00e8 possibile verificare con il produttore di apparecchiature originali (OEM) del PC o, se il dispositivo \u00e8 gi\u00e0 dotato di Windows 10, utilizzare l'applicazione PC Health Check per verificare la compatibilit\u00e0 (<a href=\"https:\/\/aka.ms\/GetPCHealthCheckApp\" target=\"_self\" rel=\"noopener\"><b>download<\/b><\/a>).<\/p>\n<\/div>\n<\/div>\n<div id=\"coreui-tablev2-62jrfm3\" data-m=\"{&quot;cN&quot;:&quot;R2TableV2 1&quot;,&quot;cT&quot;:&quot;Module_coreui-tablev2&quot;,&quot;id&quot;:&quot;m4r2a2&quot;,&quot;sN&quot;:4,&quot;aN&quot;:&quot;r2a2&quot;}\" data-module-id=\"WDG-Windows|primaryR2|coreui-region|coreui-tablev2-62jrfm3|coreui-tablev2\">\n<div class=\"m-table\">\n<div class=\"c-table\" data-f-loc-ascending=\"Sorted by {0} - ascending\" data-f-loc-descending=\"Sorted by {0} - descending\">\n<table>\n<tbody>\n<tr>\n<td class=\"f-divided\"><strong>Processore:<\/strong><\/td>\n<td class=\"f-divided\">\n<p class=\"translation-block\">1 gigahertz (GHz) o pi\u00f9 veloce con 2 o pi\u00f9 core su un <strong><a href=\"https:\/\/www.microsoft.com\/de-de\/windows\/windows-11-specifications\" target=\"_self\" rel=\"noopener\">processore a 64 bit compatibile<\/a><\/strong> o SoC (System on a Chip).<\/p>\n<\/td>\n<\/tr>\n<tr>\n<td class=\"f-divided\"><strong>RAM:<\/strong><\/td>\n<td class=\"f-divided\">4 gigabyte (GB)<\/td>\n<\/tr>\n<tr>\n<td class=\"f-divided\"><strong>Spazio di archiviazione:<\/strong><\/td>\n<td class=\"f-divided\">64 GB o pi\u00f9<\/p>\n<p>Nota: per ulteriori dettagli, vedere sotto \"Ulteriori informazioni sullo spazio di archiviazione per mantenere Windows 11 aggiornato\".<\/td>\n<\/tr>\n<tr>\n<td class=\"f-divided\"><strong>Firmware del sistema:<\/strong><\/td>\n<td class=\"f-divided\">UEFI, in grado di eseguire il Secure Boot<\/td>\n<\/tr>\n<tr>\n<td class=\"f-divided\"><strong>TPM:<\/strong><\/td>\n<td class=\"f-divided\">Modulo di piattaforma affidabile (TPM) versione 2.0<\/td>\n<\/tr>\n<tr>\n<td class=\"f-divided\"><strong>Scheda grafica:<\/strong><\/td>\n<td class=\"f-divided\">Compatibile con DirectX 12 o superiore con driver WDDM 2.0<\/td>\n<\/tr>\n<tr>\n<td class=\"f-divided\"><strong>Display:<\/strong><\/td>\n<td class=\"f-divided\">Display ad alta risoluzione (720p) con una diagonale di oltre 9\u2033, 8 bit per canale di colore<\/td>\n<\/tr>\n<tr>\n<td class=\"f-divided\"><strong>Connessione a Internet e account Microsoft:\u00a0<\/strong><\/td>\n<td class=\"f-divided\">Windows 11 Home Edition richiede una connessione a Internet e un account Microsoft per completare la configurazione del dispositivo al primo utilizzo.<\/p>\n<p>Anche il passaggio di un dispositivo da Windows 11 Home in modalit\u00e0 S richiede una connessione a Internet.<\/p>\n<p>Per tutte le edizioni di Windows 11 \u00e8 necessario l'accesso a Internet per eseguire gli aggiornamenti, scaricare e utilizzare alcune funzioni. Per alcune funzioni \u00e8 necessario un account Microsoft.<\/td>\n<\/tr>\n<\/tbody>\n<\/table>\n<\/div>\n<\/div>\n<\/div>\n<div id=\"coreui-contentrichblock-wqm7a2a\" data-m=\"{&quot;cN&quot;:&quot;R2ContentRichBlock 2&quot;,&quot;cT&quot;:&quot;Module_coreui-contentrichblock&quot;,&quot;id&quot;:&quot;m5r2a2&quot;,&quot;sN&quot;:5,&quot;aN&quot;:&quot;r2a2&quot;}\" data-module-id=\"WDG-Windows|primaryR2|coreui-region|coreui-contentrichblock-wqm7a2a|coreui-contentrichblock\">\n<div class=\"m-rich-content-block context-ucx\" data-grid=\"col-12\">\n<p>Nel corso del tempo, potrebbero essere richiesti ulteriori aggiornamenti e requisiti per attivare determinate funzioni del sistema operativo.<\/p>\n<\/div>\n<\/div>\n<\/div>\n<div id=\"primaryR3\" data-grid=\"container\" data-region-key=\"primaryr3\" data-m=\"{&quot;cN&quot;:&quot;primaryR3 1&quot;,&quot;cT&quot;:&quot;Region_coreui-region&quot;,&quot;id&quot;:&quot;r3a2&quot;,&quot;sN&quot;:3,&quot;aN&quot;:&quot;a2&quot;}\">\n<div id=\"coreui-banner-iods39j\" data-m=\"{&quot;cN&quot;:&quot;R3Banner 1&quot;,&quot;cT&quot;:&quot;Module_coreui-banner&quot;,&quot;id&quot;:&quot;m1r3a2&quot;,&quot;sN&quot;:1,&quot;aN&quot;:&quot;r3a2&quot;}\" data-module-id=\"WDG-Windows|primaryR3|coreui-region|coreui-banner-iods39j|coreui-banner\">\n<div class=\"m-banner f-align-left\" data-grid=\"col-12\">\n<h2 class=\"c-heading-3\"><a href=\"https:\/\/www.microsoft.com\/en-us\/windows\/windows-11\" target=\"_blank\" rel=\"noopener\">Requisiti specifici delle funzioni per Windows 11<\/a><\/h2>\n<\/div>\n<\/div>\n<div id=\"coreui-divider-xjbne9z\" data-m=\"{&quot;cN&quot;:&quot;R2Divider 1&quot;,&quot;cT&quot;:&quot;Module_coreui-divider&quot;,&quot;id&quot;:&quot;m2r3a2&quot;,&quot;sN&quot;:2,&quot;aN&quot;:&quot;r3a2&quot;}\" data-module-id=\"WDG-Windows|primaryR3|coreui-region|coreui-divider-xjbne9z|coreui-divider\">\n<hr class=\"c-divider f-pad-top-3x\" data-grid=\"col-12\" \/>\n<\/div>\n<div id=\"coreui-contentrichblock-rhi1sei\" data-m=\"{&quot;cN&quot;:&quot;R2ContentRichBlock 1&quot;,&quot;cT&quot;:&quot;Module_coreui-contentrichblock&quot;,&quot;id&quot;:&quot;m3r3a2&quot;,&quot;sN&quot;:3,&quot;aN&quot;:&quot;r3a2&quot;}\" data-module-id=\"WDG-Windows|primaryR3|coreui-region|coreui-contentrichblock-rhi1sei|coreui-contentrichblock\">\n<div class=\"m-rich-content-block context-ucx\" data-grid=\"col-12\">\n<p>Alcune funzioni di Windows 11 richiedono requisiti maggiori rispetto a quelli elencati nella sezione dei requisiti minimi. Di seguito troverete alcuni dettagli aggiuntivi sui requisiti per le funzioni pi\u00f9 importanti:<\/p>\n<div>\n<ul class=\"c-list\">\n<li class=\"translation-block\">Il <strong>supporto 5G<\/strong> richiede un modem con capacit\u00e0 5G.<\/li>\n<li class=\"translation-block\"><strong>Auto HDR<\/strong> richiede un monitor HDR.<\/li>\n<li class=\"translation-block\"><strong>BitLocker to Go<\/strong> richiede un'unit\u00e0 flash USB (disponibile nelle edizioni di Windows Pro e successive).<\/li>\n<li class=\"translation-block\">&lt;Il client Hyper-V<\/strong> richiede un processore con funzionalit\u00e0 SLAT (Second Level Address Translation) (disponibile in Windows Pro e edizioni successive).<\/li>\n<li class=\"translation-block\"><strong>Cortana<\/strong> richiede un microfono e un altoparlante ed \u00e8 attualmente disponibile su Windows 11 per Australia, Brasile, Canada, Cina, Francia, Germania, India, Italia, Giappone, Messico, Spagna, Regno Unito e Stati Uniti.<\/li>\n<li class=\"translation-block\"><strong>DirectStorage<\/strong> richiede un'unit\u00e0 SSD NVMe per memorizzare ed eseguire giochi che utilizzano il driver \"Standard NVM Express Controller\" e una GPU DirectX12 con il supporto di Shader Model 6.0.<\/li>\n<li class=\"translation-block\"><strong>DirectX 12 Ultimate<\/strong> \u00e8 disponibile con i giochi e i chip grafici supportati.<\/li>\n<li class=\"translation-block\">La <strong>presenza<\/strong> richiede un sensore in grado di riconoscere la distanza della persona dal dispositivo o l'intenzione di interagire con il dispositivo.<\/li>\n<li class=\"translation-block\">&lt;Le videoconferenze intelligenti<\/strong> richiedono una videocamera, un microfono e un altoparlante (uscita audio).<\/li>\n<li class=\"translation-block\"><strong>L'assistente vocale multiplo (MVA)<\/strong> richiede un microfono e un altoparlante.<\/li>\n<li class=\"translation-block\">I layout a tre colonne di <strong>Snap<\/strong> richiedono uno schermo con una larghezza di 1920 pixel effettivi o superiore.<\/li>\n<li class=\"translation-block\"><strong>Mute\/unmute dalla barra delle applicazioni<\/strong> richiede videocamera, microfono e altoparlante (uscita audio). L'app deve essere compatibile con la funzione per annullare il muting globale.<\/li>\n<li class=\"translation-block\">&lt;L&#039;audio spaziale richiede hardware e software di supporto.<\/li>\n<li class=\"translation-block\">Le <strong>Squadre<\/strong> richiedono una videocamera, un microfono e degli altoparlanti (uscita audio).<\/li>\n<li class=\"translation-block\">Il <strong>Touch<\/strong> richiede uno schermo o un monitor che supporti il multi-touch.<\/li>\n<li class=\"translation-block\">&lt;L&#039;autenticazione a due fattori<\/strong> richiede l'uso del PIN, della biometria (lettore di impronte digitali o telecamera a infrarossi illuminata) o di un telefono con funzioni Wi-Fi o Bluetooth.<\/li>\n<li class=\"translation-block\">La <strong>Digitazione vocale<\/strong> richiede un PC con un microfono.<\/li>\n<li class=\"translation-block\">La funzione <strong>Wake on Voice<\/strong> richiede un modello moderno di alimentazione in standby e un microfono.<\/li>\n<li class=\"translation-block\">&lt;Il Wi-Fi 6E richiede un nuovo hardware e driver WLAN-IHV e un AP\/router compatibile con il Wi-Fi 6E.<\/li>\n<li class=\"translation-block\">&lt;Windows Hello<\/strong> richiede una fotocamera configurata per il vicino infrarosso (IR) o un lettore di impronte digitali per l'autenticazione biometrica. I dispositivi senza sensori biometrici possono utilizzare Windows Hello con un PIN o una chiave di sicurezza portatile compatibile con Microsoft.<\/li>\n<li class=\"translation-block\"><strong>Windows Projection<\/strong> richiede un adattatore di schermo che supporti Windows Display Driver Model (WDDM) 2.0 e un adattatore Wi-Fi che supporti Wi-Fi Direct.<\/li>\n<li class=\"translation-block\"><strong>Xbox (App)<\/strong> richiede un account Xbox Live, che non \u00e8 disponibile in tutte le regioni. Per informazioni aggiornate sulla disponibilit\u00e0, consultare la sezione Paesi e regioni di Xbox Live. Alcune funzioni dell'app Xbox richiedono un abbonamento attivo a Xbox Game Pass. Per saperne di pi\u00f9 sul pass.<\/li>\n<\/ul>\n<\/div>\n<\/div>\n<\/div>\n<\/div>\n<\/div>\n<\/div>\n<\/div>","protected":false},"excerpt":{"rendered":"<ul>\n<li>Licenza Microsoft Windows 11 Professional per 3 PC<\/li>\n<li>Versione per sistemi a 64 bit<\/li>\n<li>Spedizione via e-mail: Codice prodotto, istruzioni, link per il download, fattura<\/li>\n<li>Download immediato!<\/li>\n<li>Nessun limite di tempo, nessun abbonamento<\/li>\n<li>Assistenza gratuita per l'installazione e l'attivazione<\/li>\n<li>Nessuna consegna su supporti dati (USB, CD, ecc.)<\/li>\n<li>Attivazione online e per telefono<\/li>\n<li class=\"translation-block\">Questo prodotto non \u00e8 <strong>compatibile con i sistemi operativi Apple<\/strong> (MacOS, iPadOS, iOS), <strong>Chromebooks<\/strong>.<\/li>\n<li><strong>NON compatibile con i dispositivi Android<\/strong><\/li>\n<\/ul>","protected":false},"featured_media":53562,"comment_status":"open","ping_status":"closed","template":"","meta":{"_acf_changed":false},"product_brand":[],"product_cat":[23],"product_tag":[],"class_list":{"0":"post-22940","1":"product","2":"type-product","3":"status-publish","4":"has-post-thumbnail","6":"product_cat-windows-desktop","8":"first","9":"instock","10":"sale","11":"virtual","12":"taxable","13":"purchasable","14":"product-type-simple"},"acf":[],"_links":{"self":[{"href":"https:\/\/softwarelizenzexpress.de\/it\/wp-json\/wp\/v2\/product\/22940","targetHints":{"allow":["GET"]}}],"collection":[{"href":"https:\/\/softwarelizenzexpress.de\/it\/wp-json\/wp\/v2\/product"}],"about":[{"href":"https:\/\/softwarelizenzexpress.de\/it\/wp-json\/wp\/v2\/types\/product"}],"replies":[{"embeddable":true,"href":"https:\/\/softwarelizenzexpress.de\/it\/wp-json\/wp\/v2\/comments?post=22940"}],"wp:featuredmedia":[{"embeddable":true,"href":"https:\/\/softwarelizenzexpress.de\/it\/wp-json\/wp\/v2\/media\/53562"}],"wp:attachment":[{"href":"https:\/\/softwarelizenzexpress.de\/it\/wp-json\/wp\/v2\/media?parent=22940"}],"wp:term":[{"taxonomy":"product_brand","embeddable":true,"href":"https:\/\/softwarelizenzexpress.de\/it\/wp-json\/wp\/v2\/product_brand?post=22940"},{"taxonomy":"product_cat","embeddable":true,"href":"https:\/\/softwarelizenzexpress.de\/it\/wp-json\/wp\/v2\/product_cat?post=22940"},{"taxonomy":"product_tag","embeddable":true,"href":"https:\/\/softwarelizenzexpress.de\/it\/wp-json\/wp\/v2\/product_tag?post=22940"}],"curies":[{"name":"wp","href":"https:\/\/api.w.org\/{rel}","templated":true}]}}