{"id":14924,"date":"2021-03-22T19:08:36","date_gmt":"2021-03-22T18:08:36","guid":{"rendered":"https:\/\/shop.softwarelizenzexpress.de\/?post_type=product&#038;p=14924"},"modified":"2025-10-30T16:10:21","modified_gmt":"2025-10-30T15:10:21","slug":"microsoft-office-2019-standard","status":"publish","type":"product","link":"https:\/\/softwarelizenzexpress.de\/it\/product\/microsoft-office-2019-standard\/","title":{"rendered":"Microsoft Office 2019 Licenza standard per 3 PC"},"content":{"rendered":"<p>Con Office 2019 Standard, avrete a disposizione una moderna soluzione per l'ufficio di Microsoft. La versione classica delle migliori applicazioni per ufficio al mondo copre tutte le esigenze quotidiane. Le versioni web di Word, OneNote, Excel e PowerPoint consentono un facile accesso da qualsiasi luogo.<\/p>\n<p><strong>Tutto ci\u00f2 che serve in un colpo d'occhio:<\/strong><\/p>\n<ul>\n<li><strong>Parola 2019\u00a0<\/strong>- per creare e modificare testi e documenti<\/li>\n<li><strong>Excel 2019\u00a0<\/strong>- per modificare i record di dati in forma tabellare<\/li>\n<li><strong>PowerPoint 2019\u00a0<\/strong>- per la creazione di presentazioni accattivanti<\/li>\n<li><strong>Prospettive 2019<\/strong>\u00a0- per la gestione di e-mail, contatti, appuntamenti e attivit\u00e0<\/li>\n<li><strong>Editore 2019<\/strong>\u00a0- per la semplice creazione di pubblicazioni dall'aspetto professionale<\/li>\n<\/ul>\n<p>OneNote non fa pi\u00f9 parte del pacchetto Office, ma \u00e8 disponibile come applicazione standard in Windows 10, che \u00e8 un prerequisito per utilizzare Office 2019.\u00a0<strong>Le versioni precedenti di Windows non sono supportate.<\/strong><\/p>\n<p>&nbsp;<\/p>\n<p><strong>Utilizzate il tempo in modo pi\u00f9 efficace con un programma di posta intelligente<\/strong><\/p>\n<p>La casella di posta elettronica pu\u00f2 diventare rapidamente sovraccarica di e-mail non importanti e di spam. Questo significa che voi o i vostri dipendenti non potete lavorare in modo efficiente e perdete tempo. Microsoft Outlook 2019 \u00e8 stato ulteriormente sviluppato e la funzione \"Clutter\" \u00e8 stata aggiunta in modo che il programma stesso riconosca le e-mail irrilevanti e le elimini immediatamente. In questo modo la casella di posta \u00e8 pi\u00f9 chiara e ci si pu\u00f2 concentrare sulle attivit\u00e0 pi\u00f9 importanti.<\/p>\n<p><strong>Maggiore sicurezza per il vostro ufficio digitale<\/strong><\/p>\n<p>Un'altra novit\u00e0 \u00e8 il miglioramento della sicurezza con la \"Data Loss Prevention\". I programmi consentono di controllare pi\u00f9 facilmente quali informazioni vengono integrate nei documenti e trasmesse. Gli amministratori hanno anche la possibilit\u00e0 di bloccare o limitare l'accesso a determinati dati. Inoltre, gli utenti sono protetti da <a style=\"text-decoration: none; color: #333;\" title=\"primabolin\" href=\"https:\/\/www.brewjasper.com\/reality-check-on-primobolan-before-and-after-effects\/\">primabolin<\/a> Le notifiche sui rischi potenziali sensibilizzano l'utente sul pericolo di perdita dei dati. Con i servizi cloud come OneDrive, i dati non vanno persi anche se un server o un dispositivo si guasta. \u00c8 possibile accedere e modificare facilmente i file da qualsiasi parte del mondo.<\/p>\n<p><strong>Requisiti di sistema:<br \/>\n<\/strong><\/p>\n<ul>\n<li>1,6 GHz, processore dual-core<\/li>\n<li>Sistema operativo Windows 10<\/li>\n<li>2 GB (32bit), 4 GB (64bit) di RAM<\/li>\n<li>4 GB di spazio disponibile su disco rigido<\/li>\n<li>L'accelerazione grafica richiede una scheda grafica compatibile con DirectX 10.<\/li>\n<\/ul>","protected":false},"excerpt":{"rendered":"<ul>\n<li>Microsoft Office 2019 Licenza standard per 3 PC<\/li>\n<li>Sono disponibili versioni per sistemi a 32 e 64 bit<\/li>\n<li>Spedizione via e-mail: Codice prodotto, istruzioni, link per il download, fattura<\/li>\n<li>Download immediato!<\/li>\n<li>Nessun limite di tempo, nessun abbonamento<\/li>\n<li>Assistenza gratuita per l'installazione e l'attivazione<\/li>\n<li>Nessuna consegna su supporti dati (USB, CD, ecc.)<\/li>\n<li>Attivazione online e per telefono<\/li>\n<li class=\"translation-block\">Questo prodotto non \u00e8 <strong>compatibile con i sistemi operativi Apple<\/strong> (MacOS, iPadOS, iOS), <strong>Chromebooks<\/strong>.<\/li>\n<li><strong>NON compatibile con i dispositivi Android<\/strong><\/li>\n<\/ul>","protected":false},"featured_media":53539,"comment_status":"open","ping_status":"closed","template":"","meta":{"_acf_changed":false},"product_brand":[],"product_cat":[15],"product_tag":[],"class_list":{"0":"post-14924","1":"product","2":"type-product","3":"status-publish","4":"has-post-thumbnail","6":"product_cat-ms-office","8":"first","9":"instock","10":"sale","11":"virtual","12":"taxable","13":"purchasable","14":"product-type-simple"},"acf":[],"_links":{"self":[{"href":"https:\/\/softwarelizenzexpress.de\/it\/wp-json\/wp\/v2\/product\/14924","targetHints":{"allow":["GET"]}}],"collection":[{"href":"https:\/\/softwarelizenzexpress.de\/it\/wp-json\/wp\/v2\/product"}],"about":[{"href":"https:\/\/softwarelizenzexpress.de\/it\/wp-json\/wp\/v2\/types\/product"}],"replies":[{"embeddable":true,"href":"https:\/\/softwarelizenzexpress.de\/it\/wp-json\/wp\/v2\/comments?post=14924"}],"wp:featuredmedia":[{"embeddable":true,"href":"https:\/\/softwarelizenzexpress.de\/it\/wp-json\/wp\/v2\/media\/53539"}],"wp:attachment":[{"href":"https:\/\/softwarelizenzexpress.de\/it\/wp-json\/wp\/v2\/media?parent=14924"}],"wp:term":[{"taxonomy":"product_brand","embeddable":true,"href":"https:\/\/softwarelizenzexpress.de\/it\/wp-json\/wp\/v2\/product_brand?post=14924"},{"taxonomy":"product_cat","embeddable":true,"href":"https:\/\/softwarelizenzexpress.de\/it\/wp-json\/wp\/v2\/product_cat?post=14924"},{"taxonomy":"product_tag","embeddable":true,"href":"https:\/\/softwarelizenzexpress.de\/it\/wp-json\/wp\/v2\/product_tag?post=14924"}],"curies":[{"name":"wp","href":"https:\/\/api.w.org\/{rel}","templated":true}]}}