{"id":980,"date":"2019-07-25T07:45:18","date_gmt":"2019-07-25T07:45:18","guid":{"rendered":"http:\/\/windowsandoffice.net\/?page_id=980"},"modified":"2025-10-29T15:32:06","modified_gmt":"2025-10-29T14:32:06","slug":"about","status":"publish","type":"page","link":"https:\/\/softwarelizenzexpress.de\/it\/about\/","title":{"rendered":"Chi siamo"},"content":{"rendered":"<p><main class=\"elementor-column elementor-col-50 elementor-top-column elementor-element elementor-element-bce54dc\" data-id=\"bce54dc\" data-element_type=\"column\"><\/p>\n<div class=\"elementor-widget-wrap elementor-element-populated\">\n<div class=\"elementor-element elementor-element-75591e8 elementor-widget__width-initial elementor-widget elementor-widget-text-editor\" data-id=\"75591e8\" data-element_type=\"widget\" data-widget_type=\"text-editor.default\">\n<div class=\"elementor-widget-container\">\n<p><strong>Tutto su Software Licence Express, il vostro partner Microsoft di fiducia<\/strong><\/p>\n<p>Sin dalla nostra fondazione nel 2015, noi di Software Licence Express abbiamo cercato di offrire ai nostri clienti privati e aziendali un'ampia variet\u00e0 di soluzioni software ai migliori prezzi nel nostro negozio online. Il nostro obiettivo non \u00e8 solo quello di vendere software in modo economico e sicuro, ma anche di offrire il massimo livello di servizio al cliente.<\/p>\n<p>Il nostro team di assistenza clienti, motivato e multilingue, cerca sempre di superare le vostre esigenze e aspettative. Sia che ci contattiate tramite live chat, e-mail o telefono, siamo sempre felici di aiutarvi.<\/p>\n<p><strong>Soluzioni software<\/strong><\/p>\n<p>Nel nostro negozio online offriamo licenze OEM e prodotti al dettaglio di rinomati distributori tedeschi. Oltre a garantire i prezzi migliori, la nostra missione \u00e8 quella di fornirvi un'assistenza ottimale durante e dopo il processo di acquisto. Il nostro team specializzato \u00e8 a vostra disposizione per qualsiasi dubbio, supportato dalla nostra spedizione rapida in 2 minuti e dal link SSL criptato via e-mail che vi indirizzer\u00e0 alla nostra guida all'installazione e al centro di download.<\/p>\n<p><strong>Chiave del prodotto<\/strong><\/p>\n<p>Vi assicuriamo che ogni codice prodotto \u00e8 unico e viene utilizzato una sola volta. In caso di problemi di attivazione, il nostro team si occuper\u00e0 immediatamente della vostra richiesta per identificare e risolvere la causa. La vostra soddisfazione \u00e8 importante per noi, ed \u00e8 per questo che vi offriamo anche una prova di origine per tutti i nostri prodotti.<\/p>\n<p><strong>Clienti commerciali<\/strong><\/p>\n<p>Ai nostri partner commerciali offriamo consulenze e offerte individuali, soprattutto per gli ordini pi\u00f9 consistenti. Se cercate un software specializzato che non \u00e8 direttamente elencato nella nostra gamma di prodotti, potete comunque contattarci. Grazie ai nostri numerosi contatti nell'industria del software, siamo in grado di soddisfare quasi tutte le richieste. Naturalmente, ogni fattura sar\u00e0 contrassegnata dal nostro numero di partita IVA per rendere il processo di acquisto il pi\u00f9 trasparente possibile.<\/p>\n<p><strong>Qualit\u00e0 e garanzia a vita<\/strong><\/p>\n<p>Sebbene cerchiamo sempre di offrire prezzi competitivi, non scendiamo mai a compromessi sulla qualit\u00e0. I nostri prodotti sono sottoposti a una rigorosa gestione della qualit\u00e0 e garantiamo che viene distribuito solo software proveniente dallo Spazio economico europeo. Offriamo inoltre una garanzia a vita sui nostri prodotti, in modo che possiate sempre acquistare da un negozio online affidabile e degno di fiducia.<\/p>\n<\/div>\n<\/div>\n<\/div>\n<p><\/main><\/p>","protected":false},"excerpt":{"rendered":"<p>Alles \u00fcber Software Lizenz Express, Ihr vertrauensw\u00fcrdiger Microsoft-Partner Seit unserer Gr\u00fcndung im Jahr 2015 streben wir bei Software Lizenz Express danach, sowohl unseren Privat- als auch Gesch\u00e4ftskunden in unseren Onlineshop die unterschiedlichsten Softwarel\u00f6sungen zu den besten Preisen anzubieten. Unser Ziel ist nicht nur, Software g\u00fcnstig und sicher zu verkaufen, sondern&hellip; <\/p>","protected":false},"author":396,"featured_media":0,"parent":0,"menu_order":0,"comment_status":"closed","ping_status":"closed","template":"","meta":{"_acf_changed":false,"footnotes":""},"class_list":["post-980","page","type-page","status-publish","hentry"],"acf":[],"_links":{"self":[{"href":"https:\/\/softwarelizenzexpress.de\/it\/wp-json\/wp\/v2\/pages\/980","targetHints":{"allow":["GET"]}}],"collection":[{"href":"https:\/\/softwarelizenzexpress.de\/it\/wp-json\/wp\/v2\/pages"}],"about":[{"href":"https:\/\/softwarelizenzexpress.de\/it\/wp-json\/wp\/v2\/types\/page"}],"author":[{"embeddable":true,"href":"https:\/\/softwarelizenzexpress.de\/it\/wp-json\/wp\/v2\/users\/396"}],"replies":[{"embeddable":true,"href":"https:\/\/softwarelizenzexpress.de\/it\/wp-json\/wp\/v2\/comments?post=980"}],"version-history":[{"count":0,"href":"https:\/\/softwarelizenzexpress.de\/it\/wp-json\/wp\/v2\/pages\/980\/revisions"}],"wp:attachment":[{"href":"https:\/\/softwarelizenzexpress.de\/it\/wp-json\/wp\/v2\/media?parent=980"}],"curies":[{"name":"wp","href":"https:\/\/api.w.org\/{rel}","templated":true}]}}