{"id":95149,"date":"2025-11-11T14:09:56","date_gmt":"2025-11-11T13:09:56","guid":{"rendered":"https:\/\/softwarelizenzexpress.de\/?page_id=95149"},"modified":"2025-12-29T17:08:31","modified_gmt":"2025-12-29T16:08:31","slug":"coupons","status":"publish","type":"page","link":"https:\/\/softwarelizenzexpress.de\/it\/coupons\/","title":{"rendered":"Buoni sconto"},"content":{"rendered":"<div class=\"cupones\">\n<h2>Codici sconto validi una sola volta per voi<\/h2>\n<div>\n<p><!-- Alineado izquierda al 70% --><\/p>\n<h3>Sconto di benvenuto per i nuovi clienti<\/h3>\n<p><code>NUOVO10<\/code><\/p>\n<p>Per il tuo primo ordine riceverai uno sconto del 10% sulle licenze software partecipanti.<br \/>\nCopiare il codice e incollarlo nel campo del voucher al momento del checkout - il codice \u00e8 valido solo una volta per cliente.<\/p>\n<\/div>\n<div>\n<p><!-- Alineado derecha al 70% --><\/p>\n<h3>Sconto fedelt\u00e0 per i clienti esistenti<\/h3>\n<p><code>TREUE15<\/code><\/p>\n<p>Se hai gi\u00e0 effettuato un ordine presso di noi, riceverai uno sconto del 15% sul tuo prossimo ordine.<br \/>\nCopiare il codice e incollarlo nel campo del voucher al momento del checkout - il codice \u00e8 valido solo una volta per cliente.<\/p>\n<\/div>\n<\/div>","protected":false},"excerpt":{"rendered":"<p>Codici sconto validi una sola volta per voi Sconto di benvenuto per i nuovi clienti NEW10 Per il vostro primo ordine riceverete uno sconto di 10 % sulle licenze software partecipanti. Copiate il codice e incollatelo nel campo del voucher al momento del checkout - il codice \u00e8 valido una sola volta per cliente. Sconto fedelt\u00e0 per i clienti esistenti TREUE15 Se siete gi\u00e0... <\/p>","protected":false},"author":9,"featured_media":0,"parent":0,"menu_order":0,"comment_status":"closed","ping_status":"closed","template":"elementor_header_footer","meta":{"_acf_changed":false,"footnotes":""},"class_list":["post-95149","page","type-page","status-publish","hentry"],"acf":[],"_links":{"self":[{"href":"https:\/\/softwarelizenzexpress.de\/it\/wp-json\/wp\/v2\/pages\/95149","targetHints":{"allow":["GET"]}}],"collection":[{"href":"https:\/\/softwarelizenzexpress.de\/it\/wp-json\/wp\/v2\/pages"}],"about":[{"href":"https:\/\/softwarelizenzexpress.de\/it\/wp-json\/wp\/v2\/types\/page"}],"author":[{"embeddable":true,"href":"https:\/\/softwarelizenzexpress.de\/it\/wp-json\/wp\/v2\/users\/9"}],"replies":[{"embeddable":true,"href":"https:\/\/softwarelizenzexpress.de\/it\/wp-json\/wp\/v2\/comments?post=95149"}],"version-history":[{"count":0,"href":"https:\/\/softwarelizenzexpress.de\/it\/wp-json\/wp\/v2\/pages\/95149\/revisions"}],"wp:attachment":[{"href":"https:\/\/softwarelizenzexpress.de\/it\/wp-json\/wp\/v2\/media?parent=95149"}],"curies":[{"name":"wp","href":"https:\/\/api.w.org\/{rel}","templated":true}]}}