{"id":3010,"date":"2020-08-05T12:29:11","date_gmt":"2020-08-05T12:29:11","guid":{"rendered":"https:\/\/softwarelizenzexpress.de\/?page_id=3010"},"modified":"2025-03-11T15:13:07","modified_gmt":"2025-03-11T14:13:07","slug":"agb","status":"publish","type":"page","link":"https:\/\/softwarelizenzexpress.de\/it\/agb\/","title":{"rendered":"GTC"},"content":{"rendered":"<p><strong style=\"font-size: 15px;\">1. conclusione del contratto SOFTWARE<\/strong><\/p>\n<section data-rv-view=\"547\">\n<p>1.1 Oggetto del contratto \u00e8 la vendita di prodotti di download (contenuti digitali non forniti su supporto fisico). Inserendo il rispettivo prodotto di download sul nostro sito web, vi facciamo un'offerta vincolante per la stipula di un contratto alle condizioni specificate nella descrizione dell'articolo.<\/p>\n<p>1.2 Il contratto si conclude attraverso il sistema di carrello online come segue:<\/p>\n<p>I prodotti da scaricare destinati all'acquisto sono memorizzati nel \"carrello\". \u00c8 possibile richiamare il \"Carrello\" tramite il pulsante corrispondente nella barra di navigazione e apportarvi modifiche in qualsiasi momento. Dopo aver richiamato la pagina \"Checkout\" e aver inserito i vostri dati personali e le condizioni di pagamento, tutti i dati dell'ordine saranno nuovamente visualizzati nella pagina di riepilogo dell'ordine.<\/p>\n<p>1.3 L'elaborazione dell'ordine e la trasmissione di tutte le informazioni necessarie per la conclusione del contratto sono parzialmente automatizzate tramite e-mail. Dovete pertanto assicurarvi che l'indirizzo e-mail che ci avete fornito sia corretto, che la ricezione delle e-mail sia tecnicamente garantita e, in particolare, che non sia impedita dai filtri SPAM.<\/p>\n<p>1.4 Accordi accessori, modifiche e integrazioni sono validi solo se confermati per iscritto. Lo stesso vale per l'assicurazione delle propriet\u00e0.<\/p>\n<p>1.5 La lingua contrattuale \u00e8 il tedesco.<\/p>\n<p><strong>2. prezzi, condizioni di pagamento<\/strong><\/p>\n<p>2.1 La merce sar\u00e0 fatturata in base ai prezzi indicati nell'ordine, che si basano sul listino prezzi in vigore.<\/p>\n<p>2.2 Eventuali aumenti di prezzo sono a carico del cliente se la merce viene consegnata oltre 6 mesi dalla conclusione del contratto, come concordato, o per motivi a noi non imputabili.<\/p>\n<p>2.3 Se non diversamente indicato, tutti i prezzi sono comprensivi dell'imposta sul valore aggiunto applicabile per legge.<\/p>\n<p>2.4 Ai sensi dei \u00a7\u00a7 366, 367 BGB (Codice civile tedesco) e nonostante eventuali disposizioni contrarie del cliente, determineremo quali crediti sono stati soddisfatti dai pagamenti del cliente.<\/p>\n<p>2.5 Le modalit\u00e0 di pagamento disponibili per l'utente sono indicate sul nostro sito web o nella rispettiva offerta con un pulsante contrassegnato da un'etichetta corrispondente.<\/p>\n<p>2.6 Se non diversamente indicato nelle singole modalit\u00e0 di pagamento, le richieste di pagamento derivanti dal contratto concluso sono esigibili immediatamente.<\/p>\n<p>2.7 Su questo sito web offriamo, tra l'altro, il pagamento tramite PayPal. Il fornitore di questo servizio di pagamento \u00e8 PayPal (Europe) S.\u00e0.r.l. et Cie, S.C.A., 22-24 Boulevard Royal, L-2449 Lussemburgo (di seguito \"PayPal\"). Se si seleziona il pagamento tramite PayPal, i dati di pagamento immessi verranno trasmessi a PayPal. La trasmissione dei vostri dati a PayPal si basa sull'art. 6 comma 1 lett. a GDPR (consenso) e sull'art. 6 comma 1 lett. b GDPR (trattamento per l'adempimento di un contratto). L'utente ha la possibilit\u00e0 di revocare il proprio consenso al trattamento dei dati in qualsiasi momento. La revoca non pregiudica l'efficacia delle operazioni di trattamento dei dati effettuate in passato.<\/p>\n<p><strong>3. date<\/strong><\/p>\n<p>3.1 Ci impegniamo a rispettare le scadenze indicate. Le scadenze sono vincolanti solo se espressamente concordate per iscritto.<\/p>\n<p>3.2 In caso di inosservanza dolosa o gravemente negligente dei termini vincolanti e di scadenza infruttuosa di un periodo di tolleranza di 6 settimane stabilito per iscritto dal cliente, quest'ultimo pu\u00f2 richiedere un indennizzo per il ritardo per ogni mese intero di ritardo pari allo 0,5% del valore della parte del servizio non utilizzabile a causa del ritardo, a condizione che possa dimostrare di aver subito un danno a causa del ritardo. L'indennizzo pu\u00f2 essere richiesto per un massimo di 5 mesi.<\/p>\n<p>3.3 In tutti i casi di ritardo nell'adempimento sono escluse altre richieste di risarcimento da parte del cliente, anche dopo la scadenza del periodo mensile concordato nel paragrafo precedente. Ci\u00f2 non si applica se la responsabilit\u00e0 \u00e8 obbligatoria per legge in caso di dolo o colpa grave. \u00c8 esclusa la responsabilit\u00e0 estesa ai sensi del \u00a7 287 BGB.<\/p>\n<p>3.4 Resta fermo il diritto del cliente di recedere dal contratto in conformit\u00e0 alle disposizioni di legge in luogo del diritto di cui al punto 3.2.<\/p>\n<p><strong>4. condizioni di spedizione e diritto di recesso<\/strong><\/p>\n<p>4.1 I termini di consegna, la data di consegna e le eventuali limitazioni di consegna esistenti sono riportati in un<br \/>sul nostro sito web o nella rispettiva offerta.<\/p>\n<p>4.2 Il cliente pu\u00f2 disdire la sua dichiarazione contrattuale per iscritto (ad es. lettera, fax, e-mail) entro 14 giorni senza indicarne i motivi. Il termine di recesso decorre dal ricevimento della merce da parte del cliente, ma al pi\u00f9 presto dal ricevimento delle presenti istruzioni. L'invio tempestivo dell'annullamento o della merce \u00e8 sufficiente per rispettare il termine di annullamento. La cancellazione deve essere inviata a:<\/p>\n<h2>Licenza software Express<\/h2>\n<p><strong>Proprietario: <\/strong>Sig. Stephan M\u00fcller<\/p>\n<p><strong>Indirizzo: <\/strong>Wernher-von-Braun Str. 16, 63303 Dreieich, Germania<\/p>\n<p><strong>ID IVA:<\/strong> DE269952674<\/p>\n<p><strong>Tel:<\/strong> +49 60748160523<\/p>\n<p><strong>E-mail:<\/strong> <a href=\"mailto:&lt;a href=&#039;mailto:deutschland@softwarelizenzexpress.de&#039;&gt;deutschland@softwarelizenzexpress.de&lt;\/a&gt;\"><a href='mailto:deutschland@softwarelizenzexpress.de'>deutschland@softwarelizenzexpress.de<\/a><\/a><\/p>\n<p>4.3 Conseguenze della cancellazione<\/p>\n<p>In caso di annullamento del contratto, dovremo rimborsare tutti i pagamenti ricevuti dal cliente immediatamente e al pi\u00f9 tardi entro quattordici giorni dal giorno in cui abbiamo ricevuto la notifica dell'annullamento del contratto. Per questo rimborso, utilizzeremo lo stesso mezzo di pagamento che avete utilizzato per l'acquisto originale.<br \/>salvo che non sia stato espressamente concordato diversamente con l'utente; in nessun caso verr\u00e0 addebitata all'utente alcuna commissione per tale rimborso.<\/p>\n<p>Possiamo rifiutare il rimborso fino a quando non avremo ricevuto la merce o fino a quando il cliente non avr\u00e0 fornito la prova di non aver utilizzato la merce, a seconda di quale delle due condizioni si verifichi per prima. Dovete restituirci o consegnarci la merce immediatamente e in ogni caso non oltre quattordici giorni dal giorno in cui ci avete informato della cancellazione del presente contratto. Il termine \u00e8 rispettato se la merce viene spedita prima della scadenza del periodo di quattordici giorni.<\/p>\n<p>Il Cliente \u00e8 tenuto a pagare l'eventuale perdita di valore della merce solo se tale perdita di valore \u00e8 dovuta a una manipolazione della merce non necessaria per verificarne lo stato, le propriet\u00e0 e la funzionalit\u00e0.5 Garanzia e responsabilit\u00e0.<\/p>\n<p><strong>5. responsabilit\u00e0 legale per i difetti<\/strong><\/p>\n<p>5.1 Si applicano i diritti di garanzia previsti dalla legge.<\/p>\n<p>5.2 In qualit\u00e0 di consumatore, il cliente \u00e8 tenuto a controllare la merce immediatamente dopo la consegna per verificarne la completezza, i difetti evidenti o le possibili deviazioni nel pi\u00f9 breve tempo possibile. La mancata verifica non avr\u00e0 alcun effetto sui diritti di garanzia previsti dalla legge.<\/p>\n<p>5.3 Il periodo di garanzia \u00e8 di un anno dalla consegna della merce.<\/p>\n<p>5.4 La garanzia non si applica se il cliente apporta modifiche o adattamenti al prodotto.<\/p>\n<p>5.5 Il cliente non ha alcun diritto di ritenzione per quanto riguarda le nostre rivendicazioni che non si riferiscono all'oggetto del contratto a causa dei suoi diritti summenzionati.<\/p>\n<p>5.6 Sono escluse le richieste di risarcimento danni di qualsiasi tipo da parte del cliente nei nostri confronti, in particolare le richieste di risarcimento per danni conseguenti, come la perdita di dati o il mancato guadagno, le richieste derivanti da impossibilit\u00e0, violazione positiva del contratto e mancato adempimento. Ci\u00f2 vale in particolare anche per la mancanza di propriet\u00e0 dei prodotti software specificate dal produttore. Ci\u00f2 non si applica nei casi di dolo, colpa grave o assenza di caratteristiche garantite in cui la responsabilit\u00e0 \u00e8 obbligatoria per legge.<\/p>\n<p><strong>6. riserva di propriet\u00e0<\/strong><\/p>\n<p>6.1 Ci riserviamo la propriet\u00e0 della merce fino al completo pagamento di tutti i crediti che ci spettano in virt\u00f9 dei rapporti commerciali con il cliente.<\/p>\n<p>6.2 La rivendicazione della riserva di propriet\u00e0 non costituisce un annullamento del contratto. Tuttavia, siamo autorizzati a disporre della merce per la quale \u00e8 stata rivendicata la riserva di propriet\u00e0 altrove dopo un periodo di tempo ragionevole e a consegnare al cliente la stessa merce o una merce equivalente dietro pagamento completo del prezzo di acquisto.<\/p>\n<p>6.3 Se il cliente \u00e8 un rivenditore, \u00e8 autorizzato a rivendere la merce con riserva di propriet\u00e0 nell'ambito della normale attivit\u00e0 commerciale. In questo caso, il cliente ci cede a titolo di garanzia i crediti che gli derivano dalla rivendita della merce fino all'ammontare dei nostri crediti in sospeso.<\/p>\n<p>In caso di ritardo nel pagamento, il cliente \u00e8 tenuto a indicare il nome del cliente a cui ha venduto la nostra merce e che non ha ancora pagato alla nostra prima richiesta.<\/p>\n<p>6.4 In caso di accesso da parte di terzi alla merce soggetta a riserva di propriet\u00e0, il cliente deve richiamare l'attenzione sulla nostra propriet\u00e0 e comunicarcelo immediatamente. I costi e i danni sono a carico del cliente.<\/p>\n<p><strong>7. altro<\/strong><\/p>\n<p>7.1 All'inizio del rapporto commerciale, i dati del cliente, che possono essere anche dati personali, vengono memorizzati e, nella misura necessaria per l'esecuzione dell'ordine, elaborati e trasmessi.<\/p>\n<p>7.2 L'eventuale invalidit\u00e0 di una o pi\u00f9 disposizioni di cui sopra non pregiudica la validit\u00e0 delle restanti disposizioni. La disposizione non valida sar\u00e0 sostituita da una disposizione valida che realizzi il pi\u00f9 possibile lo scopo economico da essa perseguito.<\/p>\n<p><strong>8. luogo di giurisdizione<\/strong><\/p>\n<p>Se il cliente \u00e8 un commerciante registrato, una persona giuridica di diritto pubblico o un fondo speciale di diritto pubblico, il foro competente \u00e8 il Tribunale locale di Francoforte o il Tribunale regionale di Francoforte.<\/p>\n<ul>\n<li>\n<h2>Licenza software Express<\/h2>\n<p><strong>Proprietario: <\/strong>Sig. Stephan M\u00fcller<\/p>\n<p><strong>Indirizzo: <\/strong>Wernher-von-Braun Str. 16, 63303 Dreieich, Germania<\/p>\n<p><strong>ID IVA:<\/strong> DE269952674<\/p>\n<p><strong>Tel:<\/strong> +49 60748160523<\/p>\n<p><strong>E-mail:<\/strong> <a href=\"mailto:&lt;a href=&#039;mailto:deutschland@softwarelizenzexpress.de&#039;&gt;deutschland@softwarelizenzexpress.de&lt;\/a&gt;\"><a href='mailto:deutschland@softwarelizenzexpress.de'>deutschland@softwarelizenzexpress.de<\/a><\/a><\/p>\n<\/li>\n<\/ul>\n<\/section>","protected":false},"excerpt":{"rendered":"<p>1. Vertragsabschlu\u00df SOFTWARE 1.1 Gegenstand des Vertrages ist der Verkauf von Download-Produkten (digitale Inhalte, die nicht auf einem k\u00f6rperlichen Datentr\u00e4ger geliefert werden). Bereits mit dem Einstellen des jeweiligen Download-Produkts auf unserer Internetseite unterbreiten wir Ihnen ein verbindliches Angebot zum Abschluss eines Vertrages zu den in der Artikelbeschreibung angegebenen Bedingungen. 1.2&hellip; <\/p>","protected":false},"author":451,"featured_media":0,"parent":0,"menu_order":0,"comment_status":"closed","ping_status":"closed","template":"","meta":{"_acf_changed":false,"footnotes":""},"class_list":["post-3010","page","type-page","status-publish","hentry"],"acf":[],"_links":{"self":[{"href":"https:\/\/softwarelizenzexpress.de\/it\/wp-json\/wp\/v2\/pages\/3010","targetHints":{"allow":["GET"]}}],"collection":[{"href":"https:\/\/softwarelizenzexpress.de\/it\/wp-json\/wp\/v2\/pages"}],"about":[{"href":"https:\/\/softwarelizenzexpress.de\/it\/wp-json\/wp\/v2\/types\/page"}],"author":[{"embeddable":true,"href":"https:\/\/softwarelizenzexpress.de\/it\/wp-json\/wp\/v2\/users\/451"}],"replies":[{"embeddable":true,"href":"https:\/\/softwarelizenzexpress.de\/it\/wp-json\/wp\/v2\/comments?post=3010"}],"version-history":[{"count":0,"href":"https:\/\/softwarelizenzexpress.de\/it\/wp-json\/wp\/v2\/pages\/3010\/revisions"}],"wp:attachment":[{"href":"https:\/\/softwarelizenzexpress.de\/it\/wp-json\/wp\/v2\/media?parent=3010"}],"curies":[{"name":"wp","href":"https:\/\/api.w.org\/{rel}","templated":true}]}}