{"id":56425,"date":"2025-01-08T13:53:54","date_gmt":"2025-01-08T12:53:54","guid":{"rendered":"https:\/\/softwarelizenzexpress.de\/?post_type=product&#038;p=56425"},"modified":"2025-08-21T07:43:20","modified_gmt":"2025-08-21T05:43:20","slug":"microsoft-windows-server-2019-essentials","status":"publish","type":"product","link":"https:\/\/softwarelizenzexpress.de\/fr\/product\/microsoft-windows-server-2019-essentials\/","title":{"rendered":"Microsoft Windows Server 2019 Essentials"},"content":{"rendered":"<p>Windows Server 2019 vous permet d'atteindre tous les objectifs de votre entreprise. Le syst\u00e8me d'exploitation associe les environnements sur promesses aux services Azure afin de tirer le meilleur parti des sc\u00e9narios hybrides et des investissements existants.<\/p>\n<p>Windows Server 2019 est disponible en trois versions diff\u00e9rentes, chacune r\u00e9pondant \u00e0 des besoins diff\u00e9rents :<\/p>\n<ul>\n<li><strong>Windows Server 2019 Essentials<\/strong>\u00a0est con\u00e7u pour les petites entreprises comptant jusqu'\u00e0 25 utilisateurs et 50 appareils. Aucune licence d'acc\u00e8s (CAL) n'est n\u00e9cessaire.<\/li>\n<li><strong>Windows Server 2019 Standard<\/strong>\u00a0est parfaitement adapt\u00e9 aux environnements physiques ou peu virtualis\u00e9s. Vous avez besoin\u00a0<a href=\"https:\/\/shop.winandoffice.com\/de\/produkt-kategorie\/windows-server\/2019-cal\/\">des licences d'acc\u00e8s suppl\u00e9mentaires (CAL).<\/a><\/li>\n<li>W<strong>indows Server 2019 Datacenter<\/strong>\u00a0d\u00e9ploie ses forces en particulier dans les centres de donn\u00e9es hautement virtualis\u00e9s et les environnements de cloud computing. Vous avez besoin\u00a0<a href=\"https:\/\/shop.winandoffice.com\/de\/produkt-kategorie\/windows-server\/2019-cal\/\">des licences d'acc\u00e8s suppl\u00e9mentaires (CAL).<\/a><\/li>\n<\/ul>\n<p>Windows Server 2019 est le syst\u00e8me d'exploitation qui relie les environnements sur site \u00e0 Azure. Vous b\u00e9n\u00e9ficiez de couches de s\u00e9curit\u00e9 suppl\u00e9mentaires et de la modernisation de vos applications et infrastructures.<\/p>\n<p class=\"c-heading-4\"><strong>Fonctions hybrides avec Azure<\/strong><\/p>\n<div class=\"c-paragraph\">\n<p>Faites \u00e9voluer votre centre de donn\u00e9es vers Azure pour tirer le meilleur parti de vos investissements et b\u00e9n\u00e9ficier de nouvelles fonctionnalit\u00e9s hybrides.<\/p>\n<p class=\"c-heading-4\"><strong>S\u00e9curit\u00e9 avanc\u00e9e \u00e0 plusieurs niveaux<\/strong><\/p>\n<div class=\"c-paragraph\">\n<p>Am\u00e9liorez votre s\u00e9curit\u00e9 pour prot\u00e9ger le centre de donn\u00e9es. Tout commence par le syst\u00e8me d'exploitation.<\/p>\n<p class=\"c-heading-4\"><strong>Une innovation plus rapide pour les applications<\/strong><\/p>\n<div class=\"c-paragraph\">\n<p>Permettre la cr\u00e9ation d'apps cloudnatives et moderniser les apps traditionnelles avec des conteneurs et des microservices.<\/p>\n<p class=\"c-heading-4\"><strong>Une infrastructure hyperconverg\u00e9e sans pr\u00e9c\u00e9dent<\/strong><\/p>\n<div class=\"c-paragraph\">\n<p>D\u00e9veloppez l'infrastructure de votre centre de donn\u00e9es pour am\u00e9liorer l'efficacit\u00e9 et la s\u00e9curit\u00e9.<\/p>\n<\/div>\n<\/div>\n<\/div>\n<\/div>\n<p><strong>Configuration requise :<\/strong><\/p>\n<ul>\n<li>Processeur : 1,4 GHz 64 bits avec NX\/DEP<\/li>\n<li>M\u00e9moire vive : 512 Mo (Server Core et Server Nano), 2 Go (avec affichage du bureau)<\/li>\n<li>Carte graphique et moniteur : 1024 \u00d7 768 pixels<\/li>\n<li>R\u00e9seau : Gigabit Ethernet<\/li>\n<li>Espace libre sur le disque dur : 32 Go d'espace libre sur le disque dur<\/li>\n<li>BIOS : syst\u00e8me UEFI avec d\u00e9marrage s\u00e9curis\u00e9 (UEFI 2.3.1c) (pour certaines fonctions)<\/li>\n<\/ul>\n<p><strong>soutien :<\/strong><\/p>\n<p class=\"translation-block\">Si vous avez des questions, n'h\u00e9sitez pas \u00e0 nous contacter <a href=\"mailto:deutschland@softwarelizenzexpress.de\" target=\"_self\" rel=\"noopener\">par e-mail<\/a>. Notre support client est disponible 7 jours sur 7, 24 heures sur 24.<\/p>","protected":false},"excerpt":{"rendered":"<ul>\n<li>Microsoft Windows Server 2019 Datacenter, Standard ou Essentials (CALs vendues s\u00e9par\u00e9ment)<\/li>\n<li>Versions disponibles pour les syst\u00e8mes 64 bits<\/li>\n<li>Envoi par courrier \u00e9lectronique : Cl\u00e9 de produit, instructions, liens de t\u00e9l\u00e9chargement, facture<\/li>\n<li>T\u00e9l\u00e9chargement imm\u00e9diat !<\/li>\n<li>Pas de limite de temps, pas d'abonnement<\/li>\n<li>Assistance gratuite \u00e0 l'installation et \u00e0 l'activation<\/li>\n<li>Pas de livraison sur support de donn\u00e9es (USB, CD, etc.)<\/li>\n<li>Activation en ligne et par t\u00e9l\u00e9phone<\/li>\n<\/ul>","protected":false},"featured_media":56426,"comment_status":"open","ping_status":"closed","template":"","meta":{"_acf_changed":false},"product_brand":[],"product_cat":[17],"product_tag":[105],"class_list":{"0":"post-56425","1":"product","2":"type-product","3":"status-publish","4":"has-post-thumbnail","6":"product_cat-windows-servers","7":"product_tag-windows","9":"first","10":"instock","11":"sale","12":"virtual","13":"taxable","14":"purchasable","15":"product-type-simple"},"acf":[],"_links":{"self":[{"href":"https:\/\/softwarelizenzexpress.de\/fr\/wp-json\/wp\/v2\/product\/56425","targetHints":{"allow":["GET"]}}],"collection":[{"href":"https:\/\/softwarelizenzexpress.de\/fr\/wp-json\/wp\/v2\/product"}],"about":[{"href":"https:\/\/softwarelizenzexpress.de\/fr\/wp-json\/wp\/v2\/types\/product"}],"replies":[{"embeddable":true,"href":"https:\/\/softwarelizenzexpress.de\/fr\/wp-json\/wp\/v2\/comments?post=56425"}],"wp:featuredmedia":[{"embeddable":true,"href":"https:\/\/softwarelizenzexpress.de\/fr\/wp-json\/wp\/v2\/media\/56426"}],"wp:attachment":[{"href":"https:\/\/softwarelizenzexpress.de\/fr\/wp-json\/wp\/v2\/media?parent=56425"}],"wp:term":[{"taxonomy":"product_brand","embeddable":true,"href":"https:\/\/softwarelizenzexpress.de\/fr\/wp-json\/wp\/v2\/product_brand?post=56425"},{"taxonomy":"product_cat","embeddable":true,"href":"https:\/\/softwarelizenzexpress.de\/fr\/wp-json\/wp\/v2\/product_cat?post=56425"},{"taxonomy":"product_tag","embeddable":true,"href":"https:\/\/softwarelizenzexpress.de\/fr\/wp-json\/wp\/v2\/product_tag?post=56425"}],"curies":[{"name":"wp","href":"https:\/\/api.w.org\/{rel}","templated":true}]}}