{"id":56266,"date":"2024-12-02T04:55:04","date_gmt":"2024-12-02T03:55:04","guid":{"rendered":"https:\/\/softwarelizenzexpress.de\/?post_type=product&#038;p=56266"},"modified":"2026-04-16T18:11:50","modified_gmt":"2026-04-16T16:11:50","slug":"microsoft-windows-11-professional-microsoft-office-2024-professional-plus-microsoft-project-2024-professional-microsoft-visio-2024-professional","status":"publish","type":"product","link":"https:\/\/softwarelizenzexpress.de\/fr\/product\/microsoft-windows-11-professional-microsoft-office-2024-professional-plus-microsoft-project-2024-professional-microsoft-visio-2024-professional\/","title":{"rendered":"Microsoft Windows 11 Professionnel + Microsoft Office 2024 Professionnel Plus + Microsoft Project 2024 Professionnel + Microsoft Visio 2024 Professionnel Licence pour 3 PC"},"content":{"rendered":"<p>Gagnez du temps et de l'argent avec notre combinaison Microsoft comprenant les derni\u00e8res versions de Windows, Office, Visio et Project.<\/p>\n<ul>\n<li>Windows 11 Professionnel<\/li>\n<li>Office 2024 Professional Plus<\/li>\n<li>Visio 2024 Professional<\/li>\n<li>Project 2024 Professional<\/li>\n<\/ul>\n<hr \/>\n<p><strong>Microsoft Windows 11 Professionnel<\/strong><\/p>\n<p>Avec Windows 11 Professionnel, vous disposez d'un syst\u00e8me d'exploitation fiable sur votre appareil. Vous b\u00e9n\u00e9ficiez de d\u00e9marrages plus rapides, d'un menu de d\u00e9marrage familier mais am\u00e9lior\u00e9 et de nouvelles fa\u00e7ons de faire les choses rapidement. Vous b\u00e9n\u00e9ficiez \u00e9galement de nouvelles fonctionnalit\u00e9s comme un tout nouveau navigateur qui vous aide \u00e0 naviguer sur Internet et votre assistant num\u00e9rique personnel Cortana. Cortana est votre assistant num\u00e9rique personnel qui vous suit sur tous vos appareils Windows 11 et vous aide \u00e0 faire les choses. Cortana en apprend davantage sur vous au fil du temps et peut vous aider chaque jour davantage. Windows 11 Professionnel vous assiste de mani\u00e8re optimale dans tout ce que vous faites.<\/p>\n<p><strong>Microsoft Office 2024 Professional Plus<\/strong><\/p>\n<p>Optez d\u00e8s aujourd'hui pour Office 2024 Professional Plus et vous obtiendrez la solution bureautique la plus r\u00e9cente et la plus moderne de Microsoft. En plus des applications classiques, vous aurez automatiquement acc\u00e8s aux apps bas\u00e9es sur un navigateur et \u00e0 Skype for Business. Gr\u00e2ce \u00e0 une communication simplifi\u00e9e, vous pouvez collaborer plus efficacement avec les autres.<\/p>\n<p>Tout ce dont vous avez besoin en un coup d'\u0153il<\/p>\n<ul>\n<li><strong>Word <\/strong> - pour cr\u00e9er et \u00e9diter vos textes et documents<\/li>\n<li><strong>Excel <\/strong> - pour traiter les enregistrements sous forme de tableaux<\/li>\n<li><strong>PowerPoint <\/strong> - pour cr\u00e9er des pr\u00e9sentations inspirantes<\/li>\n<li><strong>Outlook <\/strong> - pour g\u00e9rer vos e-mails, contacts, rendez-vous et t\u00e2ches<\/li>\n<li><strong>Acc\u00e8s <\/strong> - pour cr\u00e9er des bases de donn\u00e9es avec acc\u00e8s \u00e0 Internet<\/li>\n<li><strong>OneNote<\/strong> - Votre carnet de notes num\u00e9rique<\/li>\n<\/ul>\n<p><strong>Remarque importante : les \u00e9quipes<\/strong> est disponible dans cette version d'Office <strong>PAS<\/strong> inclus !<\/p>\n<p><strong>Microsoft Visio 2024 Professional<\/strong><\/p>\n<p>Visio 2024 est une application de diagrammes puissante qui vous permet de travailler visuellement et de cr\u00e9er toutes sortes de diagrammes. Avec plus de 12 millions d'utilisateurs, elle est \u00e0 la pointe du secteur. Visio 2024 facilite la d\u00e9finition des processus d'entreprise, la documentation des meilleures pratiques, la visualisation de l'\u00e9tat futur des initiatives transformatrices et la pr\u00e9servation des connaissances op\u00e9rationnelles au sein de votre entreprise.<\/p>\n<p><strong>Microsoft Project 2024 Professional<\/strong><\/p>\n<p>Collaborez avec d'autres pour lancer et mettre en \u0153uvre des projets r\u00e9ussis en un clin d'\u0153il. Comprend toutes les fonctionnalit\u00e9s de Project Standard, ainsi que la collaboration sur la gestion des ressources, la synchronisation des t\u00e2ches SharePoint, la saisie du temps de travail et bien plus encore. Microsoft Project Professional 2024 offre des fonctionnalit\u00e9s flexibles qui vous permettent de planifier des projets, de suivre leur \u00e9tat et de collaborer avec d'autres personnes depuis pratiquement n'importe o\u00f9. L'application offre une communication en temps r\u00e9el et une messagerie instantan\u00e9e qui s'activent directement dans votre plan de projet, et consolide toutes les ressources potentielles du projet dans une vue unique.<\/p>\n<p><strong>Support :<\/strong><\/p>\n<p>Si vous avez des questions, n'h\u00e9sitez pas \u00e0 nous contacter. <a href=\"mailto:deutschland@softwarelizenzexpress.de\">par e-mail<\/a> nous contacter. Notre support client est disponible 7 jours sur 7, 24 heures sur 24.<\/p>","protected":false},"excerpt":{"rendered":"<ul>\n<li>Licence Windows 11 Professionnel pour 3 PC<\/li>\n<li>Office 2024 Professional Plus Licence pour 3 PC<\/li>\n<li>Visio 2024 Professional Licence pour 3 PC<\/li>\n<li>Project 2024 Professional Licence pour 3 PC<\/li>\n<li><strong>Avec cette licence, le logiciel peut \u00eatre activ\u00e9 sur 3 appareils diff\u00e9rents, par exemple un PC domestique, un ordinateur portable et un PC de travail.<\/strong><\/li>\n<li>Version pour syst\u00e8mes 32 et 64 bits, versions compl\u00e8tes illimit\u00e9es du logiciel <strong>du partenaire certifi\u00e9 Microsoft Gold<\/strong><\/li>\n<li><strong>Remboursement int\u00e9gral pendant 30 jours - Garantie de remplacement \u00e0 vie !<\/strong><\/li>\n<li>Livraison par e-mail : Cl\u00e9 de produit, instructions, liens de t\u00e9l\u00e9chargement, facture<\/li>\n<li>T\u00e9l\u00e9chargement imm\u00e9diat !<\/li>\n<li>Pas de limite de temps, pas d'abonnement<\/li>\n<li>Assistance gratuite 24h\/24 et 7j\/7 en cas de probl\u00e8mes d'installation et d'activation<\/li>\n<li>Pas de livraison sur support de donn\u00e9es (USB, CD, etc.)<\/li>\n<li>Activation en ligne et par t\u00e9l\u00e9phone<\/li>\n<li>Langues parl\u00e9es : Anglais, espagnol, italien, allemand, fran\u00e7ais<\/li>\n<li><strong><span style=\"color: #008000;\"> Ce produit est compatible avec Microsoft Windows.<\/span><\/strong><\/li>\n<li><strong><span style=\"color: #ff0000;\">NON compatible avec Apple macOS\u2122, les appareils Android et les Chromebooks.<\/span><\/strong><\/li>\n<\/ul>","protected":false},"featured_media":56265,"comment_status":"open","ping_status":"closed","template":"","meta":{"_acf_changed":false},"product_brand":[],"product_cat":[25,15,227,27,28,228,252,23,26],"product_tag":[],"class_list":{"0":"post-56266","1":"product","2":"type-product","3":"status-publish","4":"has-post-thumbnail","6":"product_cat-combos","7":"product_cat-ms-office","8":"product_cat-microsoft-office","9":"product_cat-project","10":"product_cat-visio","11":"product_cat-228","12":"product_cat-windows-11","13":"product_cat-windows-desktop","14":"product_cat-special-offers","16":"first","17":"instock","18":"sale","19":"virtual","20":"taxable","21":"purchasable","22":"product-type-simple"},"acf":[],"_links":{"self":[{"href":"https:\/\/softwarelizenzexpress.de\/fr\/wp-json\/wp\/v2\/product\/56266","targetHints":{"allow":["GET"]}}],"collection":[{"href":"https:\/\/softwarelizenzexpress.de\/fr\/wp-json\/wp\/v2\/product"}],"about":[{"href":"https:\/\/softwarelizenzexpress.de\/fr\/wp-json\/wp\/v2\/types\/product"}],"replies":[{"embeddable":true,"href":"https:\/\/softwarelizenzexpress.de\/fr\/wp-json\/wp\/v2\/comments?post=56266"}],"wp:featuredmedia":[{"embeddable":true,"href":"https:\/\/softwarelizenzexpress.de\/fr\/wp-json\/wp\/v2\/media\/56265"}],"wp:attachment":[{"href":"https:\/\/softwarelizenzexpress.de\/fr\/wp-json\/wp\/v2\/media?parent=56266"}],"wp:term":[{"taxonomy":"product_brand","embeddable":true,"href":"https:\/\/softwarelizenzexpress.de\/fr\/wp-json\/wp\/v2\/product_brand?post=56266"},{"taxonomy":"product_cat","embeddable":true,"href":"https:\/\/softwarelizenzexpress.de\/fr\/wp-json\/wp\/v2\/product_cat?post=56266"},{"taxonomy":"product_tag","embeddable":true,"href":"https:\/\/softwarelizenzexpress.de\/fr\/wp-json\/wp\/v2\/product_tag?post=56266"}],"curies":[{"name":"wp","href":"https:\/\/api.w.org\/{rel}","templated":true}]}}