{"id":56029,"date":"2024-11-04T23:42:11","date_gmt":"2024-11-04T22:42:11","guid":{"rendered":"https:\/\/softwarelizenzexpress.de\/?post_type=product&#038;p=56029"},"modified":"2025-09-11T22:16:16","modified_gmt":"2025-09-11T20:16:16","slug":"microsoft-windows-10-professional-microsoft-visio-2024-professional-lizenz-fuer-3-pc","status":"publish","type":"product","link":"https:\/\/softwarelizenzexpress.de\/fr\/product\/microsoft-windows-10-professional-microsoft-visio-2024-professional-lizenz-fuer-3-pc\/","title":{"rendered":"Microsoft Windows 10 Professional + Microsoft Visio 2024 Professional Licence pour 3 PC"},"content":{"rendered":"<h2><strong>Microsoft Windows 10 Professional Licence pour 3 PC<\/strong><\/h2>\n<p><strong>Cette licence permet d'activer le logiciel sur 3 appareils diff\u00e9rents, par exemple un PC domestique, un ordinateur portable et un PC de travail.<\/strong><\/p>\n<p>Avec Microsoft Windows 10 Professionnel, vous disposez d'un syst\u00e8me d'exploitation fiable sur votre appareil. Vous b\u00e9n\u00e9ficiez de d\u00e9marrages plus rapides, d'un menu de d\u00e9marrage familier mais am\u00e9lior\u00e9 et de nouvelles possibilit\u00e9s pour faire les choses rapidement. Vous b\u00e9n\u00e9ficiez \u00e9galement de nouvelles fonctionnalit\u00e9s telles qu'un tout nouveau navigateur pour naviguer encore mieux sur le web et votre assistant num\u00e9rique personnel Cortana. Cortana est votre assistant num\u00e9rique personnel qui vous suit sur tous vos appareils Microsoft Windows 10 et vous aide \u00e0 faire les choses. Au fil du temps, Cortana en apprend toujours plus sur vous et peut vous aider chaque jour davantage. Microsoft Windows 10 Professionnel vous assiste de mani\u00e8re optimale dans tout ce que vous faites.<\/p>\n<h2><strong>Microsoft Visio 2024 Professional Licence pour 3 PC<\/strong><\/h2>\n<p><strong>Cette licence permet d'activer le logiciel sur 3 appareils diff\u00e9rents, par exemple un PC domestique, un ordinateur portable et un PC de travail.<\/strong><\/p>\n<p>Avec Microsoft Visio 2024, il n'a jamais \u00e9t\u00e9 aussi facile pour les individus et les \u00e9quipes de cr\u00e9er et de partager des graphiques professionnels et polyvalents r\u00e9pondant \u00e0 tous les besoins. Il comprend des formes, des mod\u00e8les et des styles mis \u00e0 jour, ainsi qu'une nouvelle barre de recherche intuitive et une apparence actualis\u00e9e qui offre une exp\u00e9rience utilisateur famili\u00e8re, align\u00e9e sur les autres applications Office.<\/p>\n<p>Dans Microsoft Visio 2024, vous trouverez toujours toutes les fonctions auxquelles vous \u00eates habitu\u00e9 et vous en obtiendrez quelques nouvelles :<\/p>\n<ul>\n<li>Microsoft Visio 2024 propose encore plus de formes, de gabarits et de mod\u00e8les qui vous permettront de cr\u00e9er vos diagrammes en moins de temps.<\/li>\n<li>Une apparence actualis\u00e9e, avec un effet de transparence moderne appliqu\u00e9 derri\u00e8re le canevas et les menus, donne \u00e0 Visio 2024 un aspect plus moderne et plus \u00e9l\u00e9gant.<\/li>\n<li>Visio 2024 offre le nouveau design et le nouveau sch\u00e9ma de couleurs d'Office 2024, y compris le mode sombre, une interface utilisateur personnalisable et des am\u00e9liorations pour l'accessibilit\u00e9.<\/li>\n<li>La recherche dans Visio est d\u00e9sormais disponible dans la barre de titre, ce qui la rend plus accessible.<\/li>\n<li>Outils d'analyse de processus avanc\u00e9s tels que les blocs dynamiques, pour l'analyse des processus d'entreprise et la visualisation des flux de donn\u00e9es<\/li>\n<\/ul>\n<div id=\"gtx-trans\">\n<div class=\"gtx-trans-icon\"><\/div>\n<\/div>","protected":false},"excerpt":{"rendered":"<ul>\n<li>Microsoft Windows 10 Professional Licence pour 3 PC<\/li>\n<li>Microsoft Visio 2024 Professional Plus Licence pour 3 PC<\/li>\n<li><strong>Cette licence permet d'activer le logiciel sur 3 appareils diff\u00e9rents, par exemple un PC domestique, un ordinateur portable et un PC de travail.<\/strong><\/li>\n<li>Versions disponibles pour les syst\u00e8mes 32 et 64 bits<\/li>\n<li>Envoi par courrier \u00e9lectronique : Cl\u00e9 de produit, instructions, liens de t\u00e9l\u00e9chargement, facture<\/li>\n<li>T\u00e9l\u00e9chargement imm\u00e9diat !<\/li>\n<li>Pas de limite de temps, pas d'abonnement<\/li>\n<li>Assistance gratuite \u00e0 l'installation et \u00e0 l'activation<\/li>\n<li>Pas de livraison sur support de donn\u00e9es (USB, CD, etc.)<\/li>\n<li>Activation en ligne et par t\u00e9l\u00e9phone<\/li>\n<li><span style=\"color: #339966\"><strong>Ce produit est compatible avec Windows.<\/strong><\/span><\/li>\n<li><span style=\"color: #ff0000\"><strong>NON compatible avec Apple macOS\u2122\ufe0f, les appareils Android ou les Chromebooks.<\/strong><\/span><\/li>\n<\/ul>","protected":false},"featured_media":56039,"comment_status":"closed","ping_status":"closed","template":"","meta":{"_acf_changed":false},"product_brand":[],"product_cat":[251,227,256,248,257,23],"product_tag":[258,259,260],"class_list":{"0":"post-56029","1":"product","2":"type-product","3":"status-publish","4":"has-post-thumbnail","6":"product_cat-combo","7":"product_cat-microsoft-office","8":"product_cat-popular","9":"product_cat-visio-microsoft-office","10":"product_cat-windows-10","11":"product_cat-windows-desktop","12":"product_tag-microsoft-office-2019-professional-plus","13":"product_tag-microsoft-windows-10-pro","14":"product_tag-microsoft-windows-10-pro-office-2019-professional-plus","16":"first","17":"instock","18":"sale","19":"virtual","20":"taxable","21":"purchasable","22":"product-type-simple"},"acf":[],"_links":{"self":[{"href":"https:\/\/softwarelizenzexpress.de\/fr\/wp-json\/wp\/v2\/product\/56029","targetHints":{"allow":["GET"]}}],"collection":[{"href":"https:\/\/softwarelizenzexpress.de\/fr\/wp-json\/wp\/v2\/product"}],"about":[{"href":"https:\/\/softwarelizenzexpress.de\/fr\/wp-json\/wp\/v2\/types\/product"}],"replies":[{"embeddable":true,"href":"https:\/\/softwarelizenzexpress.de\/fr\/wp-json\/wp\/v2\/comments?post=56029"}],"wp:featuredmedia":[{"embeddable":true,"href":"https:\/\/softwarelizenzexpress.de\/fr\/wp-json\/wp\/v2\/media\/56039"}],"wp:attachment":[{"href":"https:\/\/softwarelizenzexpress.de\/fr\/wp-json\/wp\/v2\/media?parent=56029"}],"wp:term":[{"taxonomy":"product_brand","embeddable":true,"href":"https:\/\/softwarelizenzexpress.de\/fr\/wp-json\/wp\/v2\/product_brand?post=56029"},{"taxonomy":"product_cat","embeddable":true,"href":"https:\/\/softwarelizenzexpress.de\/fr\/wp-json\/wp\/v2\/product_cat?post=56029"},{"taxonomy":"product_tag","embeddable":true,"href":"https:\/\/softwarelizenzexpress.de\/fr\/wp-json\/wp\/v2\/product_tag?post=56029"}],"curies":[{"name":"wp","href":"https:\/\/api.w.org\/{rel}","templated":true}]}}