{"id":55953,"date":"2024-10-23T15:11:31","date_gmt":"2024-10-23T13:11:31","guid":{"rendered":"https:\/\/softwarelizenzexpress.de\/?post_type=product&#038;p=55953"},"modified":"2026-04-16T18:11:42","modified_gmt":"2026-04-16T16:11:42","slug":"microsoft-office-2024-standard-microsoft-windows-10-professional-fuer-3-pc","status":"publish","type":"product","link":"https:\/\/softwarelizenzexpress.de\/fr\/product\/microsoft-office-2024-standard-microsoft-windows-10-professional-fuer-3-pc\/","title":{"rendered":"Microsoft Office 2024 Standard + Microsoft Windows 10 Professional Licence pour 3 PC"},"content":{"rendered":"<h3>Microsoft Office 2024 Standard<\/h3>\n<div style=\"margin-bottom: 15px\"><strong>Avec cette licence, le logiciel peut \u00eatre activ\u00e9 sur 3 appareils diff\u00e9rents, par exemple un PC domestique, un ordinateur portable et un PC de travail.<\/strong><\/div>\n<div style=\"margin-bottom: 15px\">Les utilisateurs de Microsoft Office qui utilisent toute la gamme d'applications \u00e0 la maison ou au bureau sont bien conseill\u00e9s avec Microsoft Office 2024 Standard Edition. Tous les programmes importants sont inclus : Word, Excel, Outlook, PowerPoint et Access (Publisher n'est plus inclus car il sera retir\u00e9 en 2026). OneNote est d\u00e8s \u00e0 pr\u00e9sent disponible au t\u00e9l\u00e9chargement dans le Windows Store de Microsoft, ce qui permet de prendre rapidement des notes et de les mettre \u00e0 disposition sur tous les appareils via le cloud. En raison du grand nombre de programmes diff\u00e9rents, la version standard s'adresse avant tout aux personnes qui travaillent \u00e0 la maison ou dans un bureau \u00e0 domicile ou qui recherchent au bureau une solution performante et fiable pour organiser des documents, des tableaux, etc.<\/div>\n<ul>\n<li><strong>Word<\/strong>: Cr\u00e9ez en un clin d'\u0153il des documents texte de qualit\u00e9 professionnelle.<\/li>\n<li><strong>Excel<\/strong>: Tableur intelligent pour la gestion de l'information.<\/li>\n<li><strong>PowerPoint<\/strong>: cr\u00e9er des pr\u00e9sentations dynamiques impressionnantes<\/li>\n<li><strong>Outlook<\/strong>Communication facile.<\/li>\n<li class=\"J0lOec\"><span class=\"VIiyi\" lang=\"en\"><span class=\"JLqJ4b ChMk0b\" data-language-for-alternatives=\"en\" data-language-to-translate-into=\"de\" data-phrase-index=\"15\" data-number-of-phrases=\"18\"><strong>OneNote<\/strong>: votre carnet de notes num\u00e9rique dans le cloud.<\/span><\/span><\/li>\n<\/ul>\n<div><strong>Pr\u00e9requis pour le syst\u00e8me d'exploitation : Microsoft Windows 10 ou 11<\/strong><\/div>\n<div><\/div>\n<div><\/div>\n<div>\n<h3><strong>Microsoft Microsoft Windows 10 Professionnel<\/strong><\/h3>\n<p>Microsoft Windows 10 Professionnel est le choix id\u00e9al pour les professionnels et les entreprises qui recherchent un syst\u00e8me d'exploitation stable et puissant. Avec un m\u00e9lange de familiarit\u00e9 et de fonctionnalit\u00e9s avanc\u00e9es, Microsoft Windows 10 Professionnel am\u00e9liore la productivit\u00e9 et offre une s\u00e9curit\u00e9 fiable pour tous vos besoins informatiques.<\/p>\n<p><strong>Les principales caract\u00e9ristiques de Microsoft Windows 10 Professionnel :<\/strong><\/p>\n<ul>\n<li><strong>Une interface famili\u00e8re :<\/strong> Profitez de la sensation classique de Microsoft Windows avec une touche de modernit\u00e9.<\/li>\n<li><strong>Augmentation de la productivit\u00e9 :<\/strong> Des fonctions telles que Cortana et les bureaux virtuels rationalisent votre flux de travail.<\/li>\n<li><strong>S\u00e9curit\u00e9 avanc\u00e9e :<\/strong> Le cryptage BitLocker et l'antivirus Microsoft Windows Defender prot\u00e8gent vos donn\u00e9es.<\/li>\n<li><strong>Bureau \u00e0 distance : <\/strong>Acc\u00e9dez \u00e0 votre PC o\u00f9 que vous soyez gr\u00e2ce aux fonctions de bureau \u00e0 distance.<\/li>\n<li><strong>Microsoft Windows Ink :<\/strong> Utilisez un stylo num\u00e9rique pour prendre des notes, dessiner et cr\u00e9er directement sur l'\u00e9cran.<\/li>\n<li><strong>Microsoft Edge :<\/strong> Le dernier navigateur con\u00e7u pour la vitesse, la compatibilit\u00e9 et la s\u00e9curit\u00e9.<\/li>\n<\/ul>\n<p>En effectuant une mise \u00e0 niveau vers Microsoft Windows 10 Professionnel, vous b\u00e9n\u00e9ficiez d'une exp\u00e9rience informatique fiable et efficace qui r\u00e9pond \u00e0 la fois aux exigences d'une utilisation personnelle et professionnelle.<\/p>\n<\/div>","protected":false},"excerpt":{"rendered":"<ul>\n<li>Microsoft Office 2024 Standard Licence pour 3 PC<\/li>\n<li>Microsoft Windows 10 Professionnel pour 3 PC<\/li>\n<li><strong>Avec cette licence, le logiciel peut \u00eatre activ\u00e9 sur 3 appareils diff\u00e9rents, par exemple un PC domestique, un ordinateur portable et un PC de travail.<\/strong><\/li>\n<li>Version pour syst\u00e8mes 32 et 64 bits, versions compl\u00e8tes illimit\u00e9es du logiciel <strong>du partenaire certifi\u00e9 Microsoft Gold<\/strong><\/li>\n<li><strong>Remboursement int\u00e9gral pendant 30 jours - Garantie de remplacement \u00e0 vie !<\/strong><\/li>\n<li>Livraison par e-mail : Cl\u00e9 de produit, instructions, liens de t\u00e9l\u00e9chargement, facture<\/li>\n<li>T\u00e9l\u00e9chargement imm\u00e9diat !<\/li>\n<li>Pas de limite de temps, pas d'abonnement<\/li>\n<li>Assistance gratuite 24h\/24 et 7j\/7 en cas de probl\u00e8mes d'installation et d'activation<\/li>\n<li>Pas de livraison sur support de donn\u00e9es (USB, CD, etc.)<\/li>\n<li>Activation en ligne et par t\u00e9l\u00e9phone<\/li>\n<li>Langues parl\u00e9es : Anglais, espagnol, italien, allemand, fran\u00e7ais<\/li>\n<li><strong><span style=\"color: #008000\"> Ce produit est compatible avec Microsoft Windows.<\/span><\/strong><\/li>\n<li><strong><span style=\"color: #ff0000\">NON compatible avec Apple macOS\u2122, les appareils Android et les Chromebooks.<\/span><\/strong><\/li>\n<\/ul>","protected":false},"featured_media":55959,"comment_status":"closed","ping_status":"closed","template":"","meta":{"_acf_changed":false},"product_brand":[],"product_cat":[227,228],"product_tag":[108,246],"class_list":{"0":"post-55953","1":"product","2":"type-product","3":"status-publish","4":"has-post-thumbnail","6":"product_cat-microsoft-office","7":"product_cat-228","8":"product_tag-ms-office","9":"product_tag-standard","11":"first","12":"instock","13":"sale","14":"virtual","15":"taxable","16":"purchasable","17":"product-type-simple"},"acf":[],"_links":{"self":[{"href":"https:\/\/softwarelizenzexpress.de\/fr\/wp-json\/wp\/v2\/product\/55953","targetHints":{"allow":["GET"]}}],"collection":[{"href":"https:\/\/softwarelizenzexpress.de\/fr\/wp-json\/wp\/v2\/product"}],"about":[{"href":"https:\/\/softwarelizenzexpress.de\/fr\/wp-json\/wp\/v2\/types\/product"}],"replies":[{"embeddable":true,"href":"https:\/\/softwarelizenzexpress.de\/fr\/wp-json\/wp\/v2\/comments?post=55953"}],"wp:featuredmedia":[{"embeddable":true,"href":"https:\/\/softwarelizenzexpress.de\/fr\/wp-json\/wp\/v2\/media\/55959"}],"wp:attachment":[{"href":"https:\/\/softwarelizenzexpress.de\/fr\/wp-json\/wp\/v2\/media?parent=55953"}],"wp:term":[{"taxonomy":"product_brand","embeddable":true,"href":"https:\/\/softwarelizenzexpress.de\/fr\/wp-json\/wp\/v2\/product_brand?post=55953"},{"taxonomy":"product_cat","embeddable":true,"href":"https:\/\/softwarelizenzexpress.de\/fr\/wp-json\/wp\/v2\/product_cat?post=55953"},{"taxonomy":"product_tag","embeddable":true,"href":"https:\/\/softwarelizenzexpress.de\/fr\/wp-json\/wp\/v2\/product_tag?post=55953"}],"curies":[{"name":"wp","href":"https:\/\/api.w.org\/{rel}","templated":true}]}}