{"id":54400,"date":"2024-07-19T21:46:22","date_gmt":"2024-07-19T19:46:22","guid":{"rendered":"https:\/\/softwarelizenzexpress.de\/?post_type=product&#038;p=54400"},"modified":"2026-04-16T18:11:33","modified_gmt":"2026-04-16T16:11:33","slug":"microsoft-office-2024-professional-plus-lizenz-fuer-3-pc","status":"publish","type":"product","link":"https:\/\/softwarelizenzexpress.de\/fr\/product\/microsoft-office-2024-professional-plus-lizenz-fuer-3-pc\/","title":{"rendered":"Microsoft Office 2024 Professional Plus Licence pour 3 PC"},"content":{"rendered":"<h3><strong>Microsoft Office 2024 Professional Plus<\/strong><\/h3>\n<div style=\"margin-bottom: 15px;\"><strong>Avec cette licence, le logiciel peut \u00eatre activ\u00e9 sur 3 appareils diff\u00e9rents, par exemple un PC domestique, un ordinateur portable et un PC de travail.<\/strong><\/div>\n<div style=\"margin-bottom: 15px;\">Les utilisateurs de Microsoft Office qui utilisent toute la gamme d'applications \u00e0 la maison ou au bureau sont bien conseill\u00e9s avec Microsoft Office 2024 Professional Plus Edition. Tous les programmes importants sont inclus : Word, Excel, Outlook, PowerPoint et Access (Publisher n'est plus inclus, car il sera retir\u00e9 en 2026). OneNote est d\u00e8s \u00e0 pr\u00e9sent disponible au t\u00e9l\u00e9chargement dans le Windows Store de Microsoft, ce qui permet de prendre rapidement des notes et de les mettre \u00e0 disposition sur tous les appareils via le cloud. En raison du grand nombre de programmes diff\u00e9rents, la version Professional Plus s'adresse avant tout aux personnes qui travaillent \u00e0 la maison ou dans un bureau \u00e0 domicile ou qui recherchent au bureau une solution performante et fiable pour organiser des documents, des tableaux, etc.<\/div>\n<ul>\n<li><strong>Word<\/strong>: Cr\u00e9ez en un clin d'\u0153il des documents texte de qualit\u00e9 professionnelle.<\/li>\n<li><strong>Excel<\/strong>: Tableur intelligent pour la gestion de l'information.<\/li>\n<li><strong>PowerPoint<\/strong>: cr\u00e9er des pr\u00e9sentations dynamiques impressionnantes<\/li>\n<li><strong>OneNote<\/strong>: votre carnet de notes num\u00e9rique.<\/li>\n<li><strong>Outlook<\/strong>Communication facile.<\/li>\n<li><strong>Acc\u00e8s<\/strong>Programmation de bases de donn\u00e9es pour applications bas\u00e9es sur navigateur<\/li>\n<\/ul>\n<p><strong>Remarque importante : les \u00e9quipes<\/strong> est disponible dans cette version d'Office <strong>PAS<\/strong> inclus !<\/p>\n<div>\n<p><strong>Pr\u00e9requis pour le syst\u00e8me d'exploitation : Microsoft Windows 10 ou 11<\/strong><\/p>\n<div><\/div>\n<\/div>","protected":false},"excerpt":{"rendered":"<ul>\n<li>Microsoft Office 2024 Professional Plus Licence pour 3 PC<\/li>\n<li><strong>Avec cette licence, le logiciel peut \u00eatre activ\u00e9 sur 3 appareils diff\u00e9rents, par exemple un PC domestique, un ordinateur portable et un PC de travail.<\/strong><\/li>\n<li>Version pour syst\u00e8mes 32 et 64 bits, versions compl\u00e8tes illimit\u00e9es du logiciel <strong>du partenaire certifi\u00e9 Microsoft Gold<\/strong><\/li>\n<li><strong>Remboursement int\u00e9gral pendant 30 jours - Garantie de remplacement \u00e0 vie !<\/strong><\/li>\n<li>Livraison par e-mail : Cl\u00e9 de produit, instructions, liens de t\u00e9l\u00e9chargement, facture<\/li>\n<li>T\u00e9l\u00e9chargement imm\u00e9diat !<\/li>\n<li>Pas de limite de temps, pas d'abonnement<\/li>\n<li>Assistance gratuite 24h\/24 et 7j\/7 en cas de probl\u00e8mes d'installation et d'activation<\/li>\n<li>Pas de livraison sur support de donn\u00e9es (USB, CD, etc.)<\/li>\n<li>Activation en ligne et par t\u00e9l\u00e9phone<\/li>\n<li>Langues parl\u00e9es : Anglais, espagnol, italien, allemand, fran\u00e7ais<\/li>\n<li><strong><span style=\"color: #008000;\"> Ce produit est compatible avec Microsoft Windows.<\/span><\/strong><\/li>\n<li><strong><span style=\"color: #ff0000;\">NON compatible avec Apple macOS\u2122, les appareils Android et les Chromebooks.<\/span><\/strong><\/li>\n<\/ul>","protected":false},"featured_media":54406,"comment_status":"closed","ping_status":"closed","template":"","meta":{"_acf_changed":false},"product_brand":[],"product_cat":[227,228],"product_tag":[234,235],"class_list":{"0":"post-54400","1":"product","2":"type-product","3":"status-publish","4":"has-post-thumbnail","6":"product_cat-microsoft-office","7":"product_cat-228","8":"product_tag-microsoft-office-2024-professional-plus","9":"product_tag-microsoft-office-2024-professional-plus-lizenz-fuer-3-pc","11":"first","12":"instock","13":"sale","14":"featured","15":"virtual","16":"taxable","17":"purchasable","18":"product-type-simple"},"acf":[],"_links":{"self":[{"href":"https:\/\/softwarelizenzexpress.de\/fr\/wp-json\/wp\/v2\/product\/54400","targetHints":{"allow":["GET"]}}],"collection":[{"href":"https:\/\/softwarelizenzexpress.de\/fr\/wp-json\/wp\/v2\/product"}],"about":[{"href":"https:\/\/softwarelizenzexpress.de\/fr\/wp-json\/wp\/v2\/types\/product"}],"replies":[{"embeddable":true,"href":"https:\/\/softwarelizenzexpress.de\/fr\/wp-json\/wp\/v2\/comments?post=54400"}],"wp:featuredmedia":[{"embeddable":true,"href":"https:\/\/softwarelizenzexpress.de\/fr\/wp-json\/wp\/v2\/media\/54406"}],"wp:attachment":[{"href":"https:\/\/softwarelizenzexpress.de\/fr\/wp-json\/wp\/v2\/media?parent=54400"}],"wp:term":[{"taxonomy":"product_brand","embeddable":true,"href":"https:\/\/softwarelizenzexpress.de\/fr\/wp-json\/wp\/v2\/product_brand?post=54400"},{"taxonomy":"product_cat","embeddable":true,"href":"https:\/\/softwarelizenzexpress.de\/fr\/wp-json\/wp\/v2\/product_cat?post=54400"},{"taxonomy":"product_tag","embeddable":true,"href":"https:\/\/softwarelizenzexpress.de\/fr\/wp-json\/wp\/v2\/product_tag?post=54400"}],"curies":[{"name":"wp","href":"https:\/\/api.w.org\/{rel}","templated":true}]}}