{"id":54396,"date":"2024-07-19T21:46:22","date_gmt":"2024-07-19T19:46:22","guid":{"rendered":"https:\/\/softwarelizenzexpress.de\/?post_type=product&#038;p=54396"},"modified":"2026-04-16T18:11:33","modified_gmt":"2026-04-16T16:11:33","slug":"microsoft-office-2024-pro-plus-microsoft-windows-11-pro-lizenz-fuer-3-pc","status":"publish","type":"product","link":"https:\/\/softwarelizenzexpress.de\/fr\/product\/microsoft-office-2024-pro-plus-microsoft-windows-11-pro-lizenz-fuer-3-pc\/","title":{"rendered":"Microsoft Office 2024 Professional Plus + Microsoft Windows 11 Professional Licence pour 3 PC"},"content":{"rendered":"<h3><strong>Microsoft Office 2024 Professional Plus<\/strong><\/h3>\n<div style=\"margin-bottom: 15px;\"><strong>Avec cette licence, le logiciel peut \u00eatre activ\u00e9 sur 3 appareils diff\u00e9rents, par exemple un PC domestique, un ordinateur portable et un PC de travail.<\/strong><\/div>\n<div style=\"margin-bottom: 15px;\">Les utilisateurs de Microsoft Office qui utilisent toute la gamme d'applications \u00e0 la maison ou au bureau sont bien conseill\u00e9s avec Microsoft Office 2024 Professional Plus Edition. Tous les programmes importants sont inclus : Word, Excel, Outlook, PowerPoint et Access (Publisher n'est plus inclus, car il sera retir\u00e9 en 2026). OneNote est d\u00e8s \u00e0 pr\u00e9sent disponible au t\u00e9l\u00e9chargement dans le Windows Store de Microsoft, ce qui permet de prendre rapidement des notes et de les mettre \u00e0 disposition sur tous les appareils via le cloud. En raison du grand nombre de programmes diff\u00e9rents, la version Professional Plus s'adresse avant tout aux personnes qui travaillent \u00e0 la maison ou dans un bureau \u00e0 domicile ou qui recherchent au bureau une solution performante et fiable pour organiser des documents, des tableaux, etc.<\/div>\n<ul>\n<li><strong>Word<\/strong>: Cr\u00e9ez en un clin d'\u0153il des documents texte de qualit\u00e9 professionnelle.<\/li>\n<li><strong>Excel<\/strong>: Tableur intelligent pour la gestion de l'information.<\/li>\n<li><strong>PowerPoint<\/strong>: cr\u00e9er des pr\u00e9sentations dynamiques impressionnantes<\/li>\n<li><strong>OneNote<\/strong>: votre carnet de notes num\u00e9rique.<\/li>\n<li><strong>Outlook<\/strong>Communication facile.<\/li>\n<li><strong>Acc\u00e8s<\/strong>Programmation de bases de donn\u00e9es pour applications bas\u00e9es sur navigateur<\/li>\n<\/ul>\n<div>\n<p><strong>Pr\u00e9requis pour le syst\u00e8me d'exploitation : Microsoft Windows 10 ou 11<\/strong><\/p>\n<div>\n<hr \/>\n<h3><strong>Licence Windows 11 Professionnel pour 3 PC<\/strong><\/h3>\n<p>D\u00e9couvrez le summum de l'informatique moderne avec Windows 11 Professionnel. Ce syst\u00e8me d'exploitation associe un design \u00e9pur\u00e9 \u00e0 de puissantes performances et offre un environnement transparent et s\u00fbr pour le travail et les loisirs. Windows 11 Professionnel a \u00e9t\u00e9 con\u00e7u pour vous aider \u00e0 aller plus loin, avec de nouvelles fonctionnalit\u00e9s et am\u00e9liorations qui augmentent la productivit\u00e9 et la connectivit\u00e9.<\/p>\n<p><strong>Principales caract\u00e9ristiques de Windows 11 Professionnel :<\/strong><\/p>\n<ul>\n<li><strong>Interface intuitive :<\/strong> Un design frais et clair qui am\u00e9liore votre productivit\u00e9.<\/li>\n<li><strong>Am\u00e9lioration des performances :<\/strong> Temps de d\u00e9marrage plus rapide, gestion efficace des ressources et s\u00e9curit\u00e9 am\u00e9lior\u00e9e.<\/li>\n<li><strong>Bureaux virtuels :<\/strong> Organisez facilement votre espace de travail avec plusieurs bureaux.<\/li>\n<li><strong>Attraper les mises en page et les groupes :<\/strong> Organisez et g\u00e9rez facilement vos fen\u00eatres ouvertes pour le multit\u00e2che.<\/li>\n<li><strong>Int\u00e9gration de Microsoft Teams :<\/strong> Restez en contact gr\u00e2ce aux outils de chat et de vid\u00e9oconf\u00e9rence int\u00e9gr\u00e9s.<\/li>\n<li><strong>S\u00e9curit\u00e9 avanc\u00e9e :<\/strong> Prot\u00e9gez vos donn\u00e9es avec des fonctions de s\u00e9curit\u00e9 de pointe.<\/li>\n<\/ul>\n<p>La mise \u00e0 niveau vers Windows 11 Professionnel vous permet d'exploiter tout le potentiel de votre PC, que vous travailliez \u00e0 la maison, au bureau ou en d\u00e9placement.<\/p>\n<hr \/>\n<p>Avec cette combinaison exclusive, vous obtenez la suite de productivit\u00e9 ultime et le syst\u00e8me d'exploitation le plus avanc\u00e9. Profitez des fonctionnalit\u00e9s et des innovations de pointe d'Office 2024 Professional Plus associ\u00e9es au design \u00e9pur\u00e9 et aux performances puissantes de Windows 11 Professional. Ne manquez pas l'occasion de vous mettre \u00e0 niveau et de maximiser votre productivit\u00e9 !<\/p>\n<\/div>\n<\/div>","protected":false},"excerpt":{"rendered":"<ul>\n<li>Microsoft Office 2024 Professional Plus Licence pour 3 PC<\/li>\n<li>Microsoft Windows 11 Professionnel Licence pour 3 PC<\/li>\n<li><strong>Avec cette licence, le logiciel peut \u00eatre activ\u00e9 sur 3 appareils diff\u00e9rents, par exemple un PC domestique, un ordinateur portable et un PC de travail.<\/strong><\/li>\n<li>Version pour syst\u00e8mes 32 et 64 bits, versions compl\u00e8tes illimit\u00e9es du logiciel <strong>du partenaire certifi\u00e9 Microsoft Gold<\/strong><\/li>\n<li><strong>Remboursement int\u00e9gral pendant 30 jours - Garantie de remplacement \u00e0 vie !<\/strong><\/li>\n<li>Livraison par e-mail : Cl\u00e9 de produit, instructions, liens de t\u00e9l\u00e9chargement, facture<\/li>\n<li>T\u00e9l\u00e9chargement imm\u00e9diat !<\/li>\n<li>Pas de limite de temps, pas d'abonnement<\/li>\n<li>Assistance gratuite 24h\/24 et 7j\/7 en cas de probl\u00e8mes d'installation et d'activation<\/li>\n<li>Pas de livraison sur support de donn\u00e9es (USB, CD, etc.)<\/li>\n<li>Activation en ligne et par t\u00e9l\u00e9phone<\/li>\n<li>Langues parl\u00e9es : Anglais, espagnol, italien, allemand, fran\u00e7ais<\/li>\n<li><strong><span style=\"color: #008000;\"> Ce produit est compatible avec Microsoft Windows.<\/span><\/strong><\/li>\n<li><strong><span style=\"color: #ff0000;\">NON compatible avec Apple macOS\u2122, les appareils Android et les Chromebooks.<\/span><\/strong><\/li>\n<\/ul>","protected":false},"featured_media":54402,"comment_status":"closed","ping_status":"closed","template":"","meta":{"_acf_changed":false},"product_brand":[],"product_cat":[227,228,252],"product_tag":[230,231],"class_list":{"0":"post-54396","1":"product","2":"type-product","3":"status-publish","4":"has-post-thumbnail","6":"product_cat-microsoft-office","7":"product_cat-228","8":"product_cat-windows-11","9":"product_tag-microsoft-office-2024-pro-plus-microsoft-windows-11-pro","10":"product_tag-microsoft-office-2024-pro-plus-microsoft-windows-11-pro-lizenz-fuer-3-pc","12":"first","13":"instock","14":"sale","15":"featured","16":"virtual","17":"taxable","18":"purchasable","19":"product-type-simple"},"acf":[],"_links":{"self":[{"href":"https:\/\/softwarelizenzexpress.de\/fr\/wp-json\/wp\/v2\/product\/54396","targetHints":{"allow":["GET"]}}],"collection":[{"href":"https:\/\/softwarelizenzexpress.de\/fr\/wp-json\/wp\/v2\/product"}],"about":[{"href":"https:\/\/softwarelizenzexpress.de\/fr\/wp-json\/wp\/v2\/types\/product"}],"replies":[{"embeddable":true,"href":"https:\/\/softwarelizenzexpress.de\/fr\/wp-json\/wp\/v2\/comments?post=54396"}],"wp:featuredmedia":[{"embeddable":true,"href":"https:\/\/softwarelizenzexpress.de\/fr\/wp-json\/wp\/v2\/media\/54402"}],"wp:attachment":[{"href":"https:\/\/softwarelizenzexpress.de\/fr\/wp-json\/wp\/v2\/media?parent=54396"}],"wp:term":[{"taxonomy":"product_brand","embeddable":true,"href":"https:\/\/softwarelizenzexpress.de\/fr\/wp-json\/wp\/v2\/product_brand?post=54396"},{"taxonomy":"product_cat","embeddable":true,"href":"https:\/\/softwarelizenzexpress.de\/fr\/wp-json\/wp\/v2\/product_cat?post=54396"},{"taxonomy":"product_tag","embeddable":true,"href":"https:\/\/softwarelizenzexpress.de\/fr\/wp-json\/wp\/v2\/product_tag?post=54396"}],"curies":[{"name":"wp","href":"https:\/\/api.w.org\/{rel}","templated":true}]}}