{"id":2573,"date":"2021-01-21T14:43:42","date_gmt":"2021-01-21T13:43:42","guid":{"rendered":"http:\/\/shop.windowsandoffice.net\/product\/import-placeholder-for-1598\/"},"modified":"2024-12-02T16:18:00","modified_gmt":"2024-12-02T15:18:00","slug":"windows-server-2019-rds-device-user-cal","status":"publish","type":"product","link":"https:\/\/softwarelizenzexpress.de\/fr\/product\/windows-server-2019-rds-device-user-cal\/","title":{"rendered":"Microsoft Windows Server 2019 RDS Device CAL"},"content":{"rendered":"<p>Les licences d'acc\u00e8s (CAL) sont n\u00e9cessaires pour\u00a0\u00a0<a href=\"https:\/\/softwarelizenzexpress.de\/fr\/product\/windows-server-2019-std-ess-dc-versions\/\">Windows Server 2019 Standard<\/a>\u00a0et\u00a0<a href=\"https:\/\/softwarelizenzexpress.de\/fr\/product\/windows-server-2019-std-ess-dc-versions\/\">Windows Server 2019 Datacenter<\/a>. Ils sont disponibles en deux versions diff\u00e9rentes :<\/p>\n<ul>\n<li>Licence d'acc\u00e8s client utilisateur RDS<\/li>\n<li>Licence d'acc\u00e8s RDS Device Client<\/li>\n<\/ul>\n<p>Microsoft Windows Remote Desktop Services (RDS) est une plate-forme de bureau et d'application centralis\u00e9e pour le d\u00e9ploiement et la gestion des ordinateurs de bureau. Cela vous permet d'\u00e9tablir une connexion compl\u00e8te avec les employ\u00e9s travaillant sur des sites distants. L'acc\u00e8s au serveur n\u00e9cessite des licences d'acc\u00e8s appropri\u00e9es, attribu\u00e9es soit \u00e0 un utilisateur, soit \u00e0 un appareil.<\/p>\n<ul>\n<li><span id=\"shop_result_box\">Acc\u00e8s au serveur avec Remote Desktop par utilisateur<\/span><\/li>\n<li>Permet \u00e0 un utilisateur d'acc\u00e9der \u00e0 un serveur via Remote Desktop<\/li>\n<li>Acc\u00e8s au serveur depuis diff\u00e9rents appareils<\/li>\n<li>Acc\u00e8s \u00e9galement aux serveurs avec un ancien syst\u00e8me d'exploitation Windows<\/li>\n<li>Id\u00e9al pour les entreprises dont les collaborateurs externes ont besoin d'acc\u00e9der au bureau et aux programmes<\/li>\n<\/ul>\n<p><strong>Diff\u00e9rences entre USER CAL et DEVICE CAL<br \/>\n<\/strong><\/p>\n<p>La licence d'acc\u00e8s client utilisateur (User Client Access License, CAL) vise \u00e0 offrir aux clients un moyen simple \u00e0 g\u00e9rer et rentable d'autoriser l'acc\u00e8s des utilisateurs au logiciel serveur \u00e0 partir de n'importe quel appareil.<\/p>\n<p>Avec la CAL utilisateur, vous achetez une CAL pour chaque utilisateur qui acc\u00e8de au serveur pour utiliser des services tels que le stockage de fichiers ou l'impression, quel que soit le nombre d'appareils utilis\u00e9s pour cet acc\u00e8s. L'achat d'une CAL utilisateur peut s'av\u00e9rer plus judicieux si les employ\u00e9s de votre entreprise ont besoin d'un acc\u00e8s itin\u00e9rant au r\u00e9seau de l'entreprise en utilisant plusieurs appareils ou des appareils inconnus, ou si votre organisation compte tout simplement plus d'appareils que d'utilisateurs.<\/p>\n<p>Avec une CAL de p\u00e9riph\u00e9rique, vous achetez une CAL pour chaque p\u00e9riph\u00e9rique qui acc\u00e8de \u00e0 votre serveur, quel que soit le nombre d'utilisateurs qui utilisent ce p\u00e9riph\u00e9rique pour acc\u00e9der au serveur. Les CAL de p\u00e9riph\u00e9rique peuvent avoir plus de sens sur le plan \u00e9conomique et administratif si votre entreprise a des employ\u00e9s qui partagent des p\u00e9riph\u00e9riques, par exemple dans diff\u00e9rentes \u00e9quipes.<\/p>\n<p><strong>soutien :<\/strong><\/p>\n<p class=\"translation-block\">Si vous avez des questions, n'h\u00e9sitez pas \u00e0 nous contacter <a href=\"mailto:deutschland@softwarelizenzexpress.de\" target=\"_self\" rel=\"noopener\">par e-mail<\/a>. Notre support client est disponible 7 jours sur 7, 24 heures sur 24.<\/p>","protected":false},"excerpt":{"rendered":"<ul>\n<li>Microsoft Windows Server 10,20,50 RDS Device\/User CAL<\/li>\n<li>Versions disponibles pour les syst\u00e8mes 32 et 64 bits<\/li>\n<li>Envoi par courrier \u00e9lectronique : Cl\u00e9 de produit, instructions, liens de t\u00e9l\u00e9chargement, facture<\/li>\n<li>T\u00e9l\u00e9chargement imm\u00e9diat !<\/li>\n<li>Pas de limite de temps, pas d'abonnement<\/li>\n<li>Assistance gratuite \u00e0 l'installation et \u00e0 l'activation<\/li>\n<li>Pas de livraison sur support de donn\u00e9es (USB, CD, etc.)<\/li>\n<li>Activation en ligne et par t\u00e9l\u00e9phone<\/li>\n<\/ul>","protected":false},"featured_media":53576,"comment_status":"open","ping_status":"closed","template":"","meta":{"_acf_changed":false},"product_brand":[],"product_cat":[17],"product_tag":[105],"class_list":{"0":"post-2573","1":"product","2":"type-product","3":"status-publish","4":"has-post-thumbnail","6":"product_cat-windows-servers","7":"product_tag-windows","9":"first","10":"instock","11":"sale","12":"virtual","13":"taxable","14":"purchasable","15":"product-type-simple"},"acf":[],"_links":{"self":[{"href":"https:\/\/softwarelizenzexpress.de\/fr\/wp-json\/wp\/v2\/product\/2573","targetHints":{"allow":["GET"]}}],"collection":[{"href":"https:\/\/softwarelizenzexpress.de\/fr\/wp-json\/wp\/v2\/product"}],"about":[{"href":"https:\/\/softwarelizenzexpress.de\/fr\/wp-json\/wp\/v2\/types\/product"}],"replies":[{"embeddable":true,"href":"https:\/\/softwarelizenzexpress.de\/fr\/wp-json\/wp\/v2\/comments?post=2573"}],"wp:featuredmedia":[{"embeddable":true,"href":"https:\/\/softwarelizenzexpress.de\/fr\/wp-json\/wp\/v2\/media\/53576"}],"wp:attachment":[{"href":"https:\/\/softwarelizenzexpress.de\/fr\/wp-json\/wp\/v2\/media?parent=2573"}],"wp:term":[{"taxonomy":"product_brand","embeddable":true,"href":"https:\/\/softwarelizenzexpress.de\/fr\/wp-json\/wp\/v2\/product_brand?post=2573"},{"taxonomy":"product_cat","embeddable":true,"href":"https:\/\/softwarelizenzexpress.de\/fr\/wp-json\/wp\/v2\/product_cat?post=2573"},{"taxonomy":"product_tag","embeddable":true,"href":"https:\/\/softwarelizenzexpress.de\/fr\/wp-json\/wp\/v2\/product_tag?post=2573"}],"curies":[{"name":"wp","href":"https:\/\/api.w.org\/{rel}","templated":true}]}}