{"id":2557,"date":"2021-02-10T14:43:26","date_gmt":"2021-02-10T13:43:26","guid":{"rendered":"http:\/\/shop.windowsandoffice.net\/product\/import-placeholder-for-1588\/"},"modified":"2025-10-30T16:27:04","modified_gmt":"2025-10-30T15:27:04","slug":"ms-project-2016-professional","status":"publish","type":"product","link":"https:\/\/softwarelizenzexpress.de\/fr\/product\/ms-project-2016-professional\/","title":{"rendered":"Microsoft Project 2016 Professional Licence pour 3 PC"},"content":{"rendered":"<p>Microsoft Project Professional 2016 est un logiciel d'entreprise qui permet aux groupes, aux PME et aux start-ups de planifier, de suivre et de mener \u00e0 bien leurs projets. Le syst\u00e8me de gestion de projets fournit toutes les fonctions de Project Standard et offre des solutions suppl\u00e9mentaires pour coordonner la gestion des ressources, planifier l'affectation du personnel, collaborer en \u00e9quipes sur des portails d'entreprise \u00e0 l'aide de l'application web Microsoft SharePoint et envoyer des contenus tels que des tableaux de temps de travail.<\/p>\n<p>Les principales caract\u00e9ristiques de Microsoft Project Professional 2016 Les chefs de projet et les membres de l'\u00e9quipe coop\u00e8rent de mani\u00e8re flexible dans Microsoft Project Professional 2016 via SharePoint, Project Server ou Skype. Le syst\u00e8me de gestion de projet pour ordinateur de bureau peut \u00eatre utilis\u00e9 avec toutes les applications et tous les services cloud de Microsoft et est \u00e9quip\u00e9 d'une licence d'acc\u00e8s client (CAL), une licence d'acc\u00e8s client pour le serveur de projet. Les outils permettent aux groupes de projet de cr\u00e9er des plannings, des budgets de travail et de co\u00fbts, des analyses d'hypoth\u00e8ses, des rapports et des pr\u00e9sentations graphiques qui condensent les donn\u00e9es en informations pertinentes et affichent de mani\u00e8re transparente les tendances et les \u00e9carts. Microsoft Project Professional 2016 permet de saisir de mani\u00e8re structur\u00e9e toutes les variables et \u00e9tapes pour, par exemple, terminer \u00e0 la date pr\u00e9vue un vaste projet de logiciel, une campagne de marketing ou une pr\u00e9sentation sur un salon et minimiser le risque d'erreur de planification pendant le processus. Pour ce faire, les \u00e9quipes et les d\u00e9partements ont recours \u00e0 des mod\u00e8les ou des gabarits rapidement adaptables, dot\u00e9s de fonctions d'importation et d'exportation flexibles, ainsi qu'\u00e0 diff\u00e9rents outils de visualisation tels que les diagrammes de Gantt, qui mettent en \u00e9vidence les interd\u00e9pendances, regroupent les t\u00e2ches partielles r\u00e9currentes, affichent les co\u00fbts de mani\u00e8re diff\u00e9renci\u00e9e et illustrent l'\u00e9tat du calendrier du projet.<\/p>\n<p><strong>Caract\u00e9ristiques du produit<\/strong><\/p>\n<p>Les caract\u00e9ristiques suivantes du programme vous attendent dans Microsoft Project 2016 :<\/p>\n<ul>\n<li>Puissante application de planification et de gestion de projets<\/li>\n<li>Gardez une vue d'ensemble de l'avancement et des co\u00fbts du projet<\/li>\n<li>Interface utilisateur intuitive<\/li>\n<li>Int\u00e9gration optimale avec d'autres produits Microsoft, par ex. Office<\/li>\n<li>Fonction \u00e9tendue d'analyse et de rapport<\/li>\n<li>Smart-tool orient\u00e9 vers la pratique<\/li>\n<li>Affichage configurable pour des r\u00e9sultats optimaux<\/li>\n<li>\u00c9valuation individuelle bas\u00e9e sur la date<\/li>\n<\/ul>\n<p><strong>Configuration requise :<\/strong><\/p>\n<ul>\n<li>Windows 10, Windows 8.1, Windows 8, Windows 7 Service Pack 1, Windows Server 2016, Windows Server 2012 R2, Windows Server 2012, ou Windows Server 2008 R2.<\/li>\n<li>Processeur x86-bit ou x64-bit 1 GHz ou plus rapide avec jeu d'instructions SSE2<\/li>\n<li>2 Go de m\u00e9moire vive<\/li>\n<li>3 Go d'espace disque disponible<\/li>\n<li>L'acc\u00e9l\u00e9ration graphique requiert une carte graphique compatible DirectX 9.<\/li>\n<li>.NET 3.5 est requis. Certaines fonctions n\u00e9cessitent l'installation de .NET 4.0, 4.5, ou 4.6 CLR.<\/li>\n<\/ul>\n<p><strong>soutien :<\/strong><\/p>\n<p class=\"translation-block\">Si vous avez des questions, n'h\u00e9sitez pas \u00e0 nous contacter <a href=\"mailto:deutschland@softwarelizenzexpress.de\" target=\"_self\" rel=\"noopener\">par e-mail<\/a>. Notre support client est disponible 7 jours sur 7, 24 heures sur 24.<\/p>","protected":false},"excerpt":{"rendered":"<ul>\n<li>Microsoft Project 2016 Pro Licence pour 3 PC<\/li>\n<li><strong>Avec cette licence, le logiciel peut \u00eatre activ\u00e9 sur 3 appareils diff\u00e9rents, par exemple un PC domestique, un ordinateur portable et un PC de travail.<\/strong><\/li>\n<li>Version pour syst\u00e8mes 32 et 64 bits, versions compl\u00e8tes illimit\u00e9es du logiciel <strong>du partenaire certifi\u00e9 Microsoft Gold<\/strong><\/li>\n<li><strong>Remboursement int\u00e9gral pendant 30 jours - Garantie de remplacement \u00e0 vie !<\/strong><\/li>\n<li>Livraison par e-mail : Cl\u00e9 de produit, instructions, liens de t\u00e9l\u00e9chargement, facture<\/li>\n<li>T\u00e9l\u00e9chargement imm\u00e9diat !<\/li>\n<li>Pas de limite de temps, pas d'abonnement<\/li>\n<li>Assistance gratuite 24h\/24 et 7j\/7 en cas de probl\u00e8mes d'installation et d'activation<\/li>\n<li>Pas de livraison sur support de donn\u00e9es (USB, CD, etc.)<\/li>\n<li>Activation en ligne et par t\u00e9l\u00e9phone<\/li>\n<li>Langues parl\u00e9es : Anglais, espagnol, italien, allemand, fran\u00e7ais<\/li>\n<li><strong><span style=\"color: #008000;\"> Ce produit est compatible avec Microsoft Windows.<\/span><\/strong><\/li>\n<li><strong><span style=\"color: #ff0000;\">NON compatible avec Apple macOS\u2122, les appareils Android et les Chromebooks.<\/span><\/strong><\/li>\n<\/ul>","protected":false},"featured_media":53639,"comment_status":"open","ping_status":"closed","template":"","meta":{"_acf_changed":false},"product_brand":[],"product_cat":[27],"product_tag":[],"class_list":{"0":"post-2557","1":"product","2":"type-product","3":"status-publish","4":"has-post-thumbnail","6":"product_cat-project","8":"first","9":"instock","10":"sale","11":"virtual","12":"taxable","13":"purchasable","14":"product-type-simple"},"acf":[],"_links":{"self":[{"href":"https:\/\/softwarelizenzexpress.de\/fr\/wp-json\/wp\/v2\/product\/2557","targetHints":{"allow":["GET"]}}],"collection":[{"href":"https:\/\/softwarelizenzexpress.de\/fr\/wp-json\/wp\/v2\/product"}],"about":[{"href":"https:\/\/softwarelizenzexpress.de\/fr\/wp-json\/wp\/v2\/types\/product"}],"replies":[{"embeddable":true,"href":"https:\/\/softwarelizenzexpress.de\/fr\/wp-json\/wp\/v2\/comments?post=2557"}],"wp:featuredmedia":[{"embeddable":true,"href":"https:\/\/softwarelizenzexpress.de\/fr\/wp-json\/wp\/v2\/media\/53639"}],"wp:attachment":[{"href":"https:\/\/softwarelizenzexpress.de\/fr\/wp-json\/wp\/v2\/media?parent=2557"}],"wp:term":[{"taxonomy":"product_brand","embeddable":true,"href":"https:\/\/softwarelizenzexpress.de\/fr\/wp-json\/wp\/v2\/product_brand?post=2557"},{"taxonomy":"product_cat","embeddable":true,"href":"https:\/\/softwarelizenzexpress.de\/fr\/wp-json\/wp\/v2\/product_cat?post=2557"},{"taxonomy":"product_tag","embeddable":true,"href":"https:\/\/softwarelizenzexpress.de\/fr\/wp-json\/wp\/v2\/product_tag?post=2557"}],"curies":[{"name":"wp","href":"https:\/\/api.w.org\/{rel}","templated":true}]}}