{"id":2551,"date":"2021-02-14T14:43:25","date_gmt":"2021-02-14T13:43:25","guid":{"rendered":"http:\/\/shop.windowsandoffice.net\/product\/import-placeholder-for-1582\/"},"modified":"2026-04-16T18:11:15","modified_gmt":"2026-04-16T16:11:15","slug":"ms-project-2019-professional","status":"publish","type":"product","link":"https:\/\/softwarelizenzexpress.de\/fr\/product\/ms-project-2019-professional\/","title":{"rendered":"Microsoft Project 2019 Professional Licence pour 3 PC"},"content":{"rendered":"<p>Collaborez avec d'autres personnes pour lancer et mettre en \u0153uvre des projets r\u00e9ussis en un rien de temps. Comprend toutes les fonctionnalit\u00e9s de Project Standard, plus des solutions de collaboration, de gestion des ressources, de synchronisation des t\u00e2ches SharePoint, de partage des feuilles de temps et bien plus encore. Microsoft Project Professional 2019 offre des fonctionnalit\u00e9s flexibles qui vous aident \u00e0 planifier des projets, \u00e0 suivre leur \u00e9tat d'avancement et \u00e0 collaborer avec d'autres personnes depuis pratiquement n'importe o\u00f9. L'application offre une communication en temps r\u00e9el et une messagerie instantan\u00e9e activ\u00e9es directement dans votre plan de projet via Skype for Business, et consolide toutes les ressources potentielles du projet dans une vue unique.<\/p>\n<p>Restez organis\u00e9 et gardez toutes les ficelles en main. Qu'il s'agisse d'un petit projet ou d'une grande campagne, Project vous permet de relever tous les d\u00e9fis. Vous n'\u00eates pas un chef de projet ? Pas de probl\u00e8me, avec cette application puissante et confortable, pratiquement tout le monde peut g\u00e9rer des projets avec succ\u00e8s.<\/p>\n<p><strong>D\u00e9marrer rapidement des projets et les mettre en \u0153uvre facilement<\/strong><\/p>\n<p>Faites confiance \u00e0 un outil de gestion de projet performant pour mettre en place et g\u00e9rer de nouveaux projets rapidement et facilement.<\/p>\n<p><strong>G\u00e9rer des projets sans stress<\/strong><\/p>\n<p>Gardez facilement le contr\u00f4le des projets les plus exigeants gr\u00e2ce \u00e0 des outils et des m\u00e9thodes adapt\u00e9s \u00e0 vos besoins.<\/p>\n<p><strong>Travailler facilement en \u00e9quipe - de pratiquement n'importe o\u00f9<\/strong><\/p>\n<p>Travaillez ensemble sur des projets, m\u00eame \u00e0 distance. Comme tous les membres de l'\u00e9quipe travaillent simultan\u00e9ment sur une version, vous \u00eates encore plus productif.<\/p>\n<p><strong>Planifier des projets en toute simplicit\u00e9<\/strong><\/p>\n<p>Maintenez vos projets sur les rails en planifiant de mani\u00e8re dynamique l'effort \u00e0 fournir, la dur\u00e9e du projet et l'utilisation des membres de l'\u00e9quipe.<\/p>\n<p><strong>Business Intelligence - pour obtenir rapidement de meilleures connaissances et de meilleurs r\u00e9sultats<\/strong><\/p>\n<p>Cr\u00e9ez des tableaux de bord interactifs avec Power BI pour visualiser l'\u00e9tat g\u00e9n\u00e9ral et examiner les projets et programmes dans les moindres d\u00e9tails.<\/p>\n<p><strong>Penser et agir de mani\u00e8re plus innovante<\/strong><\/p>\n<p>D\u00e9veloppez des solutions personnalis\u00e9es pour le bureau ou les appareils mobiles et automatisez les flux de travail en un tour de main. Utilisez pour cela une plateforme flexible et s\u00e9curis\u00e9e sous Azure, qui est appr\u00e9ci\u00e9e dans le monde entier en tant que cloud d'entreprise.<\/p>\n<p><strong>Configuration requise :<\/strong><\/p>\n<ul>\n<li>1,6 GHz, processeur double c\u0153ur<\/li>\n<li>Windows 10<\/li>\n<li>2 Go (32bit), 4 Go (64bit) de m\u00e9moire vive<\/li>\n<li>4 Go d'espace disque disponible<\/li>\n<li>L'acc\u00e9l\u00e9ration graphique requiert une carte graphique compatible DirectX 10<\/li>\n<\/ul>\n<p><strong>soutien :<\/strong><\/p>\n<p class=\"translation-block\">Si vous avez des questions, n'h\u00e9sitez pas \u00e0 nous contacter <a href=\"mailto:deutschland@softwarelizenzexpress.de\" target=\"_self\" rel=\"noopener\">par e-mail<\/a>. Notre support client est disponible 7 jours sur 7, 24 heures sur 24.<\/p>","protected":false},"excerpt":{"rendered":"<ul>\n<li>Microsoft Project 2019 Pro Licence pour 3 PC<\/li>\n<li><strong>Avec cette licence, le logiciel peut \u00eatre activ\u00e9 sur 3 appareils diff\u00e9rents, par exemple un PC domestique, un ordinateur portable et un PC de travail.<\/strong><\/li>\n<li>Version pour syst\u00e8mes 32 et 64 bits, versions compl\u00e8tes illimit\u00e9es du logiciel <strong>du partenaire certifi\u00e9 Microsoft Gold<\/strong><\/li>\n<li><strong>Remboursement int\u00e9gral pendant 30 jours - Garantie de remplacement \u00e0 vie !<\/strong><\/li>\n<li>Livraison par e-mail : Cl\u00e9 de produit, instructions, liens de t\u00e9l\u00e9chargement, facture<\/li>\n<li>T\u00e9l\u00e9chargement imm\u00e9diat !<\/li>\n<li>Pas de limite de temps, pas d'abonnement<\/li>\n<li>Assistance gratuite 24h\/24 et 7j\/7 en cas de probl\u00e8mes d'installation et d'activation<\/li>\n<li>Pas de livraison sur support de donn\u00e9es (USB, CD, etc.)<\/li>\n<li>Activation en ligne et par t\u00e9l\u00e9phone<\/li>\n<li>Langues parl\u00e9es : Anglais, espagnol, italien, allemand, fran\u00e7ais<\/li>\n<li><strong><span style=\"color: #008000;\"> Ce produit est compatible avec Microsoft Windows.<\/span><\/strong><\/li>\n<li><strong><span style=\"color: #ff0000;\">NON compatible avec Apple macOS\u2122, les appareils Android et les Chromebooks.<\/span><\/strong><\/li>\n<\/ul>","protected":false},"featured_media":53543,"comment_status":"open","ping_status":"closed","template":"","meta":{"_acf_changed":false},"product_brand":[],"product_cat":[27],"product_tag":[],"class_list":{"0":"post-2551","1":"product","2":"type-product","3":"status-publish","4":"has-post-thumbnail","6":"product_cat-project","8":"first","9":"instock","10":"sale","11":"virtual","12":"taxable","13":"purchasable","14":"product-type-simple"},"acf":[],"_links":{"self":[{"href":"https:\/\/softwarelizenzexpress.de\/fr\/wp-json\/wp\/v2\/product\/2551","targetHints":{"allow":["GET"]}}],"collection":[{"href":"https:\/\/softwarelizenzexpress.de\/fr\/wp-json\/wp\/v2\/product"}],"about":[{"href":"https:\/\/softwarelizenzexpress.de\/fr\/wp-json\/wp\/v2\/types\/product"}],"replies":[{"embeddable":true,"href":"https:\/\/softwarelizenzexpress.de\/fr\/wp-json\/wp\/v2\/comments?post=2551"}],"wp:featuredmedia":[{"embeddable":true,"href":"https:\/\/softwarelizenzexpress.de\/fr\/wp-json\/wp\/v2\/media\/53543"}],"wp:attachment":[{"href":"https:\/\/softwarelizenzexpress.de\/fr\/wp-json\/wp\/v2\/media?parent=2551"}],"wp:term":[{"taxonomy":"product_brand","embeddable":true,"href":"https:\/\/softwarelizenzexpress.de\/fr\/wp-json\/wp\/v2\/product_brand?post=2551"},{"taxonomy":"product_cat","embeddable":true,"href":"https:\/\/softwarelizenzexpress.de\/fr\/wp-json\/wp\/v2\/product_cat?post=2551"},{"taxonomy":"product_tag","embeddable":true,"href":"https:\/\/softwarelizenzexpress.de\/fr\/wp-json\/wp\/v2\/product_tag?post=2551"}],"curies":[{"name":"wp","href":"https:\/\/api.w.org\/{rel}","templated":true}]}}