{"id":2545,"date":"2021-02-16T14:43:24","date_gmt":"2021-02-16T13:43:24","guid":{"rendered":"http:\/\/shop.windowsandoffice.net\/product\/import-placeholder-for-1576\/"},"modified":"2025-10-30T16:26:08","modified_gmt":"2025-10-30T15:26:08","slug":"ms-visio-2019-professional","status":"publish","type":"product","link":"https:\/\/softwarelizenzexpress.de\/fr\/product\/ms-visio-2019-professional\/","title":{"rendered":"Microsoft Visio 2019 Professional Licence pour 3 PC"},"content":{"rendered":"<p>Microsoft Visio reste, dans l'\u00e9dition Professional 2019, le meilleur outil pour concevoir des diagrammes dans les entreprises, en s'appuyant sur des normes sectorielles r\u00e9pandues comme l'IEEE. En outre, Microsoft a apport\u00e9 des milliers d'am\u00e9liorations dans les d\u00e9tails et introduit de nouvelles fonctionnalit\u00e9s, notamment pour faciliter le traitement de projets au sein de grandes \u00e9quipes. Le logiciel s'adresse ainsi explicitement aux utilisateurs professionnels. N\u00e9anmoins, la facilit\u00e9 d'acc\u00e8s au programme, bien connue, est maintenue, notamment gr\u00e2ce aux innombrables mod\u00e8les et \u00e0 l'interface Office \u00e9prouv\u00e9e. Chaque acheteur re\u00e7oit \u00e9galement 2 Go d'espace de stockage gratuit sur OneDrive, la solution cloud de Microsoft.<\/p>\n<p>Dans Microsoft Visio Professional 2019, la g\u00e9n\u00e9ration de diagrammes est possible d\u00e8s le d\u00e9marrage du programme : des centaines de mod\u00e8les bas\u00e9s sur une s\u00e9lection de plus de 250 000 formes le garantissent. Comme l'application de bureau s'actualise en permanence, de nouveaux mod\u00e8les sont ajout\u00e9s r\u00e9guli\u00e8rement. Les utilisateurs partagent ensuite les diagrammes termin\u00e9s non seulement sous forme de jeux de donn\u00e9es Visio, mais aussi sur Internet : Pour ce faire, Visio Professional 2019 prend en charge les repr\u00e9sentations de diagrammes bas\u00e9es sur le web ou la sortie au format PDF pour les utilisateurs qui n'utilisent pas Visio sur leur appareil. Les commentaires que d'autres utilisateurs d\u00e9posent ensuite sur le diagramme sont \u00e9galement visibles instantan\u00e9ment par le cr\u00e9ateur du projet, qui re\u00e7oit ainsi un feedback.<\/p>\n<p>Sp\u00e9cialement pour Visio Professional 2019 et Windows 10, Microsoft a \u00e9galement am\u00e9lior\u00e9 la prise en charge de la saisie digitale et des stylos comme le Microsoft Surface Pen. Les diagrammes peuvent ainsi \u00eatre affin\u00e9s par des m\u00e9thodes de saisie naturelles, en utilisant de l'encre virtuelle ou m\u00eame les doigts pour colorer les formes, les d\u00e9placer et r\u00e9organiser les diagrammes. Cela facilite \u00e9galement l'utilisation du programme sur une tablette comme l'iPad Pro, pour lequel une application s\u00e9par\u00e9e est disponible dans l'Apple Store officiel. Afin de mieux collaborer avec d'autres personnes, les fonctions d'annotation ont \u00e9t\u00e9 am\u00e9lior\u00e9es et l'int\u00e9gration de Skype for Business dans l'interface du programme a \u00e9t\u00e9 \u00e9tendue.<\/p>\n<p>Les nouvelles donn\u00e9es sont import\u00e9es directement dans Microsoft Visio Professional 2019 \u00e0 partir d'autres programmes populaires comme Excel. Cela permet de gagner du temps lors de l'\u00e9dition de diagrammes, car les saisies manuelles sont moins fr\u00e9quentes. Pour donner ensuite vie \u00e0 ces diagrammes et pr\u00e9senter clairement m\u00eame de grandes quantit\u00e9s d'informations, d'innombrables couleurs, formes et graphiques sont disponibles afin de se concentrer sur les donn\u00e9es qui sont vraiment importantes pour l'observateur. En outre, le programme prend en charge l'int\u00e9gration de dessins r\u00e9alis\u00e9s dans le logiciel populaire AutoCAD. Cela permet d'\u00e9largir consid\u00e9rablement la gamme de fonctions, car m\u00eame les formes complexes deviennent possibles.<\/p>\n<p>En outre, d\u00e8s que des donn\u00e9es de quelque nature que ce soit sont modifi\u00e9es alors qu'elles \u00e9taient d\u00e9j\u00e0 int\u00e9gr\u00e9es au diagramme, Microsoft Visio Professional 2019 modifie imm\u00e9diatement la repr\u00e9sentation du projet. Pour ce faire, le programme scanne en permanence les donn\u00e9es int\u00e9gr\u00e9es - peu importe d'o\u00f9 elles proviennent et si elles sont disponibles localement ou sur le r\u00e9seau - et transmet ensuite imm\u00e9diatement les modifications au diagramme actuel. Ainsi, toutes les personnes qui travaillent sur ce projet gardent toujours une vue d'ensemble et travaillent ensemble sur une seule version de ce diagramme. L'absence de mises \u00e0 jour manuelles facilite en outre le processus de travail et permet d'\u00e9conomiser beaucoup de temps \u00e0 long terme.<\/p>\n<p>Microsoft a d\u00e9velopp\u00e9 Visio Professional 2019 de mani\u00e8re \u00e0 ce qu'il soit exclusivement compatible avec l'une des \u00e9ditions de Windows 10 ainsi qu'avec Windows 10S. Il n'est pas possible d'ex\u00e9cuter le logiciel avec une version ant\u00e9rieure de Windows. De plus, cette offre est une cl\u00e9 de produit pour un ordinateur de bureau ou un ordinateur portable. Il n'y a pas d'autres frais d'abonnement. Microsoft garantit que ce logiciel sera mis \u00e0 jour pendant au moins cinq ans.<\/p>\n<p><strong>Configuration requise :<\/strong><\/p>\n<ul>\n<li>Windows 10, Windows Server 2019<\/li>\n<li>1,6 GHz, processeur double c\u0153ur ou plus rapide<\/li>\n<li>2 Gb de m\u00e9moire (32 bits) ; 4 Go de m\u00e9moire (64 bits)<\/li>\n<li>4 Go d'espace disque disponible<\/li>\n<li>L'acc\u00e9l\u00e9ration graphique requiert une carte graphique compatible DirectX 9. Avec WDDM 2.0 ou plus pour Windows 10 (ou WDDM 1.3 pour Windows 10 Fall Creators Update).<\/li>\n<\/ul>\n<p><strong>soutien :<\/strong><\/p>\n<p class=\"translation-block\">Si vous avez des questions, n'h\u00e9sitez pas \u00e0 nous contacter <a href=\"mailto:deutschland@softwarelizenzexpress.de\" target=\"_self\" rel=\"noopener\">par e-mail<\/a>. Notre support client est disponible 7 jours sur 7, 24 heures sur 24.<\/p>","protected":false},"excerpt":{"rendered":"<ul>\n<li>Microsoft Visio 2019 Pro Licence pour 3 PC<\/li>\n<li><strong>Avec cette licence, le logiciel peut \u00eatre activ\u00e9 sur 3 appareils diff\u00e9rents, par exemple un PC domestique, un ordinateur portable et un PC de travail.<\/strong><\/li>\n<li>Version pour syst\u00e8mes 32 et 64 bits, versions compl\u00e8tes illimit\u00e9es du logiciel <strong>du partenaire certifi\u00e9 Microsoft Gold<\/strong><\/li>\n<li><strong>Remboursement int\u00e9gral pendant 30 jours - Garantie de remplacement \u00e0 vie !<\/strong><\/li>\n<li>Livraison par e-mail : Cl\u00e9 de produit, instructions, liens de t\u00e9l\u00e9chargement, facture<\/li>\n<li>T\u00e9l\u00e9chargement imm\u00e9diat !<\/li>\n<li>Pas de limite de temps, pas d'abonnement<\/li>\n<li>Assistance gratuite 24h\/24 et 7j\/7 en cas de probl\u00e8mes d'installation et d'activation<\/li>\n<li>Pas de livraison sur support de donn\u00e9es (USB, CD, etc.)<\/li>\n<li>Activation en ligne et par t\u00e9l\u00e9phone<\/li>\n<li>Langues parl\u00e9es : Anglais, espagnol, italien, allemand, fran\u00e7ais<\/li>\n<li><strong><span style=\"color: #008000;\"> Ce produit est compatible avec Microsoft Windows.<\/span><\/strong><\/li>\n<li><strong><span style=\"color: #ff0000;\">NON compatible avec Apple macOS\u2122, les appareils Android et les Chromebooks.<\/span><\/strong><\/li>\n<\/ul>","protected":false},"featured_media":53545,"comment_status":"open","ping_status":"closed","template":"","meta":{"_acf_changed":false},"product_brand":[],"product_cat":[28],"product_tag":[],"class_list":{"0":"post-2545","1":"product","2":"type-product","3":"status-publish","4":"has-post-thumbnail","6":"product_cat-visio","8":"first","9":"instock","10":"sale","11":"virtual","12":"taxable","13":"purchasable","14":"product-type-simple"},"acf":[],"_links":{"self":[{"href":"https:\/\/softwarelizenzexpress.de\/fr\/wp-json\/wp\/v2\/product\/2545","targetHints":{"allow":["GET"]}}],"collection":[{"href":"https:\/\/softwarelizenzexpress.de\/fr\/wp-json\/wp\/v2\/product"}],"about":[{"href":"https:\/\/softwarelizenzexpress.de\/fr\/wp-json\/wp\/v2\/types\/product"}],"replies":[{"embeddable":true,"href":"https:\/\/softwarelizenzexpress.de\/fr\/wp-json\/wp\/v2\/comments?post=2545"}],"wp:featuredmedia":[{"embeddable":true,"href":"https:\/\/softwarelizenzexpress.de\/fr\/wp-json\/wp\/v2\/media\/53545"}],"wp:attachment":[{"href":"https:\/\/softwarelizenzexpress.de\/fr\/wp-json\/wp\/v2\/media?parent=2545"}],"wp:term":[{"taxonomy":"product_brand","embeddable":true,"href":"https:\/\/softwarelizenzexpress.de\/fr\/wp-json\/wp\/v2\/product_brand?post=2545"},{"taxonomy":"product_cat","embeddable":true,"href":"https:\/\/softwarelizenzexpress.de\/fr\/wp-json\/wp\/v2\/product_cat?post=2545"},{"taxonomy":"product_tag","embeddable":true,"href":"https:\/\/softwarelizenzexpress.de\/fr\/wp-json\/wp\/v2\/product_tag?post=2545"}],"curies":[{"name":"wp","href":"https:\/\/api.w.org\/{rel}","templated":true}]}}