{"id":2539,"date":"2021-02-12T14:43:24","date_gmt":"2021-02-12T13:43:24","guid":{"rendered":"http:\/\/shop.windowsandoffice.net\/product\/import-placeholder-for-1569\/"},"modified":"2025-10-30T16:26:47","modified_gmt":"2025-10-30T15:26:47","slug":"ms-visio-2016-professional","status":"publish","type":"product","link":"https:\/\/softwarelizenzexpress.de\/fr\/product\/ms-visio-2016-professional\/","title":{"rendered":"Microsoft Visio 2016 Professional Licence pour 3 PC"},"content":{"rendered":"<p>Simplifiez la communication d'informations complexes gr\u00e2ce \u00e0 des diagrammes associ\u00e9s \u00e0 des donn\u00e9es et cr\u00e9\u00e9s en quelques clics seulement. Avec Visio, la cr\u00e9ation de diagrammes devient un jeu d'enfant. Que vous souhaitiez cr\u00e9er rapidement un organigramme d'un processus dont vous avez discut\u00e9 avec vos coll\u00e8gues sur un tableau blanc, que vous souhaitiez cartographier un r\u00e9seau informatique, cr\u00e9er un organigramme, documenter un processus commercial ou dessiner un plan, Visio vous aide \u00e0 visualiser votre travail. Associez des donn\u00e9es \u00e0 la visualisation d'une structure organisationnelle, d'un r\u00e9seau informatique, d'une usine de production ou \u00e0 des processus commerciaux complexes afin de pouvoir identifier les performances au premier coup d'\u0153il. Les sch\u00e9mas Visio peuvent \u00eatre li\u00e9s \u00e0 de nombreuses sources de donn\u00e9es telles que Microsoft Excel, Microsoft Excel Services, Active Directory, Microsoft SQL Server, Microsoft SQL Azure et les listes Microsoft SharePoint, ainsi que les services de connectivit\u00e9 d'entreprise. Utilisez des graphiques de donn\u00e9es tels que des ic\u00f4nes, des couleurs ou du texte pour simplifier et am\u00e9liorer la visualisation d'informations complexes. Profitez de la nouvelle connectivit\u00e9 en une \u00e9tape avec les feuilles de calcul Excel et \u00e9changez les graphiques de donn\u00e9es en un seul clic selon vos besoins.<\/p>\n<p><strong>Configuration requise :<\/strong><\/p>\n<ul>\n<li>Windows 10, Windows 8.1, Windows 8, Windows 7 Service Pack 1, Windows Server 2016, Windows Server 2012 R2, Windows Server 2012, ou Windows Server 2008 R2.<\/li>\n<li>Processeur x86-bit ou x64-bit 1 GHz ou plus rapide avec jeu d'instructions SSE2<\/li>\n<li>2 Go de m\u00e9moire vive<\/li>\n<li>3 Go d'espace disque disponible<\/li>\n<li>L'acc\u00e9l\u00e9ration graphique requiert une carte graphique compatible DirectX 9.<\/li>\n<li>.NET 3.5 est requis. Certaines fonctions n\u00e9cessitent l'installation de .NET 4.0, 4.5, ou 4.6 CLR.<\/li>\n<\/ul>\n<p><strong>soutien :<\/strong><\/p>\n<p class=\"translation-block\">Si vous avez des questions, n'h\u00e9sitez pas \u00e0 nous contacter <a href=\"mailto:deutschland@softwarelizenzexpress.de\" target=\"_self\" rel=\"noopener\">par e-mail<\/a>. Notre support client est disponible 7 jours sur 7, 24 heures sur 24.<\/p>","protected":false},"excerpt":{"rendered":"<ul>\n<li>Microsoft Visio 2016 Pro Licence pour 3 PC<\/li>\n<li><strong>Avec cette licence, le logiciel peut \u00eatre activ\u00e9 sur 3 appareils diff\u00e9rents, par exemple un PC domestique, un ordinateur portable et un PC de travail.<\/strong><\/li>\n<li>Version pour syst\u00e8mes 32 et 64 bits, versions compl\u00e8tes illimit\u00e9es du logiciel <strong>du partenaire certifi\u00e9 Microsoft Gold<\/strong><\/li>\n<li><strong>Remboursement int\u00e9gral pendant 30 jours - Garantie de remplacement \u00e0 vie !<\/strong><\/li>\n<li>Livraison par e-mail : Cl\u00e9 de produit, instructions, liens de t\u00e9l\u00e9chargement, facture<\/li>\n<li>T\u00e9l\u00e9chargement imm\u00e9diat !<\/li>\n<li>Pas de limite de temps, pas d'abonnement<\/li>\n<li>Assistance gratuite 24h\/24 et 7j\/7 en cas de probl\u00e8mes d'installation et d'activation<\/li>\n<li>Pas de livraison sur support de donn\u00e9es (USB, CD, etc.)<\/li>\n<li>Activation en ligne et par t\u00e9l\u00e9phone<\/li>\n<li>Langues parl\u00e9es : Anglais, espagnol, italien, allemand, fran\u00e7ais<\/li>\n<li><strong><span style=\"color: #008000;\"> Ce produit est compatible avec Microsoft Windows.<\/span><\/strong><\/li>\n<li><strong><span style=\"color: #ff0000;\">NON compatible avec Apple macOS\u2122, les appareils Android et les Chromebooks.<\/span><\/strong><\/li>\n<\/ul>","protected":false},"featured_media":53640,"comment_status":"open","ping_status":"closed","template":"","meta":{"_acf_changed":false},"product_brand":[],"product_cat":[28],"product_tag":[],"class_list":{"0":"post-2539","1":"product","2":"type-product","3":"status-publish","4":"has-post-thumbnail","6":"product_cat-visio","8":"first","9":"instock","10":"sale","11":"virtual","12":"taxable","13":"purchasable","14":"product-type-simple"},"acf":[],"_links":{"self":[{"href":"https:\/\/softwarelizenzexpress.de\/fr\/wp-json\/wp\/v2\/product\/2539","targetHints":{"allow":["GET"]}}],"collection":[{"href":"https:\/\/softwarelizenzexpress.de\/fr\/wp-json\/wp\/v2\/product"}],"about":[{"href":"https:\/\/softwarelizenzexpress.de\/fr\/wp-json\/wp\/v2\/types\/product"}],"replies":[{"embeddable":true,"href":"https:\/\/softwarelizenzexpress.de\/fr\/wp-json\/wp\/v2\/comments?post=2539"}],"wp:featuredmedia":[{"embeddable":true,"href":"https:\/\/softwarelizenzexpress.de\/fr\/wp-json\/wp\/v2\/media\/53640"}],"wp:attachment":[{"href":"https:\/\/softwarelizenzexpress.de\/fr\/wp-json\/wp\/v2\/media?parent=2539"}],"wp:term":[{"taxonomy":"product_brand","embeddable":true,"href":"https:\/\/softwarelizenzexpress.de\/fr\/wp-json\/wp\/v2\/product_brand?post=2539"},{"taxonomy":"product_cat","embeddable":true,"href":"https:\/\/softwarelizenzexpress.de\/fr\/wp-json\/wp\/v2\/product_cat?post=2539"},{"taxonomy":"product_tag","embeddable":true,"href":"https:\/\/softwarelizenzexpress.de\/fr\/wp-json\/wp\/v2\/product_tag?post=2539"}],"curies":[{"name":"wp","href":"https:\/\/api.w.org\/{rel}","templated":true}]}}