{"id":2527,"date":"2021-03-15T16:42:59","date_gmt":"2021-03-15T15:42:59","guid":{"rendered":"http:\/\/shop.windowsandoffice.net\/product\/import-placeholder-for-1402\/"},"modified":"2026-04-16T18:11:15","modified_gmt":"2026-04-16T16:11:15","slug":"combo1","status":"publish","type":"product","link":"https:\/\/softwarelizenzexpress.de\/fr\/product\/combo1\/","title":{"rendered":"Microsoft Windows 10 Professionnel + Microsoft Office 2019 Professionnel Plus Licence pour 3 PC"},"content":{"rendered":"<p>Gagnez du temps et de l'argent gr\u00e2ce \u00e0 notre package avantageux Microsoft comprenant les derni\u00e8res versions de Windows et d'Office.<\/p>\n<ul>\n<li><strong>Microsoft Windows 10 Professionnel\u00a0<\/strong>- le syst\u00e8me d'exploitation Windows le plus s\u00fbr et le plus fiable ; maintenant avec votre assistant num\u00e9rique personnel Cortana<\/li>\n<li><strong>Microsoft Office 2019 Professional Plus<\/strong>\u00a0- le paquet Office le plus complet et le plus moderne de tous les temps<\/li>\n<\/ul>\n<hr \/>\n<p><strong>Microsoft Windows 10 Professionnel<\/strong><\/p>\n<p>Avec Windows 10 Professionnel, vous disposez d'un syst\u00e8me d'exploitation fiable sur votre appareil. Vous b\u00e9n\u00e9ficiez de d\u00e9marrages plus rapides, d'un menu de d\u00e9marrage familier mais am\u00e9lior\u00e9 et de nouvelles possibilit\u00e9s pour faire les choses rapidement. Vous b\u00e9n\u00e9ficiez \u00e9galement de nouvelles fonctionnalit\u00e9s telles qu'un tout nouveau navigateur pour naviguer encore mieux sur le web et votre assistant num\u00e9rique personnel Cortana. Cortana est votre assistant num\u00e9rique personnel qui vous suit sur tous vos appareils Windows 10 et vous aide \u00e0 faire les choses. Au fil du temps, Cortana en apprend toujours plus sur vous et peut vous aider chaque jour davantage. Windows 10 Professionnel vous assiste de mani\u00e8re optimale dans tout ce que vous faites.<\/p>\n<p><strong>Microsoft Office 2019 Professional Plus<\/strong><\/p>\n<p>Optez d\u00e8s aujourd'hui pour Office 2019 Professional Plus et vous obtiendrez la solution bureautique la plus moderne de la maison Microsoft. En plus des applications connues, vous aurez automatiquement acc\u00e8s aux applications bas\u00e9es sur le navigateur et \u00e0 Skype for Business. Gr\u00e2ce \u00e0 une communication simplifi\u00e9e, vous pouvez collaborer encore plus efficacement avec d'autres personnes.<\/p>\n<p>Tout ce dont vous avez besoin en un coup d'\u0153il :<\/p>\n<ul>\n<li><strong>Word 2019\u00a0<\/strong>- pour la cr\u00e9ation et l'\u00e9dition de vos textes et documents<\/li>\n<li><strong>Excel 2019\u00a0<\/strong>- pour le traitement des enregistrements sous forme de tableaux<\/li>\n<li><strong>PowerPoint 2019\u00a0<\/strong>- pour la cr\u00e9ation de pr\u00e9sentations captivantes<\/li>\n<li><strong>Outlook 2019<\/strong>\u00a0- pour la gestion des e-mails, des contacts, des rendez-vous et des t\u00e2ches<\/li>\n<li><strong>\u00c9diteur 2019<\/strong>\u00a0- pour cr\u00e9er facilement des publications d'aspect professionnel<\/li>\n<li><strong>Access 2019<\/strong>\u00a0- pour la cr\u00e9ation de bases de donn\u00e9es avec acc\u00e8s \u00e0 Internet<\/li>\n<li><strong>Lync 2019<\/strong>\u00a0(Skype for Business) - pour une productivit\u00e9 accrue gr\u00e2ce \u00e0 la messagerie instantan\u00e9e et \u00e0 la facilit\u00e9 de communication et de collaboration avec la vid\u00e9oconf\u00e9rence HD<\/li>\n<li><strong>Applications web<\/strong>\u00a0(Word, Excel, PowerPoint)<\/li>\n<\/ul>\n<p>OneNote ne fait plus partie du pack Office, mais est disponible en tant qu'application standard dans Windows 10, qui est une condition pr\u00e9alable \u00e0 l'utilisation d'Office 2019.\u00a0<strong>Les versions ant\u00e9rieures de Windows ne sont pas prises en charge.<\/strong><\/p>\n<p><strong>soutien :<\/strong><\/p>\n<p class=\"translation-block\">Si vous avez des questions, n'h\u00e9sitez pas \u00e0 nous contacter <a href=\"mailto:deutschland@softwarelizenzexpress.de\" target=\"_self\" rel=\"noopener\">par e-mail<\/a>. Notre support client est disponible 7 jours sur 7, 24 heures sur 24.<\/p>","protected":false},"excerpt":{"rendered":"<ul>\n<li>Microsoft Windows 10 Professional Licence pour 3 PC <\/li>\n<li>Microsoft Office 2019 Professional Plus Licence pour 3 PC <\/li>\n<li><strong>Avec cette licence, le logiciel peut \u00eatre activ\u00e9 sur 3 appareils diff\u00e9rents, par exemple un PC domestique, un ordinateur portable et un PC de travail.<\/strong><\/li>\n<li>Version pour syst\u00e8mes 32 et 64 bits, versions compl\u00e8tes illimit\u00e9es du logiciel <strong>du partenaire certifi\u00e9 Microsoft Gold<\/strong><\/li>\n<li><strong>Remboursement int\u00e9gral pendant 30 jours - Garantie de remplacement \u00e0 vie !<\/strong><\/li>\n<li>Livraison par e-mail : Cl\u00e9 de produit, instructions, liens de t\u00e9l\u00e9chargement, facture<\/li>\n<li>T\u00e9l\u00e9chargement imm\u00e9diat !<\/li>\n<li>Pas de limite de temps, pas d'abonnement<\/li>\n<li>Assistance gratuite 24h\/24 et 7j\/7 en cas de probl\u00e8mes d'installation et d'activation<\/li>\n<li>Pas de livraison sur support de donn\u00e9es (USB, CD, etc.)<\/li>\n<li>Activation en ligne et par t\u00e9l\u00e9phone<\/li>\n<li>Langues parl\u00e9es : Anglais, espagnol, italien, allemand, fran\u00e7ais<\/li>\n<li><strong><span style=\"color: #008000;\"> Ce produit est compatible avec Microsoft Windows.<\/span><\/strong><\/li>\n<li><strong><span style=\"color: #ff0000;\">NON compatible avec Apple macOS\u2122, les appareils Android et les Chromebooks.<\/span><\/strong><\/li>\n<\/ul>","protected":false},"featured_media":53553,"comment_status":"open","ping_status":"closed","template":"","meta":{"_acf_changed":false},"product_brand":[],"product_cat":[25,15,23,26],"product_tag":[],"class_list":{"0":"post-2527","1":"product","2":"type-product","3":"status-publish","4":"has-post-thumbnail","6":"product_cat-combos","7":"product_cat-ms-office","8":"product_cat-windows-desktop","9":"product_cat-special-offers","11":"first","12":"instock","13":"sale","14":"virtual","15":"taxable","16":"purchasable","17":"product-type-simple"},"acf":[],"_links":{"self":[{"href":"https:\/\/softwarelizenzexpress.de\/fr\/wp-json\/wp\/v2\/product\/2527","targetHints":{"allow":["GET"]}}],"collection":[{"href":"https:\/\/softwarelizenzexpress.de\/fr\/wp-json\/wp\/v2\/product"}],"about":[{"href":"https:\/\/softwarelizenzexpress.de\/fr\/wp-json\/wp\/v2\/types\/product"}],"replies":[{"embeddable":true,"href":"https:\/\/softwarelizenzexpress.de\/fr\/wp-json\/wp\/v2\/comments?post=2527"}],"wp:featuredmedia":[{"embeddable":true,"href":"https:\/\/softwarelizenzexpress.de\/fr\/wp-json\/wp\/v2\/media\/53553"}],"wp:attachment":[{"href":"https:\/\/softwarelizenzexpress.de\/fr\/wp-json\/wp\/v2\/media?parent=2527"}],"wp:term":[{"taxonomy":"product_brand","embeddable":true,"href":"https:\/\/softwarelizenzexpress.de\/fr\/wp-json\/wp\/v2\/product_brand?post=2527"},{"taxonomy":"product_cat","embeddable":true,"href":"https:\/\/softwarelizenzexpress.de\/fr\/wp-json\/wp\/v2\/product_cat?post=2527"},{"taxonomy":"product_tag","embeddable":true,"href":"https:\/\/softwarelizenzexpress.de\/fr\/wp-json\/wp\/v2\/product_tag?post=2527"}],"curies":[{"name":"wp","href":"https:\/\/api.w.org\/{rel}","templated":true}]}}