{"id":2526,"date":"2021-03-14T14:42:59","date_gmt":"2021-03-14T13:42:59","guid":{"rendered":"http:\/\/shop.windowsandoffice.net\/product\/import-placeholder-for-1391\/"},"modified":"2026-04-16T18:11:15","modified_gmt":"2026-04-16T16:11:15","slug":"combo2","status":"publish","type":"product","link":"https:\/\/softwarelizenzexpress.de\/fr\/product\/combo2\/","title":{"rendered":"Microsoft Windows 10 Pro + Microsoft Office 2019 Pro Plus + Microsoft Project 2019 Pro + Microsoft Visio 2019 Pro Licence pour 3 PC"},"content":{"rendered":"<p>\u00c9conomisez du temps et de l'argent avec notre combo Microsoft comprenant les versions les plus r\u00e9centes de Windows, Office, Visio et Project.<\/p>\n<ul>\n<li>Windows 10 Professionnel<\/li>\n<li>Office 2019 Professional Plus<\/li>\n<li>Visio 2019 Professional<\/li>\n<li>Project 2019 Professional<\/li>\n<\/ul>\n<hr \/>\n<p><strong>Microsoft Windows 10 Professionnel<\/strong><\/p>\n<p>Avec Windows 10 Pro, vous disposez d'un syst\u00e8me d'exploitation fiable sur votre appareil. Vous b\u00e9n\u00e9ficierez de d\u00e9marrages plus rapides, d'un menu de d\u00e9marrage familier mais am\u00e9lior\u00e9 et de nouvelles fa\u00e7ons de faire les choses rapidement. Vous b\u00e9n\u00e9ficierez \u00e9galement de nouvelles fonctionnalit\u00e9s telles qu'un tout nouveau navigateur pour vous aider \u00e0 naviguer sur le web, et votre assistant num\u00e9rique personnel Cortana. Cortana est votre assistant num\u00e9rique personnel qui vous suivra sur tous vos appareils Windows 10 et vous aidera \u00e0 faire les choses. Cortana en apprend davantage sur vous au fil du temps et peut vous aider chaque jour. Windows 10 Pro vous soutient de mani\u00e8re optimale dans tout ce que vous faites.<\/p>\n<p><strong>Microsoft Office 2019 Professional Plus<\/strong><\/p>\n<p>Optez d\u00e8s aujourd'hui pour Office 2019 Professional Plus et vous recevrez la solution bureautique la plus r\u00e9cente et la plus moderne de Microsoft. Outre les applications traditionnelles, vous aurez automatiquement acc\u00e8s aux applications bas\u00e9es sur un navigateur et \u00e0 Skype for Business. Gr\u00e2ce \u00e0 une communication simplifi\u00e9e, vous pouvez travailler plus efficacement avec les autres.<\/p>\n<p>Tout ce dont vous avez besoin en un coup d'\u0153il<\/p>\n<ul>\n<li><strong>Word 2019 <\/strong>- pour la cr\u00e9ation et l'\u00e9dition de vos textes et documents<\/li>\n<li><strong>Excel 2019 <\/strong>- pour le traitement des enregistrements de donn\u00e9es sous forme de tableau<\/li>\n<li><strong>PowerPoint 2019 <\/strong>- pour la cr\u00e9ation de pr\u00e9sentations inspirantes<\/li>\n<li><strong>Outlook 2019<\/strong> - pour g\u00e9rer vos e-mails, contacts, calendriers et t\u00e2ches<\/li>\n<li><strong>\u00c9diteur 2019<\/strong> - pour cr\u00e9er facilement des publications d'aspect professionnel<\/li>\n<li><strong>Access 2019<\/strong> - pour la cr\u00e9ation de bases de donn\u00e9es avec acc\u00e8s \u00e0 Internet<\/li>\n<li><strong>Lync 2019<\/strong> (Skype for Business) - pour une productivit\u00e9 accrue gr\u00e2ce \u00e0 la messagerie instantan\u00e9e et une communication et une collaboration faciles avec la vid\u00e9oconf\u00e9rence HD<\/li>\n<li><strong>Applications web<\/strong> (Word, Excel, PowerPoint)<\/li>\n<\/ul>\n<p>OneNote ne fait plus partie du pack Office, il est d\u00e9sormais inclus dans le syst\u00e8me d'exploitation Windows 10, ce qui est n\u00e9cessaire pour utiliser Office 2019. <strong>Les anciennes versions de Windows ne sont pas prises en charge.<\/strong><\/p>\n<p><strong>Microsoft Visio 2019 Professional<\/strong><\/p>\n<p>Visio 2019 est une application de diagrammes puissante qui vous permet de travailler visuellement pour cr\u00e9er toutes sortes de diagrammes et qui est leader du march\u00e9 avec plus de 12 millions d'utilisateurs. Visio 2019 permet de d\u00e9finir plus facilement les processus d'entreprise, de documenter les meilleures pratiques, de visualiser l'\u00e9tat futur des initiatives de transformation et de rester \u00e0 la pointe de l'information op\u00e9rationnelle dans votre entreprise.<\/p>\n<p><strong>Microsoft Project 2019 Professional<\/strong><\/p>\n<p>Travaillez avec d'autres pour d\u00e9marrer et mettre en \u0153uvre des projets r\u00e9ussis en un rien de temps. Inclut toutes les fonctionnalit\u00e9s de Project Standard, plus la collaboration dans la gestion des ressources, la synchronisation des t\u00e2ches SharePoint, la soumission de feuilles de temps, et plus encore. Microsoft Project Professional 2019 offre des fonctionnalit\u00e9s flexibles qui vous aideront \u00e0 planifier des projets, \u00e0 suivre leur \u00e9tat d'avancement et \u00e0 collaborer avec d'autres personnes depuis pratiquement n'importe o\u00f9. L'application offre une communication en temps r\u00e9el et une messagerie instantan\u00e9e, activ\u00e9e directement dans votre plan de projet via Skype for Business, et consolide toutes les ressources potentielles du projet dans une seule vue.<\/p>\n<p><strong>Support :<\/strong><\/p>\n<p>Pour toutes les questions \u00e0 venir, n'h\u00e9sitez pas \u00e0 nous contacter <a href=\"mailto:deutschland@softwarelizenzexpress.de\">par e-mail<\/a>. Notre service client\u00e8le est disponible 7 jours sur 7, 24 heures sur 24.<\/p>","protected":false},"excerpt":{"rendered":"<ul>\n<li>Microsoft Windows 10 Professional Licence pour 3 PC<\/li>\n<li>Microsoft Office 2019 Professional Plus Licence pour 3 PC<\/li>\n<li>Microsoft Project 2019 Pro Licence pour 3 PC<\/li>\n<li>Microsoft Visio 2019 Pro Licence pour 3 PC<\/li>\n<li><strong>Avec cette licence, le logiciel peut \u00eatre activ\u00e9 sur 3 appareils diff\u00e9rents, par exemple un PC domestique, un ordinateur portable et un PC de travail.<\/strong><\/li>\n<li>Version pour syst\u00e8mes 32 et 64 bits, versions compl\u00e8tes illimit\u00e9es du logiciel <strong>du partenaire certifi\u00e9 Microsoft Gold<\/strong><\/li>\n<li><strong>Remboursement int\u00e9gral pendant 30 jours - Garantie de remplacement \u00e0 vie !<\/strong><\/li>\n<li>Livraison par e-mail : Cl\u00e9 de produit, instructions, liens de t\u00e9l\u00e9chargement, facture<\/li>\n<li>T\u00e9l\u00e9chargement imm\u00e9diat !<\/li>\n<li>Pas de limite de temps, pas d'abonnement<\/li>\n<li>Assistance gratuite 24h\/24 et 7j\/7 en cas de probl\u00e8mes d'installation et d'activation<\/li>\n<li>Pas de livraison sur support de donn\u00e9es (USB, CD, etc.)<\/li>\n<li>Activation en ligne et par t\u00e9l\u00e9phone<\/li>\n<li>Langues parl\u00e9es : Anglais, espagnol, italien, allemand, fran\u00e7ais<\/li>\n<li><strong><span style=\"color: #008000;\"> Ce produit est compatible avec Microsoft Windows.<\/span><\/strong><\/li>\n<li><strong><span style=\"color: #ff0000;\">NON compatible avec Apple macOS\u2122, les appareils Android et les Chromebooks.<\/span><\/strong><\/li>\n<\/ul>","protected":false},"featured_media":53554,"comment_status":"open","ping_status":"closed","template":"","meta":{"_acf_changed":false},"product_brand":[],"product_cat":[25,15,27,28,23,26],"product_tag":[],"class_list":{"0":"post-2526","1":"product","2":"type-product","3":"status-publish","4":"has-post-thumbnail","6":"product_cat-combos","7":"product_cat-ms-office","8":"product_cat-project","9":"product_cat-visio","10":"product_cat-windows-desktop","11":"product_cat-special-offers","13":"first","14":"instock","15":"sale","16":"virtual","17":"taxable","18":"purchasable","19":"product-type-simple"},"acf":[],"_links":{"self":[{"href":"https:\/\/softwarelizenzexpress.de\/fr\/wp-json\/wp\/v2\/product\/2526","targetHints":{"allow":["GET"]}}],"collection":[{"href":"https:\/\/softwarelizenzexpress.de\/fr\/wp-json\/wp\/v2\/product"}],"about":[{"href":"https:\/\/softwarelizenzexpress.de\/fr\/wp-json\/wp\/v2\/types\/product"}],"replies":[{"embeddable":true,"href":"https:\/\/softwarelizenzexpress.de\/fr\/wp-json\/wp\/v2\/comments?post=2526"}],"wp:featuredmedia":[{"embeddable":true,"href":"https:\/\/softwarelizenzexpress.de\/fr\/wp-json\/wp\/v2\/media\/53554"}],"wp:attachment":[{"href":"https:\/\/softwarelizenzexpress.de\/fr\/wp-json\/wp\/v2\/media?parent=2526"}],"wp:term":[{"taxonomy":"product_brand","embeddable":true,"href":"https:\/\/softwarelizenzexpress.de\/fr\/wp-json\/wp\/v2\/product_brand?post=2526"},{"taxonomy":"product_cat","embeddable":true,"href":"https:\/\/softwarelizenzexpress.de\/fr\/wp-json\/wp\/v2\/product_cat?post=2526"},{"taxonomy":"product_tag","embeddable":true,"href":"https:\/\/softwarelizenzexpress.de\/fr\/wp-json\/wp\/v2\/product_tag?post=2526"}],"curies":[{"name":"wp","href":"https:\/\/api.w.org\/{rel}","templated":true}]}}