{"id":2499,"date":"2021-01-07T14:42:55","date_gmt":"2021-01-07T13:42:55","guid":{"rendered":"http:\/\/shop.windowsandoffice.net\/product\/import-placeholder-for-403\/"},"modified":"2026-04-16T18:11:15","modified_gmt":"2026-04-16T16:11:15","slug":"windows-server-2012-std-ess-dc-versions","status":"publish","type":"product","link":"https:\/\/softwarelizenzexpress.de\/fr\/product\/windows-server-2012-std-ess-dc-versions\/","title":{"rendered":"Microsoft Windows Server 2012 R2"},"content":{"rendered":"<p>Windows Server 2012 R2 est une \u00e9volution du standard industriel existant dans le domaine des syst\u00e8mes d'exploitation pour serveurs. Les trois versions suivantes sont disponibles :<\/p>\n<p><strong>Windows Server 2012 R2 Essentials<\/strong><\/p>\n<p>Windows Server 2012 R2 Essentials est une solution serveur flexible, \u00e9conomique et facile \u00e0 utiliser, con\u00e7ue pour les petites entreprises comptant jusqu'\u00e0 25 utilisateurs et 50 appareils. Windows Server Essentials est un premier serveur id\u00e9al et peut \u00e9galement \u00eatre utilis\u00e9 comme serveur principal dans un environnement multi-serveurs pour les petites entreprises.<\/p>\n<p><strong>Windows Server 2012 R2 Standard<\/strong><\/p>\n<p>Con\u00e7u pour les environnements \u00e0 faible densit\u00e9 ou les environnements non virtualis\u00e9s, Windows Server 2012 Standard offre toutes les fonctionnalit\u00e9s de Windows Server avec deux instances virtuelles. En outre, Windows Server 2012 R2 Standard offre une infrastructure dynamique et multi-tenant qui va au-del\u00e0 des technologies de virtualisation actuelles, ainsi qu'une plate-forme compl\u00e8te pour cr\u00e9er un cloud priv\u00e9 Microsoft. Cela vous permet de faire \u00e9voluer et de s\u00e9curiser les charges de travail, de disposer d'une solution cloud \u00e9conomique et d'une connectivit\u00e9 de service cloud s\u00e9curis\u00e9e.<\/p>\n<p><strong>Windows Server 2012 R2 Datacenter<\/strong><\/p>\n<p>Windows Server 2012 Datacenter est con\u00e7u pour la virtualisation \u00e0 haute densit\u00e9 avec un nombre illimit\u00e9 d'instances virtuelles. En outre, Windows Server 2012 R2 Datacenter offre une infrastructure dynamique et multi-tenant qui va au-del\u00e0 des technologies de virtualisation actuelles, ainsi qu'une plate-forme compl\u00e8te pour la cr\u00e9ation d'un cloud priv\u00e9 Microsoft. Vous pouvez ainsi faire \u00e9voluer et s\u00e9curiser les charges de travail, disposer d'une solution cloud \u00e9conomique et d'une connectivit\u00e9 de service cloud s\u00e9curis\u00e9e.<\/p>\n<p><strong>Configuration requise :<\/strong><\/p>\n<ul>\n<li>Processeur : Processeur 1,4 GHz 64 bits<\/li>\n<li>M\u00e9moire vive : 512 Mo<\/li>\n<li>Espace disque disponible : 32 Go<\/li>\n<li>Moniteur avec r\u00e9solution Super VGA (800 x 600) ou mieux<\/li>\n<li>Clavier et Microsoft Mouse (ou dispositif de pointage compatible)<\/li>\n<\/ul>\n<p><strong>soutien :<\/strong><\/p>\n<p class=\"translation-block\">Si vous avez des questions, n'h\u00e9sitez pas \u00e0 nous contacter <a href=\"mailto:deutschland@softwarelizenzexpress.de\" target=\"_self\" rel=\"noopener\">par e-mail<\/a>. Notre support client est disponible 7 jours sur 7, 24 heures sur 24.<\/p>","protected":false},"excerpt":{"rendered":"<ul>\n<li>Microsoft Windows Server 2012<\/li>\n<li>Versions disponibles pour les syst\u00e8mes 32 et 64 bits<\/li>\n<li>Envoi par courrier \u00e9lectronique : Cl\u00e9 de produit, instructions, liens de t\u00e9l\u00e9chargement, facture<\/li>\n<li>T\u00e9l\u00e9chargement imm\u00e9diat !<\/li>\n<li>Pas de limite de temps, pas d'abonnement<\/li>\n<li>Assistance gratuite \u00e0 l'installation et \u00e0 l'activation<\/li>\n<li>Pas de livraison sur support de donn\u00e9es (USB, CD, etc.)<\/li>\n<li>Activation en ligne et par t\u00e9l\u00e9phone<\/li>\n<\/ul>","protected":false},"featured_media":53645,"comment_status":"open","ping_status":"closed","template":"","meta":{"_acf_changed":false},"product_brand":[],"product_cat":[17],"product_tag":[],"class_list":{"0":"post-2499","1":"product","2":"type-product","3":"status-publish","4":"has-post-thumbnail","6":"product_cat-windows-servers","8":"first","9":"instock","10":"sale","11":"virtual","12":"taxable","13":"purchasable","14":"product-type-simple"},"acf":[],"_links":{"self":[{"href":"https:\/\/softwarelizenzexpress.de\/fr\/wp-json\/wp\/v2\/product\/2499","targetHints":{"allow":["GET"]}}],"collection":[{"href":"https:\/\/softwarelizenzexpress.de\/fr\/wp-json\/wp\/v2\/product"}],"about":[{"href":"https:\/\/softwarelizenzexpress.de\/fr\/wp-json\/wp\/v2\/types\/product"}],"replies":[{"embeddable":true,"href":"https:\/\/softwarelizenzexpress.de\/fr\/wp-json\/wp\/v2\/comments?post=2499"}],"wp:featuredmedia":[{"embeddable":true,"href":"https:\/\/softwarelizenzexpress.de\/fr\/wp-json\/wp\/v2\/media\/53645"}],"wp:attachment":[{"href":"https:\/\/softwarelizenzexpress.de\/fr\/wp-json\/wp\/v2\/media?parent=2499"}],"wp:term":[{"taxonomy":"product_brand","embeddable":true,"href":"https:\/\/softwarelizenzexpress.de\/fr\/wp-json\/wp\/v2\/product_brand?post=2499"},{"taxonomy":"product_cat","embeddable":true,"href":"https:\/\/softwarelizenzexpress.de\/fr\/wp-json\/wp\/v2\/product_cat?post=2499"},{"taxonomy":"product_tag","embeddable":true,"href":"https:\/\/softwarelizenzexpress.de\/fr\/wp-json\/wp\/v2\/product_tag?post=2499"}],"curies":[{"name":"wp","href":"https:\/\/api.w.org\/{rel}","templated":true}]}}