{"id":2490,"date":"2021-01-17T14:42:42","date_gmt":"2021-01-17T13:42:42","guid":{"rendered":"http:\/\/shop.windowsandoffice.net\/product\/import-placeholder-for-396\/"},"modified":"2024-07-09T16:12:58","modified_gmt":"2024-07-09T14:12:58","slug":"windows-server-2016-std-ess-dc-versions","status":"publish","type":"product","link":"https:\/\/softwarelizenzexpress.de\/fr\/product\/windows-server-2016-std-ess-dc-versions\/","title":{"rendered":"Microsoft Windows Server 2016"},"content":{"rendered":"<p>Windows Server 2016 est le successeur du principal standard industriel pour les syst\u00e8mes d'exploitation de serveurs. Il aide les entreprises \u00e0 r\u00e9ussir dans l'\u00e8re moderne du cloud et de la mobilit\u00e9. Trois versions diff\u00e9rentes sont disponibles :<\/p>\n<p><strong>Windows Server 2016 Essentials<\/strong><\/p>\n<p>est une solution serveur flexible, \u00e9conomique et facile \u00e0 utiliser, con\u00e7ue pour les petites entreprises comptant jusqu'\u00e0 25 utilisateurs et 50 appareils. Windows Server Essentials est un premier serveur id\u00e9al et peut \u00e9galement \u00eatre utilis\u00e9 comme serveur principal dans un environnement multi-serveurs pour les petites entreprises.<\/p>\n<p><strong>Windows Server 2016 Standard<\/strong><\/p>\n<p>La version standard de Windows Server 2016 offre un bon support aux entreprises qui souhaitent virtualiser leur environnement de travail. Cette version comprend<\/p>\n<ul>\n<li>2 Machines virtuelles<\/li>\n<li>2 conteneurs Hyper-V<\/li>\n<li>Nombre illimit\u00e9 de conteneurs Windows Server<\/li>\n<\/ul>\n<p><strong>Windows Server 2016 Datacenter<\/strong><\/p>\n<p>Cette \u00e9dition est id\u00e9ale pour les entreprises de toutes tailles qui ont besoin de charges de travail informatiques exigeantes n\u00e9cessitant un stockage, une virtualisation et un d\u00e9ploiement d'applications avanc\u00e9s. L'\u00e9dition comprend :<\/p>\n<ul>\n<li>Nombre illimit\u00e9 de machines virtuelles<\/li>\n<li>Nombre illimit\u00e9 de conteneurs Hyper-V<\/li>\n<li>Nombre illimit\u00e9 de conteneurs Windows Server<\/li>\n<li>Fonctions de stockage incluant Storage Replica et Storage Spaces Direct<\/li>\n<li>Nouvelle pile r\u00e9seau optimis\u00e9e<\/li>\n<li>Machines virtuelles prot\u00e9g\u00e9es et Host Guardian Services<\/li>\n<\/ul>\n<p><strong>Configuration requise :<\/strong><\/p>\n<ul>\n<li>Processeur : Processeur 1,4 GHz 64 bits<\/li>\n<li>M\u00e9moire vive : 512 Mo (2Go pour les serveurs avec l'option d'installation \"Desktop Experience\")<\/li>\n<li>Espace disque disponible : 60 Go<\/li>\n<li>Moniteur avec r\u00e9solution Super VGA (800 x 600) ou mieux<\/li>\n<li>Clavier et Microsoft Mouse (ou dispositif de pointage compatible)<\/li>\n<\/ul>\n<p><strong>soutien :<\/strong><\/p>\n<p class=\"translation-block\">Si vous avez des questions, n'h\u00e9sitez pas \u00e0 nous contacter <a href=\"mailto:deutschland@softwarelizenzexpress.de\" target=\"_self\" rel=\"noopener\">par e-mail<\/a>. Notre support client est disponible 7 jours sur 7, 24 heures sur 24.<\/p>","protected":false},"excerpt":{"rendered":"<ul>\n<li>Microsoft Windows Server 2016 (CALs vendues s\u00e9par\u00e9ment)<\/li>\n<li>Versions disponibles pour les syst\u00e8mes 32 et 64 bits<\/li>\n<li>Envoi par courrier \u00e9lectronique : Cl\u00e9 de produit, instructions, liens de t\u00e9l\u00e9chargement, facture<\/li>\n<li>T\u00e9l\u00e9chargement imm\u00e9diat !<\/li>\n<li>Pas de limite de temps, pas d'abonnement<\/li>\n<li>Assistance gratuite \u00e0 l'installation et \u00e0 l'activation<\/li>\n<li>Pas de livraison sur support de donn\u00e9es (USB, CD, etc.)<\/li>\n<li>Activation en ligne et par t\u00e9l\u00e9phone<\/li>\n<\/ul>","protected":false},"featured_media":53646,"comment_status":"open","ping_status":"closed","template":"","meta":{"_acf_changed":false},"product_brand":[],"product_cat":[17],"product_tag":[105],"class_list":{"0":"post-2490","1":"product","2":"type-product","3":"status-publish","4":"has-post-thumbnail","6":"product_cat-windows-servers","7":"product_tag-windows","9":"first","10":"instock","11":"sale","12":"virtual","13":"taxable","14":"purchasable","15":"product-type-simple"},"acf":[],"_links":{"self":[{"href":"https:\/\/softwarelizenzexpress.de\/fr\/wp-json\/wp\/v2\/product\/2490","targetHints":{"allow":["GET"]}}],"collection":[{"href":"https:\/\/softwarelizenzexpress.de\/fr\/wp-json\/wp\/v2\/product"}],"about":[{"href":"https:\/\/softwarelizenzexpress.de\/fr\/wp-json\/wp\/v2\/types\/product"}],"replies":[{"embeddable":true,"href":"https:\/\/softwarelizenzexpress.de\/fr\/wp-json\/wp\/v2\/comments?post=2490"}],"wp:featuredmedia":[{"embeddable":true,"href":"https:\/\/softwarelizenzexpress.de\/fr\/wp-json\/wp\/v2\/media\/53646"}],"wp:attachment":[{"href":"https:\/\/softwarelizenzexpress.de\/fr\/wp-json\/wp\/v2\/media?parent=2490"}],"wp:term":[{"taxonomy":"product_brand","embeddable":true,"href":"https:\/\/softwarelizenzexpress.de\/fr\/wp-json\/wp\/v2\/product_brand?post=2490"},{"taxonomy":"product_cat","embeddable":true,"href":"https:\/\/softwarelizenzexpress.de\/fr\/wp-json\/wp\/v2\/product_cat?post=2490"},{"taxonomy":"product_tag","embeddable":true,"href":"https:\/\/softwarelizenzexpress.de\/fr\/wp-json\/wp\/v2\/product_tag?post=2490"}],"curies":[{"name":"wp","href":"https:\/\/api.w.org\/{rel}","templated":true}]}}