{"id":2470,"date":"2021-03-01T14:42:41","date_gmt":"2021-03-01T13:42:41","guid":{"rendered":"http:\/\/shop.windowsandoffice.net\/product\/import-placeholder-for-375\/"},"modified":"2026-04-16T18:11:07","modified_gmt":"2026-04-16T16:11:07","slug":"ms-office-2010","status":"publish","type":"product","link":"https:\/\/softwarelizenzexpress.de\/fr\/product\/ms-office-2010\/","title":{"rendered":"Microsoft Office 2010 Professional Plus Licence pour 3 PC"},"content":{"rendered":"<p>Avec Office 2010, Microsoft int\u00e8gre plusieurs nouvelles fonctionnalit\u00e9s dans le logiciel Office : \u00e0 l'avenir, il y aura \u00e9galement des applications web de Word, Excel &amp; Co, parall\u00e8lement \u00e0 la variante de bureau.<\/p>\n<p>En outre, le pack Office prend en charge pour la premi\u00e8re fois le format Open XML d'Office, certifi\u00e9 ISO. En outre, Office 2010 propose un menu ruban remani\u00e9 dans le look de Windows 7 et des fonctions puissantes pour le bouton Office.<\/p>\n<p>Microsoft Office 2010 Professional Plus comprend ces applications :<\/p>\n<ul>\n<li><strong>Word 2010<\/strong>\u00a0- pour la cr\u00e9ation de documents attrayants<\/li>\n<li><strong>Excel 2010<\/strong>\u00a0- pour les analyses et les \u00e9valuations<\/li>\n<li><strong>PowerPoint 2010<\/strong>\u00a0- pour des pr\u00e9sentations exigeantes<\/li>\n<li><strong>Outlook 2010<\/strong>\u00a0- pour la gestion de vos e-mails, contacts, horaires et t\u00e2ches<\/li>\n<li><strong>OneNote 2010<\/strong>\u00a0- pour vos notes<\/li>\n<li><strong>\u00c9diteur 2010<\/strong>\u00a0- pour la r\u00e9alisation de publications professionnelles<\/li>\n<li><strong>Access 2010<\/strong>\u00a0- pour les applications de bases de donn\u00e9es bas\u00e9es sur un navigateur<\/li>\n<li><strong>Applications web<\/strong>\u00a0(Word, Excel, PowerPoint, OneNote)<\/li>\n<li><strong>InfoPath<\/strong>\u00a0- pour concevoir, distribuer et remplir des formulaires \u00e9lectroniques<\/li>\n<li><strong>Communicator<\/strong>\u00a0- pour le contact avec les clients et les coll\u00e8gues<\/li>\n<li><strong>Espace de travail SharePoint<\/strong>\u00a0- pour une collaboration ind\u00e9pendante du lieu avec les clients, les coll\u00e8gues et les fournisseurs<\/li>\n<\/ul>\n<p><strong>Configuration requise :<\/strong><\/p>\n<ul>\n<li>Processeur : 500 m\u00e9gahertz (MHz) ou mieux ; 1 gigahertz (GHz) pour Outlook avec Gestionnaire de contacts professionnels<\/li>\n<li>M\u00e9moire vive : 512 Mo ou plus<\/li>\n<li>Espace disque disponible : 3,5 gigaoctets (Go)<\/li>\n<li>Pour la version 32 bits d'Office 2010 : Windows XP (SP 3), Windows Server 2003 (SP2), MSXML 6.0<\/li>\n<li>Pour les versions 32 ou 64 bits d'Office 2010 : Windows Vista (SP1), Windows Server 2008, Windows 7, Terminal Server, Windows on Windows (WOW)<\/li>\n<\/ul>\n<p><strong>soutien :<\/strong><\/p>\n<p class=\"translation-block\">Si vous avez des questions, n'h\u00e9sitez pas \u00e0 nous contacter <a href=\"mailto:deutschland@softwarelizenzexpress.de\" target=\"_self\" rel=\"noopener\">par e-mail<\/a>. Notre support client est disponible 7 jours sur 7, 24 heures sur 24.<\/p>","protected":false},"excerpt":{"rendered":"<ul>\n<li>Microsoft Office 2010 Professional Plus Licence pour 3 PC<\/li>\n<li><strong>Avec cette licence, le logiciel peut \u00eatre activ\u00e9 sur 3 appareils diff\u00e9rents, par exemple un PC domestique, un ordinateur portable et un PC de travail.<\/strong><\/li>\n<li>Version pour syst\u00e8mes 32 et 64 bits, versions compl\u00e8tes illimit\u00e9es du logiciel <strong>du partenaire certifi\u00e9 Microsoft Gold<\/strong><\/li>\n<li><strong>Remboursement int\u00e9gral pendant 30 jours - Garantie de remplacement \u00e0 vie !<\/strong><\/li>\n<li>Livraison par e-mail : Cl\u00e9 de produit, instructions, liens de t\u00e9l\u00e9chargement, facture<\/li>\n<li>T\u00e9l\u00e9chargement imm\u00e9diat !<\/li>\n<li>Pas de limite de temps, pas d'abonnement<\/li>\n<li>Assistance gratuite 24h\/24 et 7j\/7 en cas de probl\u00e8mes d'installation et d'activation<\/li>\n<li>Pas de livraison sur support de donn\u00e9es (USB, CD, etc.)<\/li>\n<li>Activation en ligne et par t\u00e9l\u00e9phone<\/li>\n<li>Langues parl\u00e9es : Anglais, espagnol, italien, allemand, fran\u00e7ais<\/li>\n<li><strong><span style=\"color: #008000;\"> Ce produit est compatible avec Microsoft Windows.<\/span><\/strong><\/li>\n<li><strong><span style=\"color: #ff0000;\">NON compatible avec Apple macOS\u2122, les appareils Android et les Chromebooks.<\/span><\/strong><\/li>\n<\/ul>","protected":false},"featured_media":53647,"comment_status":"open","ping_status":"closed","template":"","meta":{"_acf_changed":false},"product_brand":[],"product_cat":[15],"product_tag":[108,111],"class_list":{"0":"post-2470","1":"product","2":"type-product","3":"status-publish","4":"has-post-thumbnail","6":"product_cat-ms-office","7":"product_tag-ms-office","8":"product_tag-ms-office-2010","10":"first","11":"instock","12":"sale","13":"virtual","14":"taxable","15":"purchasable","16":"product-type-simple"},"acf":[],"_links":{"self":[{"href":"https:\/\/softwarelizenzexpress.de\/fr\/wp-json\/wp\/v2\/product\/2470","targetHints":{"allow":["GET"]}}],"collection":[{"href":"https:\/\/softwarelizenzexpress.de\/fr\/wp-json\/wp\/v2\/product"}],"about":[{"href":"https:\/\/softwarelizenzexpress.de\/fr\/wp-json\/wp\/v2\/types\/product"}],"replies":[{"embeddable":true,"href":"https:\/\/softwarelizenzexpress.de\/fr\/wp-json\/wp\/v2\/comments?post=2470"}],"wp:featuredmedia":[{"embeddable":true,"href":"https:\/\/softwarelizenzexpress.de\/fr\/wp-json\/wp\/v2\/media\/53647"}],"wp:attachment":[{"href":"https:\/\/softwarelizenzexpress.de\/fr\/wp-json\/wp\/v2\/media?parent=2470"}],"wp:term":[{"taxonomy":"product_brand","embeddable":true,"href":"https:\/\/softwarelizenzexpress.de\/fr\/wp-json\/wp\/v2\/product_brand?post=2470"},{"taxonomy":"product_cat","embeddable":true,"href":"https:\/\/softwarelizenzexpress.de\/fr\/wp-json\/wp\/v2\/product_cat?post=2470"},{"taxonomy":"product_tag","embeddable":true,"href":"https:\/\/softwarelizenzexpress.de\/fr\/wp-json\/wp\/v2\/product_tag?post=2470"}],"curies":[{"name":"wp","href":"https:\/\/api.w.org\/{rel}","templated":true}]}}