{"id":2464,"date":"2021-03-05T14:42:40","date_gmt":"2021-03-05T13:42:40","guid":{"rendered":"http:\/\/shop.windowsandoffice.net\/product\/import-placeholder-for-368\/"},"modified":"2026-04-16T18:11:07","modified_gmt":"2026-04-16T16:11:07","slug":"ms-office-2013","status":"publish","type":"product","link":"https:\/\/softwarelizenzexpress.de\/fr\/product\/ms-office-2013\/","title":{"rendered":"Microsoft Office 2013 Professional Plus Licence pour 3 PC"},"content":{"rendered":"<h2 data-no-translation=\"\" data-trp-gettext=\"\">Beschreibung<\/h2>\n<p>Avec les programmes qu'il contient, Microsoft Office 2013 Professional Plus r\u00e9pond \u00e0 toutes les exigences pos\u00e9es \u00e0 un logiciel de bureautique complet. Que vous souhaitiez cr\u00e9er des lettres en s\u00e9rie, analyser des chiffres commerciaux, concevoir des pr\u00e9sentations, cr\u00e9er des bases de donn\u00e9es ou g\u00e9rer vos e-mails, vous r\u00e9aliserez vos projets professionnels et priv\u00e9s en un clin d'\u0153il gr\u00e2ce aux applications Office.<\/p>\n<p><strong>Quels sont les programmes inclus dans Office 2013 Professional Pus ?<\/strong><\/p>\n<ul>\n<li><strong>Word 2013\u00a0<\/strong>- pour la cr\u00e9ation et l'\u00e9dition de vos textes et documents<\/li>\n<li><strong>Excel 2013\u00a0<\/strong>- pour le traitement des enregistrements sous forme de tableaux<\/li>\n<li><strong>PowerPoint 2013\u00a0<\/strong>- pour la cr\u00e9ation de pr\u00e9sentations captivantes<\/li>\n<li><strong>Outlook 2013<\/strong>\u00a0- pour la gestion des e-mails, des contacts, des rendez-vous et des t\u00e2ches<\/li>\n<li><strong>OneNote 2013<\/strong>\u00a0- pour la cr\u00e9ation et la gestion de vos notes<\/li>\n<li><strong>\u00c9diteur 2013<\/strong>\u00a0- pour cr\u00e9er facilement des publications d'aspect professionnel<\/li>\n<li><strong>Access 2013<\/strong>\u00a0- pour la cr\u00e9ation de bases de donn\u00e9es avec acc\u00e8s \u00e0 Internet<\/li>\n<\/ul>\n<p>Les programmes de la suite Office supportent non seulement les formats OpenDocument mais aussi les formats Open XML. Une particularit\u00e9 : les fichiers PDF peuvent \u00eatre affich\u00e9s et trait\u00e9s dans Word. En outre, Microsoft Office Professional Plus 2013 met l'accent sur la mobilit\u00e9. Gr\u00e2ce \u00e0 l'espace de stockage en nuage OneDrive, il est possible d'acc\u00e9der aux donn\u00e9es de mani\u00e8re centralis\u00e9e \u00e0 partir de diff\u00e9rents terminaux. \u00c0 cet effet, le programme peut \u00e9galement \u00eatre adapt\u00e9 aux appareils tactiles. L'utilisateur peut ainsi y acc\u00e9der via un ordinateur de bureau, un ordinateur portable, une tablette, un appareil hybride ou un smartphone.<\/p>\n<p>L'application de messagerie Lync (Skype for Business) simplifie la communication interne et externe des entreprises. Gr\u00e2ce \u00e0 diff\u00e9rents supports de communication, l'utilisateur peut chatter, utiliser la t\u00e9l\u00e9phonie IP ou participer \u00e0 des vid\u00e9oconf\u00e9rences. InfoPath, quant \u00e0 lui, permet d'int\u00e9grer des formulaires \u00e9lectroniques dans le travail et de les partager avec les personnes souhait\u00e9es. Dans l'ensemble, ces applications suppl\u00e9mentaires de Microsoft Office 2013 Pro Plus permettent d'utiliser plus efficacement les canaux de communication. Les donn\u00e9es sont plus facilement accessibles. L'utilisateur peut les rassembler et les traiter plus facilement.<\/p>\n<p><strong>Configuration requise :<\/strong><\/p>\n<ul>\n<li>1,4 GHz, processeur double c\u0153ur<\/li>\n<li>Windows 7, Windows 8, Windows 10<\/li>\n<li>1 Go (32 bits), 2 Go (64 bits) de m\u00e9moire vive<\/li>\n<li>3 Go d'espace disque disponible<\/li>\n<li>L'acc\u00e9l\u00e9ration graphique requiert une carte graphique compatible DirectX 9.<\/li>\n<\/ul>","protected":false},"excerpt":{"rendered":"<ul>\n<li>Microsoft Office 2013 Professional Plus Licence pour 3 PC<\/li>\n<li><strong>Avec cette licence, le logiciel peut \u00eatre activ\u00e9 sur 3 appareils diff\u00e9rents, par exemple un PC domestique, un ordinateur portable et un PC de travail.<\/strong><\/li>\n<li>Version pour syst\u00e8mes 32 et 64 bits, versions compl\u00e8tes illimit\u00e9es du logiciel <strong>du partenaire certifi\u00e9 Microsoft Gold<\/strong><\/li>\n<li><strong>Remboursement int\u00e9gral pendant 30 jours - Garantie de remplacement \u00e0 vie !<\/strong><\/li>\n<li>Livraison par e-mail : Cl\u00e9 de produit, instructions, liens de t\u00e9l\u00e9chargement, facture<\/li>\n<li>T\u00e9l\u00e9chargement imm\u00e9diat !<\/li>\n<li>Pas de limite de temps, pas d'abonnement<\/li>\n<li>Assistance gratuite 24h\/24 et 7j\/7 en cas de probl\u00e8mes d'installation et d'activation<\/li>\n<li>Pas de livraison sur support de donn\u00e9es (USB, CD, etc.)<\/li>\n<li>Activation en ligne et par t\u00e9l\u00e9phone<\/li>\n<li>Langues parl\u00e9es : Anglais, espagnol, italien, allemand, fran\u00e7ais<\/li>\n<li><strong><span style=\"color: #008000;\"> Ce produit est compatible avec Microsoft Windows.<\/span><\/strong><\/li>\n<li><strong><span style=\"color: #ff0000;\">NON compatible avec Apple macOS\u2122, les appareils Android et les Chromebooks.<\/span><\/strong><\/li>\n<\/ul>","protected":false},"featured_media":53533,"comment_status":"open","ping_status":"closed","template":"","meta":{"_acf_changed":false},"product_brand":[],"product_cat":[15],"product_tag":[108],"class_list":{"0":"post-2464","1":"product","2":"type-product","3":"status-publish","4":"has-post-thumbnail","6":"product_cat-ms-office","7":"product_tag-ms-office","9":"first","10":"instock","11":"sale","12":"virtual","13":"taxable","14":"purchasable","15":"product-type-simple"},"acf":[],"_links":{"self":[{"href":"https:\/\/softwarelizenzexpress.de\/fr\/wp-json\/wp\/v2\/product\/2464","targetHints":{"allow":["GET"]}}],"collection":[{"href":"https:\/\/softwarelizenzexpress.de\/fr\/wp-json\/wp\/v2\/product"}],"about":[{"href":"https:\/\/softwarelizenzexpress.de\/fr\/wp-json\/wp\/v2\/types\/product"}],"replies":[{"embeddable":true,"href":"https:\/\/softwarelizenzexpress.de\/fr\/wp-json\/wp\/v2\/comments?post=2464"}],"wp:featuredmedia":[{"embeddable":true,"href":"https:\/\/softwarelizenzexpress.de\/fr\/wp-json\/wp\/v2\/media\/53533"}],"wp:attachment":[{"href":"https:\/\/softwarelizenzexpress.de\/fr\/wp-json\/wp\/v2\/media?parent=2464"}],"wp:term":[{"taxonomy":"product_brand","embeddable":true,"href":"https:\/\/softwarelizenzexpress.de\/fr\/wp-json\/wp\/v2\/product_brand?post=2464"},{"taxonomy":"product_cat","embeddable":true,"href":"https:\/\/softwarelizenzexpress.de\/fr\/wp-json\/wp\/v2\/product_cat?post=2464"},{"taxonomy":"product_tag","embeddable":true,"href":"https:\/\/softwarelizenzexpress.de\/fr\/wp-json\/wp\/v2\/product_tag?post=2464"}],"curies":[{"name":"wp","href":"https:\/\/api.w.org\/{rel}","templated":true}]}}