{"id":2454,"date":"2021-03-13T14:42:27","date_gmt":"2021-03-13T13:42:27","guid":{"rendered":"http:\/\/shop.windowsandoffice.net\/product\/import-placeholder-for-361\/"},"modified":"2026-04-16T18:11:07","modified_gmt":"2026-04-16T16:11:07","slug":"ms-office-2016","status":"publish","type":"product","link":"https:\/\/softwarelizenzexpress.de\/fr\/product\/ms-office-2016\/","title":{"rendered":"Microsoft Office 2016 Professional Plus Licence pour 3 PC"},"content":{"rendered":"<p>Avec les programmes inclus, Microsoft Office 2016 Professional Plus r\u00e9pond \u00e0 toutes les exigences pos\u00e9es \u00e0 un logiciel de bureau complet. Que vous souhaitiez cr\u00e9er des lettres en s\u00e9rie, analyser des chiffres commerciaux, concevoir des pr\u00e9sentations, cr\u00e9er des bases de donn\u00e9es ou g\u00e9rer vos e-mails, vous r\u00e9aliserez vos projets professionnels et priv\u00e9s en un clin d'\u0153il gr\u00e2ce aux applications Office.<\/p>\n<p><strong>Quels sont les programmes inclus dans Office 2016 Professional Pus ?<\/strong><\/p>\n<ul>\n<li><strong>Word 2016\u00a0<\/strong>- pour la cr\u00e9ation et l'\u00e9dition de vos textes et documents<\/li>\n<li><strong>Excel 2016\u00a0<\/strong>- pour le traitement des enregistrements sous forme de tableaux<\/li>\n<li><strong>PowerPoint 2016\u00a0<\/strong>- pour la cr\u00e9ation de pr\u00e9sentations captivantes<\/li>\n<li><strong>Outlook 2016<\/strong>\u00a0- pour la gestion des e-mails, des contacts, des rendez-vous et des t\u00e2ches<\/li>\n<li><strong>OneNote 2016<\/strong>\u00a0- pour la cr\u00e9ation et la gestion de vos notes<\/li>\n<li><strong>\u00c9diteur 2016<\/strong>\u00a0- pour cr\u00e9er facilement des publications d'aspect professionnel<\/li>\n<li><strong>Access 2016<\/strong>\u00a0- pour la cr\u00e9ation de bases de donn\u00e9es avec acc\u00e8s \u00e0 Internet<\/li>\n<li><strong>Skype for Business\u00a0<\/strong>- pour une productivit\u00e9 accrue gr\u00e2ce \u00e0 la messagerie instantan\u00e9e et \u00e0 une communication facile<\/li>\n<\/ul>\n<p><strong>Nouvelles fonctionnalit\u00e9s d'Office 2016 Professional Plus<\/strong><\/p>\n<ul>\n<li>\"Insights\" permet de rechercher des informations pertinentes directement \u00e0 partir du document en cours d'\u00e9dition. Il int\u00e8gre le moteur de recherche Bing dans votre environnement de travail L'assistant \"Tell Me\" vous permet de trouver plus rapidement les fonctions du programme<\/li>\n<li>\u00a0L'assistant \"Tell Me\" vous permet de trouver plus rapidement les fonctions du programme<\/li>\n<li>La fonction de remplissage automatique d'Excel reconna\u00eet les mod\u00e8les et compl\u00e8te automatiquement les s\u00e9ries de donn\u00e9es. Les tendances et d\u00e9veloppements futurs peuvent \u00eatre facilement pr\u00e9vus.<\/li>\n<li>L'option \"Photo Print\" int\u00e9gr\u00e9e dans Pulisher r\u00e9duit le temps d'\u00e9dition et garantit une impression professionnelle.<\/li>\n<li>Les pr\u00e9sentations PowerPoint peuvent d\u00e9sormais \u00eatre partag\u00e9es en ligne. Pour la lecture, il n'est pas n\u00e9cessaire d'avoir PowerPoint install\u00e9, par exemple chez le client.<\/li>\n<li>Le mode nuit permet de travailler les yeux ferm\u00e9s et sans se fatiguer<\/li>\n<li>Le service de cloud computing OneDrive offre 5 Go d'espace de stockage gratuit pour une collaboration et un travail d'\u00e9quipe simples et efficaces.<\/li>\n<\/ul>\n<p>La version r\u00e9vis\u00e9e du c\u00e9l\u00e8bre logiciel de bureautique apporte quelques nouvelles fonctionnalit\u00e9s qui vous aideront parfaitement dans votre travail quotidien. La fonction \"Insights\" vous permet de rechercher des informations sur Internet via Bing directement \u00e0 partir de documents, que vous pouvez utiliser \u00e0 vos fins. Ins\u00e9rez les r\u00e9sultats directement dans vos documents et obtenez des r\u00e9sultats encore meilleurs. Si vous ne trouvez pas une fonction souhait\u00e9e ou si vous avez besoin d'aide pour l'utiliser, l'assistant de recherche \"Tell Me\" est \u00e0 votre disposition. Il permet de trouver rapidement des fonctions individuelles dans les programmes. Le nouveau ruban de menu vous permet \u00e9galement d'avoir toutes les fonctions importantes \u00e0 port\u00e9e de main. Microsoft Office Professional Plus 2016 garantit ainsi une navigation intuitive au sein des programmes. Le lien avec OneDrive vous permet de travailler de mani\u00e8re flexible et de partager facilement des contenus avec vos coll\u00e8gues.<\/p>\n<p>Skype for Business, int\u00e9gr\u00e9 \u00e0 Office Pro Plus 2016, am\u00e9liore la communication au sein de votre entreprise. Restez en contact permanent avec vos collaborateurs et coll\u00e8gues. Gr\u00e2ce \u00e0 Office 2016 Professional Plus, vous pouvez profiter de nouvelles possibilit\u00e9s en mati\u00e8re de t\u00e9l\u00e9phonie IP, de messagerie instantan\u00e9e et de vid\u00e9oconf\u00e9rence. En quelques clics, vous \u00e9changez des informations, r\u00e9pondez \u00e0 des questions sur des projets et organisez des r\u00e9unions virtuelles. Gr\u00e2ce \u00e0 l'\u00e9change de donn\u00e9es via OneDrive, vous \u00eates plus flexible que jamais. Le travail en commun, ind\u00e9pendamment de l'endroit o\u00f9 vous vous trouvez, permet \u00e0 vos projets de progresser constamment. Avec Microsoft Office Professional Plus 2016, augmentez la productivit\u00e9 de votre entreprise.<\/p>\n<p><strong>Configuration requise :<\/strong><\/p>\n<ul>\n<li>1,4 GHz, processeur double c\u0153ur<\/li>\n<li>Windows 7 SP1, Windows 8, Windows 10<\/li>\n<li>1 Go (32 bits), 2 Go (64 bits) de m\u00e9moire vive<\/li>\n<li>3 Go d'espace disque disponible<\/li>\n<li>L'acc\u00e9l\u00e9ration graphique requiert une carte graphique compatible DirectX 9.<\/li>\n<\/ul>\n<p><strong>soutien :<\/strong><\/p>\n<p class=\"translation-block\">Si vous avez des questions, n'h\u00e9sitez pas \u00e0 nous contacter <a href=\"mailto:deutschland@softwarelizenzexpress.de\" target=\"_self\" rel=\"noopener\">par e-mail<\/a>. Notre support client est disponible 7 jours sur 7, 24 heures sur 24.<\/p>","protected":false},"excerpt":{"rendered":"<ul>\n<li>Microsoft Office 2016 Professional Plus Licence pour 3 PC<\/li>\n<li><strong>Avec cette licence, le logiciel peut \u00eatre activ\u00e9 sur 3 appareils diff\u00e9rents, par exemple un PC domestique, un ordinateur portable et un PC de travail.<\/strong><\/li>\n<li>Version pour syst\u00e8mes 32 et 64 bits, versions compl\u00e8tes illimit\u00e9es du logiciel <strong>du partenaire certifi\u00e9 Microsoft Gold<\/strong><\/li>\n<li><strong>Remboursement int\u00e9gral pendant 30 jours - Garantie de remplacement \u00e0 vie !<\/strong><\/li>\n<li>Livraison par e-mail : Cl\u00e9 de produit, instructions, liens de t\u00e9l\u00e9chargement, facture<\/li>\n<li>T\u00e9l\u00e9chargement imm\u00e9diat !<\/li>\n<li>Pas de limite de temps, pas d'abonnement<\/li>\n<li>Assistance gratuite 24h\/24 et 7j\/7 en cas de probl\u00e8mes d'installation et d'activation<\/li>\n<li>Pas de livraison sur support de donn\u00e9es (USB, CD, etc.)<\/li>\n<li>Activation en ligne et par t\u00e9l\u00e9phone<\/li>\n<li>Langues parl\u00e9es : Anglais, espagnol, italien, allemand, fran\u00e7ais<\/li>\n<li><strong><span style=\"color: #008000;\"> Ce produit est compatible avec Microsoft Windows.<\/span><\/strong><\/li>\n<li><strong><span style=\"color: #ff0000;\">NON compatible avec Apple macOS\u2122, les appareils Android et les Chromebooks.<\/span><\/strong><\/li>\n<\/ul>","protected":false},"featured_media":53536,"comment_status":"open","ping_status":"closed","template":"","meta":{"_acf_changed":false},"product_brand":[],"product_cat":[15],"product_tag":[108,110],"class_list":{"0":"post-2454","1":"product","2":"type-product","3":"status-publish","4":"has-post-thumbnail","6":"product_cat-ms-office","7":"product_tag-ms-office","8":"product_tag-ms-office-2016","10":"first","11":"instock","12":"sale","13":"virtual","14":"taxable","15":"purchasable","16":"product-type-simple"},"acf":[],"_links":{"self":[{"href":"https:\/\/softwarelizenzexpress.de\/fr\/wp-json\/wp\/v2\/product\/2454","targetHints":{"allow":["GET"]}}],"collection":[{"href":"https:\/\/softwarelizenzexpress.de\/fr\/wp-json\/wp\/v2\/product"}],"about":[{"href":"https:\/\/softwarelizenzexpress.de\/fr\/wp-json\/wp\/v2\/types\/product"}],"replies":[{"embeddable":true,"href":"https:\/\/softwarelizenzexpress.de\/fr\/wp-json\/wp\/v2\/comments?post=2454"}],"wp:featuredmedia":[{"embeddable":true,"href":"https:\/\/softwarelizenzexpress.de\/fr\/wp-json\/wp\/v2\/media\/53536"}],"wp:attachment":[{"href":"https:\/\/softwarelizenzexpress.de\/fr\/wp-json\/wp\/v2\/media?parent=2454"}],"wp:term":[{"taxonomy":"product_brand","embeddable":true,"href":"https:\/\/softwarelizenzexpress.de\/fr\/wp-json\/wp\/v2\/product_brand?post=2454"},{"taxonomy":"product_cat","embeddable":true,"href":"https:\/\/softwarelizenzexpress.de\/fr\/wp-json\/wp\/v2\/product_cat?post=2454"},{"taxonomy":"product_tag","embeddable":true,"href":"https:\/\/softwarelizenzexpress.de\/fr\/wp-json\/wp\/v2\/product_tag?post=2454"}],"curies":[{"name":"wp","href":"https:\/\/api.w.org\/{rel}","templated":true}]}}