{"id":2448,"date":"2021-03-23T14:42:26","date_gmt":"2021-03-23T13:42:26","guid":{"rendered":"http:\/\/shop.windowsandoffice.net\/product\/import-placeholder-for-336\/"},"modified":"2026-04-16T18:11:07","modified_gmt":"2026-04-16T16:11:07","slug":"ms-office-2019","status":"publish","type":"product","link":"https:\/\/softwarelizenzexpress.de\/fr\/product\/ms-office-2019\/","title":{"rendered":"Microsoft Office 2019 Professional Plus Licence pour 3 PC"},"content":{"rendered":"<p>Optez d\u00e8s aujourd'hui pour Office 2019 Professional Plus et vous obtiendrez la solution bureautique la plus moderne de la maison Microsoft. En plus des applications connues, vous aurez automatiquement acc\u00e8s aux applications bas\u00e9es sur le navigateur et \u00e0 Skype for Business. Gr\u00e2ce \u00e0 une communication simplifi\u00e9e, vous pouvez collaborer encore plus efficacement avec d'autres personnes.<\/p>\n<p><strong>Tout ce dont vous avez besoin en un coup d'\u0153il :<\/strong><\/p>\n<ul>\n<li><strong>Word 2019\u00a0<\/strong>- pour la cr\u00e9ation et l'\u00e9dition de vos textes et documents<\/li>\n<li><strong>Excel 2019\u00a0<\/strong>- pour le traitement des enregistrements sous forme de tableaux<\/li>\n<li><strong>PowerPoint 2019\u00a0<\/strong>- pour la cr\u00e9ation de pr\u00e9sentations captivantes<\/li>\n<li><strong>Outlook 2019<\/strong>\u00a0- pour la gestion des e-mails, des contacts, des rendez-vous et des t\u00e2ches<\/li>\n<li><strong>\u00c9diteur 2019<\/strong>\u00a0- pour cr\u00e9er facilement des publications d'aspect professionnel<\/li>\n<li><strong>Access 2019<\/strong>\u00a0- pour la cr\u00e9ation de bases de donn\u00e9es avec acc\u00e8s \u00e0 Internet<\/li>\n<li><strong>Lync 2019<\/strong>\u00a0(Skype for Business) - pour une productivit\u00e9 accrue gr\u00e2ce \u00e0 la messagerie instantan\u00e9e et \u00e0 la facilit\u00e9 de communication et de collaboration avec la vid\u00e9oconf\u00e9rence HD<\/li>\n<li><strong>Applications web<\/strong>\u00a0(Word, Excel, PowerPoint)<\/li>\n<\/ul>\n<p>OneNote ne fait plus partie du pack Office, mais est disponible en tant qu'application standard dans Windows 10, qui est une condition pr\u00e9alable \u00e0 l'utilisation d'Office 2019.\u00a0<strong>Les versions ant\u00e9rieures de Windows ne sont pas prises en charge.<\/strong><\/p>\n<p><strong>Coop\u00e9ration<\/strong><\/p>\n<p>Le travail collaboratif est une nouveaut\u00e9 importante et d\u00e9cisive du package Microsoft Office. Vos collaborateurs peuvent apporter des modifications \u00e0 un fichier ou poursuivre le document en m\u00eame temps. Cette possibilit\u00e9 existe pour tous les composants de Microsoft Office, de Word \u00e0 Excel, PowerPoint et OneNote. Il suffit d'enregistrer les fichiers sur OneDrive ou OneDrive for Business ou SharePoint Online et de les partager avec les collaborateurs concern\u00e9s. Le partage se fait tr\u00e8s simplement \u00e0 l'aide d'un bouton dans le programme.<\/p>\n<p>Skype for Business est un autre outil du pack Office 2019 Professional Plus qui favorise la collaboration. Les utilisateurs peuvent voir d'un coup d'\u0153il le statut en ligne des membres de l'\u00e9quipe et lancer une discussion, un appel Internet, une conversation de groupe ou une transmission vid\u00e9o selon les besoins.<\/p>\n<p><strong>Utiliser son temps plus efficacement gr\u00e2ce \u00e0 un programme de messagerie intelligent<\/strong><\/p>\n<p>La bo\u00eete de r\u00e9ception est rapidement remplie de courriels sans importance et de spams. Cela a pour cons\u00e9quence que vous ou vos collaborateurs ne pouvez pas travailler efficacement et que vous perdez du temps. Microsoft Outlook 2019 a \u00e9t\u00e9 perfectionn\u00e9 et compl\u00e9t\u00e9 par la fonction \"Clutter\", de sorte que le programme reconna\u00eet m\u00eame les e-mails non pertinents et les \u00e9limine imm\u00e9diatement. Votre bo\u00eete de r\u00e9ception est ainsi plus claire et vous pouvez vous consacrer aux t\u00e2ches vraiment importantes.<\/p>\n<p><strong>Une s\u00e9curit\u00e9 renforc\u00e9e pour votre bureau num\u00e9rique<\/strong><\/p>\n<p>Une autre nouveaut\u00e9 est l'am\u00e9lioration de la s\u00e9curit\u00e9 avec \"Data Loss Prevention\". Les programmes permettent de contr\u00f4ler plus facilement les informations qui sont int\u00e9gr\u00e9es et transmises dans les documents. En outre, les administrateurs ont la possibilit\u00e9 de bloquer ou de restreindre l'acc\u00e8s \u00e0 certaines donn\u00e9es. En outre, les utilisateurs sont sensibilis\u00e9s au risque de perte de donn\u00e9es gr\u00e2ce \u00e0 des notifications sur les risques potentiels. Gr\u00e2ce aux services cloud comme OneDrive, vos donn\u00e9es ne sont pas perdues, m\u00eame en cas de panne d'un serveur ou d'un appareil. Vous pouvez facilement acc\u00e9der aux fichiers et les modifier de n'importe o\u00f9 dans le monde.<\/p>\n<p><strong>Configuration requise :<br \/>\n<\/strong><\/p>\n<ul>\n<li>1,6 GHz, processeur double c\u0153ur<\/li>\n<li>Syst\u00e8me d'exploitation Windows 10<\/li>\n<li>2 Go (32bit), 4 Go (64bit) de m\u00e9moire vive<\/li>\n<li>4 Go d'espace disque disponible<\/li>\n<li>L'acc\u00e9l\u00e9ration graphique requiert une carte graphique compatible DirectX 10<\/li>\n<\/ul>\n<p><strong>soutien :<\/strong><\/p>\n<p class=\"translation-block\">Si vous avez des questions, n'h\u00e9sitez pas \u00e0 nous contacter <a href=\"mailto:deutschland@softwarelizenzexpress.de\" target=\"_self\" rel=\"noopener\">par e-mail<\/a>. Notre support client est disponible 7 jours sur 7, 24 heures sur 24.<\/p>","protected":false},"excerpt":{"rendered":"<ul>\n<li>Microsoft Office 2019 Professional Plus Licence pour 3 PC<\/li>\n<li>Versions disponibles pour les syst\u00e8mes 32 et 64 bits<\/li>\n<li>Envoi par courrier \u00e9lectronique : Cl\u00e9 de produit, instructions, liens de t\u00e9l\u00e9chargement, facture<\/li>\n<li>T\u00e9l\u00e9chargement imm\u00e9diat !<\/li>\n<li>Pas de limite de temps, pas d'abonnement<\/li>\n<li>Assistance gratuite \u00e0 l'installation et \u00e0 l'activation<\/li>\n<li>Pas de livraison sur support de donn\u00e9es (USB, CD, etc.)<\/li>\n<li>Activation en ligne et par t\u00e9l\u00e9phone<\/li>\n<li class=\"translation-block\">Ce produit n'est <strong>PAS compatible avec les syst\u00e8mes d'exploitation Apple<\/strong> (MacOS, iPadOS, iOS), <strong>Chromebooks<\/strong>.<\/li>\n<li><strong>PAS compatible avec les appareils Android<\/strong><\/li>\n<\/ul>","protected":false},"featured_media":53538,"comment_status":"open","ping_status":"closed","template":"","meta":{"_acf_changed":false},"product_brand":[],"product_cat":[15],"product_tag":[107,108,109],"class_list":{"0":"post-2448","1":"product","2":"type-product","3":"status-publish","4":"has-post-thumbnail","6":"product_cat-ms-office","7":"product_tag-excellence","8":"product_tag-ms-office","9":"product_tag-security","11":"first","12":"instock","13":"sale","14":"virtual","15":"taxable","16":"purchasable","17":"product-type-simple"},"acf":[],"_links":{"self":[{"href":"https:\/\/softwarelizenzexpress.de\/fr\/wp-json\/wp\/v2\/product\/2448","targetHints":{"allow":["GET"]}}],"collection":[{"href":"https:\/\/softwarelizenzexpress.de\/fr\/wp-json\/wp\/v2\/product"}],"about":[{"href":"https:\/\/softwarelizenzexpress.de\/fr\/wp-json\/wp\/v2\/types\/product"}],"replies":[{"embeddable":true,"href":"https:\/\/softwarelizenzexpress.de\/fr\/wp-json\/wp\/v2\/comments?post=2448"}],"wp:featuredmedia":[{"embeddable":true,"href":"https:\/\/softwarelizenzexpress.de\/fr\/wp-json\/wp\/v2\/media\/53538"}],"wp:attachment":[{"href":"https:\/\/softwarelizenzexpress.de\/fr\/wp-json\/wp\/v2\/media?parent=2448"}],"wp:term":[{"taxonomy":"product_brand","embeddable":true,"href":"https:\/\/softwarelizenzexpress.de\/fr\/wp-json\/wp\/v2\/product_brand?post=2448"},{"taxonomy":"product_cat","embeddable":true,"href":"https:\/\/softwarelizenzexpress.de\/fr\/wp-json\/wp\/v2\/product_cat?post=2448"},{"taxonomy":"product_tag","embeddable":true,"href":"https:\/\/softwarelizenzexpress.de\/fr\/wp-json\/wp\/v2\/product_tag?post=2448"}],"curies":[{"name":"wp","href":"https:\/\/api.w.org\/{rel}","templated":true}]}}