{"id":2436,"date":"2021-04-15T14:42:25","date_gmt":"2021-04-15T12:42:25","guid":{"rendered":"http:\/\/shop.windowsandoffice.net\/product\/import-placeholder-for-229\/"},"modified":"2026-04-16T18:11:07","modified_gmt":"2026-04-16T16:11:07","slug":"windows-10-home","status":"publish","type":"product","link":"https:\/\/softwarelizenzexpress.de\/fr\/product\/windows-10-home\/","title":{"rendered":"Microsoft Windows 10 Home"},"content":{"rendered":"<p>Avec un ordinateur \u00e9quip\u00e9 de Windows 10 Home, toutes les possibilit\u00e9s s'offrent \u00e0 vous.<\/p>\n<ul>\n<li>Fonctionnalit\u00e9s de s\u00e9curit\u00e9 int\u00e9gr\u00e9es telles qu'un logiciel antivirus, un pare-feu et des m\u00e9canismes de protection Internet<\/li>\n<li>Scannez votre visage ou votre empreinte digitale avec Windows Hello pour d\u00e9verrouiller votre ordinateur rapidement, en toute s\u00e9curit\u00e9 et sans mot de passe.<\/li>\n<li>L'assistant de notification vous permet de bloquer les notifications, les sons et les alertes afin de ne pas \u00eatre distrait pendant votre travail.<\/li>\n<li>La chronologie vous permet de faire d\u00e9filer rapidement et facilement vos documents, applications et sites web r\u00e9cemment utilis\u00e9s<\/li>\n<li>Microsoft Photos vous permet d'organiser, de rechercher, de modifier et de partager facilement vos photos et vid\u00e9os.<\/li>\n<li>Game Bar vous permet de diffuser instantan\u00e9ment vos jeux en direct, d'effectuer des captures d'\u00e9cran et de r\u00e9gler pr\u00e9cis\u00e9ment les param\u00e8tres audio.<\/li>\n<\/ul>\n<p>Vous b\u00e9n\u00e9ficierez de d\u00e9marrages plus rapides, d'un menu de d\u00e9marrage familier mais am\u00e9lior\u00e9 et de nouvelles fa\u00e7ons d'effectuer des t\u00e2ches rapidement et efficacement. Vous b\u00e9n\u00e9ficiez \u00e9galement de nouvelles fonctionnalit\u00e9s telles qu'un tout nouveau navigateur pour mieux naviguer sur le web et votre assistant num\u00e9rique personnel Cortana. Cortana vous accompagne sur tous vos appareils Windows 10 et vous aide \u00e0 faire les choses. Elle en apprend toujours plus sur vous au fil du temps et peut vous aider chaque jour davantage.<\/p>\n<p><strong>Windows 10 Home<\/strong>\u00a0vous soutient de mani\u00e8re optimale dans tout ce que vous faites. Gardez une vue d'ensemble en ancrant simplement des applications et en optimisant l'affichage pour un travail plus productif. Ancrez jusqu'\u00e0 quatre applications simultan\u00e9ment et cr\u00e9ez des bureaux virtuels si vous avez besoin de plus d'espace ou si vous souhaitez regrouper du contenu pour un projet, par exemple des applications bureautiques pour le travail et des jeux pour les loisirs.<\/p>\n<p><strong>Windows 10<\/strong>\u00a0est compatible avec le mat\u00e9riel, les logiciels et les p\u00e9riph\u00e9riques que vous poss\u00e9dez d\u00e9j\u00e0. Maintenez votre syst\u00e8me \u00e0 jour avec de nouvelles fonctionnalit\u00e9s et des caract\u00e9ristiques de s\u00e9curit\u00e9 tout au long de la dur\u00e9e de vie du produit.<\/p>\n<p><strong>Configuration requise :<br \/>\n<\/strong><\/p>\n<ul>\n<li>Minimum. Processeur 1 GHz ou plus rapide<\/li>\n<li>1 Go (32 bits), 2 Go (64 bits) de m\u00e9moire vive<\/li>\n<li>20 Go d'espace disque disponible<\/li>\n<li>Carte graphique avec processeur graphique DirectX 9 et pilote WDDM<\/li>\n<\/ul>\n<p><strong>soutien :<\/strong><\/p>\n<p class=\"translation-block\">Si vous avez des questions, n'h\u00e9sitez pas \u00e0 nous contacter <a href=\"mailto:deutschland@softwarelizenzexpress.de\" target=\"_self\" rel=\"noopener\">par e-mail<\/a>. Notre support client est disponible 7 jours sur 7, 24 heures sur 24.<\/p>","protected":false},"excerpt":{"rendered":"<ul>\n<li>Microsoft Windows 10 Home pour 1 PC<\/li>\n<li>Versions disponibles pour les syst\u00e8mes 32 et 64 bits<\/li>\n<li>Envoi par courrier \u00e9lectronique : Cl\u00e9 de produit, instructions, liens de t\u00e9l\u00e9chargement, facture<\/li>\n<li>T\u00e9l\u00e9chargement imm\u00e9diat !<\/li>\n<li>Pas de limite de temps, pas d'abonnement<\/li>\n<li>Assistance gratuite \u00e0 l'installation et \u00e0 l'activation<\/li>\n<li>Pas de livraison sur support de donn\u00e9es (USB, CD, etc.)<\/li>\n<li>Activation en ligne et par t\u00e9l\u00e9phone<\/li>\n<li class=\"translation-block\">Ce produit n'est <strong>PAS compatible avec les syst\u00e8mes d'exploitation Apple<\/strong> (MacOS, iPadOS, iOS), <strong>Chromebooks<\/strong>.<\/li>\n<li><strong>PAS compatible avec les appareils Android<\/strong><\/li>\n<\/ul>","protected":false},"featured_media":53634,"comment_status":"open","ping_status":"closed","template":"","meta":{"_acf_changed":false},"product_brand":[],"product_cat":[23],"product_tag":[106],"class_list":{"0":"post-2436","1":"product","2":"type-product","3":"status-publish","4":"has-post-thumbnail","6":"product_cat-windows-desktop","7":"product_tag-windows-10-pro","9":"first","10":"instock","11":"sale","12":"virtual","13":"taxable","14":"purchasable","15":"product-type-simple"},"acf":[],"_links":{"self":[{"href":"https:\/\/softwarelizenzexpress.de\/fr\/wp-json\/wp\/v2\/product\/2436","targetHints":{"allow":["GET"]}}],"collection":[{"href":"https:\/\/softwarelizenzexpress.de\/fr\/wp-json\/wp\/v2\/product"}],"about":[{"href":"https:\/\/softwarelizenzexpress.de\/fr\/wp-json\/wp\/v2\/types\/product"}],"replies":[{"embeddable":true,"href":"https:\/\/softwarelizenzexpress.de\/fr\/wp-json\/wp\/v2\/comments?post=2436"}],"wp:featuredmedia":[{"embeddable":true,"href":"https:\/\/softwarelizenzexpress.de\/fr\/wp-json\/wp\/v2\/media\/53634"}],"wp:attachment":[{"href":"https:\/\/softwarelizenzexpress.de\/fr\/wp-json\/wp\/v2\/media?parent=2436"}],"wp:term":[{"taxonomy":"product_brand","embeddable":true,"href":"https:\/\/softwarelizenzexpress.de\/fr\/wp-json\/wp\/v2\/product_brand?post=2436"},{"taxonomy":"product_cat","embeddable":true,"href":"https:\/\/softwarelizenzexpress.de\/fr\/wp-json\/wp\/v2\/product_cat?post=2436"},{"taxonomy":"product_tag","embeddable":true,"href":"https:\/\/softwarelizenzexpress.de\/fr\/wp-json\/wp\/v2\/product_tag?post=2436"}],"curies":[{"name":"wp","href":"https:\/\/api.w.org\/{rel}","templated":true}]}}