{"id":2430,"date":"2021-04-16T14:42:25","date_gmt":"2021-04-16T12:42:25","guid":{"rendered":"http:\/\/shop.windowsandoffice.net\/product\/import-placeholder-for-208\/"},"modified":"2026-04-16T18:11:07","modified_gmt":"2026-04-16T16:11:07","slug":"windows-10-pro","status":"publish","type":"product","link":"https:\/\/softwarelizenzexpress.de\/fr\/product\/windows-10-pro\/","title":{"rendered":"Microsoft Windows 10 Professional Licence pour 3 PC"},"content":{"rendered":"<p>Windows 10 Professionnel est le syst\u00e8me d'exploitation le plus avanc\u00e9 et le plus s\u00fbr jamais con\u00e7u. Avec ses applications, ses fonctionnalit\u00e9s et ses fonctions de s\u00e9curit\u00e9 universelles, il est parfaitement adapt\u00e9 aux ordinateurs de bureau, aux ordinateurs portables et aux tablettes. Les nouvelles versions et les mises \u00e0 jour automatiques de vos applications et fonctionnalit\u00e9s garantissent l'efficacit\u00e9 et la s\u00e9curit\u00e9 de votre appareil.<\/p>\n<p>Avec Windows 10 Professional au c\u0153ur de votre ordinateur, vous pouvez tout faire<\/p>\n<ul>\n<li>Fonctionnalit\u00e9s de s\u00e9curit\u00e9 int\u00e9gr\u00e9es telles qu'un logiciel antivirus, un pare-feu et des m\u00e9canismes de protection Internet<\/li>\n<li>Scannez votre visage ou votre empreinte digitale avec Windows Hello pour d\u00e9verrouiller votre ordinateur rapidement, en toute s\u00e9curit\u00e9 et sans mot de passe.<\/li>\n<li>L'assistant de notification vous permet de bloquer les notifications, les sons et les alertes afin de ne pas \u00eatre distrait pendant votre travail.<\/li>\n<li>La chronologie vous permet de faire d\u00e9filer rapidement et facilement vos documents, applications et sites web r\u00e9cemment utilis\u00e9s<\/li>\n<li>Microsoft Photos vous permet d'organiser, de rechercher, de modifier et de partager facilement vos photos et vid\u00e9os.<\/li>\n<li>Game Bar vous permet de diffuser instantan\u00e9ment vos jeux en direct, d'effectuer des captures d'\u00e9cran et de r\u00e9gler pr\u00e9cis\u00e9ment les param\u00e8tres audio.<\/li>\n<li>Remote Desktop vous permet d'acc\u00e9der \u00e0 distance, via Internet, \u00e0 votre propre PC, c'est-\u00e0-dire \u00e0 tous les fichiers, dossiers et applications.<\/li>\n<li>Windows Information Protection (WIP) vous prot\u00e8ge contre le vol de donn\u00e9es sans limiter l'utilisation du syst\u00e8me.<\/li>\n<li>BitLocker Drive Encryption est une fonction de protection des donn\u00e9es int\u00e9gr\u00e9e dans le syst\u00e8me d'exploitation. Elle prot\u00e8ge contre le vol de donn\u00e9es, en particulier sur les ordinateurs vol\u00e9s.<\/li>\n<li>Outils pour les applications professionnelles<\/li>\n<\/ul>\n<p>Vous b\u00e9n\u00e9ficierez de d\u00e9marrages plus rapides, d'un menu de d\u00e9marrage familier mais am\u00e9lior\u00e9 et de nouvelles fa\u00e7ons d'effectuer des t\u00e2ches rapidement et efficacement. Vous b\u00e9n\u00e9ficiez \u00e9galement de nouvelles fonctionnalit\u00e9s telles qu'un tout nouveau navigateur pour mieux naviguer sur le web et votre assistant num\u00e9rique personnel Cortana. Cortana vous accompagne sur tous vos appareils Windows 10 et vous aide \u00e0 faire les choses. Elle en apprend toujours plus sur vous au fil du temps et peut vous aider chaque jour davantage.<\/p>\n<p><strong>Windows 10 Professionnel\u00a0<\/strong>vous soutient de mani\u00e8re optimale dans tout ce que vous faites. Gardez une vue d'ensemble en ancrant simplement des applications et en optimisant l'affichage pour un travail plus productif. Ancrez jusqu'\u00e0 quatre applications simultan\u00e9ment et cr\u00e9ez des bureaux virtuels si vous avez besoin de plus d'espace ou si vous souhaitez regrouper du contenu pour un projet, par exemple des applications bureautiques pour le travail et des jeux pour les loisirs.<\/p>\n<p class=\"translation-block\"><strong>Windows 10<\/strong> est compatible avec le mat\u00e9riel, les logiciels et les p\u00e9riph\u00e9riques que vous utilisez d\u00e9j\u00e0. Maintenez votre syst\u00e8me \u00e0 jour en termes de fonctionnalit\u00e9s et de s\u00e9curit\u00e9 pendant la dur\u00e9e de vie prise en charge de votre appareil.<\/p>\n<p><strong>Configuration requise :<br \/>\n<\/strong><\/p>\n<ul>\n<li>Minimum. Processeur 1 GHz ou plus rapide<\/li>\n<li>1 Go (32 bits), 2 Go (64 bits) de m\u00e9moire vive<\/li>\n<li>20 Go d'espace disque disponible<\/li>\n<li>Carte graphique avec processeur graphique DirectX 9 et pilote WDDM<\/li>\n<\/ul>\n<p><strong>soutien :<\/strong><\/p>\n<p class=\"translation-block\">Si vous avez des questions, n'h\u00e9sitez pas \u00e0 nous contacter <a href=\"mailto:deutschland@softwarelizenzexpress.de\" target=\"_self\" rel=\"noopener\">par e-mail<\/a>. Notre support client est disponible 7 jours sur 7, 24 heures sur 24.<\/p>","protected":false},"excerpt":{"rendered":"<ul>\n<li>Microsoft Windows 10 Professional Licence pour 3 PC<\/li>\n<li>Versions disponibles pour les syst\u00e8mes 32 et 64 bits<\/li>\n<li>Envoi par courrier \u00e9lectronique : Cl\u00e9 de produit, instructions, liens de t\u00e9l\u00e9chargement, facture<\/li>\n<li>T\u00e9l\u00e9chargement imm\u00e9diat !<\/li>\n<li>Pas de limite de temps, pas d'abonnement<\/li>\n<li>Assistance gratuite \u00e0 l'installation et \u00e0 l'activation<\/li>\n<li>Pas de livraison sur support de donn\u00e9es (USB, CD, etc.)<\/li>\n<li>Activation en ligne et par t\u00e9l\u00e9phone<\/li>\n<li class=\"translation-block\">Ce produit n'est <strong>PAS compatible avec les syst\u00e8mes d'exploitation Apple<\/strong> (MacOS, iPadOS, iOS), <strong>Chromebooks<\/strong>.<\/li>\n<li><strong>PAS compatible avec les appareils Android<\/strong><\/li>\n<\/ul>","protected":false},"featured_media":53552,"comment_status":"open","ping_status":"closed","template":"","meta":{"_acf_changed":false},"product_brand":[],"product_cat":[23],"product_tag":[105,106],"class_list":{"0":"post-2430","1":"product","2":"type-product","3":"status-publish","4":"has-post-thumbnail","6":"product_cat-windows-desktop","7":"product_tag-windows","8":"product_tag-windows-10-pro","10":"first","11":"instock","12":"sale","13":"virtual","14":"taxable","15":"purchasable","16":"product-type-simple"},"acf":[],"_links":{"self":[{"href":"https:\/\/softwarelizenzexpress.de\/fr\/wp-json\/wp\/v2\/product\/2430","targetHints":{"allow":["GET"]}}],"collection":[{"href":"https:\/\/softwarelizenzexpress.de\/fr\/wp-json\/wp\/v2\/product"}],"about":[{"href":"https:\/\/softwarelizenzexpress.de\/fr\/wp-json\/wp\/v2\/types\/product"}],"replies":[{"embeddable":true,"href":"https:\/\/softwarelizenzexpress.de\/fr\/wp-json\/wp\/v2\/comments?post=2430"}],"wp:featuredmedia":[{"embeddable":true,"href":"https:\/\/softwarelizenzexpress.de\/fr\/wp-json\/wp\/v2\/media\/53552"}],"wp:attachment":[{"href":"https:\/\/softwarelizenzexpress.de\/fr\/wp-json\/wp\/v2\/media?parent=2430"}],"wp:term":[{"taxonomy":"product_brand","embeddable":true,"href":"https:\/\/softwarelizenzexpress.de\/fr\/wp-json\/wp\/v2\/product_brand?post=2430"},{"taxonomy":"product_cat","embeddable":true,"href":"https:\/\/softwarelizenzexpress.de\/fr\/wp-json\/wp\/v2\/product_cat?post=2430"},{"taxonomy":"product_tag","embeddable":true,"href":"https:\/\/softwarelizenzexpress.de\/fr\/wp-json\/wp\/v2\/product_tag?post=2430"}],"curies":[{"name":"wp","href":"https:\/\/api.w.org\/{rel}","templated":true}]}}