{"id":22947,"date":"2022-03-04T13:07:05","date_gmt":"2022-03-04T12:07:05","guid":{"rendered":"https:\/\/shop.softwarelizenzexpress.de\/?post_type=product&#038;p=22947"},"modified":"2026-04-16T18:11:24","modified_gmt":"2026-04-16T16:11:24","slug":"windows-11-home","status":"publish","type":"product","link":"https:\/\/softwarelizenzexpress.de\/fr\/product\/windows-11-home\/","title":{"rendered":"Microsoft Windows 11 Home"},"content":{"rendered":"<div id=\"primaryR2\" data-grid=\"container\" data-region-key=\"primaryr2\" data-m=\"{&quot;cN&quot;:&quot;primaryR2 1&quot;,&quot;cT&quot;:&quot;Region_coreui-region&quot;,&quot;id&quot;:&quot;r2a2&quot;,&quot;sN&quot;:2,&quot;aN&quot;:&quot;a2&quot;}\">\n<div id=\"coreui-banner-l03vzh8\" data-m=\"{&quot;cN&quot;:&quot;R2Banner 1&quot;,&quot;cT&quot;:&quot;Module_coreui-banner&quot;,&quot;id&quot;:&quot;m1r2a2&quot;,&quot;sN&quot;:1,&quot;aN&quot;:&quot;r2a2&quot;}\" data-module-id=\"WDG-Windows|primaryR2|coreui-region|coreui-banner-l03vzh8|coreui-banner\">\n<div class=\"m-banner f-align-left\" data-grid=\"col-12\">\n<h2>Windows 11 Home<\/h2>\n<\/div>\n<\/div>\n<\/div>\n<div id=\"primaryR3\" data-grid=\"container\" data-region-key=\"primaryr3\" data-m=\"{&quot;cN&quot;:&quot;primaryR3 1&quot;,&quot;cT&quot;:&quot;Region_coreui-region&quot;,&quot;id&quot;:&quot;r3a2&quot;,&quot;sN&quot;:3,&quot;aN&quot;:&quot;a2&quot;}\">\n<div id=\"coreui-contentrichblock-rhi1sei\" data-m=\"{&quot;cN&quot;:&quot;R2ContentRichBlock 1&quot;,&quot;cT&quot;:&quot;Module_coreui-contentrichblock&quot;,&quot;id&quot;:&quot;m3r3a2&quot;,&quot;sN&quot;:3,&quot;aN&quot;:&quot;r3a2&quot;}\" data-module-id=\"WDG-Windows|primaryR3|coreui-region|coreui-contentrichblock-rhi1sei|coreui-contentrichblock\">\n<div class=\"m-rich-content-block context-ucx\" data-grid=\"col-12\">\n<div>\n<div id=\"primaryR2\" data-grid=\"container\" data-region-key=\"primaryr2\" data-m=\"{&quot;cN&quot;:&quot;primaryR2 1&quot;,&quot;cT&quot;:&quot;Region_coreui-region&quot;,&quot;id&quot;:&quot;r2a2&quot;,&quot;sN&quot;:2,&quot;aN&quot;:&quot;a2&quot;}\">\n<div id=\"coreui-banner-l03vzh8\" data-m=\"{&quot;cN&quot;:&quot;R2Banner 1&quot;,&quot;cT&quot;:&quot;Module_coreui-banner&quot;,&quot;id&quot;:&quot;m1r2a2&quot;,&quot;sN&quot;:1,&quot;aN&quot;:&quot;r2a2&quot;}\" data-module-id=\"WDG-Windows|primaryR2|coreui-region|coreui-banner-l03vzh8|coreui-banner\">\n<div class=\"m-banner f-align-left\" data-grid=\"col-12\">\n<h2 class=\"c-heading-3\">Configuration requise :<\/h2>\n<\/div>\n<\/div>\n<div id=\"coreui-divider-f6wmnt9\" data-m=\"{&quot;cN&quot;:&quot;R2Divider 1&quot;,&quot;cT&quot;:&quot;Module_coreui-divider&quot;,&quot;id&quot;:&quot;m2r2a2&quot;,&quot;sN&quot;:2,&quot;aN&quot;:&quot;r2a2&quot;}\" data-module-id=\"WDG-Windows|primaryR2|coreui-region|coreui-divider-f6wmnt9|coreui-divider\">\n<hr class=\"c-divider f-pad-top-3x\" data-grid=\"col-12\" \/>\n<\/div>\n<div id=\"coreui-contentrichblock-o5iouct\" data-m=\"{&quot;cN&quot;:&quot;R2ContentRichBlock 1&quot;,&quot;cT&quot;:&quot;Module_coreui-contentrichblock&quot;,&quot;id&quot;:&quot;m3r2a2&quot;,&quot;sN&quot;:3,&quot;aN&quot;:&quot;r2a2&quot;}\" data-module-id=\"WDG-Windows|primaryR2|coreui-region|coreui-contentrichblock-o5iouct|coreui-contentrichblock\">\n<div class=\"m-rich-content-block context-ucx\" data-grid=\"col-12\">\n<p>Pr\u00e9parez-vous \u00e0 utiliser le dernier et le meilleur syst\u00e8me d'exploitation de Microsoft ! Cette \u00e9dition s'adresse aux utilisateurs \u00e0 domicile et convient bien \u00e0 l'utilisation quotidienne, au travail cr\u00e9atif et aux jeux.<\/p>\n<p class=\"translation-block\">Ce sont les conditions de base pour l'installation de Windows 11 sur un PC. Si votre appareil ne r\u00e9pond pas \u00e0 ces exigences, il se peut que vous ne puissiez pas installer Windows 11 sur votre appareil et que vous deviez envisager l'achat d'un nouveau PC. Si vous n'\u00eates pas s\u00fbr que votre PC r\u00e9ponde \u00e0 ces exigences, vous pouvez vous renseigner aupr\u00e8s du fabricant d'origine de votre PC (OEM) ou, si votre appareil ex\u00e9cute d\u00e9j\u00e0 Windows 10, utiliser l'application PC Health Check pour v\u00e9rifier la compatibilit\u00e9 (<a href=\"https:\/\/aka.ms\/GetPCHealthCheckApp\" target=\"_self\" rel=\"noopener\"><b>\u00e0 t\u00e9l\u00e9charger<\/b><\/a>).<\/p>\n<\/div>\n<\/div>\n<div id=\"coreui-tablev2-62jrfm3\" data-m=\"{&quot;cN&quot;:&quot;R2TableV2 1&quot;,&quot;cT&quot;:&quot;Module_coreui-tablev2&quot;,&quot;id&quot;:&quot;m4r2a2&quot;,&quot;sN&quot;:4,&quot;aN&quot;:&quot;r2a2&quot;}\" data-module-id=\"WDG-Windows|primaryR2|coreui-region|coreui-tablev2-62jrfm3|coreui-tablev2\">\n<div class=\"m-table\">\n<div class=\"c-table\" data-f-loc-ascending=\"Sorted by {0} - ascending\" data-f-loc-descending=\"Sorted by {0} - descending\">\n<table>\n<tbody>\n<tr>\n<td class=\"f-divided\"><strong>Processeur :<\/strong><\/td>\n<td class=\"f-divided\">\n<p class=\"translation-block\">1 gigahertz (GHz) ou plus rapide avec 2 c\u0153urs ou plus sur un processeur 64 bits <strong><a href=\"https:\/\/www.microsoft.com\/de-de\/windows\/windows-11-specifications\" target=\"_self\" rel=\"noopener\">compatible<\/a><\/strong> ou SoC (System on a Chip).<\/p>\n<\/td>\n<\/tr>\n<tr>\n<td class=\"f-divided\"><strong>LA RAM :<\/strong><\/td>\n<td class=\"f-divided\">4 gigaoctets (Go)<\/td>\n<\/tr>\n<tr>\n<td class=\"f-divided\"><strong>espace de stockage :<\/strong><\/td>\n<td class=\"f-divided\">64 Go ou plus<\/p>\n<p>Remarque : voir ci-dessous \"Plus d'informations sur l'espace de stockage pour maintenir Windows 11 \u00e0 jour\" pour plus de d\u00e9tails.<\/td>\n<\/tr>\n<tr>\n<td class=\"f-divided\"><strong>Micrologiciel syst\u00e8me :<\/strong><\/td>\n<td class=\"f-divided\">UEFI, compatible Secure Boot<\/td>\n<\/tr>\n<tr>\n<td class=\"f-divided\"><strong>TPM :<\/strong><\/td>\n<td class=\"f-divided\">Trusted Platform Module (TPM) version 2.0<\/td>\n<\/tr>\n<tr>\n<td class=\"f-divided\"><strong>Carte graphique :<\/strong><\/td>\n<td class=\"f-divided\">Compatible avec DirectX 12 ou sup\u00e9rieur avec pilote WDDM 2.0<\/td>\n<\/tr>\n<tr>\n<td class=\"f-divided\"><strong>annonce :<\/strong><\/td>\n<td class=\"f-divided\">\u00c9cran haute r\u00e9solution (720p) avec une diagonale de plus de 9\u2033, 8 bits par canal de couleur<\/td>\n<\/tr>\n<tr>\n<td class=\"f-divided\"><strong>Connexion Internet et comptes Microsoft :\u00a0<\/strong><\/td>\n<td class=\"f-divided\">Windows 11 \u00c9dition Familiale n\u00e9cessite une connexion Internet et un compte Microsoft pour terminer la configuration de l'appareil lors de sa premi\u00e8re utilisation.<\/p>\n<p>Le basculement d'un appareil de Windows 11 Home en mode S n\u00e9cessite \u00e9galement une connexion Internet.<\/p>\n<p>Pour toutes les \u00e9ditions de Windows 11, un acc\u00e8s \u00e0 Internet est n\u00e9cessaire pour effectuer les mises \u00e0 jour et pour t\u00e9l\u00e9charger et utiliser certaines fonctionnalit\u00e9s. Pour certaines fonctionnalit\u00e9s, un compte Microsoft est n\u00e9cessaire.<\/td>\n<\/tr>\n<\/tbody>\n<\/table>\n<\/div>\n<\/div>\n<\/div>\n<div id=\"coreui-contentrichblock-wqm7a2a\" data-m=\"{&quot;cN&quot;:&quot;R2ContentRichBlock 2&quot;,&quot;cT&quot;:&quot;Module_coreui-contentrichblock&quot;,&quot;id&quot;:&quot;m5r2a2&quot;,&quot;sN&quot;:5,&quot;aN&quot;:&quot;r2a2&quot;}\" data-module-id=\"WDG-Windows|primaryR2|coreui-region|coreui-contentrichblock-wqm7a2a|coreui-contentrichblock\">\n<div class=\"m-rich-content-block context-ucx\" data-grid=\"col-12\">\n<p>Au fil du temps, il peut y avoir des demandes suppl\u00e9mentaires de mises \u00e0 jour ainsi que des demandes d'activation de certaines fonctionnalit\u00e9s au sein du syst\u00e8me d'exploitation.<\/p>\n<\/div>\n<\/div>\n<\/div>\n<div id=\"primaryR3\" data-grid=\"container\" data-region-key=\"primaryr3\" data-m=\"{&quot;cN&quot;:&quot;primaryR3 1&quot;,&quot;cT&quot;:&quot;Region_coreui-region&quot;,&quot;id&quot;:&quot;r3a2&quot;,&quot;sN&quot;:3,&quot;aN&quot;:&quot;a2&quot;}\">\n<div id=\"coreui-banner-iods39j\" data-m=\"{&quot;cN&quot;:&quot;R3Banner 1&quot;,&quot;cT&quot;:&quot;Module_coreui-banner&quot;,&quot;id&quot;:&quot;m1r3a2&quot;,&quot;sN&quot;:1,&quot;aN&quot;:&quot;r3a2&quot;}\" data-module-id=\"WDG-Windows|primaryR3|coreui-region|coreui-banner-iods39j|coreui-banner\">\n<div class=\"m-banner f-align-left\" data-grid=\"col-12\">\n<h2 class=\"c-heading-3\"><a href=\"https:\/\/www.microsoft.com\/en-us\/windows\/windows-11\" target=\"_blank\" rel=\"noopener\">Exigences fonctionnelles sp\u00e9cifiques \u00e0 Windows 11<\/a><\/h2>\n<\/div>\n<\/div>\n<div id=\"coreui-divider-xjbne9z\" data-m=\"{&quot;cN&quot;:&quot;R2Divider 1&quot;,&quot;cT&quot;:&quot;Module_coreui-divider&quot;,&quot;id&quot;:&quot;m2r3a2&quot;,&quot;sN&quot;:2,&quot;aN&quot;:&quot;r3a2&quot;}\" data-module-id=\"WDG-Windows|primaryR3|coreui-region|coreui-divider-xjbne9z|coreui-divider\">\n<hr class=\"c-divider f-pad-top-3x\" data-grid=\"col-12\" \/>\n<\/div>\n<div id=\"coreui-contentrichblock-rhi1sei\" data-m=\"{&quot;cN&quot;:&quot;R2ContentRichBlock 1&quot;,&quot;cT&quot;:&quot;Module_coreui-contentrichblock&quot;,&quot;id&quot;:&quot;m3r3a2&quot;,&quot;sN&quot;:3,&quot;aN&quot;:&quot;r3a2&quot;}\" data-module-id=\"WDG-Windows|primaryR3|coreui-region|coreui-contentrichblock-rhi1sei|coreui-contentrichblock\">\n<div class=\"m-rich-content-block context-ucx\" data-grid=\"col-12\">\n<p>Certaines fonctionnalit\u00e9s de Windows 11 ont des exigences accrues, qui vont au-del\u00e0 des exigences mentionn\u00e9es ci-dessus dans la section relative \u00e0 la configuration minimale requise. Vous trouverez ci-dessous quelques d\u00e9tails suppl\u00e9mentaires concernant les exigences pour les fonctionnalit\u00e9s importantes :<\/p>\n<div>\n<ul class=\"c-list\">\n<li class=\"translation-block\"><strong>Le support de la 5G<\/strong> n\u00e9cessite un modem compatible 5G.<\/li>\n<li class=\"translation-block\"><strong>Auto HDR<\/strong> n\u00e9cessite un moniteur HDR.<\/li>\n<li class=\"translation-block\"><strong>BitLocker to Go<\/strong> n\u00e9cessite un lecteur flash USB (disponible dans Windows Pro et les \u00e9ditions sup\u00e9rieures).<\/li>\n<li class=\"translation-block\"><strong>Client Hyper-V<\/strong> n\u00e9cessite un processeur avec des fonctions SLAT (Second Level Address Translation) (disponibles dans Windows Pro et les \u00e9ditions sup\u00e9rieures).<\/li>\n<li class=\"translation-block\"><strong>Cortana<\/strong> n\u00e9cessite un microphone et un haut-parleur et est actuellement disponible sous Windows 11 pour l'Australie, le Br\u00e9sil, le Canada, la Chine, la France, l'Allemagne, l'Inde, l'Italie, le Japon, le Mexique, l'Espagne, le Royaume-Uni et les \u00c9tats-Unis.<\/li>\n<li class=\"translation-block\"><strong>DirectStorage<\/strong> n\u00e9cessite un SSD NVMe pour le stockage et l'ex\u00e9cution de jeux utilisant le pilote \"Standard NVM Express Controller\" et un GPU DirectX12 avec support Shader Model 6.0.<\/li>\n<li class=\"translation-block\"><strong>DirectX 12 Ultimate<\/strong> est disponible avec les jeux et les puces graphiques pris en charge.<\/li>\n<li class=\"translation-block\"><strong>La pr\u00e9sence<\/strong> n\u00e9cessite un capteur capable de d\u00e9tecter la distance entre la personne et l'appareil ou l'intention d'interagir avec l'appareil.<\/li>\n<li class=\"translation-block\"><strong>La vid\u00e9oconf\u00e9rence intelligente<\/strong> n\u00e9cessite une cam\u00e9ra vid\u00e9o, un microphone et des haut-parleurs (sortie audio).<\/li>\n<li class=\"translation-block\"><strong>Multiple Voice Assistant (MVA)<\/strong> n\u00e9cessite un microphone et un haut-parleur.<\/li>\n<li class=\"translation-block\"><strong>Snap<\/strong> les mises en page sur trois colonnes n\u00e9cessitent un \u00e9cran d'une largeur de 1920 pixels effectifs ou plus.<\/li>\n<li class=\"translation-block\"><strong>Mettre en sourdine\/annuler la mise en sourdine de la barre des t\u00e2ches<\/strong> n\u00e9cessite une cam\u00e9ra vid\u00e9o, un microphone et des haut-parleurs (sortie audio). L'application doit \u00eatre compatible avec la fonction pour annuler la mise en sourdine globale.<\/li>\n<li class=\"translation-block\"><strong>Spatial Sound<\/strong> n\u00e9cessite du mat\u00e9riel et des logiciels de soutien.<\/li>\n<li class=\"translation-block\"><strong>Teams<\/strong> n\u00e9cessite une cam\u00e9ra vid\u00e9o, un microphone et des haut-parleurs (sortie audio).<\/li>\n<li class=\"translation-block\"><strong>Touch<\/strong> n\u00e9cessite un \u00e9cran ou un moniteur qui supporte le multi-touch.<\/li>\n<li class=\"translation-block\"><strong>L'authentification \u00e0 deux facteurs<\/strong> n\u00e9cessite l'utilisation d'un code PIN, de la biom\u00e9trie (lecteur d'empreintes digitales ou cam\u00e9ra infrarouge \u00e9clair\u00e9e) ou d'un t\u00e9l\u00e9phone dot\u00e9 de fonctions Wi-Fi ou Bluetooth.<\/li>\n<li class=\"translation-block\"><strong>Voice Typing<\/strong> n\u00e9cessite un PC \u00e9quip\u00e9 d'un microphone.<\/li>\n<li class=\"translation-block\"><strong>Wake on Voice<\/strong> n\u00e9cessite un mod\u00e8le d'alimentation de veille moderne et un microphone.<\/li>\n<li class=\"translation-block\"><strong>Le Wi-Fi 6E<\/strong> n\u00e9cessite du nouveau mat\u00e9riel et des pilotes WLAN-IHV ainsi qu'un point d'acc\u00e8s\/routeur compatible Wi-Fi 6E.<\/li>\n<li class=\"translation-block\"><strong>Windows Hello<\/strong> n\u00e9cessite une cam\u00e9ra configur\u00e9e pour le proche infrarouge (IR) ou un lecteur d'empreintes digitales pour l'authentification biom\u00e9trique. Les appareils sans capteurs biom\u00e9triques peuvent utiliser Windows Hello avec un code PIN ou une cl\u00e9 de s\u00e9curit\u00e9 portable compatible avec Microsoft.<\/li>\n<li class=\"translation-block\"><strong>Windows Projection<\/strong> n\u00e9cessite un adaptateur d'affichage qui supporte Windows Display Driver Model (WDDM) 2.0 et un adaptateur Wi-Fi qui supporte Wi-Fi Direct.<\/li>\n<li class=\"translation-block\"><strong>Xbox (App)<\/strong> n\u00e9cessite un compte Xbox Live, qui n'est pas disponible dans toutes les r\u00e9gions. Consultez la rubrique Pays et r\u00e9gions Xbox Live pour obtenir les informations les plus r\u00e9centes sur la disponibilit\u00e9. Certaines fonctionnalit\u00e9s de l'application Xbox requi\u00e8rent un abonnement actif au Xbox Game Pass. En savoir plus sur le Pass.<\/li>\n<\/ul>\n<\/div>\n<\/div>\n<\/div>\n<\/div>\n<\/div>\n<\/div>\n<\/div>\n<\/div>","protected":false},"excerpt":{"rendered":"<ul>\n<li>Microsoft Windows 11 Home pour 1 PC<\/li>\n<li>Version pour syst\u00e8mes 64 bits<\/li>\n<li>Envoi par courrier \u00e9lectronique : Cl\u00e9 de produit, instructions, liens de t\u00e9l\u00e9chargement, facture<\/li>\n<li>T\u00e9l\u00e9chargement imm\u00e9diat !<\/li>\n<li>Pas de limite de temps, pas d'abonnement<\/li>\n<li>Assistance gratuite \u00e0 l'installation et \u00e0 l'activation<\/li>\n<li>Pas de livraison sur support de donn\u00e9es (USB, CD, etc.)<\/li>\n<li>Activation en ligne et par t\u00e9l\u00e9phone<\/li>\n<li class=\"translation-block\">Ce produit n'est <strong>PAS compatible avec les syst\u00e8mes d'exploitation Apple<\/strong> (MacOS, iPadOS, iOS), <strong>Chromebooks<\/strong>.<\/li>\n<li><strong>PAS compatible avec les appareils Android<\/strong><\/li>\n<\/ul>","protected":false},"featured_media":53635,"comment_status":"open","ping_status":"closed","template":"","meta":{"_acf_changed":false},"product_brand":[],"product_cat":[23],"product_tag":[],"class_list":{"0":"post-22947","1":"product","2":"type-product","3":"status-publish","4":"has-post-thumbnail","6":"product_cat-windows-desktop","8":"first","9":"instock","10":"sale","11":"virtual","12":"taxable","13":"purchasable","14":"product-type-simple"},"acf":[],"_links":{"self":[{"href":"https:\/\/softwarelizenzexpress.de\/fr\/wp-json\/wp\/v2\/product\/22947","targetHints":{"allow":["GET"]}}],"collection":[{"href":"https:\/\/softwarelizenzexpress.de\/fr\/wp-json\/wp\/v2\/product"}],"about":[{"href":"https:\/\/softwarelizenzexpress.de\/fr\/wp-json\/wp\/v2\/types\/product"}],"replies":[{"embeddable":true,"href":"https:\/\/softwarelizenzexpress.de\/fr\/wp-json\/wp\/v2\/comments?post=22947"}],"wp:featuredmedia":[{"embeddable":true,"href":"https:\/\/softwarelizenzexpress.de\/fr\/wp-json\/wp\/v2\/media\/53635"}],"wp:attachment":[{"href":"https:\/\/softwarelizenzexpress.de\/fr\/wp-json\/wp\/v2\/media?parent=22947"}],"wp:term":[{"taxonomy":"product_brand","embeddable":true,"href":"https:\/\/softwarelizenzexpress.de\/fr\/wp-json\/wp\/v2\/product_brand?post=22947"},{"taxonomy":"product_cat","embeddable":true,"href":"https:\/\/softwarelizenzexpress.de\/fr\/wp-json\/wp\/v2\/product_cat?post=22947"},{"taxonomy":"product_tag","embeddable":true,"href":"https:\/\/softwarelizenzexpress.de\/fr\/wp-json\/wp\/v2\/product_tag?post=22947"}],"curies":[{"name":"wp","href":"https:\/\/api.w.org\/{rel}","templated":true}]}}