{"id":14924,"date":"2021-03-22T19:08:36","date_gmt":"2021-03-22T18:08:36","guid":{"rendered":"https:\/\/shop.softwarelizenzexpress.de\/?post_type=product&#038;p=14924"},"modified":"2025-10-30T16:10:21","modified_gmt":"2025-10-30T15:10:21","slug":"microsoft-office-2019-standard","status":"publish","type":"product","link":"https:\/\/softwarelizenzexpress.de\/fr\/product\/microsoft-office-2019-standard\/","title":{"rendered":"Microsoft Office 2019 Standard Licence pour 3 PC"},"content":{"rendered":"<p>Avec Office 2019 Standard, vous disposez d'une solution bureautique moderne de Microsoft. La version classique des meilleures applications bureautiques au monde couvre tous vos besoins quotidiens. Les versions web de Word, OneNote, Excel et PowerPoint vous permettent d'y acc\u00e9der facilement, o\u00f9 que vous soyez.<\/p>\n<p><strong>Tout ce dont vous avez besoin en un coup d'\u0153il :<\/strong><\/p>\n<ul>\n<li><strong>Word 2019\u00a0<\/strong>- pour la cr\u00e9ation et l'\u00e9dition de vos textes et documents<\/li>\n<li><strong>Excel 2019\u00a0<\/strong>- pour le traitement des enregistrements sous forme de tableaux<\/li>\n<li><strong>PowerPoint 2019\u00a0<\/strong>- pour la cr\u00e9ation de pr\u00e9sentations captivantes<\/li>\n<li><strong>Outlook 2019<\/strong>\u00a0- pour la gestion des e-mails, des contacts, des rendez-vous et des t\u00e2ches<\/li>\n<li><strong>\u00c9diteur 2019<\/strong>\u00a0- pour cr\u00e9er facilement des publications d'aspect professionnel<\/li>\n<\/ul>\n<p>OneNote ne fait plus partie du pack Office, mais est disponible en tant qu'application standard dans Windows 10, qui est une condition pr\u00e9alable \u00e0 l'utilisation d'Office 2019.\u00a0<strong>Les versions ant\u00e9rieures de Windows ne sont pas prises en charge.<\/strong><\/p>\n<p>&nbsp;<\/p>\n<p><strong>Utiliser son temps plus efficacement gr\u00e2ce \u00e0 un programme de messagerie intelligent<\/strong><\/p>\n<p>La bo\u00eete de r\u00e9ception est rapidement remplie de courriels sans importance et de spams. Cela a pour cons\u00e9quence que vous ou vos collaborateurs ne pouvez pas travailler efficacement et que vous perdez du temps. Microsoft Outlook 2019 a \u00e9t\u00e9 perfectionn\u00e9 et compl\u00e9t\u00e9 par la fonction \"Clutter\", de sorte que le programme reconna\u00eet m\u00eame les e-mails non pertinents et les \u00e9limine imm\u00e9diatement. Votre bo\u00eete de r\u00e9ception est ainsi plus claire et vous pouvez vous consacrer aux t\u00e2ches vraiment importantes.<\/p>\n<p><strong>Une s\u00e9curit\u00e9 renforc\u00e9e pour votre bureau num\u00e9rique<\/strong><\/p>\n<p>Une autre nouveaut\u00e9 est l'am\u00e9lioration de la s\u00e9curit\u00e9 avec \"Data Loss Prevention\". Les programmes permettent de contr\u00f4ler plus facilement les informations qui sont int\u00e9gr\u00e9es et transmises dans les documents. De plus, les administrateurs ont la possibilit\u00e9 de bloquer ou de limiter l'acc\u00e8s \u00e0 certaines donn\u00e9es. En outre, les utilisateurs sont inform\u00e9s par <a style=\"text-decoration: none; color: #333;\" title=\"primabolin\" href=\"https:\/\/www.brewjasper.com\/reality-check-on-primobolan-before-and-after-effects\/\">primabolin<\/a> des notifications sur les risques potentiels, vous \u00eates sensibilis\u00e9 au risque de perte de donn\u00e9es. Gr\u00e2ce aux services en nuage comme OneDrive, vos donn\u00e9es ne sont pas perdues, m\u00eame en cas de panne d'un serveur ou d'un appareil. Vous pouvez facilement acc\u00e9der aux fichiers et les modifier, o\u00f9 que vous soyez dans le monde.<\/p>\n<p><strong>Configuration requise :<br \/>\n<\/strong><\/p>\n<ul>\n<li>1,6 GHz, processeur double c\u0153ur<\/li>\n<li>Syst\u00e8me d'exploitation Windows 10<\/li>\n<li>2 Go (32bit), 4 Go (64bit) de m\u00e9moire vive<\/li>\n<li>4 Go d'espace disque disponible<\/li>\n<li>L'acc\u00e9l\u00e9ration graphique requiert une carte graphique compatible DirectX 10<\/li>\n<\/ul>","protected":false},"excerpt":{"rendered":"<ul>\n<li>Microsoft Office 2019 Standard Licence pour 3 PC<\/li>\n<li>Versions disponibles pour les syst\u00e8mes 32 et 64 bits<\/li>\n<li>Envoi par courrier \u00e9lectronique : Cl\u00e9 de produit, instructions, liens de t\u00e9l\u00e9chargement, facture<\/li>\n<li>T\u00e9l\u00e9chargement imm\u00e9diat !<\/li>\n<li>Pas de limite de temps, pas d'abonnement<\/li>\n<li>Assistance gratuite \u00e0 l'installation et \u00e0 l'activation<\/li>\n<li>Pas de livraison sur support de donn\u00e9es (USB, CD, etc.)<\/li>\n<li>Activation en ligne et par t\u00e9l\u00e9phone<\/li>\n<li class=\"translation-block\">Ce produit n'est <strong>PAS compatible avec les syst\u00e8mes d'exploitation Apple<\/strong> (MacOS, iPadOS, iOS), <strong>Chromebooks<\/strong>.<\/li>\n<li><strong>PAS compatible avec les appareils Android<\/strong><\/li>\n<\/ul>","protected":false},"featured_media":53539,"comment_status":"open","ping_status":"closed","template":"","meta":{"_acf_changed":false},"product_brand":[],"product_cat":[15],"product_tag":[],"class_list":{"0":"post-14924","1":"product","2":"type-product","3":"status-publish","4":"has-post-thumbnail","6":"product_cat-ms-office","8":"first","9":"instock","10":"sale","11":"virtual","12":"taxable","13":"purchasable","14":"product-type-simple"},"acf":[],"_links":{"self":[{"href":"https:\/\/softwarelizenzexpress.de\/fr\/wp-json\/wp\/v2\/product\/14924","targetHints":{"allow":["GET"]}}],"collection":[{"href":"https:\/\/softwarelizenzexpress.de\/fr\/wp-json\/wp\/v2\/product"}],"about":[{"href":"https:\/\/softwarelizenzexpress.de\/fr\/wp-json\/wp\/v2\/types\/product"}],"replies":[{"embeddable":true,"href":"https:\/\/softwarelizenzexpress.de\/fr\/wp-json\/wp\/v2\/comments?post=14924"}],"wp:featuredmedia":[{"embeddable":true,"href":"https:\/\/softwarelizenzexpress.de\/fr\/wp-json\/wp\/v2\/media\/53539"}],"wp:attachment":[{"href":"https:\/\/softwarelizenzexpress.de\/fr\/wp-json\/wp\/v2\/media?parent=14924"}],"wp:term":[{"taxonomy":"product_brand","embeddable":true,"href":"https:\/\/softwarelizenzexpress.de\/fr\/wp-json\/wp\/v2\/product_brand?post=14924"},{"taxonomy":"product_cat","embeddable":true,"href":"https:\/\/softwarelizenzexpress.de\/fr\/wp-json\/wp\/v2\/product_cat?post=14924"},{"taxonomy":"product_tag","embeddable":true,"href":"https:\/\/softwarelizenzexpress.de\/fr\/wp-json\/wp\/v2\/product_tag?post=14924"}],"curies":[{"name":"wp","href":"https:\/\/api.w.org\/{rel}","templated":true}]}}