{"id":14922,"date":"2021-03-12T19:06:00","date_gmt":"2021-03-12T18:06:00","guid":{"rendered":"https:\/\/shop.softwarelizenzexpress.de\/?post_type=product&#038;p=14922"},"modified":"2026-04-16T18:11:24","modified_gmt":"2026-04-16T16:11:24","slug":"microsoft-office-2016-standard","status":"publish","type":"product","link":"https:\/\/softwarelizenzexpress.de\/fr\/product\/microsoft-office-2016-standard\/","title":{"rendered":"Microsoft Office 2016 Standard Licence pour 3 PC"},"content":{"rendered":"<h2 data-no-translation=\"\" data-trp-gettext=\"\">Beschreibung<\/h2>\n<p>HINWEIS: Dieses Produkt ist nur in der deutschen und englischen Sprachversion verf\u00fcgbar! 32-Bit Version nur in Deutsch.<\/p>\n<p>Mit den enthaltenen Programmen erf\u00fcllt Microsoft Office 2016 Standard alle Anforderungen, die an eine umfangreiche B\u00fcrosoftware gestellt werden. Egal ob Sie Serienbriefe erstellen, Gesch\u00e4ftszahlen auswerten, Pr\u00e4sentationen entwerfen, Datenbanken erstellen oder Ihre E-Mails verwalten wollen \u2013 Ihre beruflichen und privaten Projekte erledigen Sie mit den Office Anwendungen im Handumdrehen.<\/p>\n<p><strong>Alles was Sie ben\u00f6tigen auf einen Blick:<\/strong><\/p>\n<ul>\n<li><strong>Word 2016\u00a0<\/strong>\u2013 f\u00fcr die Erstellung und Bearbeitung Ihrer Texte und Dokumente<\/li>\n<li><strong>Excel 2016\u00a0<\/strong>\u2013 f\u00fcr die Bearbeitung von Datens\u00e4tzen in Tabellenform<\/li>\n<li><strong>PowerPoint 2016\u00a0<\/strong>\u2013 f\u00fcr die Erstellung mitrei\u00dfender Pr\u00e4sentationen<\/li>\n<li><strong>Outlook 2016<\/strong>\u00a0\u2013 f\u00fcr die Verwaltung von E-Mails, Kontakten, Terminen und Aufgaben<\/li>\n<li><strong>Publisher 2016<\/strong>\u00a0\u2013 f\u00fcr die einfache Erstellung professionell aussehender Publikationen<\/li>\n<li><strong>OneNote 2016<\/strong>\u00a0\u2013 f\u00fcr das Erstellen und Verwalten Ihrer Notizen<\/li>\n<\/ul>\n<p>&nbsp;<\/p>\n<p><strong>Systemanforderungen:<br \/>\n<\/strong><\/p>\n<ul>\n<li>1,4 GHz, Doppelkern Prozessor<\/li>\n<li>1 GB (32 Bit), 2 GB (64 Bit) Arbeitsspeicher<\/li>\n<li>3 GB verf\u00fcgbarer Festplattenspeicher<\/li>\n<li>Grafikbeschleunigung setzt eine DirectX 9 kompatible Grafikkarte voraus.<\/li>\n<\/ul>\n<p><strong>Unterst\u00fctzung:<\/strong><\/p>\n<p class=\" translation-block\">Bei Fragen z\u00f6gern Sie bitte nicht, uns\u00a0per E-Mail\u00a0zu kontaktieren. Unser Kundensupport ist 7 Tage die Woche, 24 Stunden am Tag verf\u00fcgbar.<\/p>\n<p><script>\nconst h1s = document.querySelectorAll('.postid-14922 h1');\nconst h2s = document.querySelectorAll('.postid-14922 h2');\nif (h1s[1]){h1s[1].remove();}\nif (h2s[3]){h2s[3].remove();}\n<\/script><\/p>\n","protected":false},"excerpt":{"rendered":"<ul>\n<li>Microsoft Office 2016 Standard Licence pour 3 PC<\/li>\n<li><strong>Avec cette licence, le logiciel peut \u00eatre activ\u00e9 sur 3 appareils diff\u00e9rents, par exemple un PC domestique, un ordinateur portable et un PC de travail.<\/strong><\/li>\n<li>Version pour syst\u00e8mes 32 et 64 bits, versions compl\u00e8tes illimit\u00e9es du logiciel <strong>du partenaire certifi\u00e9 Microsoft Gold<\/strong><\/li>\n<li><strong>Remboursement int\u00e9gral pendant 30 jours - Garantie de remplacement \u00e0 vie !<\/strong><\/li>\n<li>Livraison par e-mail : Cl\u00e9 de produit, instructions, liens de t\u00e9l\u00e9chargement, facture<\/li>\n<li>T\u00e9l\u00e9chargement imm\u00e9diat !<\/li>\n<li>Pas de limite de temps, pas d'abonnement<\/li>\n<li>Assistance gratuite 24h\/24 et 7j\/7 en cas de probl\u00e8mes d'installation et d'activation<\/li>\n<li>Pas de livraison sur support de donn\u00e9es (USB, CD, etc.)<\/li>\n<li>Activation en ligne et par t\u00e9l\u00e9phone<\/li>\n<li>Langues parl\u00e9es : Anglais, espagnol, italien, allemand, fran\u00e7ais<\/li>\n<li><strong><span style=\"color: #008000;\"> Ce produit est compatible avec Microsoft Windows.<\/span><\/strong><\/li>\n<li><strong><span style=\"color: #ff0000;\">NON compatible avec Apple macOS\u2122, les appareils Android et les Chromebooks.<\/span><\/strong><\/li>\n<\/ul>","protected":false},"featured_media":53637,"comment_status":"open","ping_status":"closed","template":"","meta":{"_acf_changed":false},"product_brand":[],"product_cat":[15],"product_tag":[],"class_list":{"0":"post-14922","1":"product","2":"type-product","3":"status-publish","4":"has-post-thumbnail","6":"product_cat-ms-office","8":"first","9":"instock","10":"sale","11":"virtual","12":"taxable","13":"purchasable","14":"product-type-simple"},"acf":[],"_links":{"self":[{"href":"https:\/\/softwarelizenzexpress.de\/fr\/wp-json\/wp\/v2\/product\/14922","targetHints":{"allow":["GET"]}}],"collection":[{"href":"https:\/\/softwarelizenzexpress.de\/fr\/wp-json\/wp\/v2\/product"}],"about":[{"href":"https:\/\/softwarelizenzexpress.de\/fr\/wp-json\/wp\/v2\/types\/product"}],"replies":[{"embeddable":true,"href":"https:\/\/softwarelizenzexpress.de\/fr\/wp-json\/wp\/v2\/comments?post=14922"}],"wp:featuredmedia":[{"embeddable":true,"href":"https:\/\/softwarelizenzexpress.de\/fr\/wp-json\/wp\/v2\/media\/53637"}],"wp:attachment":[{"href":"https:\/\/softwarelizenzexpress.de\/fr\/wp-json\/wp\/v2\/media?parent=14922"}],"wp:term":[{"taxonomy":"product_brand","embeddable":true,"href":"https:\/\/softwarelizenzexpress.de\/fr\/wp-json\/wp\/v2\/product_brand?post=14922"},{"taxonomy":"product_cat","embeddable":true,"href":"https:\/\/softwarelizenzexpress.de\/fr\/wp-json\/wp\/v2\/product_cat?post=14922"},{"taxonomy":"product_tag","embeddable":true,"href":"https:\/\/softwarelizenzexpress.de\/fr\/wp-json\/wp\/v2\/product_tag?post=14922"}],"curies":[{"name":"wp","href":"https:\/\/api.w.org\/{rel}","templated":true}]}}