{"id":980,"date":"2019-07-25T07:45:18","date_gmt":"2019-07-25T07:45:18","guid":{"rendered":"http:\/\/windowsandoffice.net\/?page_id=980"},"modified":"2025-10-29T15:32:06","modified_gmt":"2025-10-29T14:32:06","slug":"about","status":"publish","type":"page","link":"https:\/\/softwarelizenzexpress.de\/fr\/about\/","title":{"rendered":"\u00c0 propos de nous"},"content":{"rendered":"<p><main class=\"elementor-column elementor-col-50 elementor-top-column elementor-element elementor-element-bce54dc\" data-id=\"bce54dc\" data-element_type=\"column\"><\/p>\n<div class=\"elementor-widget-wrap elementor-element-populated\">\n<div class=\"elementor-element elementor-element-75591e8 elementor-widget__width-initial elementor-widget elementor-widget-text-editor\" data-id=\"75591e8\" data-element_type=\"widget\" data-widget_type=\"text-editor.default\">\n<div class=\"elementor-widget-container\">\n<p><strong>Tout sur Software License Express, votre partenaire de confiance Microsoft<\/strong><\/p>\n<p>Depuis notre cr\u00e9ation en 2015, nous nous effor\u00e7ons, chez Software Lizenz Express, d'offrir \u00e0 nos clients priv\u00e9s et professionnels les solutions logicielles les plus diverses aux meilleurs prix dans notre boutique en ligne. Notre objectif n'est pas seulement de vendre des logiciels \u00e0 bas prix et en toute s\u00e9curit\u00e9, mais aussi d'offrir un service client de qualit\u00e9 sup\u00e9rieure.<\/p>\n<p>Notre \u00e9quipe de service client\u00e8le motiv\u00e9e et multilingue s'efforce toujours de d\u00e9passer vos exigences et vos attentes. Que vous nous contactiez par chat en direct, par e-mail ou par t\u00e9l\u00e9phone, nous serons toujours heureux de vous aider.<\/p>\n<p><strong>Solutions logicielles<\/strong><\/p>\n<p>Dans notre boutique en ligne, nous proposons des licences OEM et des produits de d\u00e9tail de distributeurs allemands renomm\u00e9s. Outre la garantie des meilleurs prix, notre mission est de vous apporter un soutien optimal pendant et apr\u00e8s le processus d'achat. Notre \u00e9quipe qualifi\u00e9e est \u00e0 votre disposition pour r\u00e9pondre \u00e0 toutes vos questions, gr\u00e2ce \u00e0 notre service d'exp\u00e9dition rapide en 2 minutes et \u00e0 notre lien SSL crypt\u00e9 par e-mail qui vous dirige vers notre guide d'installation et notre centre de t\u00e9l\u00e9chargement.<\/p>\n<p><strong>Cl\u00e9 de produit<\/strong><\/p>\n<p>Nous vous assurons que chaque cl\u00e9 de produit est unique et n'est utilis\u00e9e qu'une seule fois. En cas d'\u00e9ventuels probl\u00e8mes d'activation, notre \u00e9quipe s'occupera imm\u00e9diatement de votre demande afin d'identifier la cause et d'y rem\u00e9dier. Votre satisfaction est importante pour nous, c'est pourquoi nous vous offrons \u00e9galement un certificat d'origine pour tous nos produits.<\/p>\n<p><strong>Clients professionnels<\/strong><\/p>\n<p>Nous proposons \u00e0 nos partenaires commerciaux des conseils et des offres personnalis\u00e9s, notamment pour les commandes importantes. Si vous recherchez des logiciels sp\u00e9cifiques qui ne sont pas directement r\u00e9pertori\u00e9s dans notre assortiment, vous pouvez n\u00e9anmoins nous contacter. Gr\u00e2ce \u00e0 nos contacts \u00e9tendus dans le secteur des logiciels, nous sommes en mesure de r\u00e9pondre \u00e0 presque toutes les demandes. Chaque facture est bien entendu accompagn\u00e9e de notre num\u00e9ro de TVA, afin de rendre le processus d'achat aussi transparent que possible.<\/p>\n<p><strong>Qualit\u00e9 et garantie \u00e0 vie<\/strong><\/p>\n<p>Bien que nous nous efforcions toujours de proposer des prix comp\u00e9titifs, nous ne compromettons jamais la qualit\u00e9. Nos produits sont soumis \u00e0 une gestion stricte de la qualit\u00e9 et nous garantissons que seuls les logiciels provenant de l'Espace \u00e9conomique europ\u00e9en sont distribu\u00e9s. De plus, nous offrons une garantie \u00e0 vie sur nos produits, ce qui vous permet de toujours faire vos achats dans une boutique en ligne fiable et digne de confiance.<\/p>\n<\/div>\n<\/div>\n<\/div>\n<p><\/main><\/p>","protected":false},"excerpt":{"rendered":"<p>Alles \u00fcber Software Lizenz Express, Ihr vertrauensw\u00fcrdiger Microsoft-Partner Seit unserer Gr\u00fcndung im Jahr 2015 streben wir bei Software Lizenz Express danach, sowohl unseren Privat- als auch Gesch\u00e4ftskunden in unseren Onlineshop die unterschiedlichsten Softwarel\u00f6sungen zu den besten Preisen anzubieten. Unser Ziel ist nicht nur, Software g\u00fcnstig und sicher zu verkaufen, sondern&hellip; <\/p>","protected":false},"author":396,"featured_media":0,"parent":0,"menu_order":0,"comment_status":"closed","ping_status":"closed","template":"","meta":{"_acf_changed":false,"footnotes":""},"class_list":["post-980","page","type-page","status-publish","hentry"],"acf":[],"_links":{"self":[{"href":"https:\/\/softwarelizenzexpress.de\/fr\/wp-json\/wp\/v2\/pages\/980","targetHints":{"allow":["GET"]}}],"collection":[{"href":"https:\/\/softwarelizenzexpress.de\/fr\/wp-json\/wp\/v2\/pages"}],"about":[{"href":"https:\/\/softwarelizenzexpress.de\/fr\/wp-json\/wp\/v2\/types\/page"}],"author":[{"embeddable":true,"href":"https:\/\/softwarelizenzexpress.de\/fr\/wp-json\/wp\/v2\/users\/396"}],"replies":[{"embeddable":true,"href":"https:\/\/softwarelizenzexpress.de\/fr\/wp-json\/wp\/v2\/comments?post=980"}],"version-history":[{"count":0,"href":"https:\/\/softwarelizenzexpress.de\/fr\/wp-json\/wp\/v2\/pages\/980\/revisions"}],"wp:attachment":[{"href":"https:\/\/softwarelizenzexpress.de\/fr\/wp-json\/wp\/v2\/media?parent=980"}],"curies":[{"name":"wp","href":"https:\/\/api.w.org\/{rel}","templated":true}]}}