{"id":95149,"date":"2025-11-11T14:09:56","date_gmt":"2025-11-11T13:09:56","guid":{"rendered":"https:\/\/softwarelizenzexpress.de\/?page_id=95149"},"modified":"2025-12-29T17:08:31","modified_gmt":"2025-12-29T16:08:31","slug":"coupons","status":"publish","type":"page","link":"https:\/\/softwarelizenzexpress.de\/fr\/coupons\/","title":{"rendered":"Coupons"},"content":{"rendered":"<div class=\"cupones\">\n<h2>Codes de r\u00e9duction valables une seule fois pour toi<\/h2>\n<div>\n<p><!-- Alineado izquierda al 70% --><\/p>\n<h3>R\u00e9duction de bienvenue pour les nouveaux clients<\/h3>\n<p><code>NOUVEAU10<\/code><\/p>\n<p>Pour ta premi\u00e8re commande, tu b\u00e9n\u00e9ficies d'une r\u00e9duction de 10 % sur les licences logicielles participantes.<br \/>\nCopie le code et ins\u00e8re-le dans le champ du bon lors du passage en caisse - le code n'est valable qu'une seule fois par client.<\/p>\n<\/div>\n<div>\n<p><!-- Alineado derecha al 70% --><\/p>\n<h3>Remise de fid\u00e9lit\u00e9 pour les clients existants<\/h3>\n<p><code>FIDELITE15<\/code><\/p>\n<p>Si vous avez d\u00e9j\u00e0 pass\u00e9 commande chez nous, vous b\u00e9n\u00e9ficiez d'une r\u00e9duction de 15 % sur votre prochaine commande.<br \/>\nCopie le code et ins\u00e8re-le dans le champ du bon lors du passage en caisse - le code n'est valable qu'une seule fois par client.<\/p>\n<\/div>\n<\/div>","protected":false},"excerpt":{"rendered":"<p>Codes de r\u00e9duction valables une seule fois pour toi R\u00e9duction de bienvenue pour les nouveaux clients NEU10 Pour ta premi\u00e8re commande, tu b\u00e9n\u00e9ficies d'une r\u00e9duction de 10 % sur les licences logicielles participantes. Copie le code et colle-le dans le champ du bon lors du passage en caisse - le code n'est valable qu'une seule fois par client. Remise de fid\u00e9lit\u00e9 pour les clients existants TREUE15 Si tu as d\u00e9j\u00e0... <\/p>","protected":false},"author":9,"featured_media":0,"parent":0,"menu_order":0,"comment_status":"closed","ping_status":"closed","template":"elementor_header_footer","meta":{"_acf_changed":false,"footnotes":""},"class_list":["post-95149","page","type-page","status-publish","hentry"],"acf":[],"_links":{"self":[{"href":"https:\/\/softwarelizenzexpress.de\/fr\/wp-json\/wp\/v2\/pages\/95149","targetHints":{"allow":["GET"]}}],"collection":[{"href":"https:\/\/softwarelizenzexpress.de\/fr\/wp-json\/wp\/v2\/pages"}],"about":[{"href":"https:\/\/softwarelizenzexpress.de\/fr\/wp-json\/wp\/v2\/types\/page"}],"author":[{"embeddable":true,"href":"https:\/\/softwarelizenzexpress.de\/fr\/wp-json\/wp\/v2\/users\/9"}],"replies":[{"embeddable":true,"href":"https:\/\/softwarelizenzexpress.de\/fr\/wp-json\/wp\/v2\/comments?post=95149"}],"version-history":[{"count":0,"href":"https:\/\/softwarelizenzexpress.de\/fr\/wp-json\/wp\/v2\/pages\/95149\/revisions"}],"wp:attachment":[{"href":"https:\/\/softwarelizenzexpress.de\/fr\/wp-json\/wp\/v2\/media?parent=95149"}],"curies":[{"name":"wp","href":"https:\/\/api.w.org\/{rel}","templated":true}]}}