{"id":6,"date":"2019-03-19T06:44:04","date_gmt":"2019-03-19T06:44:04","guid":{"rendered":"https:\/\/demo.themefreesia.com\/shoppingcart\/?page_id=6"},"modified":"2025-11-11T13:50:51","modified_gmt":"2025-11-11T12:50:51","slug":"home","status":"publish","type":"page","link":"https:\/\/softwarelizenzexpress.de\/fr\/","title":{"rendered":"Accueil"},"content":{"rendered":"<p><!-- START: Promo 3 Spalten --><\/p>\n<section>\n  <!-- Spalte 1 --><\/p>\n<article>\n<h3>Offres de r\u00e9duction et actions sp\u00e9ciales<\/h3>\n<p>\n      Profite de nos offres \u00e0 dur\u00e9e limit\u00e9e et \u00e9conomise sur les licences originales pour ton PC.\n    <\/p>\n<\/article>\n<p>  <!-- Spalte 2 --><\/p>\n<article>\n<h3>Codes de bon d'achat et de r\u00e9duction<\/h3>\n<p>\n      Saisis ton code promotionnel exclusif lors du passage en caisse et b\u00e9n\u00e9ficie d'une r\u00e9duction imm\u00e9diate sur tes produits pr\u00e9f\u00e9r\u00e9s.\n    <\/p>\n<\/article>\n<p>  <!-- Spalte 3 --><\/p>\n<article>\n<h3>Offres saisonni\u00e8res d'hiver<\/h3>\n<p>\n      Offres sp\u00e9ciales hiver : plus d'\u00e9conomies, m\u00eame 100 % licences logicielles originales.\n    <\/p>\n<\/article>\n<\/section>\n<p><!-- END: Promo 3 Spalten --><\/p>","protected":false},"excerpt":{"rendered":"<p>Offres de r\u00e9duction et promotions Profite de nos offres \u00e0 dur\u00e9e limit\u00e9e et fais des \u00e9conomies sur les licences originales pour ton PC. Codes de coupon et de r\u00e9duction Saisis ton code de coupon exclusif lors du passage en caisse et b\u00e9n\u00e9ficie d'une r\u00e9duction imm\u00e9diate sur tes produits pr\u00e9f\u00e9r\u00e9s. Offres saisonni\u00e8res d'hiver Offres sp\u00e9ciales d'hiver : plus d'\u00e9conomies, m\u00eame 100 % licences logicielles originales.<\/p>","protected":false},"author":2,"featured_media":0,"parent":0,"menu_order":0,"comment_status":"open","ping_status":"open","template":"page-templates\/shoppingcart-template.php","meta":{"_acf_changed":false,"footnotes":""},"class_list":["post-6","page","type-page","status-publish","hentry"],"acf":[],"_links":{"self":[{"href":"https:\/\/softwarelizenzexpress.de\/fr\/wp-json\/wp\/v2\/pages\/6","targetHints":{"allow":["GET"]}}],"collection":[{"href":"https:\/\/softwarelizenzexpress.de\/fr\/wp-json\/wp\/v2\/pages"}],"about":[{"href":"https:\/\/softwarelizenzexpress.de\/fr\/wp-json\/wp\/v2\/types\/page"}],"author":[{"embeddable":true,"href":"https:\/\/softwarelizenzexpress.de\/fr\/wp-json\/wp\/v2\/users\/2"}],"replies":[{"embeddable":true,"href":"https:\/\/softwarelizenzexpress.de\/fr\/wp-json\/wp\/v2\/comments?post=6"}],"version-history":[{"count":0,"href":"https:\/\/softwarelizenzexpress.de\/fr\/wp-json\/wp\/v2\/pages\/6\/revisions"}],"wp:attachment":[{"href":"https:\/\/softwarelizenzexpress.de\/fr\/wp-json\/wp\/v2\/media?parent=6"}],"curies":[{"name":"wp","href":"https:\/\/api.w.org\/{rel}","templated":true}]}}