{"id":3559,"date":"2020-12-10T13:54:51","date_gmt":"2020-12-10T13:54:51","guid":{"rendered":"https:\/\/shop.softwarelizenzexpress.de\/?page_id=3559"},"modified":"2025-04-22T17:03:50","modified_gmt":"2025-04-22T15:03:50","slug":"warranty-policy","status":"publish","type":"page","link":"https:\/\/softwarelizenzexpress.de\/fr\/warranty-policy\/","title":{"rendered":"Conditions de garantie"},"content":{"rendered":"<section style=\"font-family: Arial, sans-serif; line-height: 1.6; max-width: 800px; margin: auto;\">\n<h2 style=\"color: #2c3e50;\">Garantie de remboursement de 30 jours &amp; garantie de remplacement \u00e0 vie<\/h2>\n<p><strong>Shop Software Licence Express<\/strong> offre une garantie \"satisfait ou rembours\u00e9\" de 30 jours sur tous les produits achet\u00e9s. Si vous n'\u00eates pas satisfait de votre achat, vous pouvez le retourner dans les 30 jours pour un remboursement complet.<\/p>\n<p>Au terme de ces 30 jours, nous proposons une <strong>garantie de remplacement \u00e0 vie<\/strong> pour tous les produits d\u00e9fectueux.<\/p>\n<h3 style=\"color: #34495e;\">Garantie l\u00e9gale<\/h3>\n<p>Le d\u00e9lai de garantie l\u00e9gal selon le droit allemand est de <strong>1 an<\/strong> \u00e0 partir de la date d'achat pour les d\u00e9fauts dus \u00e0 un vice de conception, de mat\u00e9riaux ou de fabrication.<\/p>\n<hr style=\"border: none; border-top: 1px dashed #bbb; margin: 30px 0;\" \/>\n<h3 style=\"color: #34495e;\">Conditions relatives aux marchandises d\u00e9fectueuses<\/h3>\n<p>En cas de marchandises d\u00e9fectueuses, nous <strong>Shop Software Licence Express<\/strong> \u00e0 sa discr\u00e9tion, soit r\u00e9parer, soit remplacer la marchandise d\u00e9fectueuse - <strong>gratuit<\/strong> - pour autant que les conditions suivantes soient remplies :<\/p>\n<ol style=\"padding-left: 20px;\">\n<li>L'acheteur doit imm\u00e9diatement informer le vendeur <strong>par \u00e9crit<\/strong> informer du d\u00e9faut.<\/li>\n<li>Le d\u00e9faut doit \u00eatre d\u00fb \u00e0 <strong>une conception, des mat\u00e9riaux ou une fabrication d\u00e9fectueux<\/strong> par le fabricant ou le vendeur.<\/li>\n<li>Les marchandises d\u00e9fectueuses doivent \u00eatre <strong>Demande du vendeur<\/strong> \u00eatre renvoy\u00e9.<\/li>\n<li>Si les marchandises ont \u00e9t\u00e9 achet\u00e9es par un <strong>Fournisseurs tiers<\/strong> fabriqu\u00e9s et livr\u00e9s au vendeur, toute garantie accord\u00e9e au vendeur est transf\u00e9r\u00e9e \u00e0 l'acheteur.<\/li>\n<li>Le vendeur a le droit <strong>\u00e0 sa propre discr\u00e9tion<\/strong> rembourser le prix d'achat des marchandises d\u00e9fectueuses si celui-ci a d\u00e9j\u00e0 \u00e9t\u00e9 pay\u00e9.<\/li>\n<\/ol>\n<\/section>","protected":false},"excerpt":{"rendered":"<p>Garantie de remboursement de 30 jours &amp; Garantie de remplacement \u00e0 vie offre une garantie de remboursement de 30 jours pour tous les produits achet\u00e9s. Si vous n'\u00eates pas satisfait de votre achat, vous pouvez le retourner dans les 30 jours pour un remboursement complet. Apr\u00e8s ces 30 jours, nous offrons une garantie de remplacement \u00e0 vie pour tous les produits d\u00e9fectueux. Garantie l\u00e9gale La garantie l\u00e9gale... <\/p>","protected":false},"author":9,"featured_media":0,"parent":0,"menu_order":0,"comment_status":"closed","ping_status":"closed","template":"","meta":{"_acf_changed":false,"footnotes":""},"class_list":["post-3559","page","type-page","status-publish","hentry"],"acf":[],"_links":{"self":[{"href":"https:\/\/softwarelizenzexpress.de\/fr\/wp-json\/wp\/v2\/pages\/3559","targetHints":{"allow":["GET"]}}],"collection":[{"href":"https:\/\/softwarelizenzexpress.de\/fr\/wp-json\/wp\/v2\/pages"}],"about":[{"href":"https:\/\/softwarelizenzexpress.de\/fr\/wp-json\/wp\/v2\/types\/page"}],"author":[{"embeddable":true,"href":"https:\/\/softwarelizenzexpress.de\/fr\/wp-json\/wp\/v2\/users\/9"}],"replies":[{"embeddable":true,"href":"https:\/\/softwarelizenzexpress.de\/fr\/wp-json\/wp\/v2\/comments?post=3559"}],"version-history":[{"count":0,"href":"https:\/\/softwarelizenzexpress.de\/fr\/wp-json\/wp\/v2\/pages\/3559\/revisions"}],"wp:attachment":[{"href":"https:\/\/softwarelizenzexpress.de\/fr\/wp-json\/wp\/v2\/media?parent=3559"}],"curies":[{"name":"wp","href":"https:\/\/api.w.org\/{rel}","templated":true}]}}