{"id":3555,"date":"2020-12-10T13:52:59","date_gmt":"2020-12-10T13:52:59","guid":{"rendered":"https:\/\/shop.softwarelizenzexpress.de\/?page_id=3555"},"modified":"2026-01-14T11:53:01","modified_gmt":"2026-01-14T10:53:01","slug":"delivery","status":"publish","type":"page","link":"https:\/\/softwarelizenzexpress.de\/fr\/delivery\/","title":{"rendered":"Paiement et livraison"},"content":{"rendered":"<h2 class=\"wp-block-heading\">Exp\u00e9dition<\/h2>\r\n\r\n\r\n\r\n<p>Nos produits sont envoy\u00e9s sous forme num\u00e9rique. D\u00e8s que nous aurons confirm\u00e9 la r\u00e9ception de votre paiement, vous recevrez un e-mail contenant toutes les informations n\u00e9cessaires pour le t\u00e9l\u00e9chargement, l'installation et l'activation.<\/p>\r\n\r\n\r\n\r\n<p>Afin de garantir l'envoi des produits, vous devez vous assurer que vous indiquez correctement votre adresse e-mail lors de la commande !<\/p>\r\n\r\n\r\n\r\n<p>Il n'y a pas de frais d'envoi pour les envois par e-mail.<\/p>\r\n\r\n\r\n\r\n<p>&nbsp;<\/p>\r\n\r\n\r\n\r\n<h2 class=\"wp-block-heading\">Modalit\u00e9s et conditions de paiement<\/h2>\r\n\r\n\r\n\r\n<p><strong>PayPal<\/strong><\/p>\r\n<p>Payez rapidement et confortablement avec PayPal. C'est le moyen le plus rapide de recevoir votre commande, en g\u00e9n\u00e9ral dans les 15 minutes.<\/p>\r\n<p>Vous pouvez \u00e9galement payer par carte de cr\u00e9dit via le syst\u00e8me de Paypal. Comme pour le paiement par PayPal, le paiement est confirm\u00e9 dans notre syst\u00e8me en quelques minutes et la commande est envoy\u00e9e peu apr\u00e8s.<\/p>\r\n<p><strong>Carte de cr\u00e9dit\/d\u00e9bit (Visa, MasterCard, American Express)<\/strong><br \/>Payez confortablement avec votre carte bancaire. Le r\u00e8glement s'effectue de mani\u00e8re crypt\u00e9e et en temps r\u00e9el. Les cartes accept\u00e9es sont Visa, MasterCard et American Express.<\/p>\r\n<p><strong>Google Pay<\/strong><br \/>Paiement rapide via votre compte Google - simple, sans contact et s\u00e9curis\u00e9. Parfait pour les appareils Android et les utilisateurs de Chrome.<\/p>\r\n<p><strong>Apple Pay<\/strong><br \/>Payer directement via votre appareil Apple - en toute s\u00e9curit\u00e9, sans saisir de carte, avec Face ID ou Touch ID.<\/p>\r\n<p><strong>Klarna<\/strong><br \/>Utilisez la plateforme de paiement flexible avec trois options :<br \/>- Payer plus tard : Recevez votre marchandise en premier, payez plus tard.<br \/>- Payer maintenant : Virement imm\u00e9diat du compte bancaire via Klarna.<br \/>- Paiement \u00e9chelonn\u00e9 : payez de mani\u00e8re flexible sur plusieurs mois.<\/p>\r\n<p><strong>2Checkout<\/strong><br \/>Transactions rapides et s\u00e9curis\u00e9es, compatibles avec plusieurs m\u00e9thodes de paiement. Id\u00e9al pour les achats internationaux avec une s\u00e9curit\u00e9 maximale.<\/p>\r\n<p>.<\/p>","protected":false},"excerpt":{"rendered":"<p>Exp\u00e9dition Nos produits sont envoy\u00e9s sous forme num\u00e9rique. D\u00e8s que nous aurons confirm\u00e9 la r\u00e9ception de votre paiement, vous recevrez un e-mail contenant toutes les informations n\u00e9cessaires pour le t\u00e9l\u00e9chargement, l'installation et l'activation. Pour garantir l'envoi des produits, vous devez vous assurer que votre adresse e-mail est correcte lors de la commande ! Pour l'envoi... <\/p>","protected":false},"author":9,"featured_media":0,"parent":0,"menu_order":0,"comment_status":"closed","ping_status":"closed","template":"","meta":{"_acf_changed":false,"footnotes":""},"class_list":["post-3555","page","type-page","status-publish","hentry"],"acf":[],"_links":{"self":[{"href":"https:\/\/softwarelizenzexpress.de\/fr\/wp-json\/wp\/v2\/pages\/3555","targetHints":{"allow":["GET"]}}],"collection":[{"href":"https:\/\/softwarelizenzexpress.de\/fr\/wp-json\/wp\/v2\/pages"}],"about":[{"href":"https:\/\/softwarelizenzexpress.de\/fr\/wp-json\/wp\/v2\/types\/page"}],"author":[{"embeddable":true,"href":"https:\/\/softwarelizenzexpress.de\/fr\/wp-json\/wp\/v2\/users\/9"}],"replies":[{"embeddable":true,"href":"https:\/\/softwarelizenzexpress.de\/fr\/wp-json\/wp\/v2\/comments?post=3555"}],"version-history":[{"count":0,"href":"https:\/\/softwarelizenzexpress.de\/fr\/wp-json\/wp\/v2\/pages\/3555\/revisions"}],"wp:attachment":[{"href":"https:\/\/softwarelizenzexpress.de\/fr\/wp-json\/wp\/v2\/media?parent=3555"}],"curies":[{"name":"wp","href":"https:\/\/api.w.org\/{rel}","templated":true}]}}