{"id":3290,"date":"2020-10-22T23:33:43","date_gmt":"2020-10-22T23:33:43","guid":{"rendered":"https:\/\/shop.softwarelizenzexpress.de\/?page_id=3290"},"modified":"2025-04-22T16:58:52","modified_gmt":"2025-04-22T14:58:52","slug":"widerrufsrecht","status":"publish","type":"page","link":"https:\/\/softwarelizenzexpress.de\/fr\/widerrufsrecht\/","title":{"rendered":"R\u00e9tractation et retour"},"content":{"rendered":"<ul style=\"padding-left: 20px;\">\n<li>Pas de frais de retour<\/li>\n<li>Pas de frais de port<\/li>\n<li>Remboursement int\u00e9gral pendant 30 jours<\/li>\n<li>Garantie de remplacement \u00e0 vie<\/li>\n<\/ul>\n<p><strong>Information sur le droit de r\u00e9tractation<\/strong><\/p>\n<p>Vous avez le droit de vous r\u00e9tracter de ce contrat sans donner de raison dans les 30 jours suivant la r\u00e9ception de la marchandise.<\/p>\n<p>Pour exercer votre droit de r\u00e9tractation, vous devez nous notifier votre d\u00e9cision de vous r\u00e9tracter du pr\u00e9sent contrat au moyen d'une d\u00e9claration d\u00e9nu\u00e9e d'ambigu\u00eft\u00e9 (par exemple, lettre envoy\u00e9e par la poste, t\u00e9l\u00e9copie ou courrier \u00e9lectronique). Pour ce faire, vous pouvez utiliser le mod\u00e8le ci-joint.<\/p>\n<div style=\"border: dashed 1px gray; border-radius: 5px; background-color: #f5f5f5; padding: 5px; margin-bottom: 15px;\">\n<p><strong>Propri\u00e9taire :<\/strong> STEPHAN M\u00dcLLER<\/p>\n<p><strong>Si\u00e8ge social :<\/strong> Wernher-von-Braun Str. 16, 63303 Dreieich, Allemagne<\/p>\n<p><strong>Le site de l'Allemagne :<\/strong> Wernher-von-Braun Str. 16, 63303 Dreieich Allemagne<\/p>\n<p><strong>T\u00e9l :<\/strong> +49 60748160523<\/p>\n<p><strong>Courrier \u00e9lectronique :<\/strong> <a href='mailto:deutschland@softwarelizenzexpress.de'>deutschland@softwarelizenzexpress.de<\/a><\/p>\n<\/div>\n<p><strong>Mod\u00e8le de formulaire de r\u00e9tractation<\/strong><\/p>\n<p>(Si vous souhaitez vous r\u00e9tracter, veuillez remplir et renvoyer ce formulaire).<\/p>\n<div style=\"border: dashed 1px gray; border-radius: 5px; background-color: #f5f5f5; padding: 5px; margin-bottom: 15px;\">\n<p>Par la pr\u00e9sente, je\/nous () r\u00e9voque(ons) le contrat que j'ai\/nous avons () conclu pour l'achat des marchandises suivantes ()\/la fourniture du service suivant () :<\/p>\n<ul style=\"padding-left: 20px;\">\n<li>Command\u00e9 le () \/ re\u00e7u le ()<\/li>\n<li>Nom du\/des consommateur(s)<\/li>\n<li>Adresse du\/des consommateur(s)<\/li>\n<li>Signature du\/des consommateur(s) (uniquement en cas de communication sur papier)<\/li>\n<li>Date<\/li>\n<\/ul>\n<\/div>\n<p><em>(*) Biffer la mention inutile.<\/em><\/p>\n<p>Pour que le d\u00e9lai de r\u00e9tractation soit respect\u00e9, il suffit que vous envoyiez la communication relative \u00e0 l'exercice du droit de r\u00e9tractation avant l'expiration du d\u00e9lai.<\/p>\n<p><strong>Cons\u00e9quences de la r\u00e9vocation<\/strong><\/p>\n<p>En cas de r\u00e9tractation du pr\u00e9sent contrat, nous vous rembourserons imm\u00e9diatement tous les paiements re\u00e7us de votre part, y compris les frais de livraison (\u00e0 l'exception des frais suppl\u00e9mentaires d\u00e9coulant du fait que vous avez choisi un mode de livraison autre que le mode de livraison standard le moins co\u00fbteux que nous proposons). Pour ce remboursement, nous utilisons le m\u00eame moyen de paiement que celui que vous avez utilis\u00e9 pour la transaction initiale, sauf s'il en a \u00e9t\u00e9 express\u00e9ment convenu autrement avec vous ; en aucun cas, des frais ne vous seront factur\u00e9s pour ce remboursement.<\/p>\n<p><strong>Garantie de remplacement \u00e0 vie :<\/strong><\/p>\n<p>Si vous avez manqu\u00e9 la p\u00e9riode de remboursement de 30 jours, nous vous offrons une garantie de remplacement \u00e0 vie pour le produit. Si le produit est d\u00e9fectueux pendant son utilisation, vous recevrez un remplacement gratuit.<\/p>\n<div style=\"border: dashed 1px gray; border-radius: 5px; background-color: #f5f5f5; padding: 5px; margin-bottom: 15px;\"><strong>Propri\u00e9taire :<\/strong> STEPHAN M\u00dcLLER<br \/>\n<strong>Si\u00e8ge social :<\/strong> Wernher-von-Braun Str. 16, 63303 Dreieich, Allemagne<br \/>\n<strong>Le site de l'Allemagne :<\/strong> Wernher-von-Braun Str. 16, 63303 Dreieich Allemagne<br \/>\n<strong>T\u00e9l :<\/strong> +49 60748160523<br \/>\n<strong>Courrier \u00e9lectronique :<\/strong> <a href='mailto:deutschland@softwarelizenzexpress.de'>deutschland@softwarelizenzexpress.de<\/a><\/div>","protected":false},"excerpt":{"rendered":"<p>Keine R\u00fccksendegeb\u00fchren Keine Versandkosten 30 Tage volle R\u00fcckerstattung Lebenslange Ersatzgarantie Widerrufsbelehrung Sie haben das Recht, diesen Vertrag ohne Angabe von Gr\u00fcnden innerhalb von 30 Tagen nach Erhalt der Ware zu widerrufen. Um Ihr Widerrufsrecht auszu\u00fcben, m\u00fcssen Sie uns mittels einer eindeutigen Erkl\u00e4rung (z. B. ein mit der Post versandter Brief,&hellip; <\/p>","protected":false},"author":396,"featured_media":0,"parent":0,"menu_order":0,"comment_status":"closed","ping_status":"closed","template":"","meta":{"_acf_changed":false,"footnotes":""},"class_list":["post-3290","page","type-page","status-publish","hentry"],"acf":[],"_links":{"self":[{"href":"https:\/\/softwarelizenzexpress.de\/fr\/wp-json\/wp\/v2\/pages\/3290","targetHints":{"allow":["GET"]}}],"collection":[{"href":"https:\/\/softwarelizenzexpress.de\/fr\/wp-json\/wp\/v2\/pages"}],"about":[{"href":"https:\/\/softwarelizenzexpress.de\/fr\/wp-json\/wp\/v2\/types\/page"}],"author":[{"embeddable":true,"href":"https:\/\/softwarelizenzexpress.de\/fr\/wp-json\/wp\/v2\/users\/396"}],"replies":[{"embeddable":true,"href":"https:\/\/softwarelizenzexpress.de\/fr\/wp-json\/wp\/v2\/comments?post=3290"}],"version-history":[{"count":0,"href":"https:\/\/softwarelizenzexpress.de\/fr\/wp-json\/wp\/v2\/pages\/3290\/revisions"}],"wp:attachment":[{"href":"https:\/\/softwarelizenzexpress.de\/fr\/wp-json\/wp\/v2\/media?parent=3290"}],"curies":[{"name":"wp","href":"https:\/\/api.w.org\/{rel}","templated":true}]}}