{"id":13412,"date":"2021-03-03T14:37:17","date_gmt":"2021-03-03T13:37:17","guid":{"rendered":"https:\/\/shop.softwarelizenzexpress.de\/?page_id=13412"},"modified":"2025-03-11T15:20:27","modified_gmt":"2025-03-11T14:20:27","slug":"services","status":"publish","type":"page","link":"https:\/\/softwarelizenzexpress.de\/fr\/services\/","title":{"rendered":"Service"},"content":{"rendered":"<h4>Service \u00e0 la client\u00e8le<\/h4>\n<ul>\n<li>\n<h4>Rapidement chez vous gr\u00e2ce \u00e0 une exp\u00e9dition \u00e9clair 24h\/24 et 7j\/7<\/h4>\n<ul>\n<li>Nous envoyons la cl\u00e9 de produit 2 minutes apr\u00e8s r\u00e9ception du paiement.<\/li>\n<li>Vous recevrez un lien de t\u00e9l\u00e9chargement et des instructions d'installation par e-mail.<\/li>\n<li>Le logiciel et le manuel sont disponibles en cinq langues (allemand, anglais, fran\u00e7ais, italien, espagnol).<\/li>\n<\/ul>\n<\/li>\n<\/ul>\n<ul>\n<li>\n<h4>Des partenaires forts<\/h4>\n<ul>\n<li>Partenaire contractuel officiel de Corel<\/li>\n<li>Partenaire Microsoft Gold avec MSPN<\/li>\n<li>Membre du programme VeRI<\/li>\n<\/ul>\n<\/li>\n<\/ul>\n<ul>\n<li>\n<h4>Facture<\/h4>\n<ul>\n<li>Dans les 24 heures, vous recevrez (si vous le souhaitez) une facture avec votre num\u00e9ro de TVA et votre num\u00e9ro de partenaire Microsoft.<\/li>\n<li>De plus, vous recevez un certificat de licence qui documente de mani\u00e8re transparente l'origine du logiciel.<\/li>\n<li>Plus de s\u00e9curit\u00e9 avec des logiciels l\u00e9gaux<\/li>\n<li>Logiciels d'Allemagne avec certificat d'origine<\/li>\n<li>Vous recevez une facture et un certificat de transfert de licence<\/li>\n<li>Les licences sont s\u00e9curis\u00e9es contre les audits gr\u00e2ce \u00e0 l'utilisation de la technologie blockchain.<\/li>\n<\/ul>\n<\/li>\n<\/ul>\n<ul>\n<li>\n<h4>Garantie du produit<\/h4>\n<ul>\n<li>Garantie de remboursement de 30 jours<\/li>\n<li>100% Activation en ligne<\/li>\n<li>Garantie \u00e0 vie<\/li>\n<li>Nouvelles licences allemandes sans propri\u00e9taire pr\u00e9c\u00e9dent<\/li>\n<li>La qualit\u00e9 des cl\u00e9s de produit est contr\u00f4l\u00e9e par le service d'exp\u00e9dition.<\/li>\n<\/ul>\n<\/li>\n<\/ul>\n<ul>\n<li>\n<h4>Obligation de transparence<\/h4>\n<p>Nous respectons toutes les obligations l\u00e9gales en mati\u00e8re d'information :<\/p>\n<ul>\n<li>Lien vers la plateforme de r\u00e8glement des litiges en ligne<\/li>\n<li>Pas de vente de cl\u00e9s de produits purs sans licence correspondante<\/li>\n<li>Garantie d'origine des licences<\/li>\n<\/ul>\n<\/li>\n<\/ul>\n<ul>\n<li>\n<h4>Payer en toute s\u00e9curit\u00e9 et rapidement<\/h4>\n<p>Chez nous, vous pouvez payer en toute s\u00e9curit\u00e9 et rapidement avec diff\u00e9rentes m\u00e9thodes de paiement. Sur la page de la caisse, les m\u00e9thodes de paiement disponibles pour votre pays (selon l'adresse de facturation) sont affich\u00e9es. Les modes de paiement disponibles sont entre autres<\/p>\n<ul>\n<li>Klarna<\/li>\n<li>Amazon Pay<\/li>\n<li>Apple Pay<\/li>\n<li>Google Pay<\/li>\n<li>Carte de cr\u00e9dit<\/li>\n<\/ul>\n<\/li>\n<\/ul>\n<ul>\n<li>\n<h4>T\u00e9l\u00e9charger le logiciel<\/h4>\n<ul>\n<li>T\u00e9l\u00e9chargement rapide et s\u00fbr sans inscription suppl\u00e9mentaire sur notre portail de t\u00e9l\u00e9chargement<\/li>\n<li>Le logiciel a \u00e9t\u00e9 test\u00e9 contre les virus<\/li>\n<li>Le portail de t\u00e9l\u00e9chargement est disponible en cinq langues<\/li>\n<\/ul>\n<\/li>\n<\/ul>\n<ul>\n<li>\n<h4>Toujours l\u00e0 pour vous : notre service client\u00e8le<\/h4>\n<ul>\n<li>Disponibilit\u00e9 t\u00e9l\u00e9phonique 4 heures \/ jour<\/li>\n<li>Service client\u00e8le 24h\/24 et 7j\/7 par e-mail multilingue<\/li>\n<li>Support (allemand, anglais, fran\u00e7ais, italien, espagnol)<\/li>\n<\/ul>\n<\/li>\n<\/ul>\n<p>&nbsp;<\/p>\n<blockquote><p><strong>Shop Software Lizenz Express ne vend pas seulement une cl\u00e9. Lorsque vous achetez votre produit, vous b\u00e9n\u00e9ficiez d'un service et d'une assistance complets.<\/strong><\/p><\/blockquote>","protected":false},"excerpt":{"rendered":"<p>Service client Rapidement chez vous gr\u00e2ce \u00e0 une exp\u00e9dition \u00e9clair 24h\/24 et 7j\/7 2 minutes apr\u00e8s r\u00e9ception du paiement, nous vous envoyons la cl\u00e9 du produit Vous recevez un lien de t\u00e9l\u00e9chargement et un guide d'installation par e-mail Le logiciel et le guide sont disponibles en cinq langues (allemand, anglais, fran\u00e7ais, italien, espagnol) Partenaires solides Partenaire contractuel officiel de Corel Partenaire Microsoft Gold avec membre MSPN... <\/p>","protected":false},"author":9,"featured_media":0,"parent":0,"menu_order":0,"comment_status":"closed","ping_status":"closed","template":"","meta":{"_acf_changed":false,"footnotes":""},"class_list":["post-13412","page","type-page","status-publish","hentry"],"acf":[],"_links":{"self":[{"href":"https:\/\/softwarelizenzexpress.de\/fr\/wp-json\/wp\/v2\/pages\/13412","targetHints":{"allow":["GET"]}}],"collection":[{"href":"https:\/\/softwarelizenzexpress.de\/fr\/wp-json\/wp\/v2\/pages"}],"about":[{"href":"https:\/\/softwarelizenzexpress.de\/fr\/wp-json\/wp\/v2\/types\/page"}],"author":[{"embeddable":true,"href":"https:\/\/softwarelizenzexpress.de\/fr\/wp-json\/wp\/v2\/users\/9"}],"replies":[{"embeddable":true,"href":"https:\/\/softwarelizenzexpress.de\/fr\/wp-json\/wp\/v2\/comments?post=13412"}],"version-history":[{"count":0,"href":"https:\/\/softwarelizenzexpress.de\/fr\/wp-json\/wp\/v2\/pages\/13412\/revisions"}],"wp:attachment":[{"href":"https:\/\/softwarelizenzexpress.de\/fr\/wp-json\/wp\/v2\/media?parent=13412"}],"curies":[{"name":"wp","href":"https:\/\/api.w.org\/{rel}","templated":true}]}}