{"id":56425,"date":"2025-01-08T13:53:54","date_gmt":"2025-01-08T12:53:54","guid":{"rendered":"https:\/\/softwarelizenzexpress.de\/?post_type=product&#038;p=56425"},"modified":"2026-04-16T18:11:59","modified_gmt":"2026-04-16T16:11:59","slug":"microsoft-windows-server-2019-essentials","status":"publish","type":"product","link":"https:\/\/softwarelizenzexpress.de\/es\/product\/microsoft-windows-server-2019-essentials\/","title":{"rendered":"Microsoft Windows Server 2019 Essentials"},"content":{"rendered":"<p>Con Windows Server 2019, podr\u00e1 alcanzar todos sus objetivos empresariales. El sistema operativo combina entornos on-promises con servicios Azure para maximizar las ventajas de los escenarios h\u00edbridos y las inversiones existentes.<\/p>\n<p>Windows Server 2019 est\u00e1 disponible en tres versiones diferentes, cada una para requisitos distintos:<\/p>\n<ul>\n<li><strong>Windows Server 2019 Essentials<\/strong>\u00a0est\u00e1 dise\u00f1ado para peque\u00f1as empresas de hasta 25 usuarios y 50 dispositivos. No requiere licencias de acceso (CAL).<\/li>\n<li><strong>Windows Server 2019 Standard<\/strong>\u00a0es perfecto para entornos f\u00edsicos o s\u00f3lo ligeramente virtualizados. Necesita\u00a0<a href=\"https:\/\/shop.winandoffice.com\/de\/produkt-kategorie\/windows-server\/2019-cal\/\">licencias de acceso adicionales (CAL).<\/a><\/li>\n<li>W<strong>indows Server 2019 Datacenter<\/strong>\u00a0es especialmente eficaz en centros de datos altamente virtualizados y entornos de nube. Necesita\u00a0<a href=\"https:\/\/shop.winandoffice.com\/de\/produkt-kategorie\/windows-server\/2019-cal\/\">licencias de acceso adicionales (CAL).<\/a><\/li>\n<\/ul>\n<p>Windows Server 2019 es el sistema operativo que conecta los entornos locales con Azure. Se beneficiar\u00e1 de capas de seguridad adicionales y de la modernizaci\u00f3n de sus aplicaciones e infraestructuras.<\/p>\n<p class=\"c-heading-4\"><strong>Funciones h\u00edbridas con Azure<\/strong><\/p>\n<div class=\"c-paragraph\">\n<p>Ampl\u00ede su centro de datos a Azure para sacar el m\u00e1ximo partido a su inversi\u00f3n y obtener nuevas capacidades h\u00edbridas.<\/p>\n<p class=\"c-heading-4\"><strong>Seguridad multinivel ampliada<\/strong><\/p>\n<div class=\"c-paragraph\">\n<p>Mejore su seguridad para proteger el centro de datos. Empiece por el sistema operativo.<\/p>\n<p class=\"c-heading-4\"><strong>Innovaci\u00f3n m\u00e1s r\u00e1pida para las aplicaciones<\/strong><\/p>\n<div class=\"c-paragraph\">\n<p>Permita la creaci\u00f3n de aplicaciones nativas de la nube y modernice las aplicaciones tradicionales con contenedores y microservicios.<\/p>\n<p class=\"c-heading-4\"><strong>Infraestructura hiperconvergente sin rival<\/strong><\/p>\n<div class=\"c-paragraph\">\n<p>Ampl\u00ede la infraestructura de su centro de datos para mejorar la eficacia y la seguridad.<\/p>\n<\/div>\n<\/div>\n<\/div>\n<\/div>\n<p><strong>Requisitos del sistema:<\/strong><\/p>\n<ul>\n<li>Procesador: 1,4 GHz 64 bits con NX\/DEP<\/li>\n<li>Memoria: 512 MB (Server Core y Server Nano), 2 GB (con vista de escritorio)<\/li>\n<li>Tarjeta gr\u00e1fica y monitor: 1024 \u00d7 768 p\u00edxeles<\/li>\n<li>Red: Gigabit Ethernet<\/li>\n<li>Espacio libre en el disco duro: 32 GB de espacio libre en el disco duro<\/li>\n<li>BIOS: sistema UEFI con arranque seguro (UEFI 2.3.1c) (para determinadas funciones)<\/li>\n<\/ul>\n<p><strong>Apoyo:<\/strong><\/p>\n<p class=\"translation-block\">Si tiene alguna pregunta, no dude en ponerse en contacto con nosotros <a href=\"mailto:deutschland@softwarelizenzexpress.de\" target=\"_self\" rel=\"noopener\">por correo electr\u00f3nico<\/a>. Nuestro servicio de atenci\u00f3n al cliente est\u00e1 disponible 7 d\u00edas a la semana, 24 horas al d\u00eda.<\/p>","protected":false},"excerpt":{"rendered":"<ul>\n<li>Microsoft Windows Server 2019 Datacenter, Standard o Essentials (las CAL se venden por separado)<\/li>\n<li>Versiones disponibles para sistemas de 64 bits<\/li>\n<li>Env\u00edo por correo electr\u00f3nico: Clave del producto, instrucciones, enlaces de descarga, factura<\/li>\n<li>Descarga inmediata<\/li>\n<li>Sin l\u00edmite de tiempo, sin suscripci\u00f3n<\/li>\n<li>Asistencia gratuita para la instalaci\u00f3n y activaci\u00f3n<\/li>\n<li>No entrega en soportes de datos (USB, CD, etc.)<\/li>\n<li>Activaci\u00f3n en l\u00ednea y por tel\u00e9fono<\/li>\n<\/ul>","protected":false},"featured_media":56426,"comment_status":"open","ping_status":"closed","template":"","meta":{"_acf_changed":false},"product_brand":[],"product_cat":[17],"product_tag":[105],"class_list":{"0":"post-56425","1":"product","2":"type-product","3":"status-publish","4":"has-post-thumbnail","6":"product_cat-windows-servers","7":"product_tag-windows","9":"first","10":"instock","11":"sale","12":"virtual","13":"taxable","14":"purchasable","15":"product-type-simple"},"acf":[],"_links":{"self":[{"href":"https:\/\/softwarelizenzexpress.de\/es\/wp-json\/wp\/v2\/product\/56425","targetHints":{"allow":["GET"]}}],"collection":[{"href":"https:\/\/softwarelizenzexpress.de\/es\/wp-json\/wp\/v2\/product"}],"about":[{"href":"https:\/\/softwarelizenzexpress.de\/es\/wp-json\/wp\/v2\/types\/product"}],"replies":[{"embeddable":true,"href":"https:\/\/softwarelizenzexpress.de\/es\/wp-json\/wp\/v2\/comments?post=56425"}],"wp:featuredmedia":[{"embeddable":true,"href":"https:\/\/softwarelizenzexpress.de\/es\/wp-json\/wp\/v2\/media\/56426"}],"wp:attachment":[{"href":"https:\/\/softwarelizenzexpress.de\/es\/wp-json\/wp\/v2\/media?parent=56425"}],"wp:term":[{"taxonomy":"product_brand","embeddable":true,"href":"https:\/\/softwarelizenzexpress.de\/es\/wp-json\/wp\/v2\/product_brand?post=56425"},{"taxonomy":"product_cat","embeddable":true,"href":"https:\/\/softwarelizenzexpress.de\/es\/wp-json\/wp\/v2\/product_cat?post=56425"},{"taxonomy":"product_tag","embeddable":true,"href":"https:\/\/softwarelizenzexpress.de\/es\/wp-json\/wp\/v2\/product_tag?post=56425"}],"curies":[{"name":"wp","href":"https:\/\/api.w.org\/{rel}","templated":true}]}}