{"id":56266,"date":"2024-12-02T04:55:04","date_gmt":"2024-12-02T03:55:04","guid":{"rendered":"https:\/\/softwarelizenzexpress.de\/?post_type=product&#038;p=56266"},"modified":"2026-04-16T18:11:50","modified_gmt":"2026-04-16T16:11:50","slug":"microsoft-windows-11-professional-microsoft-office-2024-professional-plus-microsoft-project-2024-professional-microsoft-visio-2024-professional","status":"publish","type":"product","link":"https:\/\/softwarelizenzexpress.de\/es\/product\/microsoft-windows-11-professional-microsoft-office-2024-professional-plus-microsoft-project-2024-professional-microsoft-visio-2024-professional\/","title":{"rendered":"Microsoft Windows 11 Professional + Microsoft Office 2024 Professional Plus + Microsoft Project 2024 Professional + Microsoft Visio 2024 Professional Licencia para 3 PCs"},"content":{"rendered":"<p>Ahorre tiempo y dinero con nuestra combinaci\u00f3n Microsoft de las \u00faltimas versiones de Windows, Office, Visio y Project.<\/p>\n<ul>\n<li>Windows 11 Profesional<\/li>\n<li>Office 2024 Profesional Plus<\/li>\n<li>Visio 2024 Profesional<\/li>\n<li>Proyecto 2024 Profesional<\/li>\n<\/ul>\n<hr \/>\n<p><strong>Microsoft Windows 11 Professional<\/strong><\/p>\n<p>Con Windows 11 Professional, dispondr\u00e1 de un sistema operativo fiable en su dispositivo. Se beneficiar\u00e1 de arranques m\u00e1s r\u00e1pidos del sistema, un men\u00fa Inicio familiar pero mejorado y nuevas formas de hacer las cosas r\u00e1pidamente. Tambi\u00e9n dispondr\u00e1 de nuevas funciones, como un navegador totalmente nuevo que le ayudar\u00e1 a navegar por Internet y su asistente digital personal Cortana. Cortana es tu asistente digital personal que te sigue en todos tus dispositivos Windows 11 y te ayuda a hacer cosas. Cortana aprende m\u00e1s sobre ti con el tiempo y puede ayudarte mejor cada d\u00eda. Windows 11 Professional te ayuda de forma \u00f3ptima en todo lo que haces.<\/p>\n<p><strong>Microsoft Office 2024 Professional Plus<\/strong><\/p>\n<p>Elija Office 2024 Professional Plus hoy mismo y recibir\u00e1 la soluci\u00f3n Office m\u00e1s reciente y moderna de Microsoft. Adem\u00e1s de las aplicaciones cl\u00e1sicas, obtendr\u00e1 autom\u00e1ticamente acceso a las aplicaciones basadas en navegador y a Skype Empresarial. La comunicaci\u00f3n simplificada le permite colaborar m\u00e1s eficazmente con los dem\u00e1s.<\/p>\n<p>Todo lo que necesita de un vistazo<\/p>\n<ul>\n<li><strong>Palabra <\/strong> - para crear y editar tus textos y documentos<\/li>\n<li><strong>Excel <\/strong> - para procesar registros de datos en forma tabular<\/li>\n<li><strong>PowerPoint <\/strong> - para crear presentaciones inspiradoras<\/li>\n<li><strong>Outlook <\/strong> - para gestionar tus correos electr\u00f3nicos, contactos, citas y tareas<\/li>\n<li><strong>Acceda a <\/strong> - para crear bases de datos con acceso a Internet<\/li>\n<li><strong>OneNote<\/strong> - Su cuaderno digital<\/li>\n<\/ul>\n<p><strong>Nota importante: Los equipos<\/strong> est\u00e1 disponible en esta versi\u00f3n de Office <strong>NO<\/strong> incluido.<\/p>\n<p><strong>Microsoft Visio 2024 Professional<\/strong><\/p>\n<p>Visio 2024 es una potente aplicaci\u00f3n de diagramaci\u00f3n que permite trabajar visualmente y crear todo tipo de diagramas. Con m\u00e1s de 12 millones de usuarios, es el l\u00edder del sector. Visio 2024 facilita la definici\u00f3n de procesos empresariales, la documentaci\u00f3n de mejores pr\u00e1cticas, la visualizaci\u00f3n del estado futuro de iniciativas transformadoras y el mantenimiento de perspectivas operativas en toda la organizaci\u00f3n.<\/p>\n<p><strong>Microsoft Project 2024 Profesional<\/strong><\/p>\n<p>Colabore con otros para lanzar y entregar proyectos con \u00e9xito en un abrir y cerrar de ojos. Incluye todas las caracter\u00edsticas de Project Standard m\u00e1s la colaboraci\u00f3n en la gesti\u00f3n de recursos, la sincronizaci\u00f3n de tareas con SharePoint, el seguimiento del tiempo y mucho m\u00e1s. Microsoft Project Professional 2024 ofrece funciones flexibles que permiten planificar proyectos, realizar un seguimiento del estado y colaborar con otras personas desde pr\u00e1cticamente cualquier lugar. La aplicaci\u00f3n ofrece comunicaci\u00f3n en tiempo real y mensajer\u00eda instant\u00e1nea, que se activan directamente en el plan del proyecto, y consolida todos los posibles recursos del proyecto en una \u00fanica vista.<\/p>\n<p><strong>Apoyo:<\/strong><\/p>\n<p>Si tiene alguna pregunta, no dude en <a href=\"mailto:deutschland@softwarelizenzexpress.de\">por correo electr\u00f3nico<\/a> p\u00f3ngase en contacto con nosotros. Nuestro servicio de atenci\u00f3n al cliente est\u00e1 disponible 7 d\u00edas a la semana, 24 horas al d\u00eda.<\/p>","protected":false},"excerpt":{"rendered":"<ul>\n<li>Licencia de Windows 11 Professional para 3 PC<\/li>\n<li>Licencia Office 2024 Professional Plus para 3 PC<\/li>\n<li>Licencia de Visio 2024 Professional para 3 PC<\/li>\n<li>Project 2024 Licencia profesional para 3 PC<\/li>\n<li><strong>Con esta licencia, el software puede activarse en 3 dispositivos diferentes, por ejemplo, el PC de casa, el port\u00e1til y el PC del trabajo.<\/strong><\/li>\n<li>Versi\u00f3n para sistemas de 32 y 64 bits, versiones completas ilimitadas del software <strong>del socio de oro certificado de Microsoft<\/strong><\/li>\n<li><strong>Reembolso completo en 30 d\u00edas - \u00a1Garant\u00eda de sustituci\u00f3n de por vida!<\/strong><\/li>\n<li>Entrega por correo electr\u00f3nico: Clave del producto, instrucciones, enlaces de descarga, factura<\/li>\n<li>Descarga inmediata<\/li>\n<li>Sin l\u00edmite de tiempo, sin suscripci\u00f3n<\/li>\n<li>Asistencia 24\/7 gratuita para problemas de instalaci\u00f3n y activaci\u00f3n<\/li>\n<li>No entrega en soportes de datos (USB, CD, etc.)<\/li>\n<li>Activaci\u00f3n en l\u00ednea y por tel\u00e9fono<\/li>\n<li>Idiomas: Ingl\u00e9s, espa\u00f1ol, italiano, alem\u00e1n y franc\u00e9s<\/li>\n<li><strong><span style=\"color: #008000;\"> Este producto es compatible con Microsoft Windows.<\/span><\/strong><\/li>\n<li><strong><span style=\"color: #ff0000;\">NO compatible con Apple macOS\u2122, dispositivos Android y Chromebooks.<\/span><\/strong><\/li>\n<\/ul>","protected":false},"featured_media":56265,"comment_status":"open","ping_status":"closed","template":"","meta":{"_acf_changed":false},"product_brand":[],"product_cat":[25,227,15,27,28,228,252,23,26],"product_tag":[],"class_list":{"0":"post-56266","1":"product","2":"type-product","3":"status-publish","4":"has-post-thumbnail","6":"product_cat-combos","7":"product_cat-microsoft-office","8":"product_cat-ms-office","9":"product_cat-project","10":"product_cat-visio","11":"product_cat-228","12":"product_cat-windows-11","13":"product_cat-windows-desktop","14":"product_cat-special-offers","16":"first","17":"instock","18":"sale","19":"virtual","20":"taxable","21":"purchasable","22":"product-type-simple"},"acf":[],"_links":{"self":[{"href":"https:\/\/softwarelizenzexpress.de\/es\/wp-json\/wp\/v2\/product\/56266","targetHints":{"allow":["GET"]}}],"collection":[{"href":"https:\/\/softwarelizenzexpress.de\/es\/wp-json\/wp\/v2\/product"}],"about":[{"href":"https:\/\/softwarelizenzexpress.de\/es\/wp-json\/wp\/v2\/types\/product"}],"replies":[{"embeddable":true,"href":"https:\/\/softwarelizenzexpress.de\/es\/wp-json\/wp\/v2\/comments?post=56266"}],"wp:featuredmedia":[{"embeddable":true,"href":"https:\/\/softwarelizenzexpress.de\/es\/wp-json\/wp\/v2\/media\/56265"}],"wp:attachment":[{"href":"https:\/\/softwarelizenzexpress.de\/es\/wp-json\/wp\/v2\/media?parent=56266"}],"wp:term":[{"taxonomy":"product_brand","embeddable":true,"href":"https:\/\/softwarelizenzexpress.de\/es\/wp-json\/wp\/v2\/product_brand?post=56266"},{"taxonomy":"product_cat","embeddable":true,"href":"https:\/\/softwarelizenzexpress.de\/es\/wp-json\/wp\/v2\/product_cat?post=56266"},{"taxonomy":"product_tag","embeddable":true,"href":"https:\/\/softwarelizenzexpress.de\/es\/wp-json\/wp\/v2\/product_tag?post=56266"}],"curies":[{"name":"wp","href":"https:\/\/api.w.org\/{rel}","templated":true}]}}