{"id":56031,"date":"2024-11-04T23:42:11","date_gmt":"2024-11-04T22:42:11","guid":{"rendered":"https:\/\/softwarelizenzexpress.de\/?post_type=product&#038;p=56031"},"modified":"2026-04-16T18:11:50","modified_gmt":"2026-04-16T16:11:50","slug":"microsoft-office-2021-professional-plus-microsoft-visio-2024-professional-lizenz-fuer-3-pc","status":"publish","type":"product","link":"https:\/\/softwarelizenzexpress.de\/es\/product\/microsoft-office-2021-professional-plus-microsoft-visio-2024-professional-lizenz-fuer-3-pc\/","title":{"rendered":"Microsoft Office 2021 Professional Plus + Microsoft Visio 2024 Professional licencia para 3 PCs"},"content":{"rendered":"<div id=\"coreui-banner-l03vzh8\" data-m=\"{&quot;cN&quot;:&quot;R2Banner 1&quot;,&quot;cT&quot;:&quot;Module_coreui-banner&quot;,&quot;id&quot;:&quot;m1r2a2&quot;,&quot;sN&quot;:1,&quot;aN&quot;:&quot;r2a2&quot;}\" data-module-id=\"WDG-Microsoft Windows|primaryR2|coreui-region|coreui-banner-l03vzh8|coreui-banner\">\n<div class=\"m-banner f-align-left\" data-grid=\"col-12\"><\/div>\n<\/div>\n<div id=\"coreui-contentrichblock-o5iouct\" data-m=\"{&quot;cN&quot;:&quot;R2ContentRichBlock 1&quot;,&quot;cT&quot;:&quot;Module_coreui-contentrichblock&quot;,&quot;id&quot;:&quot;m3r2a2&quot;,&quot;sN&quot;:3,&quot;aN&quot;:&quot;r2a2&quot;}\" data-module-id=\"WDG-Microsoft Windows|primaryR2|coreui-region|coreui-contentrichblock-o5iouct|coreui-contentrichblock\">\n<div id=\"primaryR3\" data-grid=\"container\" data-region-key=\"primaryr3\" data-m=\"{&quot;cN&quot;:&quot;primaryR3 1&quot;,&quot;cT&quot;:&quot;Region_coreui-region&quot;,&quot;id&quot;:&quot;r3a2&quot;,&quot;sN&quot;:3,&quot;aN&quot;:&quot;a2&quot;}\">\n<div id=\"coreui-contentrichblock-rhi1sei\" data-m=\"{&quot;cN&quot;:&quot;R2ContentRichBlock 1&quot;,&quot;cT&quot;:&quot;Module_coreui-contentrichblock&quot;,&quot;id&quot;:&quot;m3r3a2&quot;,&quot;sN&quot;:3,&quot;aN&quot;:&quot;r3a2&quot;}\" data-module-id=\"WDG-Microsoft Windows|primaryR3|coreui-region|coreui-contentrichblock-rhi1sei|coreui-contentrichblock\">\n<div class=\"m-rich-content-block context-ucx\" data-grid=\"col-12\">\n<h2>Licencia Microsoft Office 2021 Professional Plus para 3 PC<\/h2>\n<p><strong>Con esta licencia, el software puede activarse en 3 dispositivos diferentes, por ejemplo, el ordenador de casa, el port\u00e1til y el del trabajo.<\/strong><\/p>\n<p><strong>Reembolso completo en 30 d\u00edas - \u00a1\u00a1\u00a1Garant\u00eda de sustituci\u00f3n de por vida!!!<\/strong><\/p>\n<div class=\"J0lOec\">\n<p>Microsoft Office 2021 Professional Plus Edition es ideal para los usuarios que utilizan toda la gama de aplicaciones en casa o en la oficina. Incluye toda la gama de aplicaciones de Microsoft Office: Word, Excel, Outlook, PowerPoint, Publisher y Access. OneNote se puede descargar desde Microsoft Windows Store y permite crear notas r\u00e1pidamente y tenerlas disponibles en todos los dispositivos a trav\u00e9s de la nube. Experimenta un rendimiento, estabilidad y velocidad mejorados en Word, Excel, PowerPoint y Outlook. Obtenga nuevas y mejoradas funciones de b\u00fasqueda, herramientas a mano alzada, tipos de datos, funciones, herramientas de traducci\u00f3n y edici\u00f3n, gr\u00e1ficos animados, funciones f\u00e1ciles de usar y mucho m\u00e1s en todo el paquete Microsoft Office 2021.<\/p>\n<\/div>\n<ul>\n<li class=\"J0lOec\"><span class=\"VIiyi\" lang=\"en\"><span class=\"JLqJ4b ChMk0b\" data-language-for-alternatives=\"en\" data-language-to-translate-into=\"de\" data-phrase-index=\"9\" data-number-of-phrases=\"18\"><strong>Palabra<\/strong>Cree documentos de texto de calidad profesional en un abrir y cerrar de ojos.<\/span><\/span><\/li>\n<li class=\"J0lOec\"><span class=\"VIiyi\" lang=\"en\"><span class=\"JLqJ4b ChMk0b\" data-language-for-alternatives=\"en\" data-language-to-translate-into=\"de\" data-phrase-index=\"11\" data-number-of-phrases=\"18\"><strong>Excel<\/strong>Hojas de c\u00e1lculo inteligentes, ahora con nuevas funciones como XLOOKUP<\/span><\/span><\/li>\n<li class=\"J0lOec\"><span class=\"VIiyi\" lang=\"en\"><span class=\"JLqJ4b ChMk0b\" data-language-for-alternatives=\"en\" data-language-to-translate-into=\"de\" data-phrase-index=\"13\" data-number-of-phrases=\"18\"><strong>Power Point<\/strong>Funciones nuevas y mejoradas para crear<\/span><\/span><span class=\"VIiyi\" lang=\"en\"><span class=\"JLqJ4b ChMk0b\" data-language-for-alternatives=\"en\" data-language-to-translate-into=\"de\" data-phrase-index=\"13\" data-number-of-phrases=\"18\">\u00a0impresionantes presentaciones din\u00e1micas.<\/span><\/span><\/li>\n<li class=\"J0lOec\"><span class=\"VIiyi\" lang=\"en\"><span class=\"JLqJ4b ChMk0b\" data-language-for-alternatives=\"en\" data-language-to-translate-into=\"de\" data-phrase-index=\"15\" data-number-of-phrases=\"18\"><strong>OneNote<\/strong>Tu cuaderno digital en la nube<\/span><\/span><\/li>\n<li class=\"J0lOec\"><span class=\"VIiyi\" lang=\"en\"><span class=\"JLqJ4b ChMk0b\" data-language-for-alternatives=\"en\" data-language-to-translate-into=\"de\" data-phrase-index=\"17\" data-number-of-phrases=\"18\"><strong>Outlook<\/strong>La comunicaci\u00f3n hecha f\u00e1cil; ahora incluye potentes funciones de traducci\u00f3n.<\/span><\/span><\/li>\n<li><strong>Editorial<\/strong>: Maquetaci\u00f3n de publicaciones profesionales<\/li>\n<li><strong>Acceda a<\/strong>Creaci\u00f3n de bases de datos sencilla y potente<\/li>\n<li><strong>Microsoft Teams<\/strong>M\u00e1s productividad gracias a la mensajer\u00eda instant\u00e1nea y las videoconferencias en alta definici\u00f3n (se pueden descargar por separado)<\/li>\n<\/ul>\n<p>NOTA: Debido a un <a href=\"https:\/\/blogs.microsoft.com\/eupolicy\/2023\/08\/31\/european-competition-teams-office-microsoft-365\/\" target=\"_blank\" rel=\"noopener\">Investigaci\u00f3n de la Comisi\u00f3n Europea<\/a>Microsoft ya no incluye una licencia de Teams con los productos de Office. Puede <a href=\"https:\/\/www.microsoft.com\/en-us\/microsoft-teams\/download-app\" target=\"_blank\" rel=\"noopener\"> Descarga de equipos<\/a>utilizarlo con una licencia gratuita o de pago (que se adquiere por separado), en funci\u00f3n de sus necesidades.<\/p>\n<h2>Microsoft Visio 2024 Professional Licencia para 3 PC<\/h2>\n<p>Microsoft Visio 2024 hace que sea m\u00e1s f\u00e1cil que nunca para las personas y los equipos crear y compartir diagramas profesionales y vers\u00e1tiles para cualquier necesidad. Incluye formas, plantillas y estilos actualizados, as\u00ed como una nueva barra de b\u00fasqueda intuitiva y un aspecto actualizado que proporciona una experiencia de usuario familiar alineada con otras aplicaciones de Office.<\/p>\n<p>En Microsoft Visio 2024 seguir\u00e1 encontrando todas las funciones a las que est\u00e1 acostumbrado y obtendr\u00e1 algunas nuevas:<\/p>\n<ul>\n<li>Microsoft Visio 2024 ofrece a\u00fan m\u00e1s formas, plantillas y plantillas para ayudarle a crear sus diagramas en menos tiempo.<\/li>\n<li>Una apariencia actualizada con un moderno efecto de transparencia aplicado detr\u00e1s del lienzo y los men\u00fas confiere a Visio 2024 un aspecto m\u00e1s moderno y elegante.<\/li>\n<li>Visio 2024 ofrece el nuevo dise\u00f1o y esquema de colores de Office 2024, incluido el modo oscuro, una interfaz de usuario personalizable y mejoras de accesibilidad.<\/li>\n<li>La b\u00fasqueda en Visio est\u00e1 ahora disponible en la barra de t\u00edtulo y es, por tanto, m\u00e1s accesible.<\/li>\n<li>Herramientas avanzadas de an\u00e1lisis de procesos, como bloques din\u00e1micos para analizar los procesos empresariales y visualizar los flujos de datos.<\/li>\n<\/ul>\n<\/div>\n<\/div>\n<\/div>\n<\/div>","protected":false},"excerpt":{"rendered":"<ul>\n<li>Licencia Microsoft Office 2021 Professional Plus para 3 PC<\/li>\n<li>Microsoft Visio 2024 Professional Licencia para 3 PC<\/li>\n<li><strong>Con esta licencia, el software puede activarse en 3 dispositivos diferentes<\/strong>Por ejemplo, el ordenador de casa, el port\u00e1til y el del trabajo.<\/li>\n<li><strong>Reembolso completo en 30 d\u00edas - \u00a1\u00a1\u00a1Garant\u00eda de sustituci\u00f3n de por vida!!!<\/strong><\/li>\n<li>Versi\u00f3n para sistemas de 64 bits<\/li>\n<li>Env\u00edo por correo electr\u00f3nico: Clave del producto, instrucciones, enlaces de descarga, factura<\/li>\n<li>Descarga inmediata<\/li>\n<li>Sin l\u00edmite de tiempo, sin suscripci\u00f3n<\/li>\n<li>Asistencia gratuita para la instalaci\u00f3n y activaci\u00f3n<\/li>\n<li>No entrega en soportes de datos (USB, CD, etc.)<\/li>\n<li>Activaci\u00f3n en l\u00ednea y por tel\u00e9fono<\/li>\n<li>Para Microsoft Windows<\/li>\n<li><span style=\"color: #339966\"><strong>Este producto es compatible con Windows.<\/strong><\/span><\/li>\n<li><span style=\"color: #ff0000\"><strong>NO compatible con Apple macOS\u2122\ufe0f, dispositivos Android o Chromebooks.<\/strong><\/span><\/li>\n<\/ul>","protected":false},"featured_media":56041,"comment_status":"open","ping_status":"closed","template":"","meta":{"_acf_changed":false},"product_brand":[],"product_cat":[250,251,227,248],"product_tag":[253,254,255],"class_list":{"0":"post-56031","1":"product","2":"type-product","3":"status-publish","4":"has-post-thumbnail","6":"product_cat-bestseller","7":"product_cat-combo","8":"product_cat-microsoft-office","9":"product_cat-visio-microsoft-office","10":"product_tag-combo-microsoft-windows-11-pro-office-2021-professional-plus","11":"product_tag-microsoft-office-2021-professional-plus","12":"product_tag-microsoft-windows-11-pro","14":"first","15":"instock","16":"sale","17":"virtual","18":"taxable","19":"purchasable","20":"product-type-simple"},"acf":[],"_links":{"self":[{"href":"https:\/\/softwarelizenzexpress.de\/es\/wp-json\/wp\/v2\/product\/56031","targetHints":{"allow":["GET"]}}],"collection":[{"href":"https:\/\/softwarelizenzexpress.de\/es\/wp-json\/wp\/v2\/product"}],"about":[{"href":"https:\/\/softwarelizenzexpress.de\/es\/wp-json\/wp\/v2\/types\/product"}],"replies":[{"embeddable":true,"href":"https:\/\/softwarelizenzexpress.de\/es\/wp-json\/wp\/v2\/comments?post=56031"}],"wp:featuredmedia":[{"embeddable":true,"href":"https:\/\/softwarelizenzexpress.de\/es\/wp-json\/wp\/v2\/media\/56041"}],"wp:attachment":[{"href":"https:\/\/softwarelizenzexpress.de\/es\/wp-json\/wp\/v2\/media?parent=56031"}],"wp:term":[{"taxonomy":"product_brand","embeddable":true,"href":"https:\/\/softwarelizenzexpress.de\/es\/wp-json\/wp\/v2\/product_brand?post=56031"},{"taxonomy":"product_cat","embeddable":true,"href":"https:\/\/softwarelizenzexpress.de\/es\/wp-json\/wp\/v2\/product_cat?post=56031"},{"taxonomy":"product_tag","embeddable":true,"href":"https:\/\/softwarelizenzexpress.de\/es\/wp-json\/wp\/v2\/product_tag?post=56031"}],"curies":[{"name":"wp","href":"https:\/\/api.w.org\/{rel}","templated":true}]}}