{"id":56029,"date":"2024-11-04T23:42:11","date_gmt":"2024-11-04T22:42:11","guid":{"rendered":"https:\/\/softwarelizenzexpress.de\/?post_type=product&#038;p=56029"},"modified":"2026-04-16T18:11:50","modified_gmt":"2026-04-16T16:11:50","slug":"microsoft-windows-10-professional-microsoft-visio-2024-professional-lizenz-fuer-3-pc","status":"publish","type":"product","link":"https:\/\/softwarelizenzexpress.de\/es\/product\/microsoft-windows-10-professional-microsoft-visio-2024-professional-lizenz-fuer-3-pc\/","title":{"rendered":"Microsoft Windows 10 Professional + licencia de Microsoft Visio 2024 Professional para 3 PC"},"content":{"rendered":"<h2><strong>Licencia Microsoft Windows 10 Professional para 3 PC<\/strong><\/h2>\n<p><strong>Con esta licencia, el software puede activarse en 3 dispositivos diferentes, por ejemplo, el ordenador de casa, el port\u00e1til y el del trabajo.<\/strong><\/p>\n<p>Con Microsoft Windows 10 Professional, dispondr\u00e1 de un sistema operativo fiable en su dispositivo. Se beneficiar\u00e1 de arranques m\u00e1s r\u00e1pidos del sistema, un men\u00fa de inicio familiar pero mejorado y nuevas formas de hacer las cosas r\u00e1pidamente. Tambi\u00e9n obtendr\u00e1 nuevas caracter\u00edsticas como un navegador completamente nuevo para una navegaci\u00f3n web a\u00fan mejor y su asistente digital personal Cortana. Cortana es tu asistente digital personal que te sigue en todos tus dispositivos Microsoft Windows 10 y te ayuda a hacer las cosas. Cortana aprende cada vez m\u00e1s sobre ti con el tiempo y puede ayudarte mejor cada d\u00eda. Microsoft Windows 10 Professional te ayuda de forma \u00f3ptima en todo lo que haces.<\/p>\n<h2><strong>Microsoft Visio 2024 Professional Licencia para 3 PC<\/strong><\/h2>\n<p><strong>Con esta licencia, el software puede activarse en 3 dispositivos diferentes, por ejemplo, el ordenador de casa, el port\u00e1til y el del trabajo.<\/strong><\/p>\n<p>Microsoft Visio 2024 hace que sea m\u00e1s f\u00e1cil que nunca para las personas y los equipos crear y compartir diagramas profesionales y vers\u00e1tiles para cualquier necesidad. Incluye formas, plantillas y estilos actualizados, as\u00ed como una nueva barra de b\u00fasqueda intuitiva y un aspecto actualizado que proporciona una experiencia de usuario familiar alineada con otras aplicaciones de Office.<\/p>\n<p>En Microsoft Visio 2024 seguir\u00e1 encontrando todas las funciones a las que est\u00e1 acostumbrado y obtendr\u00e1 algunas nuevas:<\/p>\n<ul>\n<li>Microsoft Visio 2024 ofrece a\u00fan m\u00e1s formas, plantillas y plantillas para ayudarle a crear sus diagramas en menos tiempo.<\/li>\n<li>Una apariencia actualizada con un moderno efecto de transparencia aplicado detr\u00e1s del lienzo y los men\u00fas confiere a Visio 2024 un aspecto m\u00e1s moderno y elegante.<\/li>\n<li>Visio 2024 ofrece el nuevo dise\u00f1o y esquema de colores de Office 2024, incluido el modo oscuro, una interfaz de usuario personalizable y mejoras de accesibilidad.<\/li>\n<li>La b\u00fasqueda en Visio est\u00e1 ahora disponible en la barra de t\u00edtulo y es, por tanto, m\u00e1s accesible.<\/li>\n<li>Herramientas avanzadas de an\u00e1lisis de procesos, como bloques din\u00e1micos para analizar los procesos empresariales y visualizar los flujos de datos.<\/li>\n<\/ul>\n<div id=\"gtx-trans\">\n<div class=\"gtx-trans-icon\"><\/div>\n<\/div>","protected":false},"excerpt":{"rendered":"<ul>\n<li>Licencia Microsoft Windows 10 Professional para 3 PC<\/li>\n<li>Microsoft Visio 2024 Professional Plus Licencia para 3 PC<\/li>\n<li><strong>Con esta licencia, el software puede activarse en 3 dispositivos diferentes, por ejemplo, el ordenador de casa, el port\u00e1til y el del trabajo.<\/strong><\/li>\n<li>Versiones disponibles para sistemas de 32 y 64 bits<\/li>\n<li>Env\u00edo por correo electr\u00f3nico: Clave del producto, instrucciones, enlaces de descarga, factura<\/li>\n<li>Descarga inmediata<\/li>\n<li>Sin l\u00edmite de tiempo, sin suscripci\u00f3n<\/li>\n<li>Asistencia gratuita para la instalaci\u00f3n y activaci\u00f3n<\/li>\n<li>No entrega en soportes de datos (USB, CD, etc.)<\/li>\n<li>Activaci\u00f3n en l\u00ednea y por tel\u00e9fono<\/li>\n<li><span style=\"color: #339966\"><strong>Este producto es compatible con Windows.<\/strong><\/span><\/li>\n<li><span style=\"color: #ff0000\"><strong>NO compatible con Apple macOS\u2122\ufe0f, dispositivos Android o Chromebooks.<\/strong><\/span><\/li>\n<\/ul>","protected":false},"featured_media":56039,"comment_status":"closed","ping_status":"closed","template":"","meta":{"_acf_changed":false},"product_brand":[],"product_cat":[251,227,256,248,257,23],"product_tag":[258,259,260],"class_list":{"0":"post-56029","1":"product","2":"type-product","3":"status-publish","4":"has-post-thumbnail","6":"product_cat-combo","7":"product_cat-microsoft-office","8":"product_cat-popular","9":"product_cat-visio-microsoft-office","10":"product_cat-windows-10","11":"product_cat-windows-desktop","12":"product_tag-microsoft-office-2019-professional-plus","13":"product_tag-microsoft-windows-10-pro","14":"product_tag-microsoft-windows-10-pro-office-2019-professional-plus","16":"first","17":"instock","18":"sale","19":"virtual","20":"taxable","21":"purchasable","22":"product-type-simple"},"acf":[],"_links":{"self":[{"href":"https:\/\/softwarelizenzexpress.de\/es\/wp-json\/wp\/v2\/product\/56029","targetHints":{"allow":["GET"]}}],"collection":[{"href":"https:\/\/softwarelizenzexpress.de\/es\/wp-json\/wp\/v2\/product"}],"about":[{"href":"https:\/\/softwarelizenzexpress.de\/es\/wp-json\/wp\/v2\/types\/product"}],"replies":[{"embeddable":true,"href":"https:\/\/softwarelizenzexpress.de\/es\/wp-json\/wp\/v2\/comments?post=56029"}],"wp:featuredmedia":[{"embeddable":true,"href":"https:\/\/softwarelizenzexpress.de\/es\/wp-json\/wp\/v2\/media\/56039"}],"wp:attachment":[{"href":"https:\/\/softwarelizenzexpress.de\/es\/wp-json\/wp\/v2\/media?parent=56029"}],"wp:term":[{"taxonomy":"product_brand","embeddable":true,"href":"https:\/\/softwarelizenzexpress.de\/es\/wp-json\/wp\/v2\/product_brand?post=56029"},{"taxonomy":"product_cat","embeddable":true,"href":"https:\/\/softwarelizenzexpress.de\/es\/wp-json\/wp\/v2\/product_cat?post=56029"},{"taxonomy":"product_tag","embeddable":true,"href":"https:\/\/softwarelizenzexpress.de\/es\/wp-json\/wp\/v2\/product_tag?post=56029"}],"curies":[{"name":"wp","href":"https:\/\/api.w.org\/{rel}","templated":true}]}}