{"id":55956,"date":"2024-10-23T15:11:31","date_gmt":"2024-10-23T13:11:31","guid":{"rendered":"https:\/\/softwarelizenzexpress.de\/?post_type=product&#038;p=55956"},"modified":"2026-04-16T18:11:42","modified_gmt":"2026-04-16T16:11:42","slug":"microsoft-office-2024-standard-microsoft-windows-11-home","status":"publish","type":"product","link":"https:\/\/softwarelizenzexpress.de\/es\/product\/microsoft-office-2024-standard-microsoft-windows-11-home\/","title":{"rendered":"Microsoft Office 2024 Standard + Microsoft Windows 11 Home"},"content":{"rendered":"<h3>Microsoft Office 2024 Est\u00e1ndar<\/h3>\n<div style=\"margin-bottom: 15px;\"><strong>Con esta licencia, el software puede activarse en 3 dispositivos diferentes, por ejemplo, el PC de casa, el port\u00e1til y el PC del trabajo.<\/strong><\/div>\n<div style=\"margin-bottom: 15px;\">Los usuarios de Microsoft Office que utilicen toda la gama de aplicaciones en casa o en la oficina har\u00e1n bien en elegir Microsoft Office 2024 Standard Edition. Incluye todos los programas importantes: Word, Excel, Outlook, PowerPoint y Access (Publisher ya no se incluye porque se eliminar\u00e1 en 2026). OneNote ya se puede descargar desde Microsoft Windows Store para tomar notas r\u00e1pidamente y tenerlas disponibles en todos los dispositivos a trav\u00e9s de la nube. Debido al gran n\u00famero de programas diferentes, la versi\u00f3n est\u00e1ndar est\u00e1 dirigida principalmente a las personas que trabajan en casa o en la oficina dom\u00e9stica o que buscan una soluci\u00f3n potente y fiable para organizar documentos, hojas de c\u00e1lculo, etc. en la oficina.<\/div>\n<ul>\n<li><strong>Palabra<\/strong>Cree documentos de texto de calidad profesional en un abrir y cerrar de ojos.<\/li>\n<li><strong>Excel<\/strong>Hoja de c\u00e1lculo inteligente para la gesti\u00f3n de la informaci\u00f3n.<\/li>\n<li><strong>PowerPoint<\/strong>Cree impresionantes presentaciones din\u00e1micas.<\/li>\n<li><strong>Outlook<\/strong>La comunicaci\u00f3n, m\u00e1s f\u00e1cil.<\/li>\n<li class=\"J0lOec\"><span class=\"VIiyi\" lang=\"en\"><span class=\"JLqJ4b ChMk0b\" data-language-for-alternatives=\"en\" data-language-to-translate-into=\"de\" data-phrase-index=\"15\" data-number-of-phrases=\"18\"><strong>OneNote<\/strong>Tu cuaderno digital en la nube<\/span><\/span><\/li>\n<\/ul>\n<div><strong>Requisitos del sistema operativo: Microsoft Windows 10 u 11<\/strong><\/div>\n<div><\/div>\n<div>\n<div id=\"primaryR2\" data-grid=\"container\" data-region-key=\"primaryr2\" data-m=\"{&quot;cN&quot;:&quot;primaryR2 1&quot;,&quot;cT&quot;:&quot;Region_coreui-region&quot;,&quot;id&quot;:&quot;r2a2&quot;,&quot;sN&quot;:2,&quot;aN&quot;:&quot;a2&quot;}\">\n<div id=\"coreui-banner-l03vzh8\" data-m=\"{&quot;cN&quot;:&quot;R2Banner 1&quot;,&quot;cT&quot;:&quot;Module_coreui-banner&quot;,&quot;id&quot;:&quot;m1r2a2&quot;,&quot;sN&quot;:1,&quot;aN&quot;:&quot;r2a2&quot;}\" data-module-id=\"WDG-Microsoft Windows|primaryR2|coreui-region|coreui-banner-l03vzh8|coreui-banner\">\n<div class=\"m-banner f-align-left\" data-grid=\"col-12\">\n<h2>Microsoft Windows 11 Home<\/h2>\n<h2 class=\"c-heading-3\">Requisitos del sistema<\/h2>\n<\/div>\n<\/div>\n<div id=\"coreui-divider-f6wmnt9\" data-m=\"{&quot;cN&quot;:&quot;R2Divider 1&quot;,&quot;cT&quot;:&quot;Module_coreui-divider&quot;,&quot;id&quot;:&quot;m2r2a2&quot;,&quot;sN&quot;:2,&quot;aN&quot;:&quot;r2a2&quot;}\" data-module-id=\"WDG-Microsoft Windows|primaryR2|coreui-region|coreui-divider-f6wmnt9|coreui-divider\">\n<hr class=\"c-divider f-pad-top-3x\" data-grid=\"col-12\" \/>\n<\/div>\n<div id=\"coreui-contentrichblock-o5iouct\" data-m=\"{&quot;cN&quot;:&quot;R2ContentRichBlock 1&quot;,&quot;cT&quot;:&quot;Module_coreui-contentrichblock&quot;,&quot;id&quot;:&quot;m3r2a2&quot;,&quot;sN&quot;:3,&quot;aN&quot;:&quot;r2a2&quot;}\" data-module-id=\"WDG-Microsoft Windows|primaryR2|coreui-region|coreui-contentrichblock-o5iouct|coreui-contentrichblock\">\n<div class=\"m-rich-content-block context-ucx\" data-grid=\"col-12\">\n<p><strong>Aseg\u00farese de estar preparado para el \u00faltimo y mejor sistema operativo de Microsoft.<\/strong><\/p>\n<p class=\"translation-block\">Estos son los requisitos b\u00e1sicos para instalar Microsoft Windows 11 en un PC. Si su dispositivo no cumple estos requisitos, es posible que no pueda instalar Microsoft Windows 11 en su dispositivo y deber\u00eda considerar la compra de un nuevo PC. Si no est\u00e1 seguro de si su PC cumple estos requisitos, puede comprobarlo con el fabricante del equipo original (OEM) de su PC o, si su dispositivo ya ejecuta Microsoft Windows 10, utilice la aplicaci\u00f3n PC Health Check para comprobar la compatibilidad (<a href=\"https:\/\/aka.ms\/GetPCHealthCheckApp\" target=\"_self\" rel=\"noopener\"><b>descargar<\/b><\/a>).<\/p>\n<table>\n<tbody>\n<tr>\n<td class=\"f-divided\"><strong>Procesador:<\/strong><\/td>\n<td class=\"f-divided\">1 gigahercio (GHz) o m\u00e1s r\u00e1pido con 2 o m\u00e1s n\u00facleos en uno <strong><a href=\"https:\/\/www.microsoft.com\/de-de\/windows\/windows-11-specifications\" target=\"_self\" rel=\"noopener\">procesador de 64 bits compatible<\/a><\/strong> o SoC (System on a Chip).<\/td>\n<\/tr>\n<tr>\n<td class=\"f-divided\"><strong>RAM:<\/strong><\/td>\n<td class=\"f-divided\">4 gigabytes (GB)<\/td>\n<\/tr>\n<tr>\n<td class=\"f-divided\"><strong>Espacio de almacenamiento:<\/strong><\/td>\n<td class=\"f-divided\">64 GB o m\u00e1s<\/p>\n<p>Nota: Consulte el apartado \"M\u00e1s informaci\u00f3n sobre el espacio de almacenamiento para mantener actualizado Microsoft Windows 11\" para obtener m\u00e1s detalles.<\/td>\n<\/tr>\n<tr>\n<td class=\"f-divided\"><strong>Firmware del sistema:<\/strong><\/td>\n<td class=\"f-divided\">UEFI, compatible con Secure Boot<\/td>\n<\/tr>\n<tr>\n<td class=\"f-divided\"><strong>TPM:<\/strong><\/td>\n<td class=\"f-divided\">M\u00f3dulo de plataforma segura (TPM) versi\u00f3n 2.0<\/td>\n<\/tr>\n<tr>\n<td class=\"f-divided\"><strong>Tarjeta gr\u00e1fica:<\/strong><\/td>\n<td class=\"f-divided\">Compatible con DirectX 12 o superior con controlador WDDM 2.0<\/td>\n<\/tr>\n<tr>\n<td class=\"f-divided\"><strong>Pantalla:<\/strong><\/td>\n<td class=\"f-divided\">Pantalla de alta resoluci\u00f3n (720p) con una diagonal de m\u00e1s de 9\u2033, 8 bits por canal de color.<\/td>\n<\/tr>\n<tr>\n<td class=\"f-divided\"><strong>Conexi\u00f3n a Internet y cuentas de Microsoft:\u00a0<\/strong><\/td>\n<td class=\"f-divided\">Microsoft Windows 11 Home Edition requiere una conexi\u00f3n a Internet y una cuenta Microsoft para completar la configuraci\u00f3n del dispositivo la primera vez que lo utilice.<\/p>\n<p>Para cambiar un dispositivo del modo Casa de Microsoft Windows 11 al modo S tambi\u00e9n se necesita una conexi\u00f3n a Internet.<\/p>\n<p>Todas las ediciones de Microsoft Windows 11 requieren acceso a Internet para realizar actualizaciones y descargar y utilizar algunas funciones. Se requiere una cuenta de Microsoft para algunas funciones.<\/td>\n<\/tr>\n<\/tbody>\n<\/table>\n<\/div>\n<\/div>\n<div id=\"coreui-contentrichblock-wqm7a2a\" data-m=\"{&quot;cN&quot;:&quot;R2ContentRichBlock 2&quot;,&quot;cT&quot;:&quot;Module_coreui-contentrichblock&quot;,&quot;id&quot;:&quot;m5r2a2&quot;,&quot;sN&quot;:5,&quot;aN&quot;:&quot;r2a2&quot;}\" data-module-id=\"WDG-Microsoft Windows|primaryR2|coreui-region|coreui-contentrichblock-wqm7a2a|coreui-contentrichblock\">\n<div class=\"m-rich-content-block context-ucx\" data-grid=\"col-12\">\n<p>Con el tiempo, pueden a\u00f1adirse requisitos adicionales para las actualizaciones y requisitos para la activaci\u00f3n de determinadas funciones dentro del sistema operativo.<\/p>\n<\/div>\n<\/div>\n<\/div>\n<div id=\"primaryR3\" data-grid=\"container\" data-region-key=\"primaryr3\" data-m=\"{&quot;cN&quot;:&quot;primaryR3 1&quot;,&quot;cT&quot;:&quot;Region_coreui-region&quot;,&quot;id&quot;:&quot;r3a2&quot;,&quot;sN&quot;:3,&quot;aN&quot;:&quot;a2&quot;}\">\n<div id=\"coreui-banner-iods39j\" data-m=\"{&quot;cN&quot;:&quot;R3Banner 1&quot;,&quot;cT&quot;:&quot;Module_coreui-banner&quot;,&quot;id&quot;:&quot;m1r3a2&quot;,&quot;sN&quot;:1,&quot;aN&quot;:&quot;r3a2&quot;}\" data-module-id=\"WDG-Microsoft Windows|primaryR3|coreui-region|coreui-banner-iods39j|coreui-banner\">\n<div class=\"m-banner f-align-left\" data-grid=\"col-12\">\n<h2 class=\"c-heading-3\">Requisitos espec\u00edficos para Microsoft Windows 11<\/h2>\n<\/div>\n<\/div>\n<div id=\"coreui-divider-xjbne9z\" data-m=\"{&quot;cN&quot;:&quot;R2Divider 1&quot;,&quot;cT&quot;:&quot;Module_coreui-divider&quot;,&quot;id&quot;:&quot;m2r3a2&quot;,&quot;sN&quot;:2,&quot;aN&quot;:&quot;r3a2&quot;}\" data-module-id=\"WDG-Microsoft Windows|primaryR3|coreui-region|coreui-divider-xjbne9z|coreui-divider\">\n<hr class=\"c-divider f-pad-top-3x\" data-grid=\"col-12\" \/>\n<\/div>\n<div id=\"coreui-contentrichblock-rhi1sei\" data-m=\"{&quot;cN&quot;:&quot;R2ContentRichBlock 1&quot;,&quot;cT&quot;:&quot;Module_coreui-contentrichblock&quot;,&quot;id&quot;:&quot;m3r3a2&quot;,&quot;sN&quot;:3,&quot;aN&quot;:&quot;r3a2&quot;}\" data-module-id=\"WDG-Microsoft Windows|primaryR3|coreui-region|coreui-contentrichblock-rhi1sei|coreui-contentrichblock\">\n<div class=\"m-rich-content-block context-ucx\" data-grid=\"col-12\">\n<p>Algunas funciones de Microsoft Windows 11 tienen requisitos m\u00e1s estrictos que los indicados en la secci\u00f3n Requisitos m\u00ednimos anterior. A continuaci\u00f3n encontrar\u00e1 algunos detalles adicionales sobre los requisitos de funciones importantes:<\/p>\n<div>\n<ul class=\"c-list\">\n<li><strong>Compatibilidad con 5G<\/strong> requiere un m\u00f3dem compatible con 5G.<\/li>\n<li><strong>HDR autom\u00e1tico<\/strong> requiere un monitor HDR.<\/li>\n<li><strong>BitLocker para llevar<\/strong> requiere una unidad flash USB (disponible en Microsoft Windows Pro y ediciones superiores).<\/li>\n<li><strong>Cliente Hyper-V<\/strong> requiere un procesador con funciones SLAT (Second Level Address Translation) (disponible en Microsoft Windows Pro y ediciones superiores).<\/li>\n<li><strong>Cortana<\/strong> requiere un micr\u00f3fono y un altavoz y actualmente est\u00e1 disponible en Microsoft Windows 11 para Alemania, Australia, Brasil, Canad\u00e1, China, Espa\u00f1a, Estados Unidos, Francia, India, Italia, Jap\u00f3n, M\u00e9xico y Reino Unido.<\/li>\n<li><strong>DirectStorage<\/strong> requiere una SSD NVMe para almacenar y ejecutar juegos que utilicen el controlador \"Standard NVM Express Controller\" y una GPU DirectX12 compatible con Shader Model 6.0.<\/li>\n<li><strong>DirectX 12 Ultimate<\/strong> est\u00e1 disponible con los juegos y chips gr\u00e1ficos compatibles.<\/li>\n<li><strong>Presencia<\/strong> requiere un sensor que pueda detectar la distancia humana al dispositivo o la intenci\u00f3n de interactuar con \u00e9l.<\/li>\n<li><strong>Videoconferencia inteligente<\/strong> requieren una c\u00e1mara de v\u00eddeo, un micr\u00f3fono y un altavoz (salida de audio).<\/li>\n<li><strong>Asistente de voz m\u00faltiple (MVA)<\/strong> requiere un micr\u00f3fono y un altavoz.<\/li>\n<li><strong>Resoluci\u00f3n<\/strong>\u00a0Para los dise\u00f1os snap de tres columnas, se requiere una pantalla con una anchura de al menos 1920 p\u00edxeles efectivos.<\/li>\n<li><strong>Silenciar y anular el silencio a trav\u00e9s de la barra de tareas<\/strong> requiere una c\u00e1mara de v\u00eddeo, un micr\u00f3fono y un altavoz (salida de audio). La app debe ser compatible con la funci\u00f3n para activar el silenciamiento global.<\/li>\n<li><strong>Sonido espacial<\/strong> requiere hardware y software de apoyo.<\/li>\n<li><strong>Equipos<\/strong> requiere videoc\u00e1mara, micr\u00f3fono y altavoz (salida de audio).<\/li>\n<li><strong>Toque<\/strong> requiere una pantalla o monitor compatible con multit\u00e1ctil.<\/li>\n<li><strong>Autenticaci\u00f3n de dos factores<\/strong> requiere el uso de un PIN, datos biom\u00e9tricos (lector de huellas dactilares o c\u00e1mara de infrarrojos iluminada) o un tel\u00e9fono con funciones Wi-Fi o Bluetooth.<\/li>\n<li><strong>Mecanograf\u00eda por voz<\/strong> requiere un PC con micr\u00f3fono.<\/li>\n<li><strong>Despertar por voz<\/strong> requiere un modelo moderno de energ\u00eda de reserva y un micr\u00f3fono.<\/li>\n<li><strong>Wi-Fi 6E<\/strong> requiere un nuevo hardware y controladores WLAN IHV, as\u00ed como un AP\/router Wi-Fi 6E.<\/li>\n<li><strong>Microsoft Windows Hello<\/strong> requiere una c\u00e1mara configurada para obtener im\u00e1genes en infrarrojo cercano (IR) o un lector de huellas dactilares para la autenticaci\u00f3n biom\u00e9trica. Los dispositivos sin sensores biom\u00e9tricos pueden utilizar Microsoft Windows Hello con un PIN o una clave de seguridad port\u00e1til compatible con Microsoft.<\/li>\n<li><strong>Microsoft Windows Proyecci\u00f3n de Microsoft<\/strong> requiere un adaptador de pantalla compatible con Microsoft Windows Display Driver Model (WDDM) 2.0 y un adaptador Wi-Fi compatible con Wi-Fi Direct.<\/li>\n<li><strong>Xbox (aplicaci\u00f3n)<\/strong> requiere una cuenta Xbox Live, que no est\u00e1 disponible en todas las regiones. Consulta los pa\u00edses y regiones de Xbox Live para obtener la informaci\u00f3n m\u00e1s reciente sobre disponibilidad. Algunas funciones de la aplicaci\u00f3n Xbox requieren una suscripci\u00f3n activa a Xbox Game Pass. M\u00e1s informaci\u00f3n sobre el pase.<\/li>\n<\/ul>\n<\/div>\n<\/div>\n<\/div>\n<\/div>\n<\/div>","protected":false},"excerpt":{"rendered":"<ul>\n<li>Microsoft Office 2024 Licencia est\u00e1ndar para 3 PC<\/li>\n<li>Microsoft Windows 11 Home para 1 PC<\/li>\n<li><strong>Con esta licencia, el software puede activarse en 3 dispositivos diferentes, por ejemplo, el PC de casa, el port\u00e1til y el PC del trabajo.<\/strong><\/li>\n<li>Versi\u00f3n para sistemas de 32 y 64 bits, versiones completas ilimitadas del software <strong>del socio de oro certificado de Microsoft<\/strong><\/li>\n<li><strong>Reembolso completo en 30 d\u00edas - \u00a1Garant\u00eda de sustituci\u00f3n de por vida!<\/strong><\/li>\n<li>Entrega por correo electr\u00f3nico: Clave del producto, instrucciones, enlaces de descarga, factura<\/li>\n<li>Descarga inmediata<\/li>\n<li>Sin l\u00edmite de tiempo, sin suscripci\u00f3n<\/li>\n<li>Asistencia 24\/7 gratuita para problemas de instalaci\u00f3n y activaci\u00f3n<\/li>\n<li>No entrega en soportes de datos (USB, CD, etc.)<\/li>\n<li>Activaci\u00f3n en l\u00ednea y por tel\u00e9fono<\/li>\n<li>Idiomas: Ingl\u00e9s, espa\u00f1ol, italiano, alem\u00e1n y franc\u00e9s<\/li>\n<li><strong><span style=\"color: #008000;\"> Este producto es compatible con Microsoft Windows.<\/span><\/strong><\/li>\n<li><strong><span style=\"color: #ff0000;\">NO compatible con Apple macOS\u2122, dispositivos Android y Chromebooks.<\/span><\/strong><\/li>\n<\/ul>","protected":false},"featured_media":55962,"comment_status":"open","ping_status":"closed","template":"","meta":{"_acf_changed":false},"product_brand":[],"product_cat":[227,228,23],"product_tag":[],"class_list":{"0":"post-55956","1":"product","2":"type-product","3":"status-publish","4":"has-post-thumbnail","6":"product_cat-microsoft-office","7":"product_cat-228","8":"product_cat-windows-desktop","10":"first","11":"instock","12":"sale","13":"virtual","14":"taxable","15":"purchasable","16":"product-type-simple"},"acf":[],"_links":{"self":[{"href":"https:\/\/softwarelizenzexpress.de\/es\/wp-json\/wp\/v2\/product\/55956","targetHints":{"allow":["GET"]}}],"collection":[{"href":"https:\/\/softwarelizenzexpress.de\/es\/wp-json\/wp\/v2\/product"}],"about":[{"href":"https:\/\/softwarelizenzexpress.de\/es\/wp-json\/wp\/v2\/types\/product"}],"replies":[{"embeddable":true,"href":"https:\/\/softwarelizenzexpress.de\/es\/wp-json\/wp\/v2\/comments?post=55956"}],"wp:featuredmedia":[{"embeddable":true,"href":"https:\/\/softwarelizenzexpress.de\/es\/wp-json\/wp\/v2\/media\/55962"}],"wp:attachment":[{"href":"https:\/\/softwarelizenzexpress.de\/es\/wp-json\/wp\/v2\/media?parent=55956"}],"wp:term":[{"taxonomy":"product_brand","embeddable":true,"href":"https:\/\/softwarelizenzexpress.de\/es\/wp-json\/wp\/v2\/product_brand?post=55956"},{"taxonomy":"product_cat","embeddable":true,"href":"https:\/\/softwarelizenzexpress.de\/es\/wp-json\/wp\/v2\/product_cat?post=55956"},{"taxonomy":"product_tag","embeddable":true,"href":"https:\/\/softwarelizenzexpress.de\/es\/wp-json\/wp\/v2\/product_tag?post=55956"}],"curies":[{"name":"wp","href":"https:\/\/api.w.org\/{rel}","templated":true}]}}