{"id":55953,"date":"2024-10-23T15:11:31","date_gmt":"2024-10-23T13:11:31","guid":{"rendered":"https:\/\/softwarelizenzexpress.de\/?post_type=product&#038;p=55953"},"modified":"2026-04-16T18:11:42","modified_gmt":"2026-04-16T16:11:42","slug":"microsoft-office-2024-standard-microsoft-windows-10-professional-fuer-3-pc","status":"publish","type":"product","link":"https:\/\/softwarelizenzexpress.de\/es\/product\/microsoft-office-2024-standard-microsoft-windows-10-professional-fuer-3-pc\/","title":{"rendered":"Microsoft Office 2024 Standard + licencia Microsoft Windows 10 Professional para 3 PCs"},"content":{"rendered":"<h3>Microsoft Office 2024 Est\u00e1ndar<\/h3>\n<div style=\"margin-bottom: 15px\"><strong>Con esta licencia, el software puede activarse en 3 dispositivos diferentes, por ejemplo, el PC de casa, el port\u00e1til y el PC del trabajo.<\/strong><\/div>\n<div style=\"margin-bottom: 15px\">Los usuarios de Microsoft Office que utilicen toda la gama de aplicaciones en casa o en la oficina har\u00e1n bien en elegir Microsoft Office 2024 Standard Edition. Incluye todos los programas importantes: Word, Excel, Outlook, PowerPoint y Access (Publisher ya no se incluye porque se eliminar\u00e1 en 2026). OneNote ya se puede descargar desde Microsoft Windows Store para tomar notas r\u00e1pidamente y tenerlas disponibles en todos los dispositivos a trav\u00e9s de la nube. Debido al gran n\u00famero de programas diferentes, la versi\u00f3n est\u00e1ndar est\u00e1 dirigida principalmente a las personas que trabajan en casa o en la oficina dom\u00e9stica o que buscan una soluci\u00f3n potente y fiable para organizar documentos, hojas de c\u00e1lculo, etc. en la oficina.<\/div>\n<ul>\n<li><strong>Palabra<\/strong>Cree documentos de texto de calidad profesional en un abrir y cerrar de ojos.<\/li>\n<li><strong>Excel<\/strong>Hoja de c\u00e1lculo inteligente para la gesti\u00f3n de la informaci\u00f3n.<\/li>\n<li><strong>PowerPoint<\/strong>Cree impresionantes presentaciones din\u00e1micas.<\/li>\n<li><strong>Outlook<\/strong>La comunicaci\u00f3n, m\u00e1s f\u00e1cil.<\/li>\n<li class=\"J0lOec\"><span class=\"VIiyi\" lang=\"en\"><span class=\"JLqJ4b ChMk0b\" data-language-for-alternatives=\"en\" data-language-to-translate-into=\"de\" data-phrase-index=\"15\" data-number-of-phrases=\"18\"><strong>OneNote<\/strong>Tu cuaderno digital en la nube<\/span><\/span><\/li>\n<\/ul>\n<div><strong>Requisitos del sistema operativo: Microsoft Windows 10 u 11<\/strong><\/div>\n<div><\/div>\n<div><\/div>\n<div>\n<h3><strong>Microsoft Microsoft Windows 10 Professional<\/strong><\/h3>\n<p>Microsoft Windows 10 Professional es la elecci\u00f3n perfecta para profesionales y empresas que buscan un sistema operativo estable y potente. Con una mezcla de familiaridad y caracter\u00edsticas avanzadas, Microsoft Windows 10 Professional aumenta la productividad y proporciona una seguridad fiable para todas sus necesidades inform\u00e1ticas.<\/p>\n<p><strong>Las caracter\u00edsticas m\u00e1s importantes de Microsoft Windows 10 Professional:<\/strong><\/p>\n<ul>\n<li><strong>Interfaz familiar:<\/strong> Disfrute de la sensaci\u00f3n cl\u00e1sica de Microsoft Windows con un toque moderno.<\/li>\n<li><strong>Aumento de la productividad:<\/strong> Funciones como Cortana y los escritorios virtuales racionalizan el flujo de trabajo.<\/li>\n<li><strong>Mayor seguridad:<\/strong> El cifrado BitLocker y el antivirus Microsoft Windows Defender protegen tus datos.<\/li>\n<li><strong>Escritorio remoto: <\/strong>Accede a tu PC desde cualquier lugar con las funciones de escritorio remoto.<\/li>\n<li><strong>Microsoft Windows Ink:<\/strong> Utiliza un bol\u00edgrafo digital para tomar notas, dibujar y dise\u00f1ar directamente en la pantalla.<\/li>\n<li><strong>Microsoft Edge:<\/strong> El \u00faltimo navegador dise\u00f1ado para ofrecer velocidad, compatibilidad y seguridad.<\/li>\n<\/ul>\n<p>Actualice a Microsoft Windows 10 Professional para disfrutar de una experiencia inform\u00e1tica fiable y eficiente que satisfaga las necesidades de uso personal y profesional.<\/p>\n<\/div>","protected":false},"excerpt":{"rendered":"<ul>\n<li>Microsoft Office 2024 Licencia est\u00e1ndar para 3 PC<\/li>\n<li>Microsoft Windows 10 Professional para 3 PC<\/li>\n<li><strong>Con esta licencia, el software puede activarse en 3 dispositivos diferentes, por ejemplo, el PC de casa, el port\u00e1til y el PC del trabajo.<\/strong><\/li>\n<li>Versi\u00f3n para sistemas de 32 y 64 bits, versiones completas ilimitadas del software <strong>del socio de oro certificado de Microsoft<\/strong><\/li>\n<li><strong>Reembolso completo en 30 d\u00edas - \u00a1Garant\u00eda de sustituci\u00f3n de por vida!<\/strong><\/li>\n<li>Entrega por correo electr\u00f3nico: Clave del producto, instrucciones, enlaces de descarga, factura<\/li>\n<li>Descarga inmediata<\/li>\n<li>Sin l\u00edmite de tiempo, sin suscripci\u00f3n<\/li>\n<li>Asistencia 24\/7 gratuita para problemas de instalaci\u00f3n y activaci\u00f3n<\/li>\n<li>No entrega en soportes de datos (USB, CD, etc.)<\/li>\n<li>Activaci\u00f3n en l\u00ednea y por tel\u00e9fono<\/li>\n<li>Idiomas: Ingl\u00e9s, espa\u00f1ol, italiano, alem\u00e1n y franc\u00e9s<\/li>\n<li><strong><span style=\"color: #008000\"> Este producto es compatible con Microsoft Windows.<\/span><\/strong><\/li>\n<li><strong><span style=\"color: #ff0000\">NO compatible con Apple macOS\u2122, dispositivos Android y Chromebooks.<\/span><\/strong><\/li>\n<\/ul>","protected":false},"featured_media":55959,"comment_status":"closed","ping_status":"closed","template":"","meta":{"_acf_changed":false},"product_brand":[],"product_cat":[227,228],"product_tag":[108,246],"class_list":{"0":"post-55953","1":"product","2":"type-product","3":"status-publish","4":"has-post-thumbnail","6":"product_cat-microsoft-office","7":"product_cat-228","8":"product_tag-ms-office","9":"product_tag-standard","11":"first","12":"instock","13":"sale","14":"virtual","15":"taxable","16":"purchasable","17":"product-type-simple"},"acf":[],"_links":{"self":[{"href":"https:\/\/softwarelizenzexpress.de\/es\/wp-json\/wp\/v2\/product\/55953","targetHints":{"allow":["GET"]}}],"collection":[{"href":"https:\/\/softwarelizenzexpress.de\/es\/wp-json\/wp\/v2\/product"}],"about":[{"href":"https:\/\/softwarelizenzexpress.de\/es\/wp-json\/wp\/v2\/types\/product"}],"replies":[{"embeddable":true,"href":"https:\/\/softwarelizenzexpress.de\/es\/wp-json\/wp\/v2\/comments?post=55953"}],"wp:featuredmedia":[{"embeddable":true,"href":"https:\/\/softwarelizenzexpress.de\/es\/wp-json\/wp\/v2\/media\/55959"}],"wp:attachment":[{"href":"https:\/\/softwarelizenzexpress.de\/es\/wp-json\/wp\/v2\/media?parent=55953"}],"wp:term":[{"taxonomy":"product_brand","embeddable":true,"href":"https:\/\/softwarelizenzexpress.de\/es\/wp-json\/wp\/v2\/product_brand?post=55953"},{"taxonomy":"product_cat","embeddable":true,"href":"https:\/\/softwarelizenzexpress.de\/es\/wp-json\/wp\/v2\/product_cat?post=55953"},{"taxonomy":"product_tag","embeddable":true,"href":"https:\/\/softwarelizenzexpress.de\/es\/wp-json\/wp\/v2\/product_tag?post=55953"}],"curies":[{"name":"wp","href":"https:\/\/api.w.org\/{rel}","templated":true}]}}