{"id":54399,"date":"2024-07-19T21:46:22","date_gmt":"2024-07-19T19:46:22","guid":{"rendered":"https:\/\/softwarelizenzexpress.de\/?post_type=product&#038;p=54399"},"modified":"2026-04-16T18:11:33","modified_gmt":"2026-04-16T16:11:33","slug":"microsoft-office-2024-pro-plus-microsoft-office-2021-pro-plus-lizenz-fuer-3-pc","status":"publish","type":"product","link":"https:\/\/softwarelizenzexpress.de\/es\/product\/microsoft-office-2024-pro-plus-microsoft-office-2021-pro-plus-lizenz-fuer-3-pc\/","title":{"rendered":"Licencia Microsoft Office 2024 Professional Plus + Microsoft Office 2021 Professional Plus para 3 PCs"},"content":{"rendered":"<h3><strong>Microsoft Office 2024 Professional Plus<\/strong><\/h3>\n<div style=\"margin-bottom: 15px;\"><strong>Con esta licencia, el software puede activarse en 3 dispositivos diferentes, por ejemplo, el PC de casa, el port\u00e1til y el PC del trabajo.<\/strong><\/div>\n<div style=\"margin-bottom: 15px;\">Los usuarios de Microsoft Office que utilicen toda la gama de aplicaciones en casa o en la oficina har\u00e1n bien en adquirir Microsoft Office 2024 Professional Plus Edition. Incluye todos los programas importantes: Word, Excel, Outlook, PowerPoint y Access (Publisher ya no se incluye porque se eliminar\u00e1 en 2026). OneNote ya se puede descargar desde Microsoft Windows Store para tomar notas r\u00e1pidamente y tenerlas disponibles en todos los dispositivos a trav\u00e9s de la nube. La versi\u00f3n Professional Plus est\u00e1 dirigida principalmente a las personas que trabajan en casa o en la oficina dom\u00e9stica o que buscan una soluci\u00f3n potente y fiable para organizar documentos, hojas de c\u00e1lculo, etc. en la oficina debido al gran n\u00famero de programas diferentes.<\/div>\n<ul>\n<li><strong>Palabra<\/strong>Cree documentos de texto de calidad profesional en un abrir y cerrar de ojos.<\/li>\n<li><strong>Excel<\/strong>Hoja de c\u00e1lculo inteligente para la gesti\u00f3n de la informaci\u00f3n.<\/li>\n<li><strong>PowerPoint<\/strong>Cree impresionantes presentaciones din\u00e1micas.<\/li>\n<li><strong>OneNote<\/strong>: Tu cuaderno digital.<\/li>\n<li><strong>Outlook<\/strong>La comunicaci\u00f3n, m\u00e1s f\u00e1cil.<\/li>\n<li><strong>Acceda a<\/strong>Programaci\u00f3n de bases de datos para aplicaciones basadas en navegador<\/li>\n<\/ul>\n<p><strong>Nota importante: Los equipos<\/strong> est\u00e1 disponible en esta versi\u00f3n de Office <strong>NO<\/strong> incluido.<\/p>\n<div>\n<p><strong>Requisitos del sistema operativo: Microsoft Windows 10 u 11<\/strong><\/p>\n<div>\n<hr \/>\n<h3><strong>Licencia Microsoft Office 2021 Professional Plus para 3 PC<\/strong><\/h3>\n<p>Para cualquiera que necesite un conjunto de herramientas s\u00f3lido y fiable para utilizar en casa o en la oficina, Office 2021 Edici\u00f3n Profesional Plus ofrece una soluci\u00f3n completa. Incluye todos los programas importantes: Word, Excel, Outlook, PowerPoint, Publisher y Access. OneNote ya est\u00e1 disponible para su descarga desde la Tienda Windows, para que pueda tomar notas r\u00e1pidamente y tenerlas disponibles en todos los dispositivos a trav\u00e9s de la nube. Debido a la amplia gama de programas diferentes, la versi\u00f3n Professional Plus est\u00e1 dirigida principalmente a personas que trabajan desde casa, dirigen una oficina dom\u00e9stica o buscan una soluci\u00f3n ofim\u00e1tica potente y fiable para organizar documentos, hojas de c\u00e1lculo, etc.<\/p>\n<p><strong>Caracter\u00edsticas principales de Office 2021 Professional Plus:<\/strong><\/p>\n<ul>\n<li><strong>Palabra<\/strong>Cree documentos de texto de calidad profesional en un abrir y cerrar de ojos.<\/li>\n<li><strong>Excel<\/strong>Hoja de c\u00e1lculo inteligente para gestionar la informaci\u00f3n.<\/li>\n<li><strong>PowerPoint<\/strong>Cree impresionantes presentaciones din\u00e1micas.<\/li>\n<li><strong>OneNote<\/strong>: Tu cuaderno digital.<\/li>\n<li><strong>Outlook<\/strong>La comunicaci\u00f3n, m\u00e1s f\u00e1cil.<\/li>\n<li><strong>Editorial<\/strong>Nuevas herramientas de dise\u00f1o para publicaciones profesionales de alta calidad.<\/li>\n<li><strong>Acceso:<\/strong> Mejoras en la programaci\u00f3n de bases de datos y conectividad con otras aplicaciones.<\/li>\n<li><strong>Microsoft Teams<\/strong>Mayor productividad gracias a la mensajer\u00eda instant\u00e1nea y las videoconferencias HD. (disponible para descarga por separado)<\/li>\n<\/ul>\n<p>NOTA: Debido a un <a href=\"https:\/\/blogs.microsoft.com\/eupolicy\/2023\/08\/31\/european-competition-teams-office-microsoft-365\/\" target=\"_blank\" rel=\"noopener\">Investigaci\u00f3n de la Comisi\u00f3n Europea<\/a>Microsoft ya no incluye una licencia de Teams con los productos de Office. Puede <a href=\"https:\/\/www.microsoft.com\/en-us\/microsoft-teams\/download-app\" target=\"_blank\" rel=\"noopener\"> Descarga de equipos<\/a>utilizarlo con una licencia gratuita o de pago (que se adquiere por separado), en funci\u00f3n de sus necesidades.<\/p>\n<hr \/>\n<p>Con esta exclusiva combinaci\u00f3n, obtendr\u00e1 lo mejor de ambas versiones de Office, garantizando tanto la estabilidad y fiabilidad de Office 2021 como la innovaci\u00f3n y las nuevas funciones de Office 2024. No pierda la oportunidad de actualizarse y maximizar su productividad.<\/p>\n<\/div>\n<\/div>","protected":false},"excerpt":{"rendered":"<ul>\n<li>Licencia Microsoft Office 2024 Professional Plus para 3 PC<\/li>\n<li>Licencia Microsoft Office 2021 Professional Plus para 3 PC<\/li>\n<li><strong>Con esta licencia, el software puede activarse en 3 dispositivos diferentes, por ejemplo, el PC de casa, el port\u00e1til y el PC del trabajo.<\/strong><\/li>\n<li>Versi\u00f3n para sistemas de 32 y 64 bits, versiones completas ilimitadas del software <strong>del socio de oro certificado de Microsoft<\/strong><\/li>\n<li><strong>Reembolso completo en 30 d\u00edas - \u00a1Garant\u00eda de sustituci\u00f3n de por vida!<\/strong><\/li>\n<li>Entrega por correo electr\u00f3nico: Clave del producto, instrucciones, enlaces de descarga, factura<\/li>\n<li>Descarga inmediata<\/li>\n<li>Sin l\u00edmite de tiempo, sin suscripci\u00f3n<\/li>\n<li>Asistencia 24\/7 gratuita para problemas de instalaci\u00f3n y activaci\u00f3n<\/li>\n<li>No entrega en soportes de datos (USB, CD, etc.)<\/li>\n<li>Activaci\u00f3n en l\u00ednea y por tel\u00e9fono<\/li>\n<li>Idiomas: Ingl\u00e9s, espa\u00f1ol, italiano, alem\u00e1n y franc\u00e9s<\/li>\n<li><strong><span style=\"color: #008000;\"> Este producto es compatible con Microsoft Windows.<\/span><\/strong><\/li>\n<li><strong><span style=\"color: #ff0000;\">NO compatible con Apple macOS\u2122, dispositivos Android y Chromebooks.<\/span><\/strong><\/li>\n<\/ul>","protected":false},"featured_media":54405,"comment_status":"closed","ping_status":"closed","template":"","meta":{"_acf_changed":false},"product_brand":[],"product_cat":[227,228],"product_tag":[232,233],"class_list":{"0":"post-54399","1":"product","2":"type-product","3":"status-publish","4":"has-post-thumbnail","6":"product_cat-microsoft-office","7":"product_cat-228","8":"product_tag-microsoft-office-2024-pro-plus-microsoft-office-2021-pro-plus","9":"product_tag-microsoft-office-2024-pro-plus-microsoft-office-2021-pro-plus-lizenz-fuer-3-pc","11":"first","12":"instock","13":"sale","14":"virtual","15":"taxable","16":"purchasable","17":"product-type-simple"},"acf":[],"_links":{"self":[{"href":"https:\/\/softwarelizenzexpress.de\/es\/wp-json\/wp\/v2\/product\/54399","targetHints":{"allow":["GET"]}}],"collection":[{"href":"https:\/\/softwarelizenzexpress.de\/es\/wp-json\/wp\/v2\/product"}],"about":[{"href":"https:\/\/softwarelizenzexpress.de\/es\/wp-json\/wp\/v2\/types\/product"}],"replies":[{"embeddable":true,"href":"https:\/\/softwarelizenzexpress.de\/es\/wp-json\/wp\/v2\/comments?post=54399"}],"wp:featuredmedia":[{"embeddable":true,"href":"https:\/\/softwarelizenzexpress.de\/es\/wp-json\/wp\/v2\/media\/54405"}],"wp:attachment":[{"href":"https:\/\/softwarelizenzexpress.de\/es\/wp-json\/wp\/v2\/media?parent=54399"}],"wp:term":[{"taxonomy":"product_brand","embeddable":true,"href":"https:\/\/softwarelizenzexpress.de\/es\/wp-json\/wp\/v2\/product_brand?post=54399"},{"taxonomy":"product_cat","embeddable":true,"href":"https:\/\/softwarelizenzexpress.de\/es\/wp-json\/wp\/v2\/product_cat?post=54399"},{"taxonomy":"product_tag","embeddable":true,"href":"https:\/\/softwarelizenzexpress.de\/es\/wp-json\/wp\/v2\/product_tag?post=54399"}],"curies":[{"name":"wp","href":"https:\/\/api.w.org\/{rel}","templated":true}]}}