{"id":2573,"date":"2021-01-21T14:43:42","date_gmt":"2021-01-21T13:43:42","guid":{"rendered":"http:\/\/shop.windowsandoffice.net\/product\/import-placeholder-for-1598\/"},"modified":"2024-12-02T16:18:00","modified_gmt":"2024-12-02T15:18:00","slug":"windows-server-2019-rds-device-user-cal","status":"publish","type":"product","link":"https:\/\/softwarelizenzexpress.de\/es\/product\/windows-server-2019-rds-device-user-cal\/","title":{"rendered":"CAL de dispositivo de RDS de Microsoft Windows Server 2019"},"content":{"rendered":"<p>Las licencias de acceso (CAL) son necesarias para\u00a0\u00a0<a href=\"https:\/\/softwarelizenzexpress.de\/es\/product\/windows-server-2019-std-ess-dc-versions\/\">Windows Server 2019 Standard<\/a>\u00a0y\u00a0<a href=\"https:\/\/softwarelizenzexpress.de\/es\/product\/windows-server-2019-std-ess-dc-versions\/\">Windows Server 2019 Datacenter<\/a>. Est\u00e1n disponibles en dos versiones diferentes:<\/p>\n<ul>\n<li>Licencia de acceso de usuario de RDS<\/li>\n<li>Licencia de acceso a clientes de dispositivos RDS<\/li>\n<\/ul>\n<p>Microsoft Windows Remote Desktop Services (RDS) es una plataforma centralizada de escritorios y aplicaciones para la provisi\u00f3n y gesti\u00f3n de escritorios. Esto permite conectar completamente a los empleados en ubicaciones remotas. El acceso al servidor requiere las correspondientes licencias de acceso, que se asignan a un usuario o a un dispositivo.<\/p>\n<ul>\n<li><span id=\"shop_result_box\">Acceso al servidor con Remote Desktop por usuario<\/span><\/li>\n<li>Permite a un usuario acceder a un servidor a trav\u00e9s de Escritorio Remoto<\/li>\n<li>Acceso al servidor desde distintos dispositivos<\/li>\n<li>Acceso incluso a servidores con sistemas operativos Windows antiguos<\/li>\n<li>Ideal para empresas cuyos empleados externos necesitan acceder al escritorio y a los programas<\/li>\n<\/ul>\n<p><strong>Diferencias entre USER CAL y DEVICE CAL<br \/>\n<\/strong><\/p>\n<p>La licencia de acceso de cliente usuario (CAL de usuario) est\u00e1 dise\u00f1ada para ofrecer a los clientes una forma f\u00e1cil de gestionar y rentable de permitir el acceso de los usuarios al software del servidor desde cualquier dispositivo.<\/p>\n<p>Con la CAL de usuario, adquiere una CAL por cada usuario que accede al servidor para utilizar servicios como el almacenamiento de archivos o la impresi\u00f3n, independientemente del n\u00famero de dispositivos utilizados para este acceso. Adquirir una CAL de usuario puede tener m\u00e1s sentido si los empleados de su organizaci\u00f3n necesitan acceso itinerante a la red corporativa utilizando varios dispositivos o dispositivos desconocidos, o si simplemente hay m\u00e1s dispositivos que usuarios en su organizaci\u00f3n.<\/p>\n<p>Con una CAL de dispositivo, usted adquiere una CAL por cada dispositivo que accede a su servidor, independientemente del n\u00famero de usuarios que utilicen ese dispositivo para acceder al servidor. Las CAL de dispositivo pueden tener m\u00e1s sentido desde el punto de vista econ\u00f3mico y administrativo si en su organizaci\u00f3n hay empleados que comparten dispositivos, por ejemplo en diferentes turnos.<\/p>\n<p><strong>Apoyo:<\/strong><\/p>\n<p class=\"translation-block\">Si tiene alguna pregunta, no dude en ponerse en contacto con nosotros <a href=\"mailto:deutschland@softwarelizenzexpress.de\" target=\"_self\" rel=\"noopener\">por correo electr\u00f3nico<\/a>. Nuestro servicio de atenci\u00f3n al cliente est\u00e1 disponible 7 d\u00edas a la semana, 24 horas al d\u00eda.<\/p>","protected":false},"excerpt":{"rendered":"<ul>\n<li>Microsoft Windows Server 10,20,50 RDS Dispositivo\/Usuario CAL<\/li>\n<li>Versiones disponibles para sistemas de 32 y 64 bits<\/li>\n<li>Env\u00edo por correo electr\u00f3nico: Clave del producto, instrucciones, enlaces de descarga, factura<\/li>\n<li>Descarga inmediata<\/li>\n<li>Sin l\u00edmite de tiempo, sin suscripci\u00f3n<\/li>\n<li>Asistencia gratuita para la instalaci\u00f3n y activaci\u00f3n<\/li>\n<li>No entrega en soportes de datos (USB, CD, etc.)<\/li>\n<li>Activaci\u00f3n en l\u00ednea y por tel\u00e9fono<\/li>\n<\/ul>","protected":false},"featured_media":53576,"comment_status":"open","ping_status":"closed","template":"","meta":{"_acf_changed":false},"product_brand":[],"product_cat":[17],"product_tag":[105],"class_list":{"0":"post-2573","1":"product","2":"type-product","3":"status-publish","4":"has-post-thumbnail","6":"product_cat-windows-servers","7":"product_tag-windows","9":"first","10":"instock","11":"sale","12":"virtual","13":"taxable","14":"purchasable","15":"product-type-simple"},"acf":[],"_links":{"self":[{"href":"https:\/\/softwarelizenzexpress.de\/es\/wp-json\/wp\/v2\/product\/2573","targetHints":{"allow":["GET"]}}],"collection":[{"href":"https:\/\/softwarelizenzexpress.de\/es\/wp-json\/wp\/v2\/product"}],"about":[{"href":"https:\/\/softwarelizenzexpress.de\/es\/wp-json\/wp\/v2\/types\/product"}],"replies":[{"embeddable":true,"href":"https:\/\/softwarelizenzexpress.de\/es\/wp-json\/wp\/v2\/comments?post=2573"}],"wp:featuredmedia":[{"embeddable":true,"href":"https:\/\/softwarelizenzexpress.de\/es\/wp-json\/wp\/v2\/media\/53576"}],"wp:attachment":[{"href":"https:\/\/softwarelizenzexpress.de\/es\/wp-json\/wp\/v2\/media?parent=2573"}],"wp:term":[{"taxonomy":"product_brand","embeddable":true,"href":"https:\/\/softwarelizenzexpress.de\/es\/wp-json\/wp\/v2\/product_brand?post=2573"},{"taxonomy":"product_cat","embeddable":true,"href":"https:\/\/softwarelizenzexpress.de\/es\/wp-json\/wp\/v2\/product_cat?post=2573"},{"taxonomy":"product_tag","embeddable":true,"href":"https:\/\/softwarelizenzexpress.de\/es\/wp-json\/wp\/v2\/product_tag?post=2573"}],"curies":[{"name":"wp","href":"https:\/\/api.w.org\/{rel}","templated":true}]}}